{"id":2200,"date":"2025-09-24T09:11:13","date_gmt":"2025-09-24T09:11:13","guid":{"rendered":"https:\/\/mountlaser.com\/?post_type=product&#038;p=2200"},"modified":"2025-12-01T01:28:32","modified_gmt":"2025-12-01T01:28:32","slug":"gdf21-tribrach-without-optical-plummet","status":"publish","type":"product","link":"https:\/\/mountlaser.com\/vi\/san-pham\/gdf21-tribrach-without-optical-plummet\/","title":{"rendered":"Ch\u00e2n \u0111\u1ebf GDF21 kh\u00f4ng c\u00f3 th\u01b0\u1edbc \u0111o \u0111\u1ed9 nghi\u00eang quang h\u1ecdc"},"content":{"rendered":"<p>C\u00e1i <a href=\"https:\/\/mountlaser.com\/vi\/\"><strong>Ch\u00e2n \u0111\u1ebf GDF21 kh\u00f4ng c\u00f3 th\u01b0\u1edbc \u0111o \u0111\u1ed9 nghi\u00eang quang h\u1ecdc<\/strong><\/a> \u0110\u00e2y l\u00e0 m\u1ed9t n\u1ec1n t\u1ea3ng v\u1eefng ch\u1eafc v\u00e0 \u0111\u00e1ng tin c\u1eady cho nhi\u1ec1u nhi\u1ec7m v\u1ee5 kh\u1ea3o s\u00e1t kh\u00e1c nhau. \u0110\u01b0\u1ee3c ch\u1ebf t\u1ea1o t\u1eeb nh\u00f4m ch\u1ea5t l\u01b0\u1ee3ng cao v\u00e0 c\u00f3 ren trong 5\/8\u2033-11, n\u00f3 \u0111\u1ea3m b\u1ea3o vi\u1ec7c l\u1eafp \u0111\u1eb7t thi\u1ebft b\u1ecb c\u1ee7a b\u1ea1n m\u1ed9t c\u00e1ch ch\u1eafc ch\u1eafn.<\/p>\n<p>M\u1eabu s\u1ea3n ph\u1ea9m n\u00e0y \u0111\u01b0\u1ee3c ch\u1ebf t\u1ea1o theo ti\u00eau chu\u1ea9n kh\u1eaft khe c\u1ee7a gi\u00e1 \u0111\u1ee1 ba ch\u00e2n ki\u1ec3u Th\u1ee5y S\u0129, nh\u1ea5n m\u1ea1nh \u0111\u1ed9 b\u1ec1n v\u00e0 hi\u1ec7u su\u1ea5t \u1ed5n \u0111\u1ecbnh cho c\u00e1c \u1ee9ng d\u1ee5ng ch\u00ednh x\u00e1c th\u01b0\u1eddng xuy\u00ean. C\u00f3 s\u1eb5n m\u00e0u Xanh l\u00e1 c\u00e2y ho\u1eb7c \u0110en \u0111\u1ec3 d\u1ec5 d\u00e0ng nh\u1eadn bi\u1ebft t\u1ea1i c\u00f4ng tr\u01b0\u1eddng. <a href=\"https:\/\/mountlaser.com\/vi\/about-us\/\">GDF21<\/a> Mang l\u1ea1i gi\u00e1 tr\u1ecb tuy\u1ec7t v\u1eddi.<\/p>\n<p>&nbsp;<\/p>\n<p><img fetchpriority=\"high\" decoding=\"async\" class=\"aligncenter wp-image-2196\" src=\"https:\/\/mountlaser.com\/wp-content\/uploads\/2025\/09\/4-5.webp\" alt=\"Swiss-Style Tribrach\" width=\"500\" height=\"500\" srcset=\"https:\/\/mountlaser.com\/wp-content\/uploads\/2025\/09\/4-5.webp 1000w, https:\/\/mountlaser.com\/wp-content\/uploads\/2025\/09\/4-5-300x300.webp 300w, https:\/\/mountlaser.com\/wp-content\/uploads\/2025\/09\/4-5-400x400.webp 400w, https:\/\/mountlaser.com\/wp-content\/uploads\/2025\/09\/4-5-800x800.webp 800w, https:\/\/mountlaser.com\/wp-content\/uploads\/2025\/09\/4-5-600x600.webp 600w, https:\/\/mountlaser.com\/wp-content\/uploads\/2025\/09\/4-5-150x150.webp 150w, https:\/\/mountlaser.com\/wp-content\/uploads\/2025\/09\/4-5-768x768.webp 768w, https:\/\/mountlaser.com\/wp-content\/uploads\/2025\/09\/4-5-12x12.webp 12w\" sizes=\"(max-width: 500px) 100vw, 500px\" \/><\/p>\n<p>M\u1eb7c d\u00f9 kh\u00f4ng c\u00f3 th\u01b0\u1edbc \u0111o \u0111\u1ed9 th\u1eb3ng quang h\u1ecdc, thi\u1ebft k\u1ebf \u0111\u00e1ng tin c\u1eady c\u1ee7a n\u00f3 khi\u1ebfn n\u00f3 tr\u1edf th\u00e0nh l\u1ef1a ch\u1ecdn thi\u1ebft th\u1ef1c cho c\u00e1c c\u00f4ng tr\u01b0\u1eddng x\u00e2y d\u1ef1ng v\u00e0 c\u00e1c m\u00f4i tr\u01b0\u1eddng kh\u00e1c n\u01a1i s\u1ef1 \u1ed5n \u0111\u1ecbnh c\u01a1 b\u1ea3n l\u00e0 y\u1ebfu t\u1ed1 then ch\u1ed1t. H\u00e3y ch\u1ecdn \u0111\u1ed9 tin c\u1eady \u0111\u00e3 \u0111\u01b0\u1ee3c ch\u1ee9ng minh c\u1ee7a m\u1ed9t s\u1ea3n ph\u1ea9m nh\u01b0 v\u1eady. <a href=\"https:\/\/mountlaser.com\/vi\/danh-muc-san-pham\/surveying-accessory\/\"><strong>Ch\u00e2n \u0111\u1ebf ki\u1ec3u Th\u1ee5y S\u0129<\/strong><\/a> D\u00e0nh cho c\u00e1c thi\u1ebft l\u1eadp thi\u1ebft y\u1ebfu c\u1ee7a b\u1ea1n. GDF21 th\u1ec3 hi\u1ec7n di s\u1ea3n n\u00e0y trong m\u1ed9t g\u00f3i s\u1ea3n ph\u1ea9m ti\u1ebft ki\u1ec7m chi ph\u00ed, mang l\u1ea1i s\u1ee9c m\u1ea1nh c\u1ed1t l\u00f5i m\u00e0 b\u1ea1n mong \u0111\u1ee3i t\u1eeb m\u1ed9t ch\u00e2n \u0111\u1ebf ba ch\u00e2n ki\u1ec3u Th\u1ee5y S\u0129.<\/p>","protected":false},"excerpt":{"rendered":"<ul>\n<li>\u0110\u01b0\u1ee3c ch\u1ebf t\u1ea1o t\u1eeb nh\u00f4m b\u1ec1n ch\u1eafc v\u1edbi ren ti\u00eau chu\u1ea9n 5\/8\u2033-11 cho kh\u1ea3 n\u0103ng t\u01b0\u01a1ng th\u00edch ph\u1ed5 bi\u1ebfn.<\/li>\n<li>\u0110\u01b0\u1ee3c thi\u1ebft k\u1ebf cho c\u00e1c \u1ee9ng d\u1ee5ng ch\u00ednh x\u00e1c th\u00f4ng th\u01b0\u1eddng m\u00e0 kh\u00f4ng c\u00f3 th\u01b0\u1edbc \u0111o \u0111\u1ed9 s\u00e2u quang h\u1ecdc t\u00edch h\u1ee3p.<\/li>\n<\/ul>","protected":false},"featured_media":2195,"comment_status":"open","ping_status":"closed","template":"","meta":[],"product_brand":[],"product_cat":[79,101],"product_tag":[],"class_list":{"0":"post-2200","1":"product","2":"type-product","3":"status-publish","4":"has-post-thumbnail","6":"product_cat-surveying-accessory","7":"product_cat-standard-precision-tribrach","9":"first","10":"instock","11":"shipping-taxable","12":"product-type-simple"},"_links":{"self":[{"href":"https:\/\/mountlaser.com\/vi\/wp-json\/wp\/v2\/product\/2200","targetHints":{"allow":["GET"]}}],"collection":[{"href":"https:\/\/mountlaser.com\/vi\/wp-json\/wp\/v2\/product"}],"about":[{"href":"https:\/\/mountlaser.com\/vi\/wp-json\/wp\/v2\/types\/product"}],"replies":[{"embeddable":true,"href":"https:\/\/mountlaser.com\/vi\/wp-json\/wp\/v2\/comments?post=2200"}],"wp:featuredmedia":[{"embeddable":true,"href":"https:\/\/mountlaser.com\/vi\/wp-json\/wp\/v2\/media\/2195"}],"wp:attachment":[{"href":"https:\/\/mountlaser.com\/vi\/wp-json\/wp\/v2\/media?parent=2200"}],"wp:term":[{"taxonomy":"product_brand","embeddable":true,"href":"https:\/\/mountlaser.com\/vi\/wp-json\/wp\/v2\/product_brand?post=2200"},{"taxonomy":"product_cat","embeddable":true,"href":"https:\/\/mountlaser.com\/vi\/wp-json\/wp\/v2\/product_cat?post=2200"},{"taxonomy":"product_tag","embeddable":true,"href":"https:\/\/mountlaser.com\/vi\/wp-json\/wp\/v2\/product_tag?post=2200"}],"curies":[{"name":"trang web","href":"https:\/\/api.w.org\/{rel}","templated":true}]}}