{"id":2186,"date":"2025-09-24T08:30:19","date_gmt":"2025-09-24T08:30:19","guid":{"rendered":"https:\/\/mountlaser.com\/?post_type=product&#038;p=2186"},"modified":"2025-12-01T01:30:22","modified_gmt":"2025-12-01T01:30:22","slug":"fdc01m-standard-precision-carrier","status":"publish","type":"product","link":"https:\/\/mountlaser.com\/vi\/san-pham\/fdc01m-standard-precision-carrier\/","title":{"rendered":"FDC01M Standard Precision Carrier"},"content":{"rendered":"<p>C\u00e1i <a href=\"https:\/\/mountlaser.com\/vi\/\"><strong>B\u1ed9 \u0111i\u1ec1u khi\u1ec3n FDC01M ch\u00ednh x\u00e1c<\/strong><\/a> \u0110\u00e2y l\u00e0 gi\u00e1 \u0111\u1ee1 ch\u00e2n m\u00e1y \u1ea3nh b\u1eb1ng nh\u00f4m thi\u1ebft y\u1ebfu \u0111\u01b0\u1ee3c thi\u1ebft k\u1ebf d\u00e0nh cho c\u00e1c nh\u00e0 kh\u1ea3o s\u00e1t \u0111\u00f2i h\u1ecfi \u0111\u1ed9 tin c\u1eady v\u00e0 \u0111\u1ed9 ch\u00ednh x\u00e1c trong c\u00f4ng vi\u1ec7c th\u1ef1c \u0111\u1ecba. Gi\u00e1 \u0111\u1ee1 ch\u1eafc ch\u1eafn n\u00e0y \u0111\u01b0\u1ee3c thi\u1ebft k\u1ebf \u0111\u1ec3 s\u1eed d\u1ee5ng li\u1ec1n m\u1ea1ch tr\u00ean c\u00e1c ch\u00e2n m\u00e1y \u1ea3nh ti\u00eau chu\u1ea9n, \u0111\u1ea3m b\u1ea3o m\u1ed9t n\u1ec1n t\u1ea3ng an to\u00e0n v\u00e0 \u1ed5n \u0111\u1ecbnh cho c\u00e1c d\u1ee5ng c\u1ee5 \u0111o c\u1ee7a b\u1ea1n.<\/p>\n<p>\u0110\u1ec3 d\u1ec5 d\u00e0ng nh\u1eadn bi\u1ebft v\u00e0 t\u00f9y ch\u1ec9nh, s\u1ea3n ph\u1ea9m c\u00f3 nhi\u1ec1u m\u00e0u s\u1eafc kh\u00e1c nhau. <a href=\"https:\/\/mountlaser.com\/vi\/products\/\">T\u00f9y ch\u1ecdn m\u00e0u xanh l\u00e1 c\u00e2y\/\u0111en<\/a>.<\/p>\n<p>&nbsp;<\/p>\n<p><img fetchpriority=\"high\" decoding=\"async\" class=\"aligncenter wp-image-2190\" src=\"https:\/\/mountlaser.com\/wp-content\/uploads\/2025\/09\/10-4.webp\" alt=\"Precision FDC01M Carrier\" width=\"500\" height=\"500\" srcset=\"https:\/\/mountlaser.com\/wp-content\/uploads\/2025\/09\/10-4.webp 1000w, https:\/\/mountlaser.com\/wp-content\/uploads\/2025\/09\/10-4-300x300.webp 300w, https:\/\/mountlaser.com\/wp-content\/uploads\/2025\/09\/10-4-400x400.webp 400w, https:\/\/mountlaser.com\/wp-content\/uploads\/2025\/09\/10-4-800x800.webp 800w, https:\/\/mountlaser.com\/wp-content\/uploads\/2025\/09\/10-4-600x600.webp 600w, https:\/\/mountlaser.com\/wp-content\/uploads\/2025\/09\/10-4-150x150.webp 150w, https:\/\/mountlaser.com\/wp-content\/uploads\/2025\/09\/10-4-768x768.webp 768w, https:\/\/mountlaser.com\/wp-content\/uploads\/2025\/09\/10-4-12x12.webp 12w\" sizes=\"(max-width: 500px) 100vw, 500px\" \/><\/p>\n<p>\u0110\u1ed9 ch\u00ednh x\u00e1c <a href=\"https:\/\/mountlaser.com\/vi\/danh-muc-san-pham\/surveying-accessory\/\"><strong>B\u1ed9 chuy\u1ec3n \u0111\u1ed5i FDC01M<\/strong><\/a> \u0110\u01b0\u1ee3c trang b\u1ecb t\u00ednh n\u0103ng quang h\u1ecdc, gi\u00fap t\u0103ng c\u01b0\u1eddng \u0111\u1ed9 ch\u00ednh x\u00e1c khi nh\u1eafm m\u1ee5c ti\u00eau v\u00e0 c\u0103n ch\u1ec9nh. Khi c\u00e1c d\u1ef1 \u00e1n c\u1ee7a b\u1ea1n y\u00eau c\u1ea7u s\u1ef1 \u1ed5n \u0111\u1ecbnh tuy\u1ec7t \u0111\u1ed1i, h\u00e3y tin t\u01b0\u1edfng v\u00e0o b\u1ed9 ph\u1eadn d\u1eabn h\u01b0\u1edbng Precision FDC01M \u0111\u1ec3 mang l\u1ea1i k\u1ebft qu\u1ea3 nh\u1ea5t qu\u00e1n v\u00e0 hi\u1ec7u su\u1ea5t cao.<\/p>","protected":false},"excerpt":{"rendered":"<ul>\n<li>\u0110\u01b0\u1ee3c ch\u1ebf t\u1ea1o t\u1eeb nh\u00f4m b\u1ec1n ch\u1eafc, \u0111\u1ea3m b\u1ea3o s\u1eed d\u1ee5ng l\u00e2u d\u00e0i.<\/li>\n<li>\u0110\u01b0\u1ee3c thi\u1ebft k\u1ebf \u0111\u1eb7c bi\u1ec7t \u0111\u1ec3 t\u01b0\u01a1ng th\u00edch v\u1edbi c\u00e1c lo\u1ea1i ch\u00e2n \u0111\u1ebf ba ch\u00e2n ti\u00eau chu\u1ea9n.<\/li>\n<li>S\u1ea3n ph\u1ea9m c\u00f3 ph\u1ed1i m\u00e0u xanh l\u00e1 c\u00e2y\/\u0111en gi\u00fap d\u1ec5 d\u00e0ng nh\u1eadn bi\u1ebft b\u1eb1ng m\u1eaft th\u01b0\u1eddng.<\/li>\n<\/ul>","protected":false},"featured_media":2187,"comment_status":"open","ping_status":"closed","template":"","meta":[],"product_brand":[],"product_cat":[79,100],"product_tag":[],"class_list":{"0":"post-2186","1":"product","2":"type-product","3":"status-publish","4":"has-post-thumbnail","6":"product_cat-surveying-accessory","7":"product_cat-standard-precision-carrier","9":"first","10":"instock","11":"shipping-taxable","12":"product-type-simple"},"_links":{"self":[{"href":"https:\/\/mountlaser.com\/vi\/wp-json\/wp\/v2\/product\/2186","targetHints":{"allow":["GET"]}}],"collection":[{"href":"https:\/\/mountlaser.com\/vi\/wp-json\/wp\/v2\/product"}],"about":[{"href":"https:\/\/mountlaser.com\/vi\/wp-json\/wp\/v2\/types\/product"}],"replies":[{"embeddable":true,"href":"https:\/\/mountlaser.com\/vi\/wp-json\/wp\/v2\/comments?post=2186"}],"wp:featuredmedia":[{"embeddable":true,"href":"https:\/\/mountlaser.com\/vi\/wp-json\/wp\/v2\/media\/2187"}],"wp:attachment":[{"href":"https:\/\/mountlaser.com\/vi\/wp-json\/wp\/v2\/media?parent=2186"}],"wp:term":[{"taxonomy":"product_brand","embeddable":true,"href":"https:\/\/mountlaser.com\/vi\/wp-json\/wp\/v2\/product_brand?post=2186"},{"taxonomy":"product_cat","embeddable":true,"href":"https:\/\/mountlaser.com\/vi\/wp-json\/wp\/v2\/product_cat?post=2186"},{"taxonomy":"product_tag","embeddable":true,"href":"https:\/\/mountlaser.com\/vi\/wp-json\/wp\/v2\/product_tag?post=2186"}],"curies":[{"name":"trang web","href":"https:\/\/api.w.org\/{rel}","templated":true}]}}