{"id":2181,"date":"2025-09-24T08:21:21","date_gmt":"2025-09-24T08:21:21","guid":{"rendered":"https:\/\/mountlaser.com\/?post_type=product&#038;p=2181"},"modified":"2025-12-01T01:34:36","modified_gmt":"2025-12-01T01:34:36","slug":"grt144-carrier-with-stub","status":"publish","type":"product","link":"https:\/\/mountlaser.com\/vi\/san-pham\/grt144-carrier-with-stub\/","title":{"rendered":"Gi\u00e1 \u0111\u1ee1 GRT144 c\u00f3 \u0111\u1ea7u n\u1ed1i"},"content":{"rendered":"<p>C\u00e1i <a href=\"https:\/\/mountlaser.com\/vi\/\">Gi\u00e1 \u0111\u1ee1 Laser GRT144<\/a> Gi\u00e1 \u0111\u1ee1 chuy\u00ean d\u1ee5ng GRT144 d\u00e0nh cho \u0103ng-ten GPS \u0111\u01b0\u1ee3c thi\u1ebft k\u1ebf \u0111\u1ec3 cung c\u1ea5p gi\u1ea3i ph\u00e1p l\u1eafp \u0111\u1eb7t an to\u00e0n v\u00e0 \u1ed5n \u0111\u1ecbnh cho thi\u1ebft b\u1ecb kh\u1ea3o s\u00e1t c\u1ee7a b\u1ea1n. Gi\u00e1 \u0111\u1ee1 b\u1eb1ng nh\u00f4m ch\u1eafc ch\u1eafn n\u00e0y c\u00f3 t\u00edch h\u1ee3p ch\u1ed1t gi\u1eef, \u0111\u1ea3m b\u1ea3o \u0111\u1ecbnh v\u1ecb ch\u00ednh x\u00e1c v\u00e0 \u0111\u00e1ng tin c\u1eady cho \u0103ng-ten GPS trong nhi\u1ec1u \u0111i\u1ec1u ki\u1ec7n hi\u1ec7n tr\u01b0\u1eddng kh\u00e1c nhau.<\/p>\n<p><img fetchpriority=\"high\" decoding=\"async\" class=\"aligncenter wp-image-2183\" src=\"https:\/\/mountlaser.com\/wp-content\/uploads\/2025\/09\/5-4.webp\" alt=\"Carrier GRT144 for GPS Antenna\" width=\"500\" height=\"500\" srcset=\"https:\/\/mountlaser.com\/wp-content\/uploads\/2025\/09\/5-4.webp 1000w, https:\/\/mountlaser.com\/wp-content\/uploads\/2025\/09\/5-4-300x300.webp 300w, https:\/\/mountlaser.com\/wp-content\/uploads\/2025\/09\/5-4-400x400.webp 400w, https:\/\/mountlaser.com\/wp-content\/uploads\/2025\/09\/5-4-800x800.webp 800w, https:\/\/mountlaser.com\/wp-content\/uploads\/2025\/09\/5-4-600x600.webp 600w, https:\/\/mountlaser.com\/wp-content\/uploads\/2025\/09\/5-4-150x150.webp 150w, https:\/\/mountlaser.com\/wp-content\/uploads\/2025\/09\/5-4-768x768.webp 768w, https:\/\/mountlaser.com\/wp-content\/uploads\/2025\/09\/5-4-12x12.webp 12w\" sizes=\"(max-width: 500px) 100vw, 500px\" \/><\/p>\n<p>V\u1edbi t\u01b0 c\u00e1ch l\u00e0 m\u1ed9t ng\u01b0\u1eddi t\u1eadn t\u00e2m <a href=\"https:\/\/mountlaser.com\/vi\/danh-muc-san-pham\/surveying-accessory\/\"><strong>Gi\u00e1 \u0111\u1ee1 GRT144 cho \u0103ng-ten GPS<\/strong><\/a>, S\u1ea3n ph\u1ea9m n\u00e0y ho\u00e0n to\u00e0n t\u01b0\u01a1ng th\u00edch v\u1edbi c\u00e1c ch\u00e2n \u0111\u1ebf ba ch\u00e2n ti\u00eau chu\u1ea9n, tr\u1edf th\u00e0nh c\u00f4ng c\u1ee5 thi\u1ebft y\u1ebfu \u0111\u1ec3 thu th\u1eadp d\u1eef li\u1ec7u kh\u00f4ng gian \u0111\u1ecba l\u00fd ch\u00ednh x\u00e1c. C\u00f3 s\u1eb5n m\u00e0u Xanh l\u00e1 c\u00e2y ho\u1eb7c \u0110en \u0111\u1ec3 d\u1ec5 d\u00e0ng nh\u1eadn di\u1ec7n thi\u1ebft b\u1ecb (M\u00e3 s\u1ea3n ph\u1ea9m: 667313), gi\u00e1 \u0111\u1ee1 n\u00e0y mang l\u1ea1i \u0111\u1ed9 b\u1ec1n v\u00e0 hi\u1ec7u su\u1ea5t c\u1ea7n thi\u1ebft cho c\u00e1c \u1ee9ng d\u1ee5ng kh\u1ea3o s\u00e1t chuy\u00ean nghi\u1ec7p. H\u00e3y tin t\u01b0\u1edfng v\u00e0o... <a href=\"https:\/\/mountlaser.com\/vi\/about-us\/\">Gi\u00e1 \u0111\u1ee1 GRT144 cho \u0103ng-ten GPS<\/a> \u0110\u1ec3 duy tr\u00ec t\u00ednh to\u00e0n v\u1eb9n c\u1ee7a t\u00edn hi\u1ec7u v\u00e0 n\u00e2ng cao \u0111\u1ed9 ch\u00ednh x\u00e1c \u0111o l\u01b0\u1eddng.<\/p>","protected":false},"excerpt":{"rendered":"<ul>\n<li>Gi\u00e1 \u0111\u1ee1 GPS ch\u1eafc ch\u1eafn: \u0110\u01b0\u1ee3c thi\u1ebft k\u1ebf \u0111\u1eb7c bi\u1ec7t \u0111\u1ec3 \u0111\u1eb7t \u0103ng-ten GPS \u1ed5n \u0111\u1ecbnh, \u0111\u1ea3m b\u1ea3o \u0111\u1ed9 tin c\u1eady c\u1ee7a t\u00edn hi\u1ec7u.<\/li>\n<li>C\u1ea5u tr\u00fac b\u1eb1ng nh\u00f4m: Ch\u1ea5t li\u1ec7u b\u1ec1n nh\u01b0ng nh\u1eb9, ph\u00f9 h\u1ee3p cho s\u1eed d\u1ee5ng ngo\u00e0i tr\u1eddi.<\/li>\n<li>T\u00edch h\u1ee3p ch\u00e2n \u0111\u1ebf: Cung c\u1ea5p kh\u1ea3 n\u0103ng \u0111\u1ecbnh v\u1ecb ch\u00ednh x\u00e1c v\u00e0 thi\u1ebft l\u1eadp nhanh ch\u00f3ng.<\/li>\n<\/ul>","protected":false},"featured_media":2182,"comment_status":"open","ping_status":"closed","template":"","meta":[],"product_brand":[],"product_cat":[79,100],"product_tag":[],"class_list":{"0":"post-2181","1":"product","2":"type-product","3":"status-publish","4":"has-post-thumbnail","6":"product_cat-surveying-accessory","7":"product_cat-standard-precision-carrier","9":"first","10":"instock","11":"shipping-taxable","12":"product-type-simple"},"_links":{"self":[{"href":"https:\/\/mountlaser.com\/vi\/wp-json\/wp\/v2\/product\/2181","targetHints":{"allow":["GET"]}}],"collection":[{"href":"https:\/\/mountlaser.com\/vi\/wp-json\/wp\/v2\/product"}],"about":[{"href":"https:\/\/mountlaser.com\/vi\/wp-json\/wp\/v2\/types\/product"}],"replies":[{"embeddable":true,"href":"https:\/\/mountlaser.com\/vi\/wp-json\/wp\/v2\/comments?post=2181"}],"wp:featuredmedia":[{"embeddable":true,"href":"https:\/\/mountlaser.com\/vi\/wp-json\/wp\/v2\/media\/2182"}],"wp:attachment":[{"href":"https:\/\/mountlaser.com\/vi\/wp-json\/wp\/v2\/media?parent=2181"}],"wp:term":[{"taxonomy":"product_brand","embeddable":true,"href":"https:\/\/mountlaser.com\/vi\/wp-json\/wp\/v2\/product_brand?post=2181"},{"taxonomy":"product_cat","embeddable":true,"href":"https:\/\/mountlaser.com\/vi\/wp-json\/wp\/v2\/product_cat?post=2181"},{"taxonomy":"product_tag","embeddable":true,"href":"https:\/\/mountlaser.com\/vi\/wp-json\/wp\/v2\/product_tag?post=2181"}],"curies":[{"name":"trang web","href":"https:\/\/api.w.org\/{rel}","templated":true}]}}