{"id":2174,"date":"2025-09-24T08:07:56","date_gmt":"2025-09-24T08:07:56","guid":{"rendered":"https:\/\/mountlaser.com\/?post_type=product&#038;p=2174"},"modified":"2025-12-01T01:39:14","modified_gmt":"2025-12-01T01:39:14","slug":"grt10-swiss-style-adapter-with-stub","status":"publish","type":"product","link":"https:\/\/mountlaser.com\/vi\/san-pham\/grt10-swiss-style-adapter-with-stub\/","title":{"rendered":"B\u1ed9 chuy\u1ec3n \u0111\u1ed5i ki\u1ec3u Th\u1ee5y S\u0129 GRT10 k\u00e8m \u0111\u1ea7u n\u1ed1i ng\u1eafn"},"content":{"rendered":"<p>C\u00e1i <a href=\"https:\/\/mountlaser.com\/vi\/danh-muc-san-pham\/surveying-accessory\/\"><strong>Gi\u00e1 \u0111\u1ee1 Laser GRT10<\/strong><\/a> l\u00e0 m\u1ed9t s\u1ea3n ph\u1ea9m \u0111\u01b0\u1ee3c ch\u1ebf t\u1ea1o ch\u00ednh x\u00e1c. <a href=\"https:\/\/mountlaser.com\/vi\/about-us\/\"><strong>Gi\u00e1 \u0111\u1ee1 l\u0103ng k\u00ednh GRT10<\/strong><\/a> \u0110\u01b0\u1ee3c thi\u1ebft k\u1ebf d\u00e0nh cho c\u00e1c nh\u00e0 kh\u1ea3o s\u00e1t y\u00eau c\u1ea7u hi\u1ec7u su\u1ea5t \u0111\u00e1ng tin c\u1eady. \u0110\u01b0\u1ee3c ch\u1ebf t\u1ea1o v\u1edbi giao di\u1ec7n ch\u1ed1t Th\u1ee5y S\u0129 ch\u1eafc ch\u1eafn, gi\u00e1 \u0111\u1ee1 b\u1eb1ng nh\u00f4m n\u00e0y \u0111\u1ea3m b\u1ea3o l\u1eafp \u0111\u1eb7t an to\u00e0n cho c\u00e1c l\u0103ng k\u00ednh trong nhi\u1ec1u \u1ee9ng d\u1ee5ng kh\u1ea3o s\u00e1t kh\u00e1c nhau.<\/p>\n<p><img fetchpriority=\"high\" decoding=\"async\" class=\"aligncenter wp-image-2177\" src=\"https:\/\/mountlaser.com\/wp-content\/uploads\/2025\/09\/5-3.webp\" alt=\"GRT10 Prism Carrier\" width=\"500\" height=\"500\" srcset=\"https:\/\/mountlaser.com\/wp-content\/uploads\/2025\/09\/5-3.webp 1000w, https:\/\/mountlaser.com\/wp-content\/uploads\/2025\/09\/5-3-300x300.webp 300w, https:\/\/mountlaser.com\/wp-content\/uploads\/2025\/09\/5-3-400x400.webp 400w, https:\/\/mountlaser.com\/wp-content\/uploads\/2025\/09\/5-3-800x800.webp 800w, https:\/\/mountlaser.com\/wp-content\/uploads\/2025\/09\/5-3-600x600.webp 600w, https:\/\/mountlaser.com\/wp-content\/uploads\/2025\/09\/5-3-150x150.webp 150w, https:\/\/mountlaser.com\/wp-content\/uploads\/2025\/09\/5-3-768x768.webp 768w, https:\/\/mountlaser.com\/wp-content\/uploads\/2025\/09\/5-3-12x12.webp 12w\" sizes=\"(max-width: 500px) 100vw, 500px\" \/><br \/>\nC\u00e1i <a href=\"https:\/\/mountlaser.com\/vi\/contact-us\/\">Gi\u00e1 \u0111\u1ee1 l\u0103ng k\u00ednh GRT10<\/a> S\u1ea3n ph\u1ea9m c\u00f3 k\u1ebft c\u1ea5u b\u1ec1n ch\u1eafc nh\u01b0ng nh\u1eb9, l\u00fd t\u01b0\u1edfng cho vi\u1ec7c s\u1eed d\u1ee5ng ngo\u00e0i tr\u1eddi trong th\u1eddi gian d\u00e0i m\u00e0 v\u1eabn duy tr\u00ec \u0111\u1ecbnh v\u1ecb ch\u00ednh x\u00e1c. C\u00f3 s\u1eb5n m\u00e0u Xanh l\u00e1 c\u00e2y ho\u1eb7c \u0110en \u0111\u1ec3 d\u1ec5 d\u00e0ng nh\u1eadn bi\u1ebft thi\u1ebft b\u1ecb, m\u1eabu n\u00e0y mang l\u1ea1i kh\u1ea3 n\u0103ng t\u01b0\u01a1ng th\u00edch v\u01b0\u1ee3t tr\u1ed9i v\u1edbi c\u00e1c ch\u00e2n \u0111\u1ebf ba ch\u00e2n ti\u00eau chu\u1ea9n. \u0110\u1ec3 \u0111\u1ea1t \u0111\u01b0\u1ee3c \u0111\u1ed9 ch\u00ednh x\u00e1c nh\u1ea5t qu\u00e1n v\u00e0 hi\u1ec7u su\u1ea5t \u0111\u00e1ng tin c\u1eady, Gi\u00e1 \u0111\u1ee1 l\u0103ng k\u00ednh GRT10 cung c\u1ea5p gi\u1ea3i ph\u00e1p thi\u1ebft th\u1ef1c cho c\u00e1c nhi\u1ec7m v\u1ee5 kh\u1ea3o s\u00e1t h\u00e0ng ng\u00e0y.<\/p>","protected":false},"excerpt":{"rendered":"<ul>\n<li>Thi\u1ebft k\u1ebf kh\u1edbp n\u1ed1i ki\u1ec3u Th\u1ee5y S\u0129: Cung c\u1ea5p k\u1ebft n\u1ed1i ch\u1eafc ch\u1eafn v\u00e0 \u1ed5n \u0111\u1ecbnh cho c\u00e1c l\u0103ng k\u00ednh, n\u00e2ng cao \u0111\u1ed9 ch\u00ednh x\u00e1c \u0111o l\u01b0\u1eddng.<\/li>\n<li>C\u1ea5u tr\u00fac b\u1eb1ng nh\u00f4m: K\u1ebft h\u1ee3p \u0111\u1ed9 b\u1ec1n ch\u1eafc v\u1edbi tr\u1ecdng l\u01b0\u1ee3ng nh\u1eb9, mang l\u1ea1i \u0111\u1ed9 b\u1ec1n cao v\u00e0 d\u1ec5 d\u00e0ng di chuy\u1ec3n.<\/li>\n<\/ul>","protected":false},"featured_media":2175,"comment_status":"open","ping_status":"closed","template":"","meta":[],"product_brand":[],"product_cat":[79,100],"product_tag":[],"class_list":{"0":"post-2174","1":"product","2":"type-product","3":"status-publish","4":"has-post-thumbnail","6":"product_cat-surveying-accessory","7":"product_cat-standard-precision-carrier","9":"first","10":"instock","11":"shipping-taxable","12":"product-type-simple"},"_links":{"self":[{"href":"https:\/\/mountlaser.com\/vi\/wp-json\/wp\/v2\/product\/2174","targetHints":{"allow":["GET"]}}],"collection":[{"href":"https:\/\/mountlaser.com\/vi\/wp-json\/wp\/v2\/product"}],"about":[{"href":"https:\/\/mountlaser.com\/vi\/wp-json\/wp\/v2\/types\/product"}],"replies":[{"embeddable":true,"href":"https:\/\/mountlaser.com\/vi\/wp-json\/wp\/v2\/comments?post=2174"}],"wp:featuredmedia":[{"embeddable":true,"href":"https:\/\/mountlaser.com\/vi\/wp-json\/wp\/v2\/media\/2175"}],"wp:attachment":[{"href":"https:\/\/mountlaser.com\/vi\/wp-json\/wp\/v2\/media?parent=2174"}],"wp:term":[{"taxonomy":"product_brand","embeddable":true,"href":"https:\/\/mountlaser.com\/vi\/wp-json\/wp\/v2\/product_brand?post=2174"},{"taxonomy":"product_cat","embeddable":true,"href":"https:\/\/mountlaser.com\/vi\/wp-json\/wp\/v2\/product_cat?post=2174"},{"taxonomy":"product_tag","embeddable":true,"href":"https:\/\/mountlaser.com\/vi\/wp-json\/wp\/v2\/product_tag?post=2174"}],"curies":[{"name":"trang web","href":"https:\/\/api.w.org\/{rel}","templated":true}]}}