{"id":2167,"date":"2025-09-24T07:54:46","date_gmt":"2025-09-24T07:54:46","guid":{"rendered":"https:\/\/mountlaser.com\/?post_type=product&#038;p=2167"},"modified":"2025-12-01T01:41:13","modified_gmt":"2025-12-01T01:41:13","slug":"fdc01mg-carrier-with-optical-plummet","status":"publish","type":"product","link":"https:\/\/mountlaser.com\/vi\/san-pham\/fdc01mg-carrier-with-optical-plummet\/","title":{"rendered":"B\u1ed9 chuy\u1ec3n \u0111\u1ed5i FDC01MG v\u1edbi h\u1ec7 th\u1ed1ng \u0111i\u1ec1u ch\u1ec9nh quang h\u1ecdc."},"content":{"rendered":"<p>Xin gi\u1edbi thi\u1ec7u Mount Laser FDC01MG, m\u1ed9t s\u1ea3n ph\u1ea9m ti\u00ean ti\u1ebfn v\u01b0\u1ee3t tr\u1ed9i. <a href=\"https:\/\/mountlaser.com\/vi\/\"><strong>B\u1ed9 chuy\u1ec3n \u0111\u1ed5i kh\u1ea3o s\u00e1t Fdc01mg<\/strong><\/a> t\u00edch h\u1ee3p m\u1ed9t h\u1ec7 th\u1ed1ng \u0111o \u0111\u1ed9 d\u1ed1c quang h\u1ecdc ch\u00ednh x\u00e1c tr\u1ef1c ti\u1ebfp v\u00e0o ch\u00ednh thi\u1ebft b\u1ecb mang.<\/p>\n<p>B\u1ed9 chuy\u1ec3n \u0111\u1ed5i \u0111o \u0111\u1ea1c Fdc01mg c\u1ea3i ti\u1ebfn n\u00e0y \u0111\u01b0\u1ee3c ch\u1ebf t\u1ea1o t\u1eeb nh\u00f4m c\u01b0\u1eddng \u0111\u1ed9 cao, mang \u0111\u1ebfn gi\u1ea3i ph\u00e1p ch\u1eafc ch\u1eafn v\u00e0 nh\u1eb9 cho c\u00e1c nh\u00e0 kh\u1ea3o s\u00e1t y\u00eau c\u1ea7u \u0111\u1ed9 ch\u00ednh x\u00e1c cao nh\u1ea5t trong vi\u1ec7c thi\u1ebft l\u1eadp thi\u1ebft b\u1ecb. \u0110\u01b0\u1ee3c thi\u1ebft k\u1ebf \u0111\u1ec3 s\u1eed d\u1ee5ng li\u1ec1n m\u1ea1ch trong c\u00e1c gi\u00e1 \u0111\u1ee1 ba ch\u00e2n ti\u00eau chu\u1ea9n, n\u00f3 cho ph\u00e9p \u0111\u1ecbnh t\u00e2m nhanh ch\u00f3ng v\u00e0 ch\u00ednh x\u00e1c tr\u00ean m\u1ed9t \u0111i\u1ec3m.<\/p>\n<p><img fetchpriority=\"high\" decoding=\"async\" class=\"aligncenter wp-image-2170\" src=\"https:\/\/mountlaser.com\/wp-content\/uploads\/2025\/09\/4-4.webp\" alt=\"Survey Adapter Fdc01mg Carrier\" width=\"500\" height=\"500\" srcset=\"https:\/\/mountlaser.com\/wp-content\/uploads\/2025\/09\/4-4.webp 1000w, https:\/\/mountlaser.com\/wp-content\/uploads\/2025\/09\/4-4-300x300.webp 300w, https:\/\/mountlaser.com\/wp-content\/uploads\/2025\/09\/4-4-400x400.webp 400w, https:\/\/mountlaser.com\/wp-content\/uploads\/2025\/09\/4-4-800x800.webp 800w, https:\/\/mountlaser.com\/wp-content\/uploads\/2025\/09\/4-4-600x600.webp 600w, https:\/\/mountlaser.com\/wp-content\/uploads\/2025\/09\/4-4-150x150.webp 150w, https:\/\/mountlaser.com\/wp-content\/uploads\/2025\/09\/4-4-768x768.webp 768w, https:\/\/mountlaser.com\/wp-content\/uploads\/2025\/09\/4-4-12x12.webp 12w\" sizes=\"(max-width: 500px) 100vw, 500px\" \/><\/p>\n<p>C\u00f3 s\u1eb5n m\u00e0u xanh l\u00e1 c\u00e2y ho\u1eb7c \u0111en \u0111\u1ec3 d\u1ec5 nh\u1eadn bi\u1ebft, B\u1ed9 chuy\u1ec3n \u0111\u1ed5i kh\u1ea3o s\u00e1t<a href=\"https:\/\/mountlaser.com\/vi\/danh-muc-san-pham\/surveying-accessory\/\"> <strong>Fdc01mg Gi\u00e1 \u0111\u1ee1 c\u00f3 \u0111\u1ea7u d\u00f2 quang h\u1ecdc<\/strong><\/a> \u0110\u00e2y l\u00e0 c\u00f4ng c\u1ee5 t\u1ed1i \u01b0u \u0111\u1ec3 n\u00e2ng cao hi\u1ec7u qu\u1ea3 v\u00e0 \u0111\u1ea3m b\u1ea3o t\u00ednh ch\u00ednh x\u00e1c c\u1ee7a ph\u00e9p \u0111o trong b\u1ea5t k\u1ef3 d\u1ef1 \u00e1n kh\u1ea3o s\u00e1t n\u00e0o.<\/p>","protected":false},"excerpt":{"rendered":"<ul>\n<li>H\u1ec7 th\u1ed1ng \u0111o \u0111\u1ed9 l\u1ec7ch t\u00e2m quang h\u1ecdc t\u00edch h\u1ee3p: Cho ph\u00e9p \u0111\u1ecbnh t\u00e2m nhanh ch\u00f3ng v\u00e0 ch\u00ednh x\u00e1c, gi\u1ea3m \u0111\u00e1ng k\u1ec3 th\u1eddi gian thi\u1ebft l\u1eadp v\u00e0 c\u00e1c l\u1ed7i ti\u1ec1m \u1ea9n.<\/li>\n<li>K\u1ebft c\u1ea5u nh\u00f4m b\u1ec1n ch\u1eafc: Cung c\u1ea5p t\u1ef7 l\u1ec7 \u0111\u1ed9 b\u1ec1n tr\u00ean tr\u1ecdng l\u01b0\u1ee3ng tuy\u1ec7t v\u1eddi, \u0111\u1ea3m b\u1ea3o tu\u1ed5i th\u1ecd cao trong \u0111i\u1ec1u ki\u1ec7n l\u00e0m vi\u1ec7c kh\u1eafc nghi\u1ec7t.<\/li>\n<\/ul>","protected":false},"featured_media":2168,"comment_status":"open","ping_status":"closed","template":"","meta":[],"product_brand":[],"product_cat":[79,100],"product_tag":[],"class_list":{"0":"post-2167","1":"product","2":"type-product","3":"status-publish","4":"has-post-thumbnail","6":"product_cat-surveying-accessory","7":"product_cat-standard-precision-carrier","9":"first","10":"instock","11":"shipping-taxable","12":"product-type-simple"},"_links":{"self":[{"href":"https:\/\/mountlaser.com\/vi\/wp-json\/wp\/v2\/product\/2167","targetHints":{"allow":["GET"]}}],"collection":[{"href":"https:\/\/mountlaser.com\/vi\/wp-json\/wp\/v2\/product"}],"about":[{"href":"https:\/\/mountlaser.com\/vi\/wp-json\/wp\/v2\/types\/product"}],"replies":[{"embeddable":true,"href":"https:\/\/mountlaser.com\/vi\/wp-json\/wp\/v2\/comments?post=2167"}],"wp:featuredmedia":[{"embeddable":true,"href":"https:\/\/mountlaser.com\/vi\/wp-json\/wp\/v2\/media\/2168"}],"wp:attachment":[{"href":"https:\/\/mountlaser.com\/vi\/wp-json\/wp\/v2\/media?parent=2167"}],"wp:term":[{"taxonomy":"product_brand","embeddable":true,"href":"https:\/\/mountlaser.com\/vi\/wp-json\/wp\/v2\/product_brand?post=2167"},{"taxonomy":"product_cat","embeddable":true,"href":"https:\/\/mountlaser.com\/vi\/wp-json\/wp\/v2\/product_cat?post=2167"},{"taxonomy":"product_tag","embeddable":true,"href":"https:\/\/mountlaser.com\/vi\/wp-json\/wp\/v2\/product_tag?post=2167"}],"curies":[{"name":"trang web","href":"https:\/\/api.w.org\/{rel}","templated":true}]}}