{"id":2159,"date":"2025-09-24T07:44:59","date_gmt":"2025-09-24T07:44:59","guid":{"rendered":"https:\/\/mountlaser.com\/?post_type=product&#038;p=2159"},"modified":"2025-12-01T01:43:36","modified_gmt":"2025-12-01T01:43:36","slug":"grt146-standard-precision-carrier","status":"publish","type":"product","link":"https:\/\/mountlaser.com\/vi\/san-pham\/grt146-standard-precision-carrier\/","title":{"rendered":"B\u1ed9 truy\u1ec1n \u0111\u1ed9ng ch\u00ednh x\u00e1c ti\u00eau chu\u1ea9n GRT146"},"content":{"rendered":"<p>C\u00e1i <a href=\"https:\/\/mountlaser.com\/vi\/\"><strong>Gi\u00e1 \u0111\u1ee1 Laser GRT146<\/strong><\/a> GRT146 Carrier l\u00e0 m\u1ed9t gi\u00e1 \u0111\u1ee1 ch\u1eafc ch\u1eafn v\u00e0 \u0111\u00e1ng tin c\u1eady, \u0111\u01b0\u1ee3c thi\u1ebft k\u1ebf \u0111\u1ec3 t\u00edch h\u1ee3p li\u1ec1n m\u1ea1ch v\u1edbi c\u00e1c ch\u00e2n \u0111\u1ebf \u0111o \u0111\u1ea1c c\u1ee7a b\u1ea1n. \u0110\u01b0\u1ee3c ch\u1ebf t\u1ea1o t\u1eeb nh\u00f4m ch\u1ea5t l\u01b0\u1ee3ng cao, gi\u00e1 \u0111\u1ee1 n\u00e0y cung c\u1ea5p m\u1ed9t gi\u1ea3i ph\u00e1p b\u1ec1n b\u1ec9 nh\u01b0ng nh\u1eb9 \u0111\u1ec3 g\u1eafn l\u0103ng k\u00ednh v\u00e0 c\u00e1c ph\u1ee5 ki\u1ec7n kh\u00e1c.<\/p>\n<p>C\u00e1i <a href=\"https:\/\/mountlaser.com\/vi\/danh-muc-san-pham\/surveying-accessory\/\"><strong>Gi\u00e1 \u0111\u1ee1 GRT146<\/strong><\/a> \u0110\u01b0\u1ee3c thi\u1ebft k\u1ebf v\u1edbi \u0111\u1ed9 ch\u00ednh x\u00e1c v\u00e0 \u0111\u1ed9 b\u1ec1n cao, \u0111\u1ea3m b\u1ea3o hi\u1ec7u su\u1ea5t \u1ed5n \u0111\u1ecbnh trong nhi\u1ec1u \u0111i\u1ec1u ki\u1ec7n th\u1ef1c \u0111\u1ecba kh\u00e1c nhau.<\/p>\n<p>&nbsp;<\/p>\n<p><img fetchpriority=\"high\" decoding=\"async\" class=\"wp-image-2162 aligncenter\" src=\"https:\/\/mountlaser.com\/wp-content\/uploads\/2025\/09\/5-2.webp\" alt=\"GRT146 Carrier\" width=\"500\" height=\"500\" srcset=\"https:\/\/mountlaser.com\/wp-content\/uploads\/2025\/09\/5-2.webp 1000w, https:\/\/mountlaser.com\/wp-content\/uploads\/2025\/09\/5-2-300x300.webp 300w, https:\/\/mountlaser.com\/wp-content\/uploads\/2025\/09\/5-2-400x400.webp 400w, https:\/\/mountlaser.com\/wp-content\/uploads\/2025\/09\/5-2-800x800.webp 800w, https:\/\/mountlaser.com\/wp-content\/uploads\/2025\/09\/5-2-600x600.webp 600w, https:\/\/mountlaser.com\/wp-content\/uploads\/2025\/09\/5-2-150x150.webp 150w, https:\/\/mountlaser.com\/wp-content\/uploads\/2025\/09\/5-2-768x768.webp 768w, https:\/\/mountlaser.com\/wp-content\/uploads\/2025\/09\/5-2-12x12.webp 12w\" sizes=\"(max-width: 500px) 100vw, 500px\" \/><\/p>\n<p>C\u00f3 s\u1eb5n m\u00e0u Xanh l\u00e1 c\u00e2y ho\u1eb7c \u0110en \u0111\u1ec3 d\u1ec5 d\u00e0ng nh\u1eadn bi\u1ebft thi\u1ebft b\u1ecb, m\u1eabu n\u00e0y (M\u00e3 s\u1ea3n ph\u1ea9m: 667216) mang l\u1ea1i kh\u1ea3 n\u0103ng t\u01b0\u01a1ng th\u00edch v\u00e0 gi\u00e1 tr\u1ecb tuy\u1ec7t v\u1eddi. \u0110\u1ed1i v\u1edbi m\u1ed9t linh ki\u1ec7n c\u01a1 b\u1ea3n m\u00e0 b\u1ea1n c\u00f3 th\u1ec3 tin t\u01b0\u1edfng, <a href=\"https:\/\/mountlaser.com\/vi\/contact-us\/\">Gi\u00e1 \u0111\u1ee1 GRT146<\/a> Cung c\u1ea5p hi\u1ec7u n\u0103ng thi\u1ebft y\u1ebfu cho c\u00e1c nhi\u1ec7m v\u1ee5 kh\u1ea3o s\u00e1t h\u00e0ng ng\u00e0y.<\/p>","protected":false},"excerpt":{"rendered":"<ul>\n<li>K\u1ef9 thu\u1eadt ch\u00ednh x\u00e1c: \u0110\u1ea3m b\u1ea3o s\u1ef1 l\u1eafp \u0111\u1eb7t ch\u00ednh x\u00e1c v\u00e0 ch\u1eafc ch\u1eafn v\u00e0o c\u00e1c gi\u00e1 \u0111\u1ee1 ba ch\u00e2n ti\u00eau chu\u1ea9n \u0111\u1ec3 \u0111\u1ea1t \u0111\u01b0\u1ee3c \u0111\u1ed9 ch\u00ednh x\u00e1c \u0111o l\u01b0\u1eddng nh\u1ea5t qu\u00e1n.<\/li>\n<li>C\u00e1c t\u00f9y ch\u1ecdn m\u00e0u s\u1eafc: C\u00f3 s\u1eb5n m\u00e0u xanh l\u00e1 c\u00e2y v\u00e0 \u0111en \u0111\u1ec3 \u0111\u01a1n gi\u1ea3n h\u00f3a vi\u1ec7c qu\u1ea3n l\u00fd v\u00e0 s\u1eafp x\u1ebfp thi\u1ebft b\u1ecb.<\/li>\n<\/ul>","protected":false},"featured_media":2160,"comment_status":"open","ping_status":"closed","template":"","meta":[],"product_brand":[],"product_cat":[79,100],"product_tag":[],"class_list":{"0":"post-2159","1":"product","2":"type-product","3":"status-publish","4":"has-post-thumbnail","6":"product_cat-surveying-accessory","7":"product_cat-standard-precision-carrier","9":"first","10":"instock","11":"shipping-taxable","12":"product-type-simple"},"_links":{"self":[{"href":"https:\/\/mountlaser.com\/vi\/wp-json\/wp\/v2\/product\/2159","targetHints":{"allow":["GET"]}}],"collection":[{"href":"https:\/\/mountlaser.com\/vi\/wp-json\/wp\/v2\/product"}],"about":[{"href":"https:\/\/mountlaser.com\/vi\/wp-json\/wp\/v2\/types\/product"}],"replies":[{"embeddable":true,"href":"https:\/\/mountlaser.com\/vi\/wp-json\/wp\/v2\/comments?post=2159"}],"wp:featuredmedia":[{"embeddable":true,"href":"https:\/\/mountlaser.com\/vi\/wp-json\/wp\/v2\/media\/2160"}],"wp:attachment":[{"href":"https:\/\/mountlaser.com\/vi\/wp-json\/wp\/v2\/media?parent=2159"}],"wp:term":[{"taxonomy":"product_brand","embeddable":true,"href":"https:\/\/mountlaser.com\/vi\/wp-json\/wp\/v2\/product_brand?post=2159"},{"taxonomy":"product_cat","embeddable":true,"href":"https:\/\/mountlaser.com\/vi\/wp-json\/wp\/v2\/product_cat?post=2159"},{"taxonomy":"product_tag","embeddable":true,"href":"https:\/\/mountlaser.com\/vi\/wp-json\/wp\/v2\/product_tag?post=2159"}],"curies":[{"name":"trang web","href":"https:\/\/api.w.org\/{rel}","templated":true}]}}