{"id":2158,"date":"2025-09-24T07:35:41","date_gmt":"2025-09-24T07:35:41","guid":{"rendered":"https:\/\/mountlaser.com\/?post_type=product&#038;p=2158"},"modified":"2025-12-01T01:45:01","modified_gmt":"2025-12-01T01:45:01","slug":"gzs4-1-standard-precision-carrier","status":"publish","type":"product","link":"https:\/\/mountlaser.com\/vi\/san-pham\/gzs4-1-standard-precision-carrier\/","title":{"rendered":"B\u1ed9 truy\u1ec1n \u0111\u1ed9ng ch\u00ednh x\u00e1c ti\u00eau chu\u1ea9n GZS4-1"},"content":{"rendered":"<p>\u0110\u1ea1t \u0111\u01b0\u1ee3c \u0111\u1ed9 ch\u00ednh x\u00e1c \u0111o chi\u1ec1u cao v\u01b0\u1ee3t tr\u1ed9i v\u1edbi <a href=\"https:\/\/mountlaser.com\/vi\/\">G\u1eafn laser<\/a> <a href=\"https:\/\/mountlaser.com\/vi\/danh-muc-san-pham\/surveying-accessory\/\"><strong>M\u00f3c treo \u0111i\u1ec1u ch\u1ec9nh \u0111\u1ed9 cao GZS4-1<\/strong><\/a>. M\u00f3c \u0111o \u0111\u1ed9 cao GZS4-1 c\u1ea3i ti\u1ebfn n\u00e0y \u0111\u01b0\u1ee3c thi\u1ebft k\u1ebf \u0111\u1eb7c bi\u1ec7t \u0111\u1ec3 k\u1ebft n\u1ed1i li\u1ec1n m\u1ea1ch v\u1edbi t\u1ea5t c\u1ea3 c\u00e1c gi\u00e1 \u0111\u1ee1 c\u1ee7a Leica Geosystems, cho ph\u00e9p b\u1ea1n \u0111\u1eb7t th\u01b0\u1edbc d\u00e2y ngay b\u00ean d\u01b0\u1edbi t\u00e2m c\u1ee7a ch\u00e2n \u0111\u1ebf ba ch\u00e2n.<\/p>\n<p>Th\u01b0\u1edbc d\u00e2y t\u00edch h\u1ee3p c\u00f3 v\u1ea1ch chia c\u1ea3 milim\u00e9t v\u00e0 inch, cho ph\u00e9p \u0111o chi\u1ec1u cao ch\u00ednh x\u00e1c c\u1ee7a \u0103ng-ten GNSS v\u00e0 g\u01b0\u01a1ng ph\u1ea3n x\u1ea1 m\u1ed9t c\u00e1ch d\u1ec5 d\u00e0ng. \u0110\u01b0\u1ee3c ch\u1ebf t\u1ea1o t\u1eeb nh\u00f4m b\u1ec1n ch\u1eafc, d\u1ee5ng c\u1ee5 thi\u1ebft y\u1ebfu n\u00e0y \u0111\u1ea3m b\u1ea3o \u0111\u1ed9 tin c\u1eady tr\u00ean m\u1ecdi c\u00f4ng tr\u01b0\u1eddng.<\/p>\n<p><img fetchpriority=\"high\" decoding=\"async\" class=\"wp-image-2193 aligncenter\" src=\"https:\/\/mountlaser.com\/wp-content\/uploads\/2025\/09\/6885317e8096e117dcc3e7916444fd42.webp\" alt=\"GZS4-1 Height Hook\" width=\"500\" height=\"500\" srcset=\"https:\/\/mountlaser.com\/wp-content\/uploads\/2025\/09\/6885317e8096e117dcc3e7916444fd42.webp 800w, https:\/\/mountlaser.com\/wp-content\/uploads\/2025\/09\/6885317e8096e117dcc3e7916444fd42-300x300.webp 300w, https:\/\/mountlaser.com\/wp-content\/uploads\/2025\/09\/6885317e8096e117dcc3e7916444fd42-400x400.webp 400w, https:\/\/mountlaser.com\/wp-content\/uploads\/2025\/09\/6885317e8096e117dcc3e7916444fd42-600x600.webp 600w, https:\/\/mountlaser.com\/wp-content\/uploads\/2025\/09\/6885317e8096e117dcc3e7916444fd42-150x150.webp 150w, https:\/\/mountlaser.com\/wp-content\/uploads\/2025\/09\/6885317e8096e117dcc3e7916444fd42-768x768.webp 768w, https:\/\/mountlaser.com\/wp-content\/uploads\/2025\/09\/6885317e8096e117dcc3e7916444fd42-12x12.webp 12w\" sizes=\"(max-width: 500px) 100vw, 500px\" \/><\/p>\n<p>C\u00e1i <a href=\"https:\/\/mountlaser.com\/vi\/products\/\">M\u00f3c treo \u0111i\u1ec1u ch\u1ec9nh \u0111\u1ed9 cao GZS4-1<\/a> S\u1ea3n ph\u1ea9m c\u00f3 s\u1eb5n m\u00e0u xanh l\u00e1 c\u00e2y ho\u1eb7c \u0111en, tr\u1edf th\u00e0nh ph\u1ee5 ki\u1ec7n kh\u00f4ng th\u1ec3 thi\u1ebfu \u0111\u1ed1i v\u1edbi c\u00e1c nh\u00e0 kh\u1ea3o s\u00e1t \u0111\u00f2i h\u1ecfi \u0111\u1ed9 ch\u00ednh x\u00e1c v\u00e0 hi\u1ec7u qu\u1ea3 trong c\u00f4ng vi\u1ec7c.<\/p>","protected":false},"excerpt":{"rendered":"<ul>\n<li>S\u1ea3n ph\u1ea9m t\u00edch h\u1ee3p th\u01b0\u1edbc d\u00e2y v\u1edbi v\u1ea1ch chia mm v\u00e0 inch \u0111\u1ec3 \u0111\u1ecdc chi\u1ec1u cao ch\u00ednh x\u00e1c tr\u1ef1c ti\u1ebfp b\u00ean d\u01b0\u1edbi ch\u00e2n \u0111\u1ebf ba ch\u00e2n.<\/li>\n<li>D\u1ec5 d\u00e0ng k\u1ebft n\u1ed1i v\u1edbi t\u1ea5t c\u1ea3 c\u00e1c thi\u1ebft b\u1ecb mang ti\u00eau chu\u1ea9n c\u1ee7a Leica Geosystems \u0111\u1ec3 s\u1eed d\u1ee5ng \u0111a n\u0103ng.<\/li>\n<\/ul>","protected":false},"featured_media":2193,"comment_status":"open","ping_status":"closed","template":"","meta":[],"product_brand":[],"product_cat":[79,100],"product_tag":[],"class_list":{"0":"post-2158","1":"product","2":"type-product","3":"status-publish","4":"has-post-thumbnail","6":"product_cat-surveying-accessory","7":"product_cat-standard-precision-carrier","9":"first","10":"instock","11":"shipping-taxable","12":"product-type-simple"},"_links":{"self":[{"href":"https:\/\/mountlaser.com\/vi\/wp-json\/wp\/v2\/product\/2158","targetHints":{"allow":["GET"]}}],"collection":[{"href":"https:\/\/mountlaser.com\/vi\/wp-json\/wp\/v2\/product"}],"about":[{"href":"https:\/\/mountlaser.com\/vi\/wp-json\/wp\/v2\/types\/product"}],"replies":[{"embeddable":true,"href":"https:\/\/mountlaser.com\/vi\/wp-json\/wp\/v2\/comments?post=2158"}],"wp:featuredmedia":[{"embeddable":true,"href":"https:\/\/mountlaser.com\/vi\/wp-json\/wp\/v2\/media\/2193"}],"wp:attachment":[{"href":"https:\/\/mountlaser.com\/vi\/wp-json\/wp\/v2\/media?parent=2158"}],"wp:term":[{"taxonomy":"product_brand","embeddable":true,"href":"https:\/\/mountlaser.com\/vi\/wp-json\/wp\/v2\/product_brand?post=2158"},{"taxonomy":"product_cat","embeddable":true,"href":"https:\/\/mountlaser.com\/vi\/wp-json\/wp\/v2\/product_cat?post=2158"},{"taxonomy":"product_tag","embeddable":true,"href":"https:\/\/mountlaser.com\/vi\/wp-json\/wp\/v2\/product_tag?post=2158"}],"curies":[{"name":"trang web","href":"https:\/\/api.w.org\/{rel}","templated":true}]}}