{"id":2151,"date":"2025-09-24T07:18:36","date_gmt":"2025-09-24T07:18:36","guid":{"rendered":"https:\/\/mountlaser.com\/?post_type=product&#038;p=2151"},"modified":"2025-12-01T01:46:52","modified_gmt":"2025-12-01T01:46:52","slug":"grt247-standard-precision-carrier","status":"publish","type":"product","link":"https:\/\/mountlaser.com\/vi\/san-pham\/grt247-standard-precision-carrier\/","title":{"rendered":"B\u1ed9 truy\u1ec1n \u0111\u1ed9ng ch\u00ednh x\u00e1c ti\u00eau chu\u1ea9n GRT247"},"content":{"rendered":"<p>C\u00e1i <a href=\"https:\/\/mountlaser.com\/vi\/\"><strong>Gi\u00e1 \u0111\u1ee1 Laser GRT247<\/strong><\/a> \u0110\u00e2y l\u00e0 gi\u00e1 \u0111\u1ee1 ch\u00ednh x\u00e1c b\u1eb1ng nh\u00f4m cao c\u1ea5p \u0111\u01b0\u1ee3c thi\u1ebft k\u1ebf d\u00e0nh cho c\u00e1c k\u1ef9 s\u01b0 tr\u1eafc \u0111\u1ecba y\u00eau c\u1ea7u \u0111\u1ed9 \u1ed5n \u0111\u1ecbnh v\u00e0 \u0111\u1ed9 b\u1ec1n v\u01b0\u1ee3t tr\u1ed9i. \u0110\u01b0\u1ee3c thi\u1ebft k\u1ebf nh\u01b0 m\u1ed9t b\u1ed9 chuy\u1ec3n \u0111\u1ed5i ch\u00e2n \u0111\u1ebf ba ch\u00e2n ki\u1ec3u Th\u1ee5y S\u0129, gi\u00e1 \u0111\u1ee1 ch\u1eafc ch\u1eafn n\u00e0y \u0111\u1ea3m b\u1ea3o t\u00edch h\u1ee3p li\u1ec1n m\u1ea1ch v\u1edbi thi\u1ebft b\u1ecb hi\u1ec7n c\u00f3 c\u1ee7a b\u1ea1n.<\/p>\n<p><img fetchpriority=\"high\" decoding=\"async\" class=\"wp-image-2155 aligncenter\" src=\"https:\/\/mountlaser.com\/wp-content\/uploads\/2025\/09\/6-1.webp\" alt=\"Aluminum Precision Carrier\" width=\"500\" height=\"500\" srcset=\"https:\/\/mountlaser.com\/wp-content\/uploads\/2025\/09\/6-1.webp 1000w, https:\/\/mountlaser.com\/wp-content\/uploads\/2025\/09\/6-1-300x300.webp 300w, https:\/\/mountlaser.com\/wp-content\/uploads\/2025\/09\/6-1-400x400.webp 400w, https:\/\/mountlaser.com\/wp-content\/uploads\/2025\/09\/6-1-800x800.webp 800w, https:\/\/mountlaser.com\/wp-content\/uploads\/2025\/09\/6-1-600x600.webp 600w, https:\/\/mountlaser.com\/wp-content\/uploads\/2025\/09\/6-1-150x150.webp 150w, https:\/\/mountlaser.com\/wp-content\/uploads\/2025\/09\/6-1-768x768.webp 768w, https:\/\/mountlaser.com\/wp-content\/uploads\/2025\/09\/6-1-12x12.webp 12w\" sizes=\"(max-width: 500px) 100vw, 500px\" \/><\/p>\n<p>\u0110\u01b0\u1ee3c ch\u1ebf t\u1ea1o t\u1eeb nh\u00f4m cao c\u1ea5p, h\u1ed9p \u0111\u1ef1ng \u0111\u1ea1n ch\u00ednh x\u00e1c b\u1eb1ng nh\u00f4m n\u00e0y mang l\u1ea1i s\u1ef1 c\u00e2n b\u1eb1ng ho\u00e0n h\u1ea3o gi\u1eefa tr\u1ecdng l\u01b0\u1ee3ng nh\u1eb9 v\u00e0 hi\u1ec7u su\u1ea5t b\u1ec1n b\u1ec9, l\u00fd t\u01b0\u1edfng cho c\u00e1c \u0111i\u1ec1u ki\u1ec7n kh\u1eafc nghi\u1ec7t ngo\u00e0i hi\u1ec7n tr\u01b0\u1eddng. C\u00f3 s\u1eb5n m\u00e0u xanh l\u00e1 c\u00e2y ho\u1eb7c \u0111en \u0111\u1ec3 d\u1ec5 nh\u1eadn bi\u1ebft.<\/p>\n<p>\u0110\u1ec3 c\u00f3 k\u1ebft n\u1ed1i \u0111\u00e1ng tin c\u1eady v\u00e0 kh\u00f4ng bao gi\u1edd l\u00e0m b\u1ea1n th\u1ea5t v\u1ecdng, h\u00e3y ch\u1ecdn GRT247. <a href=\"https:\/\/mountlaser.com\/vi\/danh-muc-san-pham\/surveying-accessory\/\"><strong>Gi\u00e1 \u0111\u1ee1 ch\u00ednh x\u00e1c b\u1eb1ng nh\u00f4m<\/strong><\/a> \u0110\u00e2y l\u00e0 s\u1ef1 l\u1ef1a ch\u1ecdn t\u1ed1i \u01b0u v\u1ec1 \u0111\u1ed9 ch\u00ednh x\u00e1c v\u00e0 \u0111\u1ed9 b\u1ec1n.<\/p>","protected":false},"excerpt":{"rendered":"<ul>\n<li>K\u1ebft c\u1ea5u nh\u00f4m c\u01b0\u1eddng \u0111\u1ed9 cao: Mang l\u1ea1i t\u1ef7 l\u1ec7 \u0111\u1ed9 b\u1ec1n tr\u00ean tr\u1ecdng l\u01b0\u1ee3ng t\u1ed1i \u01b0u.<\/li>\n<li>\u0110\u1ea3m b\u1ea3o \u0111\u1ed9 b\u1ec1n m\u00e0 kh\u00f4ng g\u00e2y c\u1ed3ng k\u1ec1nh kh\u00f4ng c\u1ea7n thi\u1ebft.<\/li>\n<li>Kh\u1ea3 n\u0103ng t\u01b0\u01a1ng th\u00edch ki\u1ec3u Th\u1ee5y S\u0129: \u0110\u01b0\u1ee3c thi\u1ebft k\u1ebf \u0111\u1ec3 l\u1eafp \u0111\u1eb7t ch\u00ednh x\u00e1c v\u00e0 \u0111\u00e1ng tin c\u1eady v\u00e0o c\u00e1c gi\u00e1 \u0111\u1ee1 ba ch\u00e2n t\u01b0\u01a1ng th\u00edch.<\/li>\n<\/ul>","protected":false},"featured_media":2152,"comment_status":"open","ping_status":"closed","template":"","meta":[],"product_brand":[],"product_cat":[79,100],"product_tag":[],"class_list":{"0":"post-2151","1":"product","2":"type-product","3":"status-publish","4":"has-post-thumbnail","6":"product_cat-surveying-accessory","7":"product_cat-standard-precision-carrier","9":"first","10":"instock","11":"shipping-taxable","12":"product-type-simple"},"_links":{"self":[{"href":"https:\/\/mountlaser.com\/vi\/wp-json\/wp\/v2\/product\/2151","targetHints":{"allow":["GET"]}}],"collection":[{"href":"https:\/\/mountlaser.com\/vi\/wp-json\/wp\/v2\/product"}],"about":[{"href":"https:\/\/mountlaser.com\/vi\/wp-json\/wp\/v2\/types\/product"}],"replies":[{"embeddable":true,"href":"https:\/\/mountlaser.com\/vi\/wp-json\/wp\/v2\/comments?post=2151"}],"wp:featuredmedia":[{"embeddable":true,"href":"https:\/\/mountlaser.com\/vi\/wp-json\/wp\/v2\/media\/2152"}],"wp:attachment":[{"href":"https:\/\/mountlaser.com\/vi\/wp-json\/wp\/v2\/media?parent=2151"}],"wp:term":[{"taxonomy":"product_brand","embeddable":true,"href":"https:\/\/mountlaser.com\/vi\/wp-json\/wp\/v2\/product_brand?post=2151"},{"taxonomy":"product_cat","embeddable":true,"href":"https:\/\/mountlaser.com\/vi\/wp-json\/wp\/v2\/product_cat?post=2151"},{"taxonomy":"product_tag","embeddable":true,"href":"https:\/\/mountlaser.com\/vi\/wp-json\/wp\/v2\/product_tag?post=2151"}],"curies":[{"name":"trang web","href":"https:\/\/api.w.org\/{rel}","templated":true}]}}