{"id":169,"date":"2024-02-28T15:44:56","date_gmt":"2024-02-28T15:44:56","guid":{"rendered":"https:\/\/startersites.io\/blocksy\/pottery\/?post_type=product&#038;p=169"},"modified":"2025-12-01T07:49:40","modified_gmt":"2025-12-01T07:49:40","slug":"fdj01d-japanese-style-tribrach","status":"publish","type":"product","link":"https:\/\/mountlaser.com\/vi\/san-pham\/fdj01d-japanese-style-tribrach\/","title":{"rendered":"FDJ01D Tribrach ki\u1ec3u Nh\u1eadt"},"content":{"rendered":"<p>C\u00e1i <a href=\"https:\/\/mountlaser.com\/vi\/\"><strong>Gi\u00e1 \u0111\u1ee1 Laser FDJ01D<\/strong><\/a> thi\u1ebft l\u1eadp m\u1ed9t ti\u00eau chu\u1ea9n m\u1edbi nh\u01b0 m\u1ed9t y\u1ebfu t\u1ed1 thi\u1ebft y\u1ebfu<a href=\"https:\/\/mountlaser.com\/vi\/danh-muc-san-pham\/surveying-accessory\/\"><strong> Ch\u00e2n \u0111\u1ebf ba ch\u00e2n cho thi\u1ebft b\u1ecb kh\u1ea3o s\u00e1t<\/strong><\/a>.<\/p>\n<p>Ch\u00e2n \u0111\u1ebf \u0111o \u0111\u1ea1c \u0111\u1ed9 ch\u00ednh x\u00e1c cao n\u00e0y t\u00edch h\u1ee3p m\u1ed9t \u0111\u1ea7u d\u00f2 quang h\u1ecdc s\u1eafc b\u00e9n, \u0111\u01b0\u1ee3c ch\u1ebf t\u1ea1o theo ki\u1ec3u TOP n\u1ed5i ti\u1ebfng c\u1ee7a Nh\u1eadt B\u1ea3n \u0111\u1ec3 \u0111\u1ea1t \u0111\u1ed9 ch\u00ednh x\u00e1c v\u00e0 \u0111\u1ed9 b\u1ec1n v\u01b0\u1ee3t tr\u1ed9i.<\/p>\n<p><img fetchpriority=\"high\" decoding=\"async\" class=\"wp-image-2137 aligncenter\" src=\"https:\/\/mountlaser.com\/wp-content\/uploads\/2024\/02\/4.webp\" alt=\"Tribrach for surveying equipment \" width=\"500\" height=\"500\" srcset=\"https:\/\/mountlaser.com\/wp-content\/uploads\/2024\/02\/4.webp 1000w, https:\/\/mountlaser.com\/wp-content\/uploads\/2024\/02\/4-300x300.webp 300w, https:\/\/mountlaser.com\/wp-content\/uploads\/2024\/02\/4-400x400.webp 400w, https:\/\/mountlaser.com\/wp-content\/uploads\/2024\/02\/4-800x800.webp 800w, https:\/\/mountlaser.com\/wp-content\/uploads\/2024\/02\/4-600x600.webp 600w, https:\/\/mountlaser.com\/wp-content\/uploads\/2024\/02\/4-150x150.webp 150w, https:\/\/mountlaser.com\/wp-content\/uploads\/2024\/02\/4-768x768.webp 768w, https:\/\/mountlaser.com\/wp-content\/uploads\/2024\/02\/4-12x12.webp 12w\" sizes=\"(max-width: 500px) 100vw, 500px\" \/><\/p>\n<p>\u0110\u01b0\u1ee3c thi\u1ebft k\u1ebf d\u00e0nh cho nh\u1eefng chuy\u00ean gia \u0111\u00f2i h\u1ecfi cao nh\u1ea5t, <a href=\"https:\/\/mountlaser.com\/vi\/contact-us\/\">FDJ01D<\/a> \u0110\u1ea3m b\u1ea3o thi\u1ebft l\u1eadp nhanh ch\u00f3ng v\u00e0 ch\u00ednh x\u00e1c, t\u1ea1o n\u1ec1n t\u1ea3ng v\u1eefng ch\u1eafc cho m\u00e1y to\u00e0n \u0111\u1ea1c c\u1ee7a b\u1ea1n. C\u00f3 c\u00e1c m\u00e0u V\u00e0ng, X\u00e1m ho\u1eb7c \u0110en.<br \/>\nKhi b\u1ea1n c\u1ea7n m\u1ed9t ch\u00e2n \u0111\u1ebf ba ch\u00e2n kh\u1ea3o s\u00e1t \u0111\u00e1ng tin c\u1eady gi\u00fap n\u00e2ng cao hi\u1ec7u qu\u1ea3, FDJ01D l\u00e0 ch\u00e2n \u0111\u1ebf ba ch\u00e2n v\u01b0\u1ee3t tr\u1ed9i d\u00e0nh cho thi\u1ebft b\u1ecb kh\u1ea3o s\u00e1t, \u0111\u01b0\u1ee3c ch\u1ebf t\u1ea1o \u0111\u1ec3 ho\u1ea1t \u0111\u1ed9ng xu\u1ea5t s\u1eafc tr\u00ean m\u1ecdi \u0111\u1ecba \u0111i\u1ec3m.<\/p>","protected":false},"excerpt":{"rendered":"<ul>\n<li>K\u1ef9 thu\u1eadt ch\u1ebf t\u1ea1o \u0111\u1ed9 ch\u00ednh x\u00e1c cao: \u0110\u1ea3m b\u1ea3o \u0111\u1ecbnh t\u00e2m ch\u00ednh x\u00e1c tuy\u1ec7t \u0111\u1ed1i, b\u1ea3o to\u00e0n t\u00ednh to\u00e0n v\u1eb9n c\u1ee7a c\u00e1c ph\u00e9p \u0111o.<\/li>\n<li>Ti\u00eau chu\u1ea9n ch\u1ea5t l\u01b0\u1ee3ng h\u00e0ng \u0111\u1ea7u c\u1ee7a Nh\u1eadt B\u1ea3n: \u0110\u01b0\u1ee3c s\u1ea3n xu\u1ea5t v\u1edbi v\u1eadt li\u1ec7u v\u00e0 tay ngh\u1ec1 th\u1ee7 c\u00f4ng cao c\u1ea5p.<\/li>\n<li>\u0110\u1ea3m b\u1ea3o \u0111\u1ed9 b\u1ec1n v\u00e0 hi\u1ec7u su\u1ea5t v\u01b0\u1ee3t tr\u1ed9i trong \u0111i\u1ec1u ki\u1ec7n kh\u1eafc nghi\u1ec7t.<\/li>\n<\/ul>","protected":false},"featured_media":2135,"comment_status":"open","ping_status":"closed","template":"","meta":[],"product_brand":[],"product_cat":[79,99],"product_tag":[],"class_list":{"0":"post-169","1":"product","2":"type-product","3":"status-publish","4":"has-post-thumbnail","6":"product_cat-surveying-accessory","7":"product_cat-japanese-style-tribrach","9":"first","10":"instock","11":"shipping-taxable","12":"product-type-simple"},"_links":{"self":[{"href":"https:\/\/mountlaser.com\/vi\/wp-json\/wp\/v2\/product\/169","targetHints":{"allow":["GET"]}}],"collection":[{"href":"https:\/\/mountlaser.com\/vi\/wp-json\/wp\/v2\/product"}],"about":[{"href":"https:\/\/mountlaser.com\/vi\/wp-json\/wp\/v2\/types\/product"}],"replies":[{"embeddable":true,"href":"https:\/\/mountlaser.com\/vi\/wp-json\/wp\/v2\/comments?post=169"}],"wp:featuredmedia":[{"embeddable":true,"href":"https:\/\/mountlaser.com\/vi\/wp-json\/wp\/v2\/media\/2135"}],"wp:attachment":[{"href":"https:\/\/mountlaser.com\/vi\/wp-json\/wp\/v2\/media?parent=169"}],"wp:term":[{"taxonomy":"product_brand","embeddable":true,"href":"https:\/\/mountlaser.com\/vi\/wp-json\/wp\/v2\/product_brand?post=169"},{"taxonomy":"product_cat","embeddable":true,"href":"https:\/\/mountlaser.com\/vi\/wp-json\/wp\/v2\/product_cat?post=169"},{"taxonomy":"product_tag","embeddable":true,"href":"https:\/\/mountlaser.com\/vi\/wp-json\/wp\/v2\/product_tag?post=169"}],"curies":[{"name":"trang web","href":"https:\/\/api.w.org\/{rel}","templated":true}]}}