{"id":167,"date":"2024-02-28T15:44:01","date_gmt":"2024-02-28T15:44:01","guid":{"rendered":"https:\/\/startersites.io\/blocksy\/pottery\/?post_type=product&#038;p=167"},"modified":"2025-12-01T07:57:53","modified_gmt":"2025-12-01T07:57:53","slug":"tr-8p-japanese-style-tribrach","status":"publish","type":"product","link":"https:\/\/mountlaser.com\/vi\/san-pham\/tr-8p-japanese-style-tribrach\/","title":{"rendered":"Ch\u00e2n \u0111\u1ebf ba ch\u00e2n ki\u1ec3u Nh\u1eadt TR-8P"},"content":{"rendered":"<p>\u0110\u1ea1t \u0111\u01b0\u1ee3c t\u1ed1c \u0111\u1ed9 v\u00e0 \u0111\u1ed9 ch\u00ednh x\u00e1c thi\u1ebft l\u1eadp v\u01b0\u1ee3t tr\u1ed9i v\u1edbi <a href=\"https:\/\/mountlaser.com\/vi\/\"><strong>Gi\u00e1 \u0111\u1ee1 laser TR-8P<\/strong><\/a>, m\u1ed9t lo\u1ea1i m\u00e1y to\u00e0n \u0111\u1ea1c \u0111i\u1ec7n t\u1eed ba ch\u00e2n cao c\u1ea5p \u0111\u01b0\u1ee3c thi\u1ebft k\u1ebf d\u00e0nh cho c\u00e1c nh\u00e0 kh\u1ea3o s\u00e1t hi\u1ec7n \u0111\u1ea1i.<\/p>\n<p>C\u00e1i n\u00e0y <a href=\"https:\/\/mountlaser.com\/vi\/danh-muc-san-pham\/surveying-accessory\/\"><strong>Ch\u00e2n \u0111\u1ebf m\u00e1y to\u00e0n \u0111\u1ea1c<\/strong><\/a> S\u1ea3n ph\u1ea9m n\u00e0y c\u00f3 t\u00edch h\u1ee3p th\u01b0\u1edbc \u0111o \u0111\u1ed9 s\u00e2u quang h\u1ecdc ch\u1ea5t l\u01b0\u1ee3ng cao, \u0111\u01b0\u1ee3c s\u1ea3n xu\u1ea5t theo ti\u00eau chu\u1ea9n kh\u1eaft khe c\u1ee7a phong c\u00e1ch TOP Nh\u1eadt B\u1ea3n. TR-8P \u0111\u1ea3m b\u1ea3o n\u1ec1n t\u1ea3ng ho\u00e0n h\u1ea3o cho d\u1ee5ng c\u1ee5 c\u1ee7a b\u1ea1n, \u0111\u1ea3m b\u1ea3o \u0111\u1ed9 ch\u00ednh x\u00e1c m\u00e0 c\u00f4ng vi\u1ec7c c\u1ee7a b\u1ea1n y\u00eau c\u1ea7u. Ch\u1ecdn m\u00e0u V\u00e0ng, X\u00e1m ho\u1eb7c \u0110en \u0111\u1ec3 m\u00e3 h\u00f3a m\u00e0u s\u1eafc cho thi\u1ebft b\u1ecb c\u1ee7a b\u1ea1n nh\u1eb1m t\u0103ng hi\u1ec7u qu\u1ea3 v\u00e0 s\u1ef1 ng\u0103n n\u1eafp.<\/p>\n<p><img fetchpriority=\"high\" decoding=\"async\" class=\"wp-image-2139 aligncenter\" src=\"https:\/\/mountlaser.com\/wp-content\/uploads\/2024\/02\/7.webp\" alt=\"Total Station Tribrach\" width=\"500\" height=\"500\" srcset=\"https:\/\/mountlaser.com\/wp-content\/uploads\/2024\/02\/7.webp 1000w, https:\/\/mountlaser.com\/wp-content\/uploads\/2024\/02\/7-300x300.webp 300w, https:\/\/mountlaser.com\/wp-content\/uploads\/2024\/02\/7-400x400.webp 400w, https:\/\/mountlaser.com\/wp-content\/uploads\/2024\/02\/7-800x800.webp 800w, https:\/\/mountlaser.com\/wp-content\/uploads\/2024\/02\/7-600x600.webp 600w, https:\/\/mountlaser.com\/wp-content\/uploads\/2024\/02\/7-150x150.webp 150w, https:\/\/mountlaser.com\/wp-content\/uploads\/2024\/02\/7-768x768.webp 768w, https:\/\/mountlaser.com\/wp-content\/uploads\/2024\/02\/7-12x12.webp 12w\" sizes=\"(max-width: 500px) 100vw, 500px\" \/><br \/>\n\u0110\u1ed1i v\u1edbi nh\u1eefng chuy\u00ean gia kh\u00f4ng ch\u1ea5p nh\u1eadn th\u1ecfa hi\u1ec7p v\u1ec1 ch\u1ea5t l\u01b0\u1ee3ng, th\u00ec \u0111\u00e2y l\u00e0 <a href=\"https:\/\/mountlaser.com\/vi\/contact-us\/\">TR-8P<\/a> \u0110\u00e2y l\u00e0 ch\u00e2n \u0111\u1ebf m\u00e1y to\u00e0n \u0111\u1ea1c \u0111i\u1ec7n t\u1eed ba ch\u00e2n ho\u00e0n h\u1ea3o, mang l\u1ea1i \u0111\u1ed9 tin c\u1eady cao tr\u00ean m\u1ecdi c\u00f4ng tr\u01b0\u1eddng.<\/p>","protected":false},"excerpt":{"rendered":"<ul>\n<li>Cho ph\u00e9p \u0111\u1ecbnh t\u00e2m nhanh ch\u00f3ng v\u00e0 ch\u00ednh x\u00e1c c\u00e1c \u0111i\u1ec3m kh\u1ea3o s\u00e1t, gi\u1ea3m \u0111\u00e1ng k\u1ec3 th\u1eddi gian thi\u1ebft l\u1eadp.<\/li>\n<li>Cung c\u1ea5p kh\u1ea3 n\u0103ng c\u0103n ch\u1ec9nh t\u00e2m c\u01b0\u1ee1ng b\u1ee9c ho\u00e0n h\u1ea3o, \u0111\u1ea3m b\u1ea3o \u0111\u1ed9 ch\u00ednh x\u00e1c v\u00e0 t\u00ednh to\u00e0n v\u1eb9n c\u1ee7a c\u00e1c ph\u00e9p \u0111o t\u1eeb m\u00e1y to\u00e0n \u0111\u1ea1c \u0111i\u1ec7n t\u1eed.<\/li>\n<li>\u0110\u01b0\u1ee3c ch\u1ebf t\u1ea1o t\u1eeb nh\u1eefng v\u1eadt li\u1ec7u cao c\u1ea5p nh\u1ea5t, \u0111\u1ea3m b\u1ea3o \u0111\u1ed9 b\u1ec1n v\u01b0\u1ee3t tr\u1ed9i v\u00e0 hi\u1ec7u su\u1ea5t l\u00e2u d\u00e0i trong m\u00f4i tr\u01b0\u1eddng kh\u1eafc nghi\u1ec7t.<\/li>\n<\/ul>","protected":false},"featured_media":2136,"comment_status":"open","ping_status":"closed","template":"","meta":[],"product_brand":[],"product_cat":[79,99],"product_tag":[],"class_list":{"0":"post-167","1":"product","2":"type-product","3":"status-publish","4":"has-post-thumbnail","6":"product_cat-surveying-accessory","7":"product_cat-japanese-style-tribrach","9":"first","10":"instock","11":"shipping-taxable","12":"product-type-simple"},"_links":{"self":[{"href":"https:\/\/mountlaser.com\/vi\/wp-json\/wp\/v2\/product\/167","targetHints":{"allow":["GET"]}}],"collection":[{"href":"https:\/\/mountlaser.com\/vi\/wp-json\/wp\/v2\/product"}],"about":[{"href":"https:\/\/mountlaser.com\/vi\/wp-json\/wp\/v2\/types\/product"}],"replies":[{"embeddable":true,"href":"https:\/\/mountlaser.com\/vi\/wp-json\/wp\/v2\/comments?post=167"}],"wp:featuredmedia":[{"embeddable":true,"href":"https:\/\/mountlaser.com\/vi\/wp-json\/wp\/v2\/media\/2136"}],"wp:attachment":[{"href":"https:\/\/mountlaser.com\/vi\/wp-json\/wp\/v2\/media?parent=167"}],"wp:term":[{"taxonomy":"product_brand","embeddable":true,"href":"https:\/\/mountlaser.com\/vi\/wp-json\/wp\/v2\/product_brand?post=167"},{"taxonomy":"product_cat","embeddable":true,"href":"https:\/\/mountlaser.com\/vi\/wp-json\/wp\/v2\/product_cat?post=167"},{"taxonomy":"product_tag","embeddable":true,"href":"https:\/\/mountlaser.com\/vi\/wp-json\/wp\/v2\/product_tag?post=167"}],"curies":[{"name":"trang web","href":"https:\/\/api.w.org\/{rel}","templated":true}]}}