{"id":165,"date":"2024-02-28T15:42:54","date_gmt":"2024-02-28T15:42:54","guid":{"rendered":"https:\/\/startersites.io\/blocksy\/pottery\/?post_type=product&#038;p=165"},"modified":"2025-12-01T08:01:42","modified_gmt":"2025-12-01T08:01:42","slug":"fdj01l-laser-japanese-style-tribrach","status":"publish","type":"product","link":"https:\/\/mountlaser.com\/vi\/san-pham\/fdj01l-laser-japanese-style-tribrach\/","title":{"rendered":"FDJ01L LASER Tribrach ki\u1ec3u Nh\u1eadt"},"content":{"rendered":"<p>Gi\u1edbi thi\u1ec7u <a href=\"https:\/\/mountlaser.com\/vi\/\">Gi\u00e1 \u0111\u1ee1 Laser FDJ01L<\/a>, \u0110\u00e2y l\u00e0 b\u1ed9 chuy\u1ec3n \u0111\u1ed5i ch\u00e2n \u0111\u1ebf ba ch\u00e2n \u0111\u1ed9 ch\u00ednh x\u00e1c cao mang t\u00ednh c\u00e1ch m\u1ea1ng, t\u00edch h\u1ee3p c\u00f4ng ngh\u1ec7 \u0111o \u0111\u1ed9 s\u00e2u b\u1eb1ng laser ti\u00ean ti\u1ebfn. S\u1ea3n ph\u1ea9m n\u00e0y thi\u1ebft l\u1eadp m\u1ed9t ti\u00eau chu\u1ea9n m\u1edbi cho ch\u00e2n \u0111\u1ebf ba ch\u00e2n quang h\u1ecdc Nh\u1eadt B\u1ea3n, k\u1ebft h\u1ee3p ch\u1ea5t l\u01b0\u1ee3ng \u0111\u00e1ng k\u00ednh c\u1ee7a k\u1ef9 thu\u1eadt Nh\u1eadt B\u1ea3n v\u1edbi \u0111\u1ed9 ch\u00ednh x\u00e1c laser hi\u1ec7n \u0111\u1ea1i.<\/p>\n<p><img fetchpriority=\"high\" decoding=\"async\" class=\"wp-image-2141 aligncenter\" src=\"https:\/\/mountlaser.com\/wp-content\/uploads\/2024\/02\/1.webp\" alt=\"high precision tribrach adapter \" width=\"500\" height=\"500\" srcset=\"https:\/\/mountlaser.com\/wp-content\/uploads\/2024\/02\/1.webp 1000w, https:\/\/mountlaser.com\/wp-content\/uploads\/2024\/02\/1-300x300.webp 300w, https:\/\/mountlaser.com\/wp-content\/uploads\/2024\/02\/1-400x400.webp 400w, https:\/\/mountlaser.com\/wp-content\/uploads\/2024\/02\/1-800x800.webp 800w, https:\/\/mountlaser.com\/wp-content\/uploads\/2024\/02\/1-600x600.webp 600w, https:\/\/mountlaser.com\/wp-content\/uploads\/2024\/02\/1-150x150.webp 150w, https:\/\/mountlaser.com\/wp-content\/uploads\/2024\/02\/1-768x768.webp 768w, https:\/\/mountlaser.com\/wp-content\/uploads\/2024\/02\/1-12x12.webp 12w\" sizes=\"(max-width: 500px) 100vw, 500px\" \/><\/p>\n<p>C\u00e1i <a href=\"https:\/\/mountlaser.com\/vi\/danh-muc-san-pham\/surveying-accessory\/\"><strong>FDJ01L<\/strong><\/a> \u0110\u01b0\u1ee3c thi\u1ebft k\u1ebf d\u00e0nh cho c\u00e1c k\u1ef9 s\u01b0 kh\u1ea3o s\u00e1t y\u00eau c\u1ea7u thi\u1ebft l\u1eadp nhanh nh\u1ea5t v\u00e0 ch\u00ednh x\u00e1c nh\u1ea5t trong nhi\u1ec1u \u0111i\u1ec1u ki\u1ec7n \u00e1nh s\u00e1ng kh\u00e1c nhau.<\/p>\n<p>L\u00e0 m\u1ed9t ch\u00e2n \u0111\u1ebf quang h\u1ecdc cao c\u1ea5p c\u1ee7a Nh\u1eadt B\u1ea3n, s\u1ea3n ph\u1ea9m n\u00e0y mang \u0111\u1ebfn s\u1ef1 d\u1ec5 s\u1eed d\u1ee5ng v\u01b0\u1ee3t tr\u1ed9i. B\u1ea1n c\u00f3 th\u1ec3 ch\u1ecdn m\u00e0u v\u00e0ng, x\u00e1m ho\u1eb7c \u0111en \u0111\u1ec3 d\u1ec5 d\u00e0ng qu\u1ea3n l\u00fd thi\u1ebft b\u1ecb. \u0110\u1ec3 c\u00f3 n\u1ec1n t\u1ea3ng v\u1eefng ch\u1eafc nh\u1ea5t, s\u1ea3n ph\u1ea9m n\u00e0y... <a href=\"https:\/\/mountlaser.com\/vi\/contact-us\/\"><strong>b\u1ed9 chuy\u1ec3n \u0111\u1ed5i ch\u00e2n \u0111\u1ebf ba ch\u00e2n \u0111\u1ed9 ch\u00ednh x\u00e1c cao<\/strong><\/a> S\u1ea3n ph\u1ea9m mang l\u1ea1i hi\u1ec7u n\u0103ng v\u01b0\u1ee3t tr\u1ed9i so v\u1edbi mong \u0111\u1ee3i, tr\u1edf th\u00e0nh s\u1ef1 l\u1ef1a ch\u1ecdn t\u1ed1i \u01b0u cho c\u00e1c chuy\u00ean gia.<\/p>","protected":false},"excerpt":{"rendered":"<ul>\n<li>T\u00edch h\u1ee3p \u0111i\u1ec3m \u0111\u1ecbnh t\u00e2m b\u1eb1ng laser: Cung c\u1ea5p \u0111i\u1ec3m \u0111\u1ecbnh t\u00e2m ch\u00ednh x\u00e1c v\u00e0 d\u1ec5 quan s\u00e1t \u0111\u1ec3 c\u0103n ch\u1ec9nh nhanh ch\u00f3ng, c\u1ea3 ng\u00e0y l\u1eabn \u0111\u00eam.<\/li>\n<li>\u0110\u1ed9 ch\u00ednh x\u00e1c v\u01b0\u1ee3t tr\u1ed9i: \u0110\u01b0\u1ee3c thi\u1ebft k\u1ebf nh\u01b0 m\u1ed9t b\u1ed9 chuy\u1ec3n \u0111\u1ed5i ch\u00e2n \u0111\u1ebf ba ch\u00e2n c\u00f3 \u0111\u1ed9 ch\u00ednh x\u00e1c cao th\u1ef1c s\u1ef1 \u0111\u1ec3 \u0111\u1ea3m b\u1ea3o \u0111\u1ecbnh t\u00e2m c\u01b0\u1ee1ng b\u1ee9c ho\u00e0n h\u1ea3o cho m\u00e1y to\u00e0n \u0111\u1ea1c c\u1ee7a b\u1ea1n.<\/li>\n<\/ul>","protected":false},"featured_media":2142,"comment_status":"open","ping_status":"closed","template":"","meta":[],"product_brand":[],"product_cat":[79,99],"product_tag":[],"class_list":{"0":"post-165","1":"product","2":"type-product","3":"status-publish","4":"has-post-thumbnail","6":"product_cat-surveying-accessory","7":"product_cat-japanese-style-tribrach","9":"first","10":"instock","11":"shipping-taxable","12":"product-type-simple"},"_links":{"self":[{"href":"https:\/\/mountlaser.com\/vi\/wp-json\/wp\/v2\/product\/165","targetHints":{"allow":["GET"]}}],"collection":[{"href":"https:\/\/mountlaser.com\/vi\/wp-json\/wp\/v2\/product"}],"about":[{"href":"https:\/\/mountlaser.com\/vi\/wp-json\/wp\/v2\/types\/product"}],"replies":[{"embeddable":true,"href":"https:\/\/mountlaser.com\/vi\/wp-json\/wp\/v2\/comments?post=165"}],"wp:featuredmedia":[{"embeddable":true,"href":"https:\/\/mountlaser.com\/vi\/wp-json\/wp\/v2\/media\/2142"}],"wp:attachment":[{"href":"https:\/\/mountlaser.com\/vi\/wp-json\/wp\/v2\/media?parent=165"}],"wp:term":[{"taxonomy":"product_brand","embeddable":true,"href":"https:\/\/mountlaser.com\/vi\/wp-json\/wp\/v2\/product_brand?post=165"},{"taxonomy":"product_cat","embeddable":true,"href":"https:\/\/mountlaser.com\/vi\/wp-json\/wp\/v2\/product_cat?post=165"},{"taxonomy":"product_tag","embeddable":true,"href":"https:\/\/mountlaser.com\/vi\/wp-json\/wp\/v2\/product_tag?post=165"}],"curies":[{"name":"trang web","href":"https:\/\/api.w.org\/{rel}","templated":true}]}}