{"id":1599,"date":"2024-03-20T16:36:27","date_gmt":"2024-03-20T16:36:27","guid":{"rendered":"https:\/\/startersites.io\/blocksy\/pottery\/?post_type=product&#038;p=408"},"modified":"2025-12-01T06:57:05","modified_gmt":"2025-12-01T06:57:05","slug":"fdc01dg-japanese-style-tribrach-carrier-2","status":"publish","type":"product","link":"https:\/\/mountlaser.com\/vi\/san-pham\/fdc01dg-japanese-style-tribrach-carrier-2\/","title":{"rendered":"Gi\u00e1 \u0111\u1ee1 ba ch\u00e2n ki\u1ec3u Nh\u1eadt FDC01DG"},"content":{"rendered":"<p>N\u00e2ng c\u1ea5p thi\u1ebft b\u1ecb kh\u1ea3o s\u00e1t c\u1ee7a b\u1ea1n v\u1edbi... <a href=\"https:\/\/mountlaser.com\/vi\/danh-muc-san-pham\/surveying-accessory\/\"><strong>Gi\u00e1 \u0111\u1ee1 Laser FDJ01<\/strong><\/a>, \u0110\u00e2y l\u00e0 m\u1ed9t ch\u00e2n \u0111\u1ebf ba ch\u00e2n cao c\u1ea5p ki\u1ec3u Nh\u1eadt B\u1ea3n, th\u1ec3 hi\u1ec7n s\u1ef1 ch\u00ednh x\u00e1c tuy\u1ec7t \u0111\u1ed1i trong k\u1ef9 thu\u1eadt ch\u1ebf t\u1ea1o. M\u1eabu n\u00e0y \u0111\u01b0\u1ee3c thi\u1ebft k\u1ebf d\u00e0nh cho c\u00e1c chuy\u00ean gia y\u00eau c\u1ea7u \u0111\u1ed9 tin c\u1eady m\u00e0 kh\u00f4ng c\u1ea7n s\u1ef1 ph\u1ee9c t\u1ea1p c\u1ee7a m\u1ed9t lo\u1ea1i th\u01b0\u1edbc \u0111o \u0111\u1ed9 d\u1ecdi quang h\u1ecdc.<\/p>\n<p>\u0110\u01b0\u1ee3c ch\u1ebf t\u1ea1o theo ti\u00eau chu\u1ea9n thi\u1ebft k\u1ebf kh\u1eaft khe c\u1ee7a Nh\u1eadt B\u1ea3n, FDJ01 mang l\u1ea1i \u0111\u1ed9 \u1ed5n \u0111\u1ecbnh v\u00e0 \u0111\u1ed9 b\u1ec1n v\u01b0\u1ee3t tr\u1ed9i khi s\u1eed d\u1ee5ng v\u1edbi m\u00e1y to\u00e0n \u0111\u1ea1c v\u00e0 c\u00e1c thi\u1ebft b\u1ecb \u0111o \u0111\u1ea1c kh\u00e1c. N\u1ebfu b\u1ea1n \u0111ang t\u00ecm ki\u1ebfm m\u1ed9t s\u1ea3n ph\u1ea9m ch\u1ea5t l\u01b0\u1ee3ng cao, FDJ01 l\u00e0 l\u1ef1a ch\u1ecdn ho\u00e0n h\u1ea3o.<a href=\"https:\/\/mountlaser.com\/vi\/about-us\/\"> <strong>Gi\u00e1 b\u00e1n gi\u00e1 ba ch\u00e2n ki\u1ec3u Nh\u1eadt.<\/strong><\/a>, FDJ01 mang l\u1ea1i s\u1ef1 c\u00e2n b\u1eb1ng tuy\u1ec7t v\u1eddi gi\u1eefa hi\u1ec7u n\u0103ng v\u00e0 gi\u00e1 tr\u1ecb.<\/p>\n<p><img fetchpriority=\"high\" decoding=\"async\" class=\"wp-image-2130 aligncenter\" src=\"https:\/\/mountlaser.com\/wp-content\/uploads\/2025\/09\/5-1.webp\" alt=\"Japanese style tribrach\u00a0for sale\" width=\"500\" height=\"500\" srcset=\"https:\/\/mountlaser.com\/wp-content\/uploads\/2025\/09\/5-1.webp 1000w, https:\/\/mountlaser.com\/wp-content\/uploads\/2025\/09\/5-1-300x300.webp 300w, https:\/\/mountlaser.com\/wp-content\/uploads\/2025\/09\/5-1-400x400.webp 400w, https:\/\/mountlaser.com\/wp-content\/uploads\/2025\/09\/5-1-800x800.webp 800w, https:\/\/mountlaser.com\/wp-content\/uploads\/2025\/09\/5-1-600x600.webp 600w, https:\/\/mountlaser.com\/wp-content\/uploads\/2025\/09\/5-1-150x150.webp 150w, https:\/\/mountlaser.com\/wp-content\/uploads\/2025\/09\/5-1-768x768.webp 768w, https:\/\/mountlaser.com\/wp-content\/uploads\/2025\/09\/5-1-12x12.webp 12w\" sizes=\"(max-width: 500px) 100vw, 500px\" \/><\/p>\n<p>H\u00e3y ch\u1ecdn m\u00e0u v\u00e0ng, x\u00e1m ho\u1eb7c \u0111en \u0111\u1ec3 m\u00e3 h\u00f3a m\u00e0u s\u1eafc cho thi\u1ebft b\u1ecb c\u1ee7a b\u1ea1n. Kh\u00e1m ph\u00e1 b\u1ed9 s\u01b0u t\u1eadp c\u00e1c s\u1ea3n ph\u1ea9m b\u1ec1n ch\u1eafc c\u1ee7a ch\u00fang t\u00f4i. <a href=\"https:\/\/mountlaser.com\/vi\/contact-us\/\">ch\u00e2n \u0111\u1ebf ba ch\u00e2n ki\u1ec3u Nh\u1eadt<\/a> \u0110ang b\u00e1n h\u00f4m nay.<\/p>","protected":false},"excerpt":{"rendered":"<ul>\n<li>Gi\u00e1 b\u00e1n gi\u00e1 ba ch\u00e2n ki\u1ec3u Nh\u1eadt.<\/li>\n<li>Thi\u1ebft k\u1ebf \u0111\u1ed9 ch\u00ednh x\u00e1c cao: \u0110\u1ea3m b\u1ea3o \u0111\u1ecbnh t\u00e2m ch\u00ednh x\u00e1c v\u00e0 \u0111\u00e1ng tin c\u1eady cho c\u00e1c thi\u1ebft b\u1ecb \u0111o \u0111\u1ea1c c\u1ee7a b\u1ea1n, gi\u1ea3m thi\u1ec3u sai s\u00f3t.<\/li>\n<li>Kh\u00f4ng c\u1ea7n th\u01b0\u1edbc \u0111o quang h\u1ecdc (FDJ01): Gi\u00fap \u0111\u01a1n gi\u1ea3n h\u00f3a quy tr\u00ecnh thi\u1ebft l\u1eadp, cung c\u1ea5p gi\u1ea3i ph\u00e1p m\u1ea1nh m\u1ebd v\u00e0 ti\u1ebft ki\u1ec7m chi ph\u00ed cho nhi\u1ec1u c\u00f4ng tr\u01b0\u1eddng kh\u00e1c nhau.<\/li>\n<\/ul>","protected":false},"featured_media":2129,"comment_status":"open","ping_status":"closed","template":"","meta":[],"product_brand":[],"product_cat":[99,79],"product_tag":[],"class_list":{"0":"post-1599","1":"product","2":"type-product","3":"status-publish","4":"has-post-thumbnail","6":"product_cat-japanese-style-tribrach","7":"product_cat-surveying-accessory","9":"first","10":"instock","11":"shipping-taxable","12":"product-type-simple"},"_links":{"self":[{"href":"https:\/\/mountlaser.com\/vi\/wp-json\/wp\/v2\/product\/1599","targetHints":{"allow":["GET"]}}],"collection":[{"href":"https:\/\/mountlaser.com\/vi\/wp-json\/wp\/v2\/product"}],"about":[{"href":"https:\/\/mountlaser.com\/vi\/wp-json\/wp\/v2\/types\/product"}],"replies":[{"embeddable":true,"href":"https:\/\/mountlaser.com\/vi\/wp-json\/wp\/v2\/comments?post=1599"}],"wp:featuredmedia":[{"embeddable":true,"href":"https:\/\/mountlaser.com\/vi\/wp-json\/wp\/v2\/media\/2129"}],"wp:attachment":[{"href":"https:\/\/mountlaser.com\/vi\/wp-json\/wp\/v2\/media?parent=1599"}],"wp:term":[{"taxonomy":"product_brand","embeddable":true,"href":"https:\/\/mountlaser.com\/vi\/wp-json\/wp\/v2\/product_brand?post=1599"},{"taxonomy":"product_cat","embeddable":true,"href":"https:\/\/mountlaser.com\/vi\/wp-json\/wp\/v2\/product_cat?post=1599"},{"taxonomy":"product_tag","embeddable":true,"href":"https:\/\/mountlaser.com\/vi\/wp-json\/wp\/v2\/product_tag?post=1599"}],"curies":[{"name":"trang web","href":"https:\/\/api.w.org\/{rel}","templated":true}]}}