{"id":3347,"date":"2025-11-05T01:45:32","date_gmt":"2025-11-05T01:45:32","guid":{"rendered":"https:\/\/mountlaser.com\/?post_type=product&#038;p=3347"},"modified":"2025-11-28T02:35:32","modified_gmt":"2025-11-28T02:35:32","slug":"rap001-002-right-angle-prism","status":"publish","type":"product","link":"https:\/\/mountlaser.com\/th\/product\/rap001-002-right-angle-prism\/","title":{"rendered":"RAP001\/002 \u0e1b\u0e23\u0e34\u0e0b\u0e36\u0e21\u0e21\u0e38\u0e21\u0e09\u0e32\u0e01"},"content":{"rendered":"<p>\u0e1b\u0e23\u0e34\u0e0b\u0e36\u0e21\u0e21\u0e38\u0e21\u0e09\u0e32\u0e01\u0e40\u0e14\u0e35\u0e48\u0e22\u0e27 RAP001 \u0e40\u0e1b\u0e47\u0e19\u0e0a\u0e34\u0e49\u0e19\u0e2a\u0e48\u0e27\u0e19\u0e17\u0e35\u0e48\u0e44\u0e14\u0e49\u0e23\u0e31\u0e1a\u0e01\u0e32\u0e23\u0e2d\u0e2d\u0e01\u0e41\u0e1a\u0e1a\u0e17\u0e32\u0e07\u0e27\u0e34\u0e28\u0e27\u0e01\u0e23\u0e23\u0e21\u0e2d\u0e22\u0e48\u0e32\u0e07\u0e41\u0e21\u0e48\u0e19\u0e22\u0e33 <a href=\"https:\/\/mountlaser.com\/th\/\"><strong>\u0e1b\u0e23\u0e34\u0e0b\u0e36\u0e21\u0e21\u0e38\u0e21\u0e09\u0e32\u0e01<\/strong><\/a> \u0e2d\u0e2d\u0e01\u0e41\u0e1a\u0e1a\u0e21\u0e32\u0e40\u0e1e\u0e37\u0e48\u0e2d\u0e01\u0e32\u0e23\u0e2a\u0e30\u0e17\u0e49\u0e2d\u0e19\u0e41\u0e25\u0e30\u0e08\u0e31\u0e14\u0e41\u0e19\u0e27 90\u00b0 \u0e17\u0e35\u0e48\u0e41\u0e21\u0e48\u0e19\u0e22\u0e33\u0e43\u0e19\u0e07\u0e32\u0e19\u0e2a\u0e33\u0e23\u0e27\u0e08\u0e41\u0e25\u0e30\u0e27\u0e34\u0e28\u0e27\u0e01\u0e23\u0e23\u0e21 \u0e21\u0e35\u0e02\u0e19\u0e32\u0e14\u0e01\u0e30\u0e17\u0e31\u0e14\u0e23\u0e31\u0e14\u0e41\u0e15\u0e48\u0e17\u0e19\u0e17\u0e32\u0e19 <a href=\"https:\/\/mountlaser.com\/th\/products\/\"><strong>RAP001 \u0e1b\u0e23\u0e34\u0e0b\u0e36\u0e21\u0e21\u0e38\u0e21\u0e09\u0e32\u0e01\u0e40\u0e14\u0e35\u0e48\u0e22\u0e27<\/strong><\/a> \u0e0a\u0e48\u0e27\u0e22\u0e43\u0e2b\u0e49\u0e01\u0e32\u0e23\u0e40\u0e1b\u0e25\u0e35\u0e48\u0e22\u0e19\u0e17\u0e34\u0e28\u0e17\u0e32\u0e07\u0e41\u0e2a\u0e07\u0e21\u0e35\u0e04\u0e27\u0e32\u0e21\u0e19\u0e48\u0e32\u0e40\u0e0a\u0e37\u0e48\u0e2d\u0e16\u0e37\u0e2d\u0e40\u0e21\u0e37\u0e48\u0e2d\u0e17\u0e33\u0e07\u0e32\u0e19\u0e43\u0e19\u0e1e\u0e37\u0e49\u0e19\u0e17\u0e35\u0e48\u0e41\u0e04\u0e1a\u0e2b\u0e23\u0e37\u0e2d\u0e21\u0e35\u0e2a\u0e34\u0e48\u0e07\u0e01\u0e35\u0e14\u0e02\u0e27\u0e32\u0e07 \u0e17\u0e33\u0e43\u0e2b\u0e49\u0e40\u0e2b\u0e21\u0e32\u0e30\u0e2d\u0e22\u0e48\u0e32\u0e07\u0e22\u0e34\u0e48\u0e07\u0e2a\u0e33\u0e2b\u0e23\u0e31\u0e1a\u0e07\u0e32\u0e19\u0e15\u0e23\u0e27\u0e08\u0e2a\u0e2d\u0e1a\u0e14\u0e49\u0e27\u0e22\u0e01\u0e25\u0e49\u0e2d\u0e07\u0e2a\u0e33\u0e23\u0e27\u0e08\u0e41\u0e1a\u0e1a\u0e23\u0e27\u0e21\u0e41\u0e25\u0e30\u0e07\u0e32\u0e19\u0e15\u0e23\u0e27\u0e08\u0e2a\u0e2d\u0e1a\u0e01\u0e32\u0e23\u0e40\u0e1b\u0e25\u0e35\u0e48\u0e22\u0e19\u0e41\u0e1b\u0e25\u0e07\u0e23\u0e39\u0e1b\u0e17\u0e23\u0e07.<\/p>\n<p>\u0e19\u0e35\u0e49 <a href=\"https:\/\/mountlaser.com\/th\/contact-us\/\">\u0e1b\u0e23\u0e34\u0e0b\u0e36\u0e21\u0e21\u0e38\u0e21\u0e09\u0e32\u0e01<\/a> \u0e21\u0e35\u0e0a\u0e34\u0e49\u0e19\u0e2a\u0e48\u0e27\u0e19\u0e2d\u0e2d\u0e1b\u0e15\u0e34\u0e04\u0e2d\u0e25\u0e02\u0e19\u0e32\u0e14 26.8\u00d726.8\u00d737.9\u00d710 \u0e21\u0e21. \u0e1a\u0e23\u0e23\u0e08\u0e38\u0e2d\u0e22\u0e39\u0e48\u0e43\u0e19\u0e15\u0e31\u0e27\u0e40\u0e23\u0e37\u0e2d\u0e19\u0e42\u0e25\u0e2b\u0e30\u0e2b\u0e19\u0e32 15 \u0e21\u0e21. \u0e43\u0e2b\u0e49\u0e04\u0e27\u0e32\u0e21\u0e41\u0e21\u0e48\u0e19\u0e22\u0e33 &lt;8 \u0e2d\u0e32\u0e23\u0e4c\u0e04\u0e40\u0e0b\u0e04\u0e2d\u0e19\u0e14\u0e4c\u0e2a\u0e33\u0e2b\u0e23\u0e31\u0e1a\u0e01\u0e32\u0e23\u0e27\u0e31\u0e14\u0e40\u0e0a\u0e34\u0e07\u0e21\u0e38\u0e21\u0e17\u0e35\u0e48\u0e41\u0e21\u0e48\u0e19\u0e22\u0e33 \u0e14\u0e49\u0e32\u0e21\u0e08\u0e31\u0e1a\u0e17\u0e35\u0e48\u0e2d\u0e2d\u0e01\u0e41\u0e1a\u0e1a\u0e15\u0e32\u0e21\u0e2b\u0e25\u0e31\u0e01\u0e2a\u0e23\u0e35\u0e23\u0e28\u0e32\u0e2a\u0e15\u0e23\u0e4c\u0e02\u0e19\u0e32\u0e14 62 \u0e21\u0e21. \u0e43\u0e2b\u0e49\u0e01\u0e32\u0e23\u0e08\u0e31\u0e1a\u0e17\u0e35\u0e48\u0e2a\u0e1a\u0e32\u0e22 (\u0e40\u0e2a\u0e49\u0e19\u0e1c\u0e48\u0e32\u0e19\u0e28\u0e39\u0e19\u0e22\u0e4c\u0e01\u0e25\u0e32\u0e07\u0e20\u0e32\u0e22\u0e43\u0e19 10 \u0e21\u0e21. \/ \u0e40\u0e2a\u0e49\u0e19\u0e1c\u0e48\u0e32\u0e19\u0e28\u0e39\u0e19\u0e22\u0e4c\u0e01\u0e25\u0e32\u0e07\u0e20\u0e32\u0e22\u0e19\u0e2d\u0e01 15 \u0e21\u0e21.) \u0e41\u0e25\u0e30\u0e0a\u0e48\u0e2d\u0e07\u0e2a\u0e33\u0e2b\u0e23\u0e31\u0e1a\u0e25\u0e39\u0e01\u0e14\u0e34\u0e48\u0e07 (\u0e2d\u0e38\u0e1b\u0e01\u0e23\u0e13\u0e4c\u0e40\u0e2a\u0e23\u0e34\u0e21) \u0e0a\u0e48\u0e27\u0e22\u0e43\u0e2b\u0e49\u0e08\u0e31\u0e14\u0e41\u0e19\u0e27\u0e43\u0e19\u0e41\u0e19\u0e27\u0e15\u0e31\u0e49\u0e07\u0e44\u0e14\u0e49\u0e07\u0e48\u0e32\u0e22\u0e43\u0e19\u0e20\u0e32\u0e04\u0e2a\u0e19\u0e32\u0e21 \u0e0b\u0e2d\u0e07\u0e2b\u0e19\u0e31\u0e07\u0e40\u0e17\u0e35\u0e22\u0e21\u0e04\u0e38\u0e13\u0e20\u0e32\u0e1e\u0e2a\u0e39\u0e07\u0e1e\u0e23\u0e49\u0e2d\u0e21\u0e2b\u0e48\u0e27\u0e07\u0e2a\u0e33\u0e2b\u0e23\u0e31\u0e1a\u0e04\u0e32\u0e14\u0e40\u0e02\u0e47\u0e21\u0e02\u0e31\u0e14\u0e0a\u0e48\u0e27\u0e22\u0e1b\u0e01\u0e1b\u0e49\u0e2d\u0e07\u0e41\u0e25\u0e30\u0e1e\u0e01\u0e1e\u0e32\u0e44\u0e14\u0e49\u0e2a\u0e30\u0e14\u0e27\u0e01.<\/p>\n<figure id=\"attachment_3349\" aria-describedby=\"caption-attachment-3349\" style=\"width: 500px\" class=\"wp-caption aligncenter\"><img fetchpriority=\"high\" decoding=\"async\" class=\"wp-image-3349\" src=\"https:\/\/mountlaser.com\/wp-content\/uploads\/2025\/11\/3-4RAP0012.webp\" alt=\"RAP001 Single Right Angle Prism\" width=\"500\" height=\"500\" srcset=\"https:\/\/mountlaser.com\/wp-content\/uploads\/2025\/11\/3-4RAP0012.webp 1000w, https:\/\/mountlaser.com\/wp-content\/uploads\/2025\/11\/3-4RAP0012-300x300.webp 300w, https:\/\/mountlaser.com\/wp-content\/uploads\/2025\/11\/3-4RAP0012-400x400.webp 400w, https:\/\/mountlaser.com\/wp-content\/uploads\/2025\/11\/3-4RAP0012-800x800.webp 800w, https:\/\/mountlaser.com\/wp-content\/uploads\/2025\/11\/3-4RAP0012-600x600.webp 600w, https:\/\/mountlaser.com\/wp-content\/uploads\/2025\/11\/3-4RAP0012-150x150.webp 150w, https:\/\/mountlaser.com\/wp-content\/uploads\/2025\/11\/3-4RAP0012-768x768.webp 768w, https:\/\/mountlaser.com\/wp-content\/uploads\/2025\/11\/3-4RAP0012-12x12.webp 12w\" sizes=\"(max-width: 500px) 100vw, 500px\" \/><figcaption id=\"caption-attachment-3349\" class=\"wp-caption-text\">RAP001 \u0e1b\u0e23\u0e34\u0e0b\u0e36\u0e21\u0e21\u0e38\u0e21\u0e09\u0e32\u0e01\u0e40\u0e14\u0e35\u0e48\u0e22\u0e27<\/figcaption><\/figure>\n<figure id=\"attachment_3356\" aria-describedby=\"caption-attachment-3356\" style=\"width: 500px\" class=\"wp-caption aligncenter\"><img decoding=\"async\" class=\"wp-image-3356\" src=\"https:\/\/mountlaser.com\/wp-content\/uploads\/2025\/11\/3-5RAP0021.webp\" alt=\"RAP002 right angle prism\" width=\"500\" height=\"500\" srcset=\"https:\/\/mountlaser.com\/wp-content\/uploads\/2025\/11\/3-5RAP0021.webp 1000w, https:\/\/mountlaser.com\/wp-content\/uploads\/2025\/11\/3-5RAP0021-300x300.webp 300w, https:\/\/mountlaser.com\/wp-content\/uploads\/2025\/11\/3-5RAP0021-400x400.webp 400w, https:\/\/mountlaser.com\/wp-content\/uploads\/2025\/11\/3-5RAP0021-800x800.webp 800w, https:\/\/mountlaser.com\/wp-content\/uploads\/2025\/11\/3-5RAP0021-600x600.webp 600w, https:\/\/mountlaser.com\/wp-content\/uploads\/2025\/11\/3-5RAP0021-150x150.webp 150w, https:\/\/mountlaser.com\/wp-content\/uploads\/2025\/11\/3-5RAP0021-768x768.webp 768w, https:\/\/mountlaser.com\/wp-content\/uploads\/2025\/11\/3-5RAP0021-12x12.webp 12w\" sizes=\"(max-width: 500px) 100vw, 500px\" \/><figcaption id=\"caption-attachment-3356\" class=\"wp-caption-text\">\u0e1b\u0e23\u0e34\u0e0b\u0e36\u0e21\u0e21\u0e38\u0e21\u0e09\u0e32\u0e01 RAP002<\/figcaption><\/figure>\n<p>\u0e40\u0e1e\u0e37\u0e48\u0e2d\u0e40\u0e1e\u0e34\u0e48\u0e21\u0e04\u0e27\u0e32\u0e21\u0e2b\u0e25\u0e32\u0e01\u0e2b\u0e25\u0e32\u0e22\u0e43\u0e19\u0e01\u0e32\u0e23\u0e43\u0e0a\u0e49\u0e07\u0e32\u0e19 \u0e23\u0e38\u0e48\u0e19 RAP002 Dual Right Angle Prism \u0e0a\u0e48\u0e27\u0e22\u0e43\u0e2b\u0e49\u0e2a\u0e32\u0e21\u0e32\u0e23\u0e16\u0e27\u0e31\u0e14\u0e44\u0e14\u0e49\u0e17\u0e31\u0e49\u0e07\u0e21\u0e38\u0e21 90\u00b0 \u0e41\u0e25\u0e30 180\u00b0 \u0e42\u0e14\u0e22\u0e21\u0e35\u0e40\u0e25\u0e19\u0e2a\u0e4c\u0e15\u0e23\u0e07\u0e01\u0e25\u0e32\u0e07\u0e02\u0e19\u0e32\u0e14\u0e43\u0e2b\u0e0d\u0e48\u0e41\u0e25\u0e30\u0e1d\u0e32\u0e04\u0e23\u0e2d\u0e1a\u0e17\u0e35\u0e48\u0e2b\u0e21\u0e38\u0e19\u0e44\u0e14\u0e49 \u0e2a\u0e32\u0e21\u0e32\u0e23\u0e16\u0e1b\u0e23\u0e31\u0e1a\u0e41\u0e15\u0e48\u0e07\u0e15\u0e32\u0e21\u0e04\u0e27\u0e32\u0e21\u0e15\u0e49\u0e2d\u0e07\u0e01\u0e32\u0e23\u0e40\u0e09\u0e1e\u0e32\u0e30\u0e14\u0e49\u0e32\u0e19\u0e2a\u0e33\u0e2b\u0e23\u0e31\u0e1a\u0e01\u0e32\u0e23\u0e15\u0e23\u0e27\u0e08\u0e2a\u0e2d\u0e1a\u0e2b\u0e23\u0e37\u0e2d\u0e01\u0e32\u0e23\u0e08\u0e31\u0e14\u0e15\u0e33\u0e41\u0e2b\u0e19\u0e48\u0e07\u0e43\u0e19\u0e2d\u0e38\u0e15\u0e2a\u0e32\u0e2b\u0e01\u0e23\u0e23\u0e21\u0e44\u0e14\u0e49 (OEM).<\/p>","protected":false},"excerpt":{"rendered":"<ul>\n<li>\u0e2a\u0e33\u0e2b\u0e23\u0e31\u0e1a\u0e01\u0e25\u0e49\u0e2d\u0e07\u0e2a\u0e33\u0e23\u0e27\u0e08\u0e41\u0e1a\u0e1a\u0e2a\u0e21\u0e1a\u0e39\u0e23\u0e13\u0e4c\u0e41\u0e25\u0e30\u0e23\u0e30\u0e1a\u0e1a\u0e08\u0e31\u0e14\u0e41\u0e19\u0e27<\/li>\n<li>\u0e15\u0e34\u0e14\u0e15\u0e31\u0e49\u0e07\u0e44\u0e14\u0e49\u0e2d\u0e22\u0e48\u0e32\u0e07\u0e01\u0e30\u0e17\u0e31\u0e14\u0e23\u0e31\u0e14\u0e43\u0e19\u0e1e\u0e37\u0e49\u0e19\u0e17\u0e35\u0e48\u0e08\u0e33\u0e01\u0e31\u0e14<\/li>\n<li>\u0e07\u0e32\u0e19\u0e15\u0e34\u0e14\u0e15\u0e32\u0e21\u0e23\u0e30\u0e22\u0e30\u0e22\u0e32\u0e27\u0e41\u0e25\u0e30\u0e01\u0e32\u0e23\u0e08\u0e31\u0e14\u0e41\u0e19\u0e27\u0e42\u0e04\u0e23\u0e07\u0e2a\u0e23\u0e49\u0e32\u0e07<\/li>\n<li>\u0e08\u0e31\u0e14\u0e41\u0e19\u0e27\u0e2a\u0e19\u0e32\u0e21\u0e44\u0e14\u0e49\u0e07\u0e48\u0e32\u0e22\u0e14\u0e49\u0e27\u0e22\u0e04\u0e27\u0e32\u0e21\u0e40\u0e02\u0e49\u0e32\u0e01\u0e31\u0e19\u0e44\u0e14\u0e49\u0e01\u0e31\u0e1a\u0e25\u0e39\u0e01\u0e14\u0e34\u0e48\u0e07<\/li>\n<\/ul>","protected":false},"featured_media":3356,"comment_status":"open","ping_status":"closed","template":"","meta":[],"product_brand":[],"product_cat":[72,112],"product_tag":[],"class_list":{"0":"post-3347","1":"product","2":"type-product","3":"status-publish","4":"has-post-thumbnail","6":"product_cat-reflective-target-prism","7":"product_cat-monitoring-prism","9":"first","10":"instock","11":"shipping-taxable","12":"product-type-simple"},"_links":{"self":[{"href":"https:\/\/mountlaser.com\/th\/wp-json\/wp\/v2\/product\/3347","targetHints":{"allow":["GET"]}}],"collection":[{"href":"https:\/\/mountlaser.com\/th\/wp-json\/wp\/v2\/product"}],"about":[{"href":"https:\/\/mountlaser.com\/th\/wp-json\/wp\/v2\/types\/product"}],"replies":[{"embeddable":true,"href":"https:\/\/mountlaser.com\/th\/wp-json\/wp\/v2\/comments?post=3347"}],"wp:featuredmedia":[{"embeddable":true,"href":"https:\/\/mountlaser.com\/th\/wp-json\/wp\/v2\/media\/3356"}],"wp:attachment":[{"href":"https:\/\/mountlaser.com\/th\/wp-json\/wp\/v2\/media?parent=3347"}],"wp:term":[{"taxonomy":"product_brand","embeddable":true,"href":"https:\/\/mountlaser.com\/th\/wp-json\/wp\/v2\/product_brand?post=3347"},{"taxonomy":"product_cat","embeddable":true,"href":"https:\/\/mountlaser.com\/th\/wp-json\/wp\/v2\/product_cat?post=3347"},{"taxonomy":"product_tag","embeddable":true,"href":"https:\/\/mountlaser.com\/th\/wp-json\/wp\/v2\/product_tag?post=3347"}],"curies":[{"name":"\u0e14\u0e31\u0e1a\u0e40\u0e1a\u0e34\u0e25\u0e22\u0e39\u0e1e\u0e35","href":"https:\/\/api.w.org\/{rel}","templated":true}]}}