{"id":608,"date":"2024-03-28T10:15:24","date_gmt":"2024-03-28T10:15:24","guid":{"rendered":"https:\/\/startersites.io\/blocksy\/pottery\/?post_type=product&#038;p=608"},"modified":"2025-12-01T01:52:03","modified_gmt":"2025-12-01T01:52:03","slug":"ma-g32-auto-level","status":"publish","type":"product","link":"https:\/\/mountlaser.com\/sq\/produkt\/ma-g32-auto-level\/","title":{"rendered":"Niveli Automatik MA-G32"},"content":{"rendered":"<p>I\/E\/T\u00eb\/T\u00eb <a href=\"https:\/\/mountlaser.com\/sq\/\"><strong>Niveli Automatik MA-G32<\/strong><\/a> nga Mountlaser \u00ebsht\u00eb nj\u00eb instrument optik me precizion t\u00eb lart\u00eb dhe profesional, i projektuar p\u00ebr nj\u00eb gam\u00eb t\u00eb gjer\u00eb... <a href=\"https:\/\/mountlaser.com\/sq\/kategori-produkti\/surveying-instrument\/automatic-level\/\"><strong>nivele automatike p\u00ebr matje<\/strong><\/a> aplikacione. nivel automatik p\u00ebr matje. I projektuar p\u00ebr besueshm\u00ebri dhe leht\u00ebsi p\u00ebrdorimi, ai ofron sakt\u00ebsin\u00eb e nevojshme p\u00ebr nivelimin e kantierit t\u00eb nd\u00ebrtimit, zhvillimin e tok\u00ebs dhe detyra t\u00eb tjera thelb\u00ebsore. Ky model \u00ebsht\u00eb nj\u00eb zgjedhje e spikatur midis niveleve moderne t\u00eb matjes, duke ofruar qart\u00ebsi dhe stabilitet t\u00eb jasht\u00ebzakonsh\u00ebm p\u00ebr t\u00eb siguruar q\u00eb t\u00eb dh\u00ebnat themelore t\u00eb projektit tuaj t\u00eb jen\u00eb t\u00eb p\u00ebrsosura.<\/p>\n<p>I pajisur me nj\u00eb teleskop t\u00eb ngritur me zmadhim 32X dhe nj\u00eb kompensator t\u00eb amortizimit t\u00eb ajrit me ndjeshm\u00ebri t\u00eb lart\u00eb, MA-G32 ofron nj\u00eb imazh t\u00eb qart\u00eb, me an\u00ebn e djatht\u00eb lart dhe ruan automatikisht nj\u00eb vij\u00eb shikimi t\u00eb niveluar, edhe n\u00eb terren t\u00eb paq\u00ebndruesh\u00ebm.<\/p>\n<p>Vler\u00ebsimi i tij i fuqish\u00ebm IP54 mbron nga pluhuri dhe sp\u00ebrkatjet e ujit, duke e b\u00ebr\u00eb niveluesin automatik p\u00ebr matje nj\u00eb partner t\u00eb q\u00ebndruesh\u00ebm p\u00ebr vendet e pun\u00ebs me k\u00ebrkesa t\u00eb larta. P\u00ebr profesionist\u00ebt q\u00eb k\u00ebrkojn\u00eb nivele matjeje t\u00eb besueshme dhe t\u00eb sakta, MA-G32 ilustron angazhimin e Mountlaser p\u00ebr cil\u00ebsi dhe performanc\u00eb n\u00eb t\u00eb gjitha niveluesit tan\u00eb automatik\u00eb p\u00ebr matje.<\/p>\n<p><img fetchpriority=\"high\" decoding=\"async\" class=\"aligncenter wp-image-1883\" src=\"https:\/\/mountlaser.com\/wp-content\/uploads\/2024\/03\/MA-G323.webp\" alt=\"Auto Levels For Surveying\" width=\"500\" height=\"500\" srcset=\"https:\/\/mountlaser.com\/wp-content\/uploads\/2024\/03\/MA-G323.webp 1000w, https:\/\/mountlaser.com\/wp-content\/uploads\/2024\/03\/MA-G323-300x300.webp 300w, https:\/\/mountlaser.com\/wp-content\/uploads\/2024\/03\/MA-G323-400x400.webp 400w, https:\/\/mountlaser.com\/wp-content\/uploads\/2024\/03\/MA-G323-800x800.webp 800w, https:\/\/mountlaser.com\/wp-content\/uploads\/2024\/03\/MA-G323-600x600.webp 600w, https:\/\/mountlaser.com\/wp-content\/uploads\/2024\/03\/MA-G323-150x150.webp 150w, https:\/\/mountlaser.com\/wp-content\/uploads\/2024\/03\/MA-G323-768x768.webp 768w, https:\/\/mountlaser.com\/wp-content\/uploads\/2024\/03\/MA-G323-12x12.webp 12w\" sizes=\"(max-width: 500px) 100vw, 500px\" \/><\/p>\n<p><strong><a href=\"https:\/\/mountlaser.com\/sq\/about-us\/\">Niveli Automatik MA-G32<\/a> Specifikimet<\/strong><\/p>\n<table style=\"border-collapse: collapse; width: 552.02pt;\" border=\"0\" width=\"736\" cellspacing=\"0\" cellpadding=\"0\">\n<tbody>\n<tr style=\"height: 14.25pt;\">\n<td class=\"et2\" style=\"height: 14.25pt; width: 255.75pt;\" width=\"341\" height=\"19\">Modeli Nr.<\/td>\n<td class=\"et3\" style=\"width: 296.25pt;\" width=\"395\">MA-G32<\/td>\n<\/tr>\n<tr style=\"height: 14.25pt;\">\n<td class=\"et4\" style=\"height: 14.25pt;\" height=\"19\">Distanca e pun\u00ebs<\/td>\n<td class=\"et5\">50m<\/td>\n<\/tr>\n<tr style=\"height: 14.25pt;\">\n<td class=\"et4\" style=\"height: 14.25pt;\" height=\"19\">Devijimi Standard p\u00ebr 1 km vrapim t\u00eb dyfisht\u00eb<\/td>\n<td class=\"et5\">1.5 mm<\/td>\n<\/tr>\n<tr style=\"height: 14.25pt;\">\n<td class=\"et4\" style=\"height: 14.25pt;\" height=\"19\">Zmadhimi i Teleskopit<\/td>\n<td class=\"et5\">32X<\/td>\n<\/tr>\n<tr style=\"height: 14.25pt;\">\n<td class=\"et4\" style=\"height: 14.25pt;\" height=\"19\">Imazh Teleskopi<\/td>\n<td class=\"et5\">Ngrit<\/td>\n<\/tr>\n<tr style=\"height: 14.25pt;\">\n<td class=\"et4\" style=\"height: 14.25pt;\" height=\"19\">Distanca m\u00eb e shkurt\u00ebr e shikimit<\/td>\n<td class=\"et5\">0.5 m<\/td>\n<\/tr>\n<tr style=\"height: 14.25pt;\">\n<td class=\"et4\" style=\"height: 14.25pt;\" height=\"19\">Gabim n\u00eb distanc\u00ebn e shikimit<\/td>\n<td class=\"et5\">\u2264\u00b10.5%<\/td>\n<\/tr>\n<tr style=\"height: 14.25pt;\">\n<td class=\"et4\" style=\"height: 14.25pt;\" height=\"19\">Madh\u00ebsia efektive e hapjes s\u00eb lentes s\u00eb objektit<\/td>\n<td class=\"et5\">4Omm<\/td>\n<\/tr>\n<tr style=\"height: 14.25pt;\">\n<td class=\"et4\" style=\"height: 14.25pt;\" height=\"19\">Gabim n\u00eb fokusim<\/td>\n<td class=\"et5\">\u22641.0 mm<\/td>\n<\/tr>\n<tr style=\"height: 14.25pt;\">\n<td class=\"et4\" style=\"height: 14.25pt;\" height=\"19\">Lloji i Kompensatorit<\/td>\n<td class=\"et5\">Amortizim ajri<\/td>\n<\/tr>\n<tr style=\"height: 14.25pt;\">\n<td class=\"et4\" style=\"height: 14.25pt;\" height=\"19\">Kompensimi i Gabimit<\/td>\n<td class=\"et5\">&lt;0.5\u2032<\/td>\n<\/tr>\n<tr style=\"height: 14.25pt;\">\n<td class=\"et4\" style=\"height: 14.25pt;\" height=\"19\">Rrjet\u00eb<\/td>\n<td class=\"et5\">Rrjet\u00eb kryq<\/td>\n<\/tr>\n<tr style=\"height: 14.25pt;\">\n<td class=\"et4\" style=\"height: 14.25pt;\" height=\"19\">Sakt\u00ebsia e Vendosjes<\/td>\n<td class=\"et5\">+0.4&#8242;<\/td>\n<\/tr>\n<tr style=\"height: 14.25pt;\">\n<td class=\"et4\" style=\"height: 14.25pt;\" height=\"19\">I pap\u00ebrshkuesh\u00ebm nga uji dhe pluhuri<\/td>\n<td class=\"et5\">IP54<\/td>\n<\/tr>\n<tr style=\"height: 14.25pt;\">\n<td class=\"et4\" style=\"height: 14.25pt;\" height=\"19\">Stand Acasony<\/td>\n<td class=\"et5\">Plumb Bob, Manual, Kunj Rregullues, Kunj Plastik<\/td>\n<\/tr>\n<tr style=\"height: 14.25pt;\">\n<td class=\"et6\" style=\"height: 14.25pt;\" height=\"19\">D\u00ebrgo Pesh\u00ebn<\/td>\n<td class=\"et7\">1.35 kg<\/td>\n<\/tr>\n<\/tbody>\n<\/table>\n<p>&nbsp;<\/p>","protected":false},"excerpt":{"rendered":"<ul>\n<li>Sakt\u00ebsi e Lart\u00eb: Arrin nj\u00eb devijim standard prej 1.5 mm p\u00ebr km me vrapim t\u00eb dyfisht\u00eb p\u00ebr rezultate t\u00eb besueshme.<\/li>\n<li>\u00a0Niveli automatik p\u00ebr matje me zmadhim 32X ofron nj\u00eb pamje t\u00eb qart\u00eb, nga ana e djatht\u00eb lart, duke thjeshtuar funksionimin dhe duke zvog\u00ebluar gabimet.<\/li>\n<li>Kompensimi Automatik: Kompensatori i amortizimit t\u00eb ajrit stabilizon automatikisht linj\u00ebn.<\/li>\n<li>Nd\u00ebrtim i q\u00ebndruesh\u00ebm: Vler\u00ebsimi IP54 i pap\u00ebrshkuesh\u00ebm nga uji dhe pluhuri siguron performanc\u00eb n\u00eb kushte t\u00eb v\u00ebshtira vendi.<\/li>\n<\/ul>","protected":false},"featured_media":1882,"comment_status":"open","ping_status":"closed","template":"","meta":[],"product_brand":[],"product_cat":[15,140],"product_tag":[],"class_list":{"0":"post-608","1":"product","2":"type-product","3":"status-publish","4":"has-post-thumbnail","6":"product_cat-surveying-instrument","7":"product_cat-automatic-level","9":"first","10":"instock","11":"shipping-taxable","12":"product-type-simple"},"_links":{"self":[{"href":"https:\/\/mountlaser.com\/sq\/wp-json\/wp\/v2\/product\/608","targetHints":{"allow":["GET"]}}],"collection":[{"href":"https:\/\/mountlaser.com\/sq\/wp-json\/wp\/v2\/product"}],"about":[{"href":"https:\/\/mountlaser.com\/sq\/wp-json\/wp\/v2\/types\/product"}],"replies":[{"embeddable":true,"href":"https:\/\/mountlaser.com\/sq\/wp-json\/wp\/v2\/comments?post=608"}],"wp:featuredmedia":[{"embeddable":true,"href":"https:\/\/mountlaser.com\/sq\/wp-json\/wp\/v2\/media\/1882"}],"wp:attachment":[{"href":"https:\/\/mountlaser.com\/sq\/wp-json\/wp\/v2\/media?parent=608"}],"wp:term":[{"taxonomy":"product_brand","embeddable":true,"href":"https:\/\/mountlaser.com\/sq\/wp-json\/wp\/v2\/product_brand?post=608"},{"taxonomy":"product_cat","embeddable":true,"href":"https:\/\/mountlaser.com\/sq\/wp-json\/wp\/v2\/product_cat?post=608"},{"taxonomy":"product_tag","embeddable":true,"href":"https:\/\/mountlaser.com\/sq\/wp-json\/wp\/v2\/product_tag?post=608"}],"curies":[{"name":"wp","href":"https:\/\/api.w.org\/{rel}","templated":true}]}}