{"id":6003,"date":"2025-12-19T02:59:24","date_gmt":"2025-12-19T02:59:24","guid":{"rendered":"https:\/\/mountlaser.com\/?post_type=product&#038;p=6003"},"modified":"2025-12-19T02:59:24","modified_gmt":"2025-12-19T02:59:24","slug":"etj30a-325-heavy-duty-elevator-tripod","status":"publish","type":"product","link":"https:\/\/mountlaser.com\/sq\/produkt\/etj30a-325-heavy-duty-elevator-tripod\/","title":{"rendered":"Tripod ashensori ETJ30A-325 p\u00ebr pun\u00eb t\u00eb r\u00ebnd\u00eb"},"content":{"rendered":"<p data-start=\"229\" data-end=\"772\">I\/E\/T\u00eb\/T\u00eb<a href=\"https:\/\/mountlaser.com\/sq\/\"> <strong data-start=\"233\" data-end=\"274\">Tripod ashensori ETJ30A-325 p\u00ebr pun\u00eb t\u00eb r\u00ebnd\u00eb<\/strong><\/a> \u00ebsht\u00eb projektuar p\u00ebr profesionist\u00ebt q\u00eb kan\u00eb nevoj\u00eb p\u00ebr mb\u00ebshtetje t\u00eb fort\u00eb, rregullim t\u00eb sakt\u00eb t\u00eb lart\u00ebsis\u00eb dhe q\u00ebndrueshm\u00ebri afatgjat\u00eb n\u00eb mjediset e pun\u00ebs me k\u00ebrkesa t\u00eb larta. Si nj\u00eb <a href=\"https:\/\/mountlaser.com\/sq\/products\/\"><strong data-start=\"423\" data-end=\"454\">Tripod ngrit\u00ebs i rregulluesh\u00ebm<\/strong><\/a>, \u00ebsht\u00eb prodhuar nga aliazh alumini me cil\u00ebsi t\u00eb lart\u00eb, duke ofruar rezistenc\u00eb t\u00eb shk\u00eblqyer ndaj goditjeve duke ruajtur nj\u00eb struktur\u00eb t\u00eb q\u00ebndrueshme dhe t\u00eb besueshme. Tripodi i ashensorit p\u00ebr pun\u00eb t\u00eb r\u00ebnda ETJ30A-325 \u00ebsht\u00eb nj\u00eb zgjidhje ideale p\u00ebr nd\u00ebrtim, matje dhe aplikime t\u00eb nivelimit me lazer ku sakt\u00ebsia dhe kapaciteti i ngarkes\u00ebs jan\u00eb thelb\u00ebsore.<\/p>\n<p data-start=\"774\" data-end=\"1388\">I pajisur me nj\u00eb bulon standard 5\/8\u2033-11, trek\u00ebmb\u00ebshi ashensori p\u00ebr pun\u00eb t\u00eb r\u00ebnd\u00eb ETJ30A-325 siguron p\u00ebrputhshm\u00ebri t\u00eb gjer\u00eb me nivelat lazer, stacionet totale dhe instrumente t\u00eb tjera t\u00eb matjes. Sistemi i tij i kap\u00ebseve me ky\u00e7je t\u00eb shpejt\u00eb lejon rregullime t\u00eb shpejta dhe pa mundim t\u00eb lart\u00ebsis\u00eb, duke e b\u00ebr\u00eb k\u00ebt\u00eb Trek\u00ebmb\u00ebsh Ngrit\u00ebs t\u00eb Rregulluesh\u00ebm shum\u00eb efikas p\u00ebr operacionet n\u00eb terren. Me nj\u00eb gam\u00eb lart\u00ebsie t\u00eb trek\u00ebmb\u00ebshit prej 125\u2013350 cm dhe nj\u00eb lart\u00ebsi pune prej 114\u2013325 cm, trek\u00ebmb\u00ebshi ashensori p\u00ebr pun\u00eb t\u00eb r\u00ebnd\u00eb ETJ30A-325 ofron fleksibilitet t\u00eb jasht\u00ebzakonsh\u00ebm si p\u00ebr detyrat me lart\u00ebsi t\u00eb ul\u00ebt ashtu edhe p\u00ebr ato me lart\u00ebsi t\u00eb lart\u00eb, duke p\u00ebrforcuar reputacionin e tij si nj\u00eb Trek\u00ebmb\u00ebsh Ngrit\u00ebs i Rregulluesh\u00ebm i besuesh\u00ebm.<\/p>\n<p data-start=\"1390\" data-end=\"1903\">I projektuar si nj\u00eb zgjidhje ekonomike, por edhe e fort\u00eb, trek\u00ebmb\u00ebshi ETJ30A-325 p\u00ebr ngritje t\u00eb r\u00ebnda balancon performanc\u00ebn dhe vler\u00ebn. Ngjyrat dhe opsionet e lart\u00ebsis\u00eb me porosi jan\u00eb t\u00eb disponueshme me k\u00ebrkes\u00eb, duke u lejuar p\u00ebrdoruesve ta p\u00ebrshtatin k\u00ebt\u00eb Trek\u00ebmb\u00ebsh Ngrit\u00ebs t\u00eb Rregulluesh\u00ebm sipas k\u00ebrkesave specifike t\u00eb projektit. Nd\u00ebrtimi i tij i fort\u00eb dhe mekanizmi i rregullimit t\u00eb qet\u00eb e b\u00ebjn\u00eb trek\u00ebmb\u00ebshin ETJ30A-325 p\u00ebr ngritje t\u00eb r\u00ebnda nj\u00eb zgjedhje t\u00eb besueshme p\u00ebr profesionist\u00ebt q\u00eb k\u00ebrkojn\u00eb besueshm\u00ebri nga t\u00eb vet\u00ebt. <a href=\"https:\/\/mountlaser.com\/sq\/contact-us\/\">Tripod ngrit\u00ebs i rregulluesh\u00ebm<\/a> n\u00eb t\u00eb gjitha kushtet e pun\u00ebs.<\/p>\n<p data-start=\"1390\" data-end=\"1903\"><img fetchpriority=\"high\" decoding=\"async\" class=\"aligncenter wp-image-6009\" src=\"https:\/\/mountlaser.com\/wp-content\/uploads\/2025\/12\/ETJ30A\uff084\uff09.webp\" alt=\"ETJ30A-325 heavy-duty elevator tripod\" width=\"500\" height=\"500\" srcset=\"https:\/\/mountlaser.com\/wp-content\/uploads\/2025\/12\/ETJ30A\uff084\uff09.webp 1000w, https:\/\/mountlaser.com\/wp-content\/uploads\/2025\/12\/ETJ30A\uff084\uff09-300x300.webp 300w, https:\/\/mountlaser.com\/wp-content\/uploads\/2025\/12\/ETJ30A\uff084\uff09-150x150.webp 150w, https:\/\/mountlaser.com\/wp-content\/uploads\/2025\/12\/ETJ30A\uff084\uff09-768x768.webp 768w, https:\/\/mountlaser.com\/wp-content\/uploads\/2025\/12\/ETJ30A\uff084\uff09-12x12.webp 12w, https:\/\/mountlaser.com\/wp-content\/uploads\/2025\/12\/ETJ30A\uff084\uff09-600x600.webp 600w, https:\/\/mountlaser.com\/wp-content\/uploads\/2025\/12\/ETJ30A\uff084\uff09-800x800.webp 800w, https:\/\/mountlaser.com\/wp-content\/uploads\/2025\/12\/ETJ30A\uff084\uff09-400x400.webp 400w\" sizes=\"(max-width: 500px) 100vw, 500px\" \/><\/p>\n<p data-start=\"1390\" data-end=\"1903\"><strong>Specifikimet e trek\u00ebmb\u00ebshit ETJ30A-325 p\u00ebr ashensor\u00eb t\u00eb r\u00ebnd\u00eb<\/strong><\/p>\n<div>\n<table style=\"border-collapse: collapse; width: 743.27pt;\" border=\"0\" width=\"991\" cellspacing=\"0\" cellpadding=\"0\">\n<tbody>\n<tr style=\"height: 14.25pt;\">\n<td class=\"et2\" style=\"height: 14.25pt; width: 127.50pt;\" width=\"170\" height=\"19\">NUM\u00cbR<\/td>\n<td class=\"et3\" style=\"width: 92.25pt;\" width=\"123\">K\u00cbMB\u00cbT<\/td>\n<td class=\"et3\" style=\"width: 77.25pt;\" width=\"103\">LLOJI I KY\u00c7JES<\/td>\n<td class=\"et3\" style=\"width: 96.75pt;\" width=\"129\">PAJISJE<\/td>\n<td class=\"et4\" style=\"width: 141.00pt;\" width=\"188\">LART\u00cbSIA E TRIPODIT<\/td>\n<td class=\"et4\" style=\"width: 96.00pt;\" width=\"128\">LART\u00cbSIA E PUN\u00cbS<\/td>\n<td class=\"et3\" style=\"width: 112.50pt;\" width=\"150\">VP.<\/td>\n<\/tr>\n<tr style=\"height: 18.75pt;\">\n<td class=\"et5\" style=\"height: 18.75pt;\" height=\"25\">ETJ30A-225<\/td>\n<td class=\"et5\">Alumini<\/td>\n<td class=\"et5\">Kap\u00ebse e shpejt\u00eb<\/td>\n<td class=\"et5\">E zez\u00eb<\/td>\n<td class=\"et5\">112-244 cm<\/td>\n<td class=\"et5\">100-225 cm<\/td>\n<td class=\"et5\">5.15 kg<\/td>\n<\/tr>\n<tr style=\"height: 17.25pt;\">\n<td class=\"et5\" style=\"height: 17.25pt;\" height=\"23\">ETJ30A-310<\/td>\n<td class=\"et5\">Alumini<\/td>\n<td class=\"et5\">Kap\u00ebse e shpejt\u00eb<\/td>\n<td class=\"et5\">E zez\u00eb<\/td>\n<td class=\"et5\">115-330 cm<\/td>\n<td class=\"et5\">105-310 cm<\/td>\n<td class=\"et5\">5.40 kg<\/td>\n<\/tr>\n<tr style=\"height: 14.25pt;\">\n<td class=\"et5\" style=\"height: 14.25pt;\" height=\"19\">ETJ30A-325<\/td>\n<td class=\"et5\">Alumini<\/td>\n<td class=\"et5\">Kap\u00ebse e shpejt\u00eb<\/td>\n<td class=\"et5\">E zez\u00eb<\/td>\n<td class=\"et5\">125-350 cm<\/td>\n<td class=\"et5\">114-325 cm<\/td>\n<td class=\"et5\">5.55 kg<\/td>\n<\/tr>\n<\/tbody>\n<\/table>\n<\/div>","protected":false},"excerpt":{"rendered":"<ul>\n<li>Ofron mb\u00ebshtetje t\u00eb q\u00ebndrueshme dhe t\u00eb sigurt p\u00ebr nivelat lazerike dhe instrumentet e matjes<\/li>\n<li>Rregullim lart\u00ebsie n\u00eb stilin e ashensorit p\u00ebr pozicionim t\u00eb sakt\u00eb vertikal<\/li>\n<li>Kap\u00ebset me ky\u00e7je t\u00eb shpejt\u00eb mund\u00ebsojn\u00eb konfigurim t\u00eb shpejt\u00eb dhe t\u00eb leht\u00eb t\u00eb trek\u00ebmb\u00ebshit<\/li>\n<li>K\u00ebmb\u00ebt e aliazhit t\u00eb aluminit ofrojn\u00eb rezistenc\u00eb t\u00eb shk\u00eblqyer ndaj goditjeve dhe q\u00ebndrueshm\u00ebri<\/li>\n<li>Buloni standard me lidh\u00ebse 5\/8\u2033-11 siguron p\u00ebrputhshm\u00ebri t\u00eb gjer\u00eb t\u00eb instrumenteve<\/li>\n<\/ul>","protected":false},"featured_media":6009,"comment_status":"open","ping_status":"closed","template":"","meta":[],"product_brand":[],"product_cat":[122,94],"product_tag":[],"class_list":{"0":"post-6003","1":"product","2":"type-product","3":"status-publish","4":"has-post-thumbnail","6":"product_cat-laser-level-tripod","7":"product_cat-laser-level-accessory","9":"first","10":"instock","11":"shipping-taxable","12":"product-type-simple"},"_links":{"self":[{"href":"https:\/\/mountlaser.com\/sq\/wp-json\/wp\/v2\/product\/6003","targetHints":{"allow":["GET"]}}],"collection":[{"href":"https:\/\/mountlaser.com\/sq\/wp-json\/wp\/v2\/product"}],"about":[{"href":"https:\/\/mountlaser.com\/sq\/wp-json\/wp\/v2\/types\/product"}],"replies":[{"embeddable":true,"href":"https:\/\/mountlaser.com\/sq\/wp-json\/wp\/v2\/comments?post=6003"}],"wp:featuredmedia":[{"embeddable":true,"href":"https:\/\/mountlaser.com\/sq\/wp-json\/wp\/v2\/media\/6009"}],"wp:attachment":[{"href":"https:\/\/mountlaser.com\/sq\/wp-json\/wp\/v2\/media?parent=6003"}],"wp:term":[{"taxonomy":"product_brand","embeddable":true,"href":"https:\/\/mountlaser.com\/sq\/wp-json\/wp\/v2\/product_brand?post=6003"},{"taxonomy":"product_cat","embeddable":true,"href":"https:\/\/mountlaser.com\/sq\/wp-json\/wp\/v2\/product_cat?post=6003"},{"taxonomy":"product_tag","embeddable":true,"href":"https:\/\/mountlaser.com\/sq\/wp-json\/wp\/v2\/product_tag?post=6003"}],"curies":[{"name":"wp","href":"https:\/\/api.w.org\/{rel}","templated":true}]}}