{"id":5993,"date":"2025-12-19T01:50:19","date_gmt":"2025-12-19T01:50:19","guid":{"rendered":"https:\/\/mountlaser.com\/?post_type=product&#038;p=5993"},"modified":"2025-12-19T01:50:19","modified_gmt":"2025-12-19T01:50:19","slug":"bt150-s3-black-elevator-tripod","status":"publish","type":"product","link":"https:\/\/mountlaser.com\/sq\/produkt\/bt150-s3-black-elevator-tripod\/","title":{"rendered":"Tripod ashensor BT150-S3 i zi"},"content":{"rendered":"<p data-start=\"180\" data-end=\"621\">I\/E\/T\u00eb\/T\u00eb<a href=\"https:\/\/mountlaser.com\/sq\/\"> <strong data-start=\"184\" data-end=\"218\">Tripod ashensor BT150-S3 i zi<\/strong> <\/a>\u00ebsht\u00eb nj\u00eb zgjidhje mb\u00ebshtet\u00ebse e besueshme dhe profesionale e projektuar p\u00ebr aplikime t\u00eb nivelimit dhe matjes me lazer. I prodhuar nga alumini i q\u00ebndruesh\u00ebm me oksid, ky trek\u00ebmb\u00ebsh ofron forc\u00eb t\u00eb shk\u00eblqyer nd\u00ebrsa mbetet i leht\u00eb p\u00ebr transport t\u00eb leht\u00eb. Si nj\u00eb trek\u00ebmb\u00ebsh me cil\u00ebsi t\u00eb lart\u00eb<a href=\"https:\/\/mountlaser.com\/sq\/about-us\/\"> <strong data-start=\"471\" data-end=\"497\">Tripod p\u00ebr studim alumini<\/strong><\/a>, Tripodi me ashensor BT150-S3 i zi ofron stabilitet dhe precizion t\u00eb jasht\u00ebzakonsh\u00ebm p\u00ebr vendet e pun\u00ebs si n\u00eb ambiente t\u00eb brendshme ashtu edhe n\u00eb ato t\u00eb jashtme.<\/p>\n<p data-start=\"623\" data-end=\"1155\">Duke shfaqur nj\u00eb dizajn t\u00eb fort\u00eb n\u00eb form\u00eb patkoi, Tripodi i Zi me Ashensor BT150-S3 siguron kontakt t\u00eb fort\u00eb me tok\u00ebn dhe ekuilib\u00ebr t\u00eb p\u00ebrmir\u00ebsuar n\u00eb sip\u00ebrfaqe t\u00eb pabarabarta. Kjo e b\u00ebn at\u00eb nj\u00eb Tripod ideal prej alumini p\u00ebr matje p\u00ebr planifikimin e nd\u00ebrtimit, transferimin e lart\u00ebsis\u00eb dhe detyrat e drejtimit. Me nj\u00eb gam\u00eb t\u00eb rregullueshme lart\u00ebsie prej 54\u2013162 cm dhe nj\u00eb lart\u00ebsi pune prej 50\u2013153 cm, Tripodi i Zi me Ashensor BT150-S3 p\u00ebrshtatet leht\u00ebsisht me k\u00ebrkesa t\u00eb ndryshme pune, duke p\u00ebrputhur standardet e performanc\u00ebs q\u00eb priten nga nj\u00eb Tripod profesional prej alumini p\u00ebr matje.<\/p>\n<p data-start=\"1157\" data-end=\"1649\">Tripodi BT150-S3 Black Ashensor \u00ebsht\u00eb i pajisur me nj\u00eb kok\u00eb alumini q\u00eb p\u00ebrdor nj\u00eb fileto standarde 5\/8\u2033-11, duke siguruar p\u00ebrputhshm\u00ebri me shumic\u00ebn e niveleve lazer dhe instrumenteve t\u00eb matjes. P\u00ebr fleksibilitet m\u00eb t\u00eb madh, versioni BT150R-S3 p\u00ebrfshin nj\u00eb kok\u00eb t\u00eb l\u00ebvizshme t\u00eb anueshme me nj\u00eb opsion filetoje 1\/4\u2033-20. Kjo shkatht\u00ebsi rrit m\u00eb tej vler\u00ebn e Tripodit BT150-S3 Black Ashensor, duke e pozicionuar at\u00eb si nj\u00eb t\u00eb besuesh\u00ebm. <a href=\"https:\/\/mountlaser.com\/sq\/products\/\">Tripod p\u00ebr studim alumini<\/a> p\u00ebr gjeodet\u00ebt, inxhinier\u00ebt dhe profesionist\u00ebt e nd\u00ebrtimit.<\/p>\n<p data-start=\"1157\" data-end=\"1649\"><img fetchpriority=\"high\" decoding=\"async\" class=\"aligncenter wp-image-5995\" src=\"https:\/\/mountlaser.com\/wp-content\/uploads\/2025\/12\/BT150P2.webp\" alt=\"BT150-S3 Black Elevator Tripod\" width=\"500\" height=\"500\" srcset=\"https:\/\/mountlaser.com\/wp-content\/uploads\/2025\/12\/BT150P2.webp 1000w, https:\/\/mountlaser.com\/wp-content\/uploads\/2025\/12\/BT150P2-300x300.webp 300w, https:\/\/mountlaser.com\/wp-content\/uploads\/2025\/12\/BT150P2-150x150.webp 150w, https:\/\/mountlaser.com\/wp-content\/uploads\/2025\/12\/BT150P2-768x768.webp 768w, https:\/\/mountlaser.com\/wp-content\/uploads\/2025\/12\/BT150P2-12x12.webp 12w, https:\/\/mountlaser.com\/wp-content\/uploads\/2025\/12\/BT150P2-600x600.webp 600w, https:\/\/mountlaser.com\/wp-content\/uploads\/2025\/12\/BT150P2-800x800.webp 800w, https:\/\/mountlaser.com\/wp-content\/uploads\/2025\/12\/BT150P2-400x400.webp 400w\" sizes=\"(max-width: 500px) 100vw, 500px\" \/><\/p>\n<p data-start=\"1157\" data-end=\"1649\">Specifikimet e Tripodit t\u00eb Zi t\u00eb Ashensorit BT150-S3<\/p>\n<div>\n<table style=\"border-collapse: collapse; width: 735.77pt;\" border=\"0\" width=\"981\" cellspacing=\"0\" cellpadding=\"0\">\n<tbody>\n<tr style=\"height: 14.25pt;\">\n<td class=\"et2\" style=\"height: 14.25pt; width: 127.50pt;\" width=\"170\" height=\"19\">NUM\u00cbR<\/td>\n<td class=\"et3\" style=\"width: 92.25pt;\" width=\"123\">NGJYRA<\/td>\n<td class=\"et3\" style=\"width: 77.25pt;\" width=\"103\">MATERIALI<\/td>\n<td class=\"et3\" style=\"width: 96.75pt;\" width=\"129\">LART\u00cbSIA E TRIPODIT<\/td>\n<td class=\"et4\" style=\"width: 141.00pt;\" width=\"188\">LART\u00cbSIA E PUN\u00cbS<\/td>\n<td class=\"et3\" style=\"width: 201.00pt;\" width=\"268\">FIJE<\/td>\n<\/tr>\n<tr style=\"height: 18.75pt;\">\n<td class=\"et5\" style=\"height: 18.75pt; width: 127.50pt;\" width=\"170\" height=\"25\">BT150-S3<\/td>\n<td class=\"et6\">E zez\u00eb<\/td>\n<td class=\"et7\">Alumini<\/td>\n<td class=\"et6\">54-162 cm<\/td>\n<td class=\"et6\">50-153 cm<\/td>\n<td class=\"et6\">Kok\u00eb alumini 5\/8\u2033-11<\/td>\n<\/tr>\n<tr style=\"height: 17.25pt;\">\n<td class=\"et8\" style=\"height: 17.25pt;\" height=\"23\">BT150R-S3<\/td>\n<td class=\"et6\">E zez\u00eb<\/td>\n<td class=\"et7\">Alumini<\/td>\n<td class=\"et6\">61-169 cm<\/td>\n<td class=\"et6\">57-160 cm<\/td>\n<td class=\"et6\">Alumini 5\/8\u2033-11 + Anim i l\u00ebvizsh\u00ebm 1\/4\u2033-20<\/td>\n<\/tr>\n<\/tbody>\n<\/table>\n<\/div>","protected":false},"excerpt":{"rendered":"<ul>\n<li>Ofron mb\u00ebshtetje t\u00eb q\u00ebndrueshme p\u00ebr nivelat lazerike dhe instrumentet e matjes<\/li>\n<li>Rregullim lart\u00ebsie n\u00eb stilin e ashensorit p\u00ebr pozicionim t\u00eb sakt\u00eb<\/li>\n<li>K\u00ebmb\u00ebt n\u00eb form\u00eb patkoi p\u00ebrmir\u00ebsojn\u00eb stabilitetin n\u00eb tok\u00eb t\u00eb pabarabart\u00eb ose t\u00eb but\u00eb<\/li>\n<li>I pajtuesh\u00ebm me instrumentet standarde 5\/8\u2033-11 dhe instrumentet opsionale 1\/4\u2033-20<\/li>\n<li>Nd\u00ebrtim i leht\u00eb prej alumini p\u00ebr transport t\u00eb leht\u00eb dhe q\u00ebndrueshm\u00ebri<\/li>\n<\/ul>","protected":false},"featured_media":5997,"comment_status":"open","ping_status":"closed","template":"","meta":[],"product_brand":[],"product_cat":[122,94],"product_tag":[],"class_list":{"0":"post-5993","1":"product","2":"type-product","3":"status-publish","4":"has-post-thumbnail","6":"product_cat-laser-level-tripod","7":"product_cat-laser-level-accessory","9":"first","10":"instock","11":"shipping-taxable","12":"product-type-simple"},"_links":{"self":[{"href":"https:\/\/mountlaser.com\/sq\/wp-json\/wp\/v2\/product\/5993","targetHints":{"allow":["GET"]}}],"collection":[{"href":"https:\/\/mountlaser.com\/sq\/wp-json\/wp\/v2\/product"}],"about":[{"href":"https:\/\/mountlaser.com\/sq\/wp-json\/wp\/v2\/types\/product"}],"replies":[{"embeddable":true,"href":"https:\/\/mountlaser.com\/sq\/wp-json\/wp\/v2\/comments?post=5993"}],"wp:featuredmedia":[{"embeddable":true,"href":"https:\/\/mountlaser.com\/sq\/wp-json\/wp\/v2\/media\/5997"}],"wp:attachment":[{"href":"https:\/\/mountlaser.com\/sq\/wp-json\/wp\/v2\/media?parent=5993"}],"wp:term":[{"taxonomy":"product_brand","embeddable":true,"href":"https:\/\/mountlaser.com\/sq\/wp-json\/wp\/v2\/product_brand?post=5993"},{"taxonomy":"product_cat","embeddable":true,"href":"https:\/\/mountlaser.com\/sq\/wp-json\/wp\/v2\/product_cat?post=5993"},{"taxonomy":"product_tag","embeddable":true,"href":"https:\/\/mountlaser.com\/sq\/wp-json\/wp\/v2\/product_tag?post=5993"}],"curies":[{"name":"wp","href":"https:\/\/api.w.org\/{rel}","templated":true}]}}