{"id":5956,"date":"2025-12-16T05:31:56","date_gmt":"2025-12-16T05:31:56","guid":{"rendered":"https:\/\/mountlaser.com\/?post_type=product&#038;p=5956"},"modified":"2025-12-16T05:31:57","modified_gmt":"2025-12-16T05:31:57","slug":"sc85002-soft-case","status":"publish","type":"product","link":"https:\/\/mountlaser.com\/sq\/produkt\/sc85002-soft-case\/","title":{"rendered":"Kutia e but\u00eb SC85002"},"content":{"rendered":"<p>I\/E\/T\u00eb\/T\u00eb <a href=\"https:\/\/mountlaser.com\/sq\/\"><strong data-start=\"87\" data-end=\"108\">Kuti e but\u00eb SC85002<\/strong><\/a> \u00ebsht\u00eb nj\u00eb kuti e fort\u00eb dhe profesionale e Stacionit Total, e projektuar p\u00ebr t\u00eb mbrojtur instrumentet e matjes n\u00eb kushte t\u00eb v\u00ebshtira n\u00eb terren. E nd\u00ebrtuar p\u00ebr besueshm\u00ebri, kutia e but\u00eb SC85002 siguron ruajtje t\u00eb sigurt p\u00ebr shumic\u00ebn e stacioneve totale, duke ruajtur transportueshm\u00ebrin\u00eb dhe leht\u00ebsin\u00eb e p\u00ebrdorimit. E b\u00ebr\u00eb nga najloni rezistent ndaj ujit me nj\u00eb fund t\u00eb p\u00ebrforcuar dhe rezistent ndaj g\u00ebrryerjes, kjo kuti e Stacionit Total siguron performanc\u00eb t\u00eb besueshme n\u00eb vendet e nd\u00ebrtimit dhe projektet e matjes. Me mbushje shkum\u00eb 2\u201d n\u00eb t\u00eb gjitha an\u00ebt, kutia e but\u00eb SC85002 thith goditjet dhe dridhjet gjat\u00eb transportit, duke mbrojtur pajisjet e ndjeshme. Rripat e shpin\u00ebs s\u00eb fort\u00eb lejojn\u00eb mbajtje t\u00eb rehatshme, duke e b\u00ebr\u00eb Kutin\u00eb e Stacionit Total ideale p\u00ebr operacione t\u00eb gjata n\u00eb terren. Nj\u00eb ndarje e integruar p\u00ebr aksesor\u00eb n\u00eb kapak rrit m\u00eb tej praktik\u00ebn e SC85002, duke i mbajtur mjetet thelb\u00ebsore t\u00eb organizuara dhe t\u00eb arritshme brenda k\u00ebsaj kutie t\u00eb besueshme. <a href=\"https:\/\/mountlaser.com\/sq\/kategori-produkti\/surveying-accessory\/\"><strong data-start=\"1000\" data-end=\"1022\">Rasti i Stacionit Total<\/strong><\/a>.<\/p>\n<p><img fetchpriority=\"high\" decoding=\"async\" class=\"aligncenter wp-image-5957\" src=\"https:\/\/mountlaser.com\/wp-content\/uploads\/2025\/12\/SC85002.webp\" alt=\"SC85002 Soft Case\" width=\"500\" height=\"500\" srcset=\"https:\/\/mountlaser.com\/wp-content\/uploads\/2025\/12\/SC85002.webp 800w, https:\/\/mountlaser.com\/wp-content\/uploads\/2025\/12\/SC85002-300x300.webp 300w, https:\/\/mountlaser.com\/wp-content\/uploads\/2025\/12\/SC85002-150x150.webp 150w, https:\/\/mountlaser.com\/wp-content\/uploads\/2025\/12\/SC85002-768x768.webp 768w, https:\/\/mountlaser.com\/wp-content\/uploads\/2025\/12\/SC85002-12x12.webp 12w, https:\/\/mountlaser.com\/wp-content\/uploads\/2025\/12\/SC85002-600x600.webp 600w, https:\/\/mountlaser.com\/wp-content\/uploads\/2025\/12\/SC85002-400x400.webp 400w\" sizes=\"(max-width: 500px) 100vw, 500px\" \/><\/p>\n<p>I\/E\/T\u00eb\/T\u00eb <a href=\"https:\/\/mountlaser.com\/sq\/about-us\/\"><strong data-start=\"1533\" data-end=\"1554\">Kuti e but\u00eb SC85002<\/strong><\/a> \u00ebsht\u00eb nj\u00eb kuti e besueshme e stacionit total q\u00eb kombinon mbrojtjen, rehatin\u00eb dhe q\u00ebndrueshm\u00ebrin\u00eb, duke e b\u00ebr\u00eb at\u00eb nj\u00eb zgjidhje thelb\u00ebsore transporti p\u00ebr gjeodet\u00ebt profesionist\u00eb.<\/p>","protected":false},"excerpt":{"rendered":"<ul>\n<li>Sh\u00ebrben si nj\u00eb kuti e q\u00ebndrueshme e stacionit total p\u00ebr mjedise t\u00eb v\u00ebshtira n\u00eb terren<\/li>\n<li>Pjesa e jashtme prej najloni rezistente ndaj ujit mbron nga lag\u00ebshtia dhe pluhuri<\/li>\n<li>Mbushje me shkum\u00eb 2\u201d n\u00eb t\u00eb gjitha an\u00ebt p\u00ebr mbrojtje superiore nga goditjet<\/li>\n<li>Rripa t\u00eb fort\u00eb shpine p\u00ebr mbajtje t\u00eb rehatshme<\/li>\n<li>I p\u00ebrshtatsh\u00ebm p\u00ebr shumic\u00ebn e stacioneve totale<\/li>\n<li>Madh\u00ebsia e jashtme: 30 \u00d7 28 \u00d7 50 cm<\/li>\n<\/ul>","protected":false},"featured_media":5957,"comment_status":"open","ping_status":"closed","template":"","meta":[],"product_brand":[],"product_cat":[164,79],"product_tag":[],"class_list":{"0":"post-5956","1":"product","2":"type-product","3":"status-publish","4":"has-post-thumbnail","6":"product_cat-soft-case","7":"product_cat-surveying-accessory","9":"first","10":"instock","11":"shipping-taxable","12":"product-type-simple"},"_links":{"self":[{"href":"https:\/\/mountlaser.com\/sq\/wp-json\/wp\/v2\/product\/5956","targetHints":{"allow":["GET"]}}],"collection":[{"href":"https:\/\/mountlaser.com\/sq\/wp-json\/wp\/v2\/product"}],"about":[{"href":"https:\/\/mountlaser.com\/sq\/wp-json\/wp\/v2\/types\/product"}],"replies":[{"embeddable":true,"href":"https:\/\/mountlaser.com\/sq\/wp-json\/wp\/v2\/comments?post=5956"}],"wp:featuredmedia":[{"embeddable":true,"href":"https:\/\/mountlaser.com\/sq\/wp-json\/wp\/v2\/media\/5957"}],"wp:attachment":[{"href":"https:\/\/mountlaser.com\/sq\/wp-json\/wp\/v2\/media?parent=5956"}],"wp:term":[{"taxonomy":"product_brand","embeddable":true,"href":"https:\/\/mountlaser.com\/sq\/wp-json\/wp\/v2\/product_brand?post=5956"},{"taxonomy":"product_cat","embeddable":true,"href":"https:\/\/mountlaser.com\/sq\/wp-json\/wp\/v2\/product_cat?post=5956"},{"taxonomy":"product_tag","embeddable":true,"href":"https:\/\/mountlaser.com\/sq\/wp-json\/wp\/v2\/product_tag?post=5956"}],"curies":[{"name":"wp","href":"https:\/\/api.w.org\/{rel}","templated":true}]}}