{"id":5952,"date":"2025-12-16T03:15:21","date_gmt":"2025-12-16T03:15:21","guid":{"rendered":"https:\/\/mountlaser.com\/?post_type=product&#038;p=5952"},"modified":"2025-12-16T03:15:22","modified_gmt":"2025-12-16T03:15:22","slug":"sc82001-82002-soft-case","status":"publish","type":"product","link":"https:\/\/mountlaser.com\/sq\/produkt\/sc82001-82002-soft-case\/","title":{"rendered":"Kutia e but\u00eb SC82001"},"content":{"rendered":"<p>I\/E\/T\u00eb\/T\u00eb <a href=\"https:\/\/mountlaser.com\/sq\/\"><strong>Kuti e but\u00eb SC82001\/82002<\/strong><\/a> \u00ebsht\u00eb nj\u00eb Mbajt\u00ebse Profesionale p\u00ebr Kazan Sp\u00ebrkatjeje me Xhepa dhe Kap\u00ebse e projektuar posa\u00e7\u00ebrisht p\u00ebr topograf\u00ebt dhe profesionist\u00ebt e nd\u00ebrtimit q\u00eb kan\u00eb nevoj\u00eb p\u00ebr akses t\u00eb shpejt\u00eb dhe t\u00eb organizuar n\u00eb mjetet e sh\u00ebnimit n\u00eb terren. E nd\u00ebrtuar nga najloni i fort\u00eb 1000D Cordura, kutia e but\u00eb SC82001\/82002 ofron rezistenc\u00eb t\u00eb shk\u00eblqyer ndaj grisjes dhe g\u00ebrryerjes p\u00ebr p\u00ebrdorim afatgjat\u00eb n\u00eb natyr\u00eb. Si nj\u00eb mbajt\u00ebse e gjithanshme <a href=\"https:\/\/mountlaser.com\/sq\/kategori-produkti\/surveying-accessory\/\"><strong>Mbajt\u00ebse p\u00ebr kana\u00e7e sp\u00ebrkat\u00ebse me xhepa dhe kap\u00ebse<\/strong><\/a>, mban n\u00eb m\u00ebnyr\u00eb t\u00eb sigurt nj\u00eb kana\u00e7e standarde boj\u00eb ose dy kana\u00e7e pijeje 12 oz, s\u00eb bashku me aksesor\u00eb thelb\u00ebsor\u00eb si stilolapsa, lapsa dhe vizore t\u00eb palosshme. Kutia e but\u00eb SC82001\/82002 p\u00ebrmban rripa sigurie me Velcro dhe nj\u00eb xhep t\u00eb fort\u00eb p\u00ebr kana\u00e7e p\u00ebr akses t\u00eb shpejt\u00eb brenda dhe jasht\u00eb, nd\u00ebrsa dizajni i Mbajt\u00ebses s\u00eb Kana\u00e7es s\u00eb Sp\u00ebrkatjes me Xhepa dhe Kap\u00ebse siguron q\u00eb gjith\u00e7ka t\u00eb q\u00ebndroj\u00eb fort n\u00eb vend gjat\u00eb l\u00ebvizjes. P\u00ebr ruajtje shtes\u00eb, versioni SC82002 i kutis\u00eb s\u00eb but\u00eb SC82001\/82002 p\u00ebrfshin nj\u00eb xhep horizontal me zinxhir n\u00eb pjes\u00ebn e poshtme, duke rritur funksionalitetin e k\u00ebsaj Mbajt\u00ebseje Kana\u00e7es s\u00eb Sp\u00ebrkatjes me Xhepa dhe Kap\u00ebse p\u00ebr vende pune me k\u00ebrkesa t\u00eb larta.<\/p>\n<p><img fetchpriority=\"high\" decoding=\"async\" class=\"aligncenter wp-image-5953\" src=\"https:\/\/mountlaser.com\/wp-content\/uploads\/2025\/12\/SC82001.webp\" alt=\"SC82001\/82002 Soft case\" width=\"500\" height=\"500\" srcset=\"https:\/\/mountlaser.com\/wp-content\/uploads\/2025\/12\/SC82001.webp 1000w, https:\/\/mountlaser.com\/wp-content\/uploads\/2025\/12\/SC82001-300x300.webp 300w, https:\/\/mountlaser.com\/wp-content\/uploads\/2025\/12\/SC82001-150x150.webp 150w, https:\/\/mountlaser.com\/wp-content\/uploads\/2025\/12\/SC82001-768x768.webp 768w, https:\/\/mountlaser.com\/wp-content\/uploads\/2025\/12\/SC82001-12x12.webp 12w, https:\/\/mountlaser.com\/wp-content\/uploads\/2025\/12\/SC82001-600x600.webp 600w, https:\/\/mountlaser.com\/wp-content\/uploads\/2025\/12\/SC82001-800x800.webp 800w, https:\/\/mountlaser.com\/wp-content\/uploads\/2025\/12\/SC82001-400x400.webp 400w\" sizes=\"(max-width: 500px) 100vw, 500px\" \/><\/p>\n<p>I\/E\/T\u00eb\/T\u00eb <a href=\"https:\/\/mountlaser.com\/sq\/contact-us\/\">Kuti e but\u00eb SC82001\/82002<\/a> \u00ebsht\u00eb nj\u00eb mbajt\u00ebse e fort\u00eb dhe praktike e kana\u00e7es s\u00eb sp\u00ebrkatjes me xhepa dhe kap\u00ebse, q\u00eb ofron q\u00ebndrueshm\u00ebri, organizim dhe komoditet p\u00ebr detyra profesionale t\u00eb matjes dhe sh\u00ebnimit t\u00eb nd\u00ebrtimit.<\/p>","protected":false},"excerpt":{"rendered":"<ul>\n<li>Funksionon si nj\u00eb mbajt\u00ebse e q\u00ebndrueshme e kana\u00e7es s\u00eb sp\u00ebrkatjes me xhepa dhe kap\u00ebse p\u00ebr sh\u00ebnimin n\u00eb terren<\/li>\n<li>Xhepa t\u00eb shumt\u00eb p\u00ebr stilolapsa, lapsa dhe vizore t\u00eb palosshme<\/li>\n<li>Rripat e siguris\u00eb me velcro i mbajn\u00eb mjetet t\u00eb q\u00ebndrueshme gjat\u00eb l\u00ebvizjes<\/li>\n<li>Lak rripi 2\u2033 i gjer\u00eb me rrjet\u00eb najloni t\u00eb p\u00ebrforcuar<\/li>\n<li>Kap\u00ebse plastike e fort\u00eb p\u00ebr fiksim t\u00eb sigurt t\u00eb rripit<\/li>\n<li>SC82002 p\u00ebrfshin nj\u00eb xhep me zinxhir n\u00eb pjes\u00ebn e poshtme p\u00ebr hap\u00ebsir\u00eb shtes\u00eb ruajtjeje<\/li>\n<\/ul>","protected":false},"featured_media":5953,"comment_status":"open","ping_status":"closed","template":"","meta":[],"product_brand":[],"product_cat":[164,79],"product_tag":[],"class_list":{"0":"post-5952","1":"product","2":"type-product","3":"status-publish","4":"has-post-thumbnail","6":"product_cat-soft-case","7":"product_cat-surveying-accessory","9":"first","10":"instock","11":"shipping-taxable","12":"product-type-simple"},"_links":{"self":[{"href":"https:\/\/mountlaser.com\/sq\/wp-json\/wp\/v2\/product\/5952","targetHints":{"allow":["GET"]}}],"collection":[{"href":"https:\/\/mountlaser.com\/sq\/wp-json\/wp\/v2\/product"}],"about":[{"href":"https:\/\/mountlaser.com\/sq\/wp-json\/wp\/v2\/types\/product"}],"replies":[{"embeddable":true,"href":"https:\/\/mountlaser.com\/sq\/wp-json\/wp\/v2\/comments?post=5952"}],"wp:featuredmedia":[{"embeddable":true,"href":"https:\/\/mountlaser.com\/sq\/wp-json\/wp\/v2\/media\/5953"}],"wp:attachment":[{"href":"https:\/\/mountlaser.com\/sq\/wp-json\/wp\/v2\/media?parent=5952"}],"wp:term":[{"taxonomy":"product_brand","embeddable":true,"href":"https:\/\/mountlaser.com\/sq\/wp-json\/wp\/v2\/product_brand?post=5952"},{"taxonomy":"product_cat","embeddable":true,"href":"https:\/\/mountlaser.com\/sq\/wp-json\/wp\/v2\/product_cat?post=5952"},{"taxonomy":"product_tag","embeddable":true,"href":"https:\/\/mountlaser.com\/sq\/wp-json\/wp\/v2\/product_tag?post=5952"}],"curies":[{"name":"wp","href":"https:\/\/api.w.org\/{rel}","templated":true}]}}