{"id":5944,"date":"2025-12-16T01:55:33","date_gmt":"2025-12-16T01:55:33","guid":{"rendered":"https:\/\/mountlaser.com\/?post_type=product&#038;p=5944"},"modified":"2025-12-16T01:55:33","modified_gmt":"2025-12-16T01:55:33","slug":"bl30-bubble-level","status":"publish","type":"product","link":"https:\/\/mountlaser.com\/sq\/produkt\/bl30-bubble-level\/","title":{"rendered":"Niveli i flluskave BL30"},"content":{"rendered":"<p>I\/E\/T\u00eb\/T\u00eb <a href=\"https:\/\/mountlaser.com\/sq\/\"><strong>Niveli i flluskave BL30<\/strong><\/a> \u00ebsht\u00eb nj\u00eb nivelues flluskash me precizion t\u00eb instrumentit t\u00eb matjes, i projektuar posa\u00e7\u00ebrisht p\u00ebr niveluesit dixhital\u00eb t\u00eb stilit zviceran. Si nj\u00eb nivelues flluskash me sakt\u00ebsi t\u00eb lart\u00eb p\u00ebr DNA03, ai siguron nivelim t\u00eb shpejt\u00eb dhe t\u00eb besuesh\u00ebm gjat\u00eb konfigurimit, duke i ndihmuar topograf\u00ebt t\u00eb arrijn\u00eb matje t\u00eb sakta me besim. Niveli flluskash BL30 \u00ebsht\u00eb projektuar p\u00ebr t&#039;u p\u00ebrputhur me specifikimet origjinale t\u00eb DNA03, duke e b\u00ebr\u00eb at\u00eb nj\u00eb z\u00ebvend\u00ebsim ose aksesor ideal p\u00ebr profesionist\u00ebt e terrenit. I projektuar si nj\u00eb i besuesh\u00ebm. <a href=\"https:\/\/mountlaser.com\/sq\/kategori-produkti\/surveying-accessory\/\"><strong>nivel fllusk\u00eb p\u00ebr DNA03<\/strong><\/a>, niveli fllusk\u00eb BL30 ofron shikueshm\u00ebri t\u00eb qart\u00eb dhe performanc\u00eb t\u00eb q\u00ebndrueshme n\u00eb mjedise t\u00eb k\u00ebrkuara matjeje. Qoft\u00eb i p\u00ebrdorur p\u00ebr kontrolle rutin\u00eb apo detyra profesionale nivelimi, ky nivel fllusk\u00eb p\u00ebr DNA03 ofron sakt\u00ebsi t\u00eb q\u00ebndrueshme dhe besueshm\u00ebri afatgjat\u00eb.<\/p>\n<p><img fetchpriority=\"high\" decoding=\"async\" class=\"aligncenter wp-image-5945\" src=\"https:\/\/mountlaser.com\/wp-content\/uploads\/2025\/12\/BL301.webp\" alt=\"BL30 Bubble Level\" width=\"500\" height=\"500\" srcset=\"https:\/\/mountlaser.com\/wp-content\/uploads\/2025\/12\/BL301.webp 1000w, https:\/\/mountlaser.com\/wp-content\/uploads\/2025\/12\/BL301-300x300.webp 300w, https:\/\/mountlaser.com\/wp-content\/uploads\/2025\/12\/BL301-150x150.webp 150w, https:\/\/mountlaser.com\/wp-content\/uploads\/2025\/12\/BL301-768x768.webp 768w, https:\/\/mountlaser.com\/wp-content\/uploads\/2025\/12\/BL301-12x12.webp 12w, https:\/\/mountlaser.com\/wp-content\/uploads\/2025\/12\/BL301-600x600.webp 600w, https:\/\/mountlaser.com\/wp-content\/uploads\/2025\/12\/BL301-800x800.webp 800w, https:\/\/mountlaser.com\/wp-content\/uploads\/2025\/12\/BL301-400x400.webp 400w\" sizes=\"(max-width: 500px) 100vw, 500px\" \/><\/p>\n<p>Niveli BL30 p\u00ebr flluska \u00ebsht\u00eb i besuesh\u00ebm dhe i sakt\u00eb. <a href=\"https:\/\/mountlaser.com\/sq\/contact-us\/\">nivel fllusk\u00eb p\u00ebr DNA03<\/a>, duke ofruar dukshm\u00ebri t\u00eb shk\u00eblqyer, nivelim t\u00eb sakt\u00eb dhe performanc\u00eb t\u00eb besueshme p\u00ebr aplikime profesionale t\u00eb matjes.<\/p>","protected":false},"excerpt":{"rendered":"<ul>\n<li>Siguron nivelim t\u00eb sakt\u00eb t\u00eb instrumenteve p\u00ebr nivelimet dixhitale DNA03 t\u00eb stilit zviceran<\/li>\n<li>I projektuar posa\u00e7\u00ebrisht si nj\u00eb nivel fllusk\u00eb p\u00ebr pajtueshm\u00ebrin\u00eb me DNA03<\/li>\n<li>P\u00ebrmir\u00ebson shpejt\u00ebsin\u00eb e konfigurimit dhe besueshm\u00ebrin\u00eb e matjes<\/li>\n<li>Fllusk\u00eb me dukshm\u00ebri t\u00eb lart\u00eb p\u00ebr lexim t\u00eb leht\u00eb n\u00eb kushte fushore<\/li>\n<li>Nd\u00ebrtim i q\u00ebndruesh\u00ebm p\u00ebr p\u00ebrdorim afatgjat\u00eb t\u00eb matjeve<\/li>\n<\/ul>","protected":false},"featured_media":5946,"comment_status":"open","ping_status":"closed","template":"","meta":[],"product_brand":[],"product_cat":[153,79],"product_tag":[],"class_list":{"0":"post-5944","1":"product","2":"type-product","3":"status-publish","4":"has-post-thumbnail","6":"product_cat-bubble-for-tribrach-carrier-prism","7":"product_cat-surveying-accessory","9":"first","10":"instock","11":"shipping-taxable","12":"product-type-simple"},"_links":{"self":[{"href":"https:\/\/mountlaser.com\/sq\/wp-json\/wp\/v2\/product\/5944","targetHints":{"allow":["GET"]}}],"collection":[{"href":"https:\/\/mountlaser.com\/sq\/wp-json\/wp\/v2\/product"}],"about":[{"href":"https:\/\/mountlaser.com\/sq\/wp-json\/wp\/v2\/types\/product"}],"replies":[{"embeddable":true,"href":"https:\/\/mountlaser.com\/sq\/wp-json\/wp\/v2\/comments?post=5944"}],"wp:featuredmedia":[{"embeddable":true,"href":"https:\/\/mountlaser.com\/sq\/wp-json\/wp\/v2\/media\/5946"}],"wp:attachment":[{"href":"https:\/\/mountlaser.com\/sq\/wp-json\/wp\/v2\/media?parent=5944"}],"wp:term":[{"taxonomy":"product_brand","embeddable":true,"href":"https:\/\/mountlaser.com\/sq\/wp-json\/wp\/v2\/product_brand?post=5944"},{"taxonomy":"product_cat","embeddable":true,"href":"https:\/\/mountlaser.com\/sq\/wp-json\/wp\/v2\/product_cat?post=5944"},{"taxonomy":"product_tag","embeddable":true,"href":"https:\/\/mountlaser.com\/sq\/wp-json\/wp\/v2\/product_tag?post=5944"}],"curies":[{"name":"wp","href":"https:\/\/api.w.org\/{rel}","templated":true}]}}