{"id":5935,"date":"2025-12-16T01:16:22","date_gmt":"2025-12-16T01:16:22","guid":{"rendered":"https:\/\/mountlaser.com\/?post_type=product&#038;p=5935"},"modified":"2025-12-16T01:16:22","modified_gmt":"2025-12-16T01:16:22","slug":"gfz3-diagonal-eyepiece","status":"publish","type":"product","link":"https:\/\/mountlaser.com\/sq\/produkt\/gfz3-diagonal-eyepiece\/","title":{"rendered":"Okular diagonal GFZ3"},"content":{"rendered":"<p>I\/E\/T\u00eb\/T\u00eb <a href=\"https:\/\/mountlaser.com\/sq\/\"><strong data-start=\"104\" data-end=\"130\">Okular diagonal GFZ3<\/strong><\/a> \u00ebsht\u00eb nj\u00eb aksesor optik preciz i projektuar p\u00ebr t\u00eb p\u00ebrmir\u00ebsuar komoditetin e shikimit dhe efikasitetin e pun\u00ebs gjat\u00eb p\u00ebrdorimit t\u00eb stacioneve totale t\u00eb tipit zviceran. Si profesionist <a href=\"https:\/\/mountlaser.com\/sq\/kategori-produkti\/surveying-accessory\/\"><strong data-start=\"283\" data-end=\"319\">okular diagonal p\u00ebr llojin zviceran<\/strong><\/a> instrumenteve, ai p\u00ebrdor nj\u00eb lidhje t\u00eb besueshme n\u00eb stilin e bajonet\u00ebs p\u00ebr t\u00eb siguruar instalim t\u00eb shpejt\u00eb dhe nj\u00eb p\u00ebrshtatje t\u00eb sigurt. Okulari Diagonal GFZ3 u lejon gjeodet\u00ebve t\u00eb v\u00ebzhgojn\u00eb objektivat nga nj\u00eb k\u00ebnd m\u00eb ergonomik, duke zvog\u00ebluar tendosjen e qaf\u00ebs gjat\u00eb seancave t\u00eb gjata t\u00eb matjes ose konfigurimeve n\u00eb pozicion t\u00eb ul\u00ebt.<\/p>\n<p><img fetchpriority=\"high\" decoding=\"async\" class=\"aligncenter wp-image-5936\" src=\"https:\/\/mountlaser.com\/wp-content\/uploads\/2025\/12\/GFZ31.webp\" alt=\"GFZ3 Diagonal Eyepiece\" width=\"500\" height=\"500\" srcset=\"https:\/\/mountlaser.com\/wp-content\/uploads\/2025\/12\/GFZ31.webp 800w, https:\/\/mountlaser.com\/wp-content\/uploads\/2025\/12\/GFZ31-300x300.webp 300w, https:\/\/mountlaser.com\/wp-content\/uploads\/2025\/12\/GFZ31-150x150.webp 150w, https:\/\/mountlaser.com\/wp-content\/uploads\/2025\/12\/GFZ31-768x768.webp 768w, https:\/\/mountlaser.com\/wp-content\/uploads\/2025\/12\/GFZ31-12x12.webp 12w, https:\/\/mountlaser.com\/wp-content\/uploads\/2025\/12\/GFZ31-600x600.webp 600w, https:\/\/mountlaser.com\/wp-content\/uploads\/2025\/12\/GFZ31-400x400.webp 400w\" sizes=\"(max-width: 500px) 100vw, 500px\" \/><\/p>\n<p>I projektuar posa\u00e7\u00ebrisht si nj\u00eb okular diagonal p\u00ebr stacionet totale t\u00eb tipit zviceran, okulari diagonal GFZ3 ofron nj\u00eb shtrirje optike t\u00eb q\u00ebndrueshme dhe cil\u00ebsi t\u00eb q\u00ebndrueshme t\u00eb imazhit. I disponuesh\u00ebm si n\u00eb ngjyr\u00eb jeshile ashtu edhe n\u00eb t\u00eb zez\u00eb, ky <a href=\"https:\/\/mountlaser.com\/sq\/contact-us\/\">okular diagonal p\u00ebr llojin zviceran<\/a> Stacionet totale kombinojn\u00eb q\u00ebndrueshm\u00ebrin\u00eb, komoditetin dhe performanc\u00ebn profesionale n\u00eb kushte t\u00eb v\u00ebshtira n\u00eb terren.<\/p>","protected":false},"excerpt":{"rendered":"<ul>\n<li>P\u00ebrmir\u00ebson rehatin\u00eb e operatorit duke ridrejtuar k\u00ebndin e shikimit<\/li>\n<li>Montim n\u00eb stil bajonete p\u00ebr fiksim t\u00eb shpejt\u00eb dhe t\u00eb sigurt<\/li>\n<li>I projektuar posa\u00e7\u00ebrisht si nj\u00eb okular diagonal p\u00ebr stacionet totale t\u00eb tipit zviceran<\/li>\n<li>Zvog\u00eblon lodhjen gjat\u00eb detyrave t\u00eb zgjatura t\u00eb matjes<\/li>\n<li>N\u00eb dispozicion n\u00eb opsione me ngjyra jeshile dhe t\u00eb zeza<\/li>\n<\/ul>","protected":false},"featured_media":5936,"comment_status":"open","ping_status":"closed","template":"","meta":[],"product_brand":[],"product_cat":[166,79],"product_tag":[],"class_list":{"0":"post-5935","1":"product","2":"type-product","3":"status-publish","4":"has-post-thumbnail","6":"product_cat-diagonal-eyepiece","7":"product_cat-surveying-accessory","9":"first","10":"instock","11":"shipping-taxable","12":"product-type-simple"},"_links":{"self":[{"href":"https:\/\/mountlaser.com\/sq\/wp-json\/wp\/v2\/product\/5935","targetHints":{"allow":["GET"]}}],"collection":[{"href":"https:\/\/mountlaser.com\/sq\/wp-json\/wp\/v2\/product"}],"about":[{"href":"https:\/\/mountlaser.com\/sq\/wp-json\/wp\/v2\/types\/product"}],"replies":[{"embeddable":true,"href":"https:\/\/mountlaser.com\/sq\/wp-json\/wp\/v2\/comments?post=5935"}],"wp:featuredmedia":[{"embeddable":true,"href":"https:\/\/mountlaser.com\/sq\/wp-json\/wp\/v2\/media\/5936"}],"wp:attachment":[{"href":"https:\/\/mountlaser.com\/sq\/wp-json\/wp\/v2\/media?parent=5935"}],"wp:term":[{"taxonomy":"product_brand","embeddable":true,"href":"https:\/\/mountlaser.com\/sq\/wp-json\/wp\/v2\/product_brand?post=5935"},{"taxonomy":"product_cat","embeddable":true,"href":"https:\/\/mountlaser.com\/sq\/wp-json\/wp\/v2\/product_cat?post=5935"},{"taxonomy":"product_tag","embeddable":true,"href":"https:\/\/mountlaser.com\/sq\/wp-json\/wp\/v2\/product_tag?post=5935"}],"curies":[{"name":"wp","href":"https:\/\/api.w.org\/{rel}","templated":true}]}}