{"id":5916,"date":"2025-12-15T08:42:46","date_gmt":"2025-12-15T08:42:46","guid":{"rendered":"https:\/\/mountlaser.com\/?post_type=product&#038;p=5916"},"modified":"2025-12-15T08:42:46","modified_gmt":"2025-12-15T08:42:46","slug":"sc85014-soft-case","status":"publish","type":"product","link":"https:\/\/mountlaser.com\/sq\/produkt\/sc85014-soft-case\/","title":{"rendered":"Kuti e but\u00eb SC85014"},"content":{"rendered":"<p data-start=\"114\" data-end=\"603\">I\/E\/T\u00eb\/T\u00eb <a href=\"https:\/\/mountlaser.com\/sq\/\"><strong data-start=\"118\" data-end=\"139\">Kuti e but\u00eb SC85014<\/strong><\/a> \u00ebsht\u00eb kompakt dhe i besuesh\u00ebm <a href=\"https:\/\/mountlaser.com\/sq\/kategori-produkti\/surveying-accessory\/\"><strong data-start=\"166\" data-end=\"180\">\u00c7ant\u00eb me trek\u00ebmb\u00ebsh<\/strong><\/a> I projektuar p\u00ebr mbajtjen dhe ruajtjen e sigurt t\u00eb trek\u00ebmb\u00ebshave t\u00eb matjeve. I pajtuesh\u00ebm me shumic\u00ebn e trek\u00ebmb\u00ebshave t\u00eb markave kryesore, \u00e7anta e but\u00eb SC85014 \u00ebsht\u00eb b\u00ebr\u00eb nga material i q\u00ebndruesh\u00ebm fibre dhe p\u00ebrmban nj\u00eb fund t\u00eb p\u00ebrforcuar t\u00eb pap\u00ebrshkuesh\u00ebm nga uji dhe rezistent ndaj g\u00ebrryerjes, duke siguruar mbrojtje t\u00eb besueshme n\u00eb p\u00ebrdorimin e p\u00ebrditsh\u00ebm n\u00eb terren. Kjo \u00e7ant\u00eb praktike e trek\u00ebmb\u00ebshit \u00ebsht\u00eb ideale p\u00ebr matjet dhe profesionist\u00ebt e nd\u00ebrtimit q\u00eb kan\u00eb nevoj\u00eb p\u00ebr nj\u00eb zgjidhje transporti t\u00eb leht\u00eb por mbrojt\u00ebse.<\/p>\n<p data-start=\"114\" data-end=\"603\"><img fetchpriority=\"high\" decoding=\"async\" class=\"aligncenter wp-image-5914\" src=\"https:\/\/mountlaser.com\/wp-content\/uploads\/2025\/12\/SC85013-14.webp\" alt=\"SC85014 Soft Case\" width=\"500\" height=\"500\" srcset=\"https:\/\/mountlaser.com\/wp-content\/uploads\/2025\/12\/SC85013-14.webp 1000w, https:\/\/mountlaser.com\/wp-content\/uploads\/2025\/12\/SC85013-14-300x300.webp 300w, https:\/\/mountlaser.com\/wp-content\/uploads\/2025\/12\/SC85013-14-150x150.webp 150w, https:\/\/mountlaser.com\/wp-content\/uploads\/2025\/12\/SC85013-14-768x768.webp 768w, https:\/\/mountlaser.com\/wp-content\/uploads\/2025\/12\/SC85013-14-12x12.webp 12w, https:\/\/mountlaser.com\/wp-content\/uploads\/2025\/12\/SC85013-14-600x600.webp 600w, https:\/\/mountlaser.com\/wp-content\/uploads\/2025\/12\/SC85013-14-800x800.webp 800w, https:\/\/mountlaser.com\/wp-content\/uploads\/2025\/12\/SC85013-14-400x400.webp 400w\" sizes=\"(max-width: 500px) 100vw, 500px\" \/><\/p>\n<p data-start=\"605\" data-end=\"1003\">E projektuar me nj\u00eb mbyllje t\u00eb sigurt me lidh\u00ebse, \u00e7anta e but\u00eb SC85014 lejon akses t\u00eb shpejt\u00eb duke e mbajtur trek\u00ebmb\u00ebshin t\u00eb mbrojtur nga pluhuri, lag\u00ebshtia dhe goditjet e vogla. Me nj\u00eb gjat\u00ebsi prej 90 cm, kjo \u00e7ant\u00eb trek\u00ebmb\u00ebshi \u00ebsht\u00eb e p\u00ebrshtatshme n\u00eb m\u00ebnyr\u00eb t\u00eb p\u00ebrkryer p\u00ebr trek\u00ebmb\u00ebsh m\u00eb t\u00eb shkurt\u00ebr ose kompakt\u00eb. Qoft\u00eb p\u00ebr transport apo ruajtje, <a href=\"https:\/\/mountlaser.com\/sq\/about-us\/\"><strong data-start=\"913\" data-end=\"934\">Kuti e but\u00eb SC85014<\/strong><\/a> ofron q\u00ebndrueshm\u00ebri, komoditet dhe mbrojtje t\u00eb nivelit profesional.<\/p>","protected":false},"excerpt":{"rendered":"<ul>\n<li>Materiali: Fib\u00ebr e q\u00ebndrueshme me fund t\u00eb p\u00ebrforcuar<\/li>\n<li>Gjat\u00ebsia: 90 cm<\/li>\n<li>Zbatimi: Transporti dhe ruajtja e sigurt e trek\u00ebmb\u00ebshave t\u00eb instrumenteve<\/li>\n<li>Mbyllje me kordon p\u00ebr akses t\u00eb shpejt\u00eb dhe ruajtje t\u00eb sigurt<\/li>\n<li>Mbron trek\u00ebmb\u00ebshat nga pluhuri, lag\u00ebshtia dhe g\u00ebrryerja<\/li>\n<li>Fundi i p\u00ebrforcuar i pap\u00ebrshkuesh\u00ebm nga uji p\u00ebr q\u00ebndrueshm\u00ebri t\u00eb zgjatur<\/li>\n<\/ul>","protected":false},"featured_media":5914,"comment_status":"open","ping_status":"closed","template":"","meta":[],"product_brand":[],"product_cat":[164,79],"product_tag":[],"class_list":{"0":"post-5916","1":"product","2":"type-product","3":"status-publish","4":"has-post-thumbnail","6":"product_cat-soft-case","7":"product_cat-surveying-accessory","9":"first","10":"instock","11":"shipping-taxable","12":"product-type-simple"},"_links":{"self":[{"href":"https:\/\/mountlaser.com\/sq\/wp-json\/wp\/v2\/product\/5916","targetHints":{"allow":["GET"]}}],"collection":[{"href":"https:\/\/mountlaser.com\/sq\/wp-json\/wp\/v2\/product"}],"about":[{"href":"https:\/\/mountlaser.com\/sq\/wp-json\/wp\/v2\/types\/product"}],"replies":[{"embeddable":true,"href":"https:\/\/mountlaser.com\/sq\/wp-json\/wp\/v2\/comments?post=5916"}],"wp:featuredmedia":[{"embeddable":true,"href":"https:\/\/mountlaser.com\/sq\/wp-json\/wp\/v2\/media\/5914"}],"wp:attachment":[{"href":"https:\/\/mountlaser.com\/sq\/wp-json\/wp\/v2\/media?parent=5916"}],"wp:term":[{"taxonomy":"product_brand","embeddable":true,"href":"https:\/\/mountlaser.com\/sq\/wp-json\/wp\/v2\/product_brand?post=5916"},{"taxonomy":"product_cat","embeddable":true,"href":"https:\/\/mountlaser.com\/sq\/wp-json\/wp\/v2\/product_cat?post=5916"},{"taxonomy":"product_tag","embeddable":true,"href":"https:\/\/mountlaser.com\/sq\/wp-json\/wp\/v2\/product_tag?post=5916"}],"curies":[{"name":"wp","href":"https:\/\/api.w.org\/{rel}","templated":true}]}}