{"id":5913,"date":"2025-12-15T08:35:54","date_gmt":"2025-12-15T08:35:54","guid":{"rendered":"https:\/\/mountlaser.com\/?post_type=product&#038;p=5913"},"modified":"2025-12-15T08:35:54","modified_gmt":"2025-12-15T08:35:54","slug":"sc85013-soft-case","status":"publish","type":"product","link":"https:\/\/mountlaser.com\/sq\/produkt\/sc85013-soft-case\/","title":{"rendered":"Kuti e but\u00eb SC85013"},"content":{"rendered":"<p data-start=\"111\" data-end=\"599\">I\/E\/T\u00eb\/T\u00eb <a href=\"https:\/\/mountlaser.com\/sq\/\"><strong data-start=\"115\" data-end=\"136\">Kuti e but\u00eb SC85013<\/strong><\/a> \u00ebsht\u00eb nj\u00eb \u00e7ant\u00eb profesionale p\u00ebr trek\u00ebmb\u00ebsh e projektuar p\u00ebr t\u00eb mbajtur dhe ruajtur n\u00eb m\u00ebnyr\u00eb t\u00eb sigurt trek\u00ebmb\u00ebshat e matjeve n\u00eb mjedise t\u00eb v\u00ebshtira n\u00eb terren. E pajtueshme me shumic\u00ebn e trek\u00ebmb\u00ebshave t\u00eb markave kryesore, \u00e7anta e but\u00eb SC85013 \u00ebsht\u00eb prodhuar nga material fibre i q\u00ebndruesh\u00ebm dhe p\u00ebrmban nj\u00eb fund t\u00eb p\u00ebrforcuar t\u00eb pap\u00ebrshkuesh\u00ebm nga uji dhe rezistent ndaj g\u00ebrryerjes p\u00ebr mbrojtje afatgjat\u00eb. Kjo \u00e7ant\u00eb e besueshme <a href=\"https:\/\/mountlaser.com\/sq\/kategori-produkti\/surveying-accessory\/\"><strong data-start=\"475\" data-end=\"489\">\u00c7ant\u00eb me trek\u00ebmb\u00ebsh<\/strong> <\/a>\u00cbsht\u00eb ideale p\u00ebr gjeodet\u00ebt, inxhinier\u00ebt dhe profesionist\u00ebt e nd\u00ebrtimit q\u00eb k\u00ebrkojn\u00eb transport t\u00eb besuesh\u00ebm t\u00eb pajisjeve.<\/p>\n<p data-start=\"111\" data-end=\"599\"><img fetchpriority=\"high\" decoding=\"async\" class=\"aligncenter wp-image-5914\" src=\"https:\/\/mountlaser.com\/wp-content\/uploads\/2025\/12\/SC85013-14.webp\" alt=\"SC85013 Soft Case\" width=\"500\" height=\"500\" srcset=\"https:\/\/mountlaser.com\/wp-content\/uploads\/2025\/12\/SC85013-14.webp 1000w, https:\/\/mountlaser.com\/wp-content\/uploads\/2025\/12\/SC85013-14-300x300.webp 300w, https:\/\/mountlaser.com\/wp-content\/uploads\/2025\/12\/SC85013-14-150x150.webp 150w, https:\/\/mountlaser.com\/wp-content\/uploads\/2025\/12\/SC85013-14-768x768.webp 768w, https:\/\/mountlaser.com\/wp-content\/uploads\/2025\/12\/SC85013-14-12x12.webp 12w, https:\/\/mountlaser.com\/wp-content\/uploads\/2025\/12\/SC85013-14-600x600.webp 600w, https:\/\/mountlaser.com\/wp-content\/uploads\/2025\/12\/SC85013-14-800x800.webp 800w, https:\/\/mountlaser.com\/wp-content\/uploads\/2025\/12\/SC85013-14-400x400.webp 400w\" sizes=\"(max-width: 500px) 100vw, 500px\" \/><\/p>\n<p data-start=\"601\" data-end=\"1053\">Me nj\u00eb mbyllje t\u00eb sigurt me lidh\u00ebse, \u00e7anta e but\u00eb SC85013 lejon akses t\u00eb shpejt\u00eb duke e mbajtur trek\u00ebmb\u00ebshin t\u00eb mbrojtur nga pluhuri, lag\u00ebshtia dhe goditjet. Si nj\u00eb \u00e7ant\u00eb shum\u00ebfunksionale p\u00ebr trek\u00ebmb\u00ebshin, ajo \u00ebsht\u00eb e disponueshme n\u00eb nj\u00eb gjat\u00ebsi 120 cm (SC85013), duke e b\u00ebr\u00eb t\u00eb p\u00ebrshtatshme p\u00ebr trek\u00ebmb\u00ebsh m\u00eb t\u00eb gjat\u00eb t\u00eb p\u00ebrdorur n\u00eb aplikime profesionale t\u00eb matjeve. Qoft\u00eb p\u00ebr ruajtje apo transport, kjo <a href=\"https:\/\/mountlaser.com\/sq\/about-us\/\">\u00c7ant\u00eb me trek\u00ebmb\u00ebsh<\/a> ofron nj\u00eb zgjidhje efektive p\u00ebr t\u00eb zgjatur jet\u00ebgjat\u00ebsin\u00eb e sh\u00ebrbimit t\u00eb trek\u00ebmb\u00ebshit dhe p\u00ebr t\u00eb p\u00ebrmir\u00ebsuar efikasitetin n\u00eb vendin e pun\u00ebs.<\/p>","protected":false},"excerpt":{"rendered":"<ul>\n<li>Materiali: Trup i q\u00ebndruesh\u00ebm me fibra me fund t\u00eb p\u00ebrforcuar<\/li>\n<li>Mbyllje: Dizajn i sip\u00ebrm me kordon t\u00ebrheq\u00ebs<\/li>\n<li>Gjat\u00ebsia: 120 cm<\/li>\n<li>Zbatimi: Mbajtja dhe ruajtja e sigurt e trek\u00ebmb\u00ebshave t\u00eb instrumenteve<\/li>\n<li>Mbron trek\u00ebmb\u00ebshat nga pluhuri, lag\u00ebshtia dhe g\u00ebrryerja<\/li>\n<li>Fund i p\u00ebrforcuar i pap\u00ebrshkuesh\u00ebm nga uji p\u00ebr kushte t\u00eb v\u00ebshtira n\u00eb vend<\/li>\n<\/ul>","protected":false},"featured_media":5915,"comment_status":"open","ping_status":"closed","template":"","meta":[],"product_brand":[],"product_cat":[164,79],"product_tag":[],"class_list":{"0":"post-5913","1":"product","2":"type-product","3":"status-publish","4":"has-post-thumbnail","6":"product_cat-soft-case","7":"product_cat-surveying-accessory","9":"first","10":"instock","11":"shipping-taxable","12":"product-type-simple"},"_links":{"self":[{"href":"https:\/\/mountlaser.com\/sq\/wp-json\/wp\/v2\/product\/5913","targetHints":{"allow":["GET"]}}],"collection":[{"href":"https:\/\/mountlaser.com\/sq\/wp-json\/wp\/v2\/product"}],"about":[{"href":"https:\/\/mountlaser.com\/sq\/wp-json\/wp\/v2\/types\/product"}],"replies":[{"embeddable":true,"href":"https:\/\/mountlaser.com\/sq\/wp-json\/wp\/v2\/comments?post=5913"}],"wp:featuredmedia":[{"embeddable":true,"href":"https:\/\/mountlaser.com\/sq\/wp-json\/wp\/v2\/media\/5915"}],"wp:attachment":[{"href":"https:\/\/mountlaser.com\/sq\/wp-json\/wp\/v2\/media?parent=5913"}],"wp:term":[{"taxonomy":"product_brand","embeddable":true,"href":"https:\/\/mountlaser.com\/sq\/wp-json\/wp\/v2\/product_brand?post=5913"},{"taxonomy":"product_cat","embeddable":true,"href":"https:\/\/mountlaser.com\/sq\/wp-json\/wp\/v2\/product_cat?post=5913"},{"taxonomy":"product_tag","embeddable":true,"href":"https:\/\/mountlaser.com\/sq\/wp-json\/wp\/v2\/product_tag?post=5913"}],"curies":[{"name":"wp","href":"https:\/\/api.w.org\/{rel}","templated":true}]}}