{"id":5905,"date":"2025-12-15T07:34:40","date_gmt":"2025-12-15T07:34:40","guid":{"rendered":"https:\/\/mountlaser.com\/?post_type=product&#038;p=5905"},"modified":"2025-12-15T07:34:40","modified_gmt":"2025-12-15T07:34:40","slug":"hc-tm30-hard-case","status":"publish","type":"product","link":"https:\/\/mountlaser.com\/sq\/produkt\/hc-tm30-hard-case\/","title":{"rendered":"Kuti e fort\u00eb HC-TM30"},"content":{"rendered":"<p>I\/E\/T\u00eb\/T\u00eb <!--StartFragment --><a href=\"https:\/\/mountlaser.com\/sq\/\"><strong><span class=\"cf0\">Kuti e fort\u00eb HC-TM30<\/span><\/strong><\/a><!--EndFragment -->\u00a0\u00ebsht\u00eb i fort\u00eb dhe profesional <a href=\"https:\/\/mountlaser.com\/sq\/kategori-produkti\/surveying-accessory\/\"><strong>\u00c7ant\u00eb plastike mbajt\u00ebse<\/strong><\/a> I projektuar posa\u00e7\u00ebrisht p\u00ebr t\u00eb mbrojtur stacionet totale zvicerane TM30 dhe TM50 gjat\u00eb transportit dhe ruajtjes. Me nj\u00eb mbules\u00eb t\u00eb jashtme t\u00eb kuqe t\u00eb q\u00ebndrueshme me nj\u00eb pjes\u00eb t\u00eb brendshme t\u00eb zez\u00eb q\u00eb thith goditjet, kutia e fort\u00eb HC-TM30 siguron q\u00eb instrumenti juaj preciz t\u00eb mbetet i sigurt dhe i mbrojtur mir\u00eb n\u00eb kushte t\u00eb v\u00ebshtira n\u00eb terren. Nd\u00ebrtimi i fort\u00eb prej plastike i kombinuar me nj\u00eb shul metalik argjendi siguron si q\u00ebndrueshm\u00ebri ashtu edhe siguri t\u00eb besueshme.<\/p>\n<p><img fetchpriority=\"high\" decoding=\"async\" class=\"aligncenter wp-image-5910\" src=\"https:\/\/mountlaser.com\/wp-content\/uploads\/2025\/12\/HC-TM305.webp\" alt=\"HC-TM30 Hard Case\" width=\"500\" height=\"500\" srcset=\"https:\/\/mountlaser.com\/wp-content\/uploads\/2025\/12\/HC-TM305.webp 1000w, https:\/\/mountlaser.com\/wp-content\/uploads\/2025\/12\/HC-TM305-300x300.webp 300w, https:\/\/mountlaser.com\/wp-content\/uploads\/2025\/12\/HC-TM305-150x150.webp 150w, https:\/\/mountlaser.com\/wp-content\/uploads\/2025\/12\/HC-TM305-768x768.webp 768w, https:\/\/mountlaser.com\/wp-content\/uploads\/2025\/12\/HC-TM305-12x12.webp 12w, https:\/\/mountlaser.com\/wp-content\/uploads\/2025\/12\/HC-TM305-600x600.webp 600w, https:\/\/mountlaser.com\/wp-content\/uploads\/2025\/12\/HC-TM305-800x800.webp 800w, https:\/\/mountlaser.com\/wp-content\/uploads\/2025\/12\/HC-TM305-400x400.webp 400w\" sizes=\"(max-width: 500px) 100vw, 500px\" \/><\/p>\n<p>E projektuar p\u00ebr gjeodet\u00ebt profesionist\u00eb, kutia e fort\u00eb HC-TM30 ofron rezistenc\u00eb t\u00eb shk\u00eblqyer ndaj goditjeve, pluhurit dhe konsumimit t\u00eb p\u00ebrditsh\u00ebm. Si nj\u00eb kuti plastike me cil\u00ebsi t\u00eb lart\u00eb, ajo e mban stacionin total fort n\u00eb vend, duke zvog\u00ebluar l\u00ebvizjen dhe duke parandaluar d\u00ebmtimet. Qoft\u00eb n\u00eb vend apo gjat\u00eb transportit, kjo <a href=\"https:\/\/mountlaser.com\/sq\/contact-us\/\">\u00c7ant\u00eb plastike mbajt\u00ebse<\/a> Ofron mbrojtje t\u00eb besueshme dhe zgjat jet\u00ebgjat\u00ebsin\u00eb e pajisjeve tuaja t\u00eb vlefshme.<\/p>","protected":false},"excerpt":{"rendered":"<ul>\n<li>Mbron stacionet totale zvicerane TM30 dhe TM50 gjat\u00eb transportit dhe magazinimit<\/li>\n<li>Parandalon goditjet, g\u00ebrvishtjet dhe d\u00ebmtimet aksidentale<\/li>\n<li>Mban pajisjet t\u00eb q\u00ebndrueshme dhe t\u00eb sigurta me nj\u00eb sistem ky\u00e7jeje t\u00eb p\u00ebrforcuar<\/li>\n<li>Pajtueshm\u00ebria: Stacioni total zviceran TM30 \/ TM50<\/li>\n<li>Pjesa e jashtme: Guask\u00eb e kuqe e fort\u00eb p\u00ebr dukshm\u00ebri dhe q\u00ebndrueshm\u00ebri<\/li>\n<li>Pjesa e brendshme: Rreshtim mbrojt\u00ebs i zi me p\u00ebrshtatje t\u00eb sakt\u00eb<\/li>\n<li>Ky\u00e7: Shul metalik argjendi p\u00ebr mbyllje t\u00eb sigurt<\/li>\n<\/ul>","protected":false},"featured_media":5909,"comment_status":"open","ping_status":"closed","template":"","meta":[],"product_brand":[],"product_cat":[163,79],"product_tag":[],"class_list":{"0":"post-5905","1":"product","2":"type-product","3":"status-publish","4":"has-post-thumbnail","6":"product_cat-hard-case","7":"product_cat-surveying-accessory","9":"first","10":"instock","11":"shipping-taxable","12":"product-type-simple"},"_links":{"self":[{"href":"https:\/\/mountlaser.com\/sq\/wp-json\/wp\/v2\/product\/5905","targetHints":{"allow":["GET"]}}],"collection":[{"href":"https:\/\/mountlaser.com\/sq\/wp-json\/wp\/v2\/product"}],"about":[{"href":"https:\/\/mountlaser.com\/sq\/wp-json\/wp\/v2\/types\/product"}],"replies":[{"embeddable":true,"href":"https:\/\/mountlaser.com\/sq\/wp-json\/wp\/v2\/comments?post=5905"}],"wp:featuredmedia":[{"embeddable":true,"href":"https:\/\/mountlaser.com\/sq\/wp-json\/wp\/v2\/media\/5909"}],"wp:attachment":[{"href":"https:\/\/mountlaser.com\/sq\/wp-json\/wp\/v2\/media?parent=5905"}],"wp:term":[{"taxonomy":"product_brand","embeddable":true,"href":"https:\/\/mountlaser.com\/sq\/wp-json\/wp\/v2\/product_brand?post=5905"},{"taxonomy":"product_cat","embeddable":true,"href":"https:\/\/mountlaser.com\/sq\/wp-json\/wp\/v2\/product_cat?post=5905"},{"taxonomy":"product_tag","embeddable":true,"href":"https:\/\/mountlaser.com\/sq\/wp-json\/wp\/v2\/product_tag?post=5905"}],"curies":[{"name":"wp","href":"https:\/\/api.w.org\/{rel}","templated":true}]}}