{"id":5901,"date":"2025-12-15T07:01:26","date_gmt":"2025-12-15T07:01:26","guid":{"rendered":"https:\/\/mountlaser.com\/?post_type=product&#038;p=5901"},"modified":"2025-12-15T07:10:17","modified_gmt":"2025-12-15T07:10:17","slug":"sn06-surveying-nail","status":"publish","type":"product","link":"https:\/\/mountlaser.com\/sq\/produkt\/sn06-surveying-nail\/","title":{"rendered":"SN06 Gozhd\u00eb p\u00ebr matje"},"content":{"rendered":"<div>\n<p data-start=\"114\" data-end=\"619\">I\/E\/T\u00eb\/T\u00eb<a href=\"https:\/\/mountlaser.com\/sq\/\"> <strong data-start=\"118\" data-end=\"141\">SN06 Gozhd\u00eb p\u00ebr matje<\/strong><\/a> \u00ebsht\u00eb nj\u00eb sh\u00ebnues mat\u00ebs i q\u00ebndruesh\u00ebm dhe profesional i projektuar p\u00ebr t\u00eb vendosur dhe identifikuar pikat e sakta t\u00eb referenc\u00ebs n\u00eb tok\u00eb me sakt\u00ebsi dhe besueshm\u00ebri t\u00eb lart\u00eb. I prodhuar nga hekur i galvanizuar me cil\u00ebsi t\u00eb lart\u00eb, Gozhda Mat\u00ebsore SN06 ofron rezistenc\u00eb t\u00eb shk\u00eblqyer ndaj korrozionit dhe performanc\u00eb afatgjat\u00eb n\u00eb mjedise t\u00eb jashtme k\u00ebrkuese. Dizajni i saj i shesht\u00eb me kok\u00eb t\u00eb rrumbullak\u00ebt e b\u00ebn at\u00eb t\u00eb besuesh\u00ebm. <a href=\"https:\/\/mountlaser.com\/sq\/kategori-produkti\/surveying-accessory\/\"><strong data-start=\"510\" data-end=\"546\">Gozhd\u00eb studimi me kok\u00eb t\u00eb shesht\u00eb t\u00eb rrumbullak\u00ebt<\/strong><\/a>, duke siguruar dukshm\u00ebri t\u00eb qart\u00eb dhe vendosje t\u00eb q\u00ebndrueshme gjat\u00eb operacioneve n\u00eb terren.<\/p>\n<p data-start=\"621\" data-end=\"1151\">I p\u00ebrdorur gjer\u00ebsisht n\u00eb studimet inxhinierike, planifikimin e nd\u00ebrtimit dhe hartat kadastrale, Gozhda e Gjeodetit SN06 ofron nj\u00eb pik\u00eb referimi t\u00eb q\u00ebndrueshme dhe afatgjat\u00eb p\u00ebr matje kritike. I disponuesh\u00ebm n\u00eb diamet\u00ebr 8.8 mm me gjat\u00ebsi 55 mm dhe 100 mm, <a href=\"https:\/\/mountlaser.com\/sq\/contact-us\/\">SN06 Gozhd\u00eb p\u00ebr matje<\/a> P\u00ebrshtatet leht\u00ebsisht ndaj kushteve t\u00eb ndryshme t\u00eb tok\u00ebs. Si nj\u00eb gozhd\u00eb profesionale p\u00ebr matje me kok\u00eb t\u00eb shesht\u00eb dhe t\u00eb rrumbullak\u00ebt, ajo ofron instalim t\u00eb leht\u00eb, ankorim t\u00eb fort\u00eb dhe pozicionim t\u00eb q\u00ebndruesh\u00ebm, duke e b\u00ebr\u00eb at\u00eb nj\u00eb mjet thelb\u00ebsor p\u00ebr matjet q\u00eb mb\u00ebshteten n\u00eb sakt\u00ebsi dhe q\u00ebndrueshm\u00ebri.<\/p>\n<table style=\"border-collapse: collapse; width: 1002.02pt;\" border=\"0\" width=\"1336\" cellspacing=\"0\" cellpadding=\"0\">\n<tbody>\n<tr style=\"height: 14.25pt;\">\n<td class=\"et2\" style=\"height: 14.25pt; width: 127.50pt;\" width=\"170\" height=\"19\">NUM\u00cbR<\/td>\n<td class=\"et3\" style=\"width: 196.50pt;\" width=\"262\">GJYS\u00cbM<\/td>\n<td class=\"et3\" style=\"width: 213.00pt;\" width=\"284\">DIAMETRI D<\/td>\n<td class=\"et3\" style=\"width: 93.75pt;\" width=\"125\">MADH\u00cbSIA L<\/td>\n<td class=\"et3\" style=\"width: 170.25pt;\" width=\"227\">MOQ (cop\u00eb)<\/td>\n<td class=\"et4\" style=\"width: 201.00pt;\" width=\"268\">FOTO<\/td>\n<\/tr>\n<tr style=\"height: 14.25pt;\">\n<td class=\"et5\" style=\"height: 14.25pt;\" height=\"19\">SN06-88055\/88100<\/td>\n<td class=\"et5\">Hekur i galvanizuar<\/td>\n<td class=\"et5\">8.8 mm<\/td>\n<td class=\"et5\">55\/100 mm<\/td>\n<td class=\"et6\">1000<\/td>\n<td class=\"et7\"><img fetchpriority=\"high\" decoding=\"async\" class=\"alignnone wp-image-5904\" src=\"https:\/\/mountlaser.com\/wp-content\/uploads\/2025\/12\/SN063.webp\" alt=\"SN06 Surveying Nail\" width=\"500\" height=\"500\" srcset=\"https:\/\/mountlaser.com\/wp-content\/uploads\/2025\/12\/SN063.webp 1000w, https:\/\/mountlaser.com\/wp-content\/uploads\/2025\/12\/SN063-300x300.webp 300w, https:\/\/mountlaser.com\/wp-content\/uploads\/2025\/12\/SN063-150x150.webp 150w, https:\/\/mountlaser.com\/wp-content\/uploads\/2025\/12\/SN063-768x768.webp 768w, https:\/\/mountlaser.com\/wp-content\/uploads\/2025\/12\/SN063-12x12.webp 12w, https:\/\/mountlaser.com\/wp-content\/uploads\/2025\/12\/SN063-600x600.webp 600w, https:\/\/mountlaser.com\/wp-content\/uploads\/2025\/12\/SN063-800x800.webp 800w, https:\/\/mountlaser.com\/wp-content\/uploads\/2025\/12\/SN063-400x400.webp 400w\" sizes=\"(max-width: 500px) 100vw, 500px\" \/><\/td>\n<\/tr>\n<\/tbody>\n<\/table>\n<\/div>","protected":false},"excerpt":{"rendered":"<ul>\n<li>Materiali: Hekur i galvanizuar p\u00ebr forc\u00eb dhe rezistenc\u00eb ndaj korrozionit<\/li>\n<li>Dizajn i kok\u00ebs s\u00eb shesht\u00eb dhe t\u00eb rrumbullak\u00ebt p\u00ebr dukshm\u00ebri dhe stabilitet<\/li>\n<li>Gozhd\u00eb e besueshme p\u00ebr matje me kok\u00eb t\u00eb shesht\u00eb dhe t\u00eb rrumbullak\u00ebt p\u00ebr aplikime profesionale matjeje<\/li>\n<\/ul>","protected":false},"featured_media":5902,"comment_status":"open","ping_status":"closed","template":"","meta":[],"product_brand":[],"product_cat":[152,79],"product_tag":[],"class_list":{"0":"post-5901","1":"product","2":"type-product","3":"status-publish","4":"has-post-thumbnail","6":"product_cat-surveying-marker","7":"product_cat-surveying-accessory","9":"first","10":"instock","11":"shipping-taxable","12":"product-type-simple"},"_links":{"self":[{"href":"https:\/\/mountlaser.com\/sq\/wp-json\/wp\/v2\/product\/5901","targetHints":{"allow":["GET"]}}],"collection":[{"href":"https:\/\/mountlaser.com\/sq\/wp-json\/wp\/v2\/product"}],"about":[{"href":"https:\/\/mountlaser.com\/sq\/wp-json\/wp\/v2\/types\/product"}],"replies":[{"embeddable":true,"href":"https:\/\/mountlaser.com\/sq\/wp-json\/wp\/v2\/comments?post=5901"}],"wp:featuredmedia":[{"embeddable":true,"href":"https:\/\/mountlaser.com\/sq\/wp-json\/wp\/v2\/media\/5902"}],"wp:attachment":[{"href":"https:\/\/mountlaser.com\/sq\/wp-json\/wp\/v2\/media?parent=5901"}],"wp:term":[{"taxonomy":"product_brand","embeddable":true,"href":"https:\/\/mountlaser.com\/sq\/wp-json\/wp\/v2\/product_brand?post=5901"},{"taxonomy":"product_cat","embeddable":true,"href":"https:\/\/mountlaser.com\/sq\/wp-json\/wp\/v2\/product_cat?post=5901"},{"taxonomy":"product_tag","embeddable":true,"href":"https:\/\/mountlaser.com\/sq\/wp-json\/wp\/v2\/product_tag?post=5901"}],"curies":[{"name":"wp","href":"https:\/\/api.w.org\/{rel}","templated":true}]}}