{"id":5898,"date":"2025-12-15T06:23:18","date_gmt":"2025-12-15T06:23:18","guid":{"rendered":"https:\/\/mountlaser.com\/?post_type=product&#038;p=5898"},"modified":"2025-12-15T06:23:18","modified_gmt":"2025-12-15T06:23:18","slug":"sn05-surveying-nail","status":"publish","type":"product","link":"https:\/\/mountlaser.com\/sq\/produkt\/sn05-surveying-nail\/","title":{"rendered":"SN05 Gozhd\u00eb p\u00ebr matje"},"content":{"rendered":"<p data-start=\"117\" data-end=\"621\">I\/E\/T\u00eb\/T\u00eb <a href=\"https:\/\/mountlaser.com\/sq\/\"><strong data-start=\"121\" data-end=\"144\">SN05 Gozhd\u00eb p\u00ebr matje<\/strong><\/a> \u00ebsht\u00eb nj\u00eb sh\u00ebnues mat\u00ebs i q\u00ebndruesh\u00ebm dhe i besuesh\u00ebm i projektuar p\u00ebr t\u00eb vendosur dhe identifikuar pikat e sakta t\u00eb referenc\u00ebs n\u00eb tok\u00eb me sakt\u00ebsi dhe stabilitet afatgjat\u00eb. I prodhuar nga hekur i galvanizuar me cil\u00ebsi t\u00eb lart\u00eb, Gozhda Mat\u00ebsore SN05 ofron rezistenc\u00eb dhe forc\u00eb t\u00eb shk\u00eblqyer ndaj korrozionit, duke e b\u00ebr\u00eb at\u00eb ideale p\u00ebr mjedise t\u00eb k\u00ebrkuara n\u00eb terren. Dizajni i saj i boshtit unazor siguron fuqi mbajt\u00ebse superiore, duke e pozicionuar at\u00eb si nj\u00eb zgjidhje t\u00eb besueshme midis profesionist\u00ebve. <a href=\"https:\/\/mountlaser.com\/sq\/kategori-produkti\/surveying-accessory\/\"><strong data-start=\"582\" data-end=\"602\">thonjt\u00eb me unaza<\/strong><\/a> p\u00ebrdoret n\u00eb matje.<\/p>\n<p data-start=\"623\" data-end=\"1084\">I aplikuar gjer\u00ebsisht n\u00eb studimet inxhinierike, planifikimin e nd\u00ebrtimit dhe hartat kadastrale, Gozhda e Gjeodetit SN05 ofron nj\u00eb pik\u00eb referimi t\u00eb q\u00ebndrueshme dhe afatgjat\u00eb p\u00ebr matje kritike. Me nj\u00eb diamet\u00ebr prej 6.0 mm dhe gjat\u00ebsi prej 45 mm, Gozhda e Gjeodetit SN05 \u00ebsht\u00eb e leht\u00eb p\u00ebr t&#039;u instaluar, nd\u00ebrsa ofron performanc\u00eb t\u00eb besueshme. Si nj\u00eb gozhd\u00eb e nivelit profesional. <a href=\"https:\/\/mountlaser.com\/sq\/about-us\/\">thonjt\u00eb me unaza<\/a>, k\u00ebta sh\u00ebnjues zvog\u00eblojn\u00eb lirimin me kalimin e koh\u00ebs dhe ruajn\u00eb pozicionimin e sakt\u00eb n\u00eb t\u00eb gjitha kushtet e tok\u00ebs.<\/p>\n<div>\n<table style=\"border-collapse: collapse; width: 1002.02pt;\" border=\"0\" width=\"1336\" cellspacing=\"0\" cellpadding=\"0\">\n<tbody>\n<tr style=\"height: 14.25pt;\">\n<td class=\"et2\" style=\"height: 14.25pt; width: 127.50pt;\" width=\"170\" height=\"19\">NUM\u00cbR<\/td>\n<td class=\"et3\" style=\"width: 196.50pt;\" width=\"262\">GJYS\u00cbM<\/td>\n<td class=\"et3\" style=\"width: 213.00pt;\" width=\"284\">DIAMETRI D<\/td>\n<td class=\"et3\" style=\"width: 93.75pt;\" width=\"125\">MADH\u00cbSIA L<\/td>\n<td class=\"et3\" style=\"width: 170.25pt;\" width=\"227\">MOQ (cop\u00eb)<\/td>\n<td class=\"et4\" style=\"width: 201.00pt;\" width=\"268\">FOTO<\/td>\n<\/tr>\n<tr style=\"height: 14.25pt;\">\n<td class=\"et5\" style=\"height: 14.25pt;\" height=\"19\">SN05-60045<\/td>\n<td class=\"et5\">Hekur i galvanizuar<\/td>\n<td class=\"et5\">6.0 mm<\/td>\n<td class=\"et5\">45 mm<\/td>\n<td class=\"et6\">1000<\/td>\n<td class=\"et7\"><img fetchpriority=\"high\" decoding=\"async\" class=\"alignnone wp-image-5899\" src=\"https:\/\/mountlaser.com\/wp-content\/uploads\/2025\/12\/SN051.webp\" alt=\"SN05 Surveying Nail\" width=\"500\" height=\"500\" srcset=\"https:\/\/mountlaser.com\/wp-content\/uploads\/2025\/12\/SN051.webp 1000w, https:\/\/mountlaser.com\/wp-content\/uploads\/2025\/12\/SN051-300x300.webp 300w, https:\/\/mountlaser.com\/wp-content\/uploads\/2025\/12\/SN051-150x150.webp 150w, https:\/\/mountlaser.com\/wp-content\/uploads\/2025\/12\/SN051-768x768.webp 768w, https:\/\/mountlaser.com\/wp-content\/uploads\/2025\/12\/SN051-12x12.webp 12w, https:\/\/mountlaser.com\/wp-content\/uploads\/2025\/12\/SN051-600x600.webp 600w, https:\/\/mountlaser.com\/wp-content\/uploads\/2025\/12\/SN051-800x800.webp 800w, https:\/\/mountlaser.com\/wp-content\/uploads\/2025\/12\/SN051-400x400.webp 400w\" sizes=\"(max-width: 500px) 100vw, 500px\" \/><\/td>\n<\/tr>\n<\/tbody>\n<\/table>\n<\/div>","protected":false},"excerpt":{"rendered":"<ul>\n<li>Materiali: Hekur i galvanizuar p\u00ebr q\u00ebndrueshm\u00ebri dhe rezistenc\u00eb ndaj korrozionit<\/li>\n<li>Dizajn me bosht unazor p\u00ebr forc\u00eb t\u00eb shtuar mbajt\u00ebse<\/li>\n<li>Ofron pika referimi t\u00eb q\u00ebndrueshme p\u00ebr matje t\u00eb sakta<\/li>\n<\/ul>","protected":false},"featured_media":5900,"comment_status":"open","ping_status":"closed","template":"","meta":[],"product_brand":[],"product_cat":[152,79],"product_tag":[],"class_list":{"0":"post-5898","1":"product","2":"type-product","3":"status-publish","4":"has-post-thumbnail","6":"product_cat-surveying-marker","7":"product_cat-surveying-accessory","9":"first","10":"instock","11":"shipping-taxable","12":"product-type-simple"},"_links":{"self":[{"href":"https:\/\/mountlaser.com\/sq\/wp-json\/wp\/v2\/product\/5898","targetHints":{"allow":["GET"]}}],"collection":[{"href":"https:\/\/mountlaser.com\/sq\/wp-json\/wp\/v2\/product"}],"about":[{"href":"https:\/\/mountlaser.com\/sq\/wp-json\/wp\/v2\/types\/product"}],"replies":[{"embeddable":true,"href":"https:\/\/mountlaser.com\/sq\/wp-json\/wp\/v2\/comments?post=5898"}],"wp:featuredmedia":[{"embeddable":true,"href":"https:\/\/mountlaser.com\/sq\/wp-json\/wp\/v2\/media\/5900"}],"wp:attachment":[{"href":"https:\/\/mountlaser.com\/sq\/wp-json\/wp\/v2\/media?parent=5898"}],"wp:term":[{"taxonomy":"product_brand","embeddable":true,"href":"https:\/\/mountlaser.com\/sq\/wp-json\/wp\/v2\/product_brand?post=5898"},{"taxonomy":"product_cat","embeddable":true,"href":"https:\/\/mountlaser.com\/sq\/wp-json\/wp\/v2\/product_cat?post=5898"},{"taxonomy":"product_tag","embeddable":true,"href":"https:\/\/mountlaser.com\/sq\/wp-json\/wp\/v2\/product_tag?post=5898"}],"curies":[{"name":"wp","href":"https:\/\/api.w.org\/{rel}","templated":true}]}}