{"id":5895,"date":"2025-12-15T06:07:41","date_gmt":"2025-12-15T06:07:41","guid":{"rendered":"https:\/\/mountlaser.com\/?post_type=product&#038;p=5895"},"modified":"2025-12-15T06:07:41","modified_gmt":"2025-12-15T06:07:41","slug":"sn04-surveying-nail","status":"publish","type":"product","link":"https:\/\/mountlaser.com\/sq\/produkt\/sn04-surveying-nail\/","title":{"rendered":"SN04 Gozhd\u00eb p\u00ebr matje"},"content":{"rendered":"<p data-start=\"120\" data-end=\"577\">Gozhda e matjes SN04 \u00ebsht\u00eb nj\u00eb sh\u00ebnues matjeje i q\u00ebndruesh\u00ebm dhe i besuesh\u00ebm i projektuar p\u00ebr t\u00eb vendosur dhe identifikuar pika referimi t\u00eb sakta n\u00eb tok\u00eb me sakt\u00ebsi afatgjat\u00eb. I prodhuar nga hekur i galvanizuar me cil\u00ebsi t\u00eb lart\u00eb, <a href=\"https:\/\/mountlaser.com\/sq\/\"><strong data-start=\"327\" data-end=\"350\">SN04 Gozhd\u00eb p\u00ebr matje<\/strong><\/a> ofron forc\u00eb dhe rezistenc\u00eb t\u00eb shk\u00eblqyer ndaj korrozionit, duke siguruar performanc\u00eb t\u00eb besueshme n\u00eb t\u00eb gjitha kushtet n\u00eb terren. Si profesionist <a href=\"https:\/\/mountlaser.com\/sq\/kategori-produkti\/surveying-accessory\/\"><strong data-start=\"476\" data-end=\"499\">Mag Nails topografi<\/strong><\/a> zgjidhje, k\u00ebta sh\u00ebnjues jan\u00eb t\u00eb besuesh\u00ebm p\u00ebr identifikim t\u00eb qart\u00eb dhe t\u00eb q\u00ebndruesh\u00ebm t\u00eb tok\u00ebs.<\/p>\n<p data-start=\"579\" data-end=\"1031\">I p\u00ebrdorur gjer\u00ebsisht n\u00eb studimet inxhinierike, planifikimin e nd\u00ebrtimit dhe hartat kadastrale, Gozhda e Gjeodetit SN04 ofron nj\u00eb pik\u00eb referimi t\u00eb q\u00ebndrueshme dhe afatgjat\u00eb p\u00ebr matje kritike. Me nj\u00eb diamet\u00ebr prej 8.8 mm dhe gjat\u00ebsi prej 55 mm, <a href=\"https:\/\/mountlaser.com\/sq\/about-us\/\">SN04 Gozhd\u00eb p\u00ebr matje<\/a> \u00cbsht\u00eb e leht\u00eb p\u00ebr t\u2019u instaluar dhe shum\u00eb e dukshme n\u00eb vend. T\u00eb projektuara p\u00ebr t\u00eb p\u00ebrmbushur k\u00ebrkesat profesionale, k\u00ebto produkte matjeje Mag Nails ofrojn\u00eb sakt\u00ebsi t\u00eb vazhdueshme aty ku sh\u00ebnimi i besuesh\u00ebm i tok\u00ebs \u00ebsht\u00eb thelb\u00ebsor.<\/p>\n<div>\n<table style=\"border-collapse: collapse; width: 1002.02pt;\" border=\"0\" width=\"1336\" cellspacing=\"0\" cellpadding=\"0\">\n<tbody>\n<tr style=\"height: 14.25pt;\">\n<td class=\"et2\" style=\"height: 14.25pt; width: 127.50pt;\" width=\"170\" height=\"19\">NUM\u00cbR<\/td>\n<td class=\"et3\" style=\"width: 196.50pt;\" width=\"262\">GJYS\u00cbM<\/td>\n<td class=\"et3\" style=\"width: 213.00pt;\" width=\"284\">DIAMETRI D<\/td>\n<td class=\"et3\" style=\"width: 93.75pt;\" width=\"125\">MADH\u00cbSIA L<\/td>\n<td class=\"et3\" style=\"width: 170.25pt;\" width=\"227\">MOQ (cop\u00eb)<\/td>\n<td class=\"et4\" style=\"width: 201.00pt;\" width=\"268\">FOTO<\/td>\n<\/tr>\n<tr style=\"height: 14.25pt;\">\n<td class=\"et5\" style=\"height: 14.25pt;\" height=\"19\">SN04-88055<\/td>\n<td class=\"et5\">Hekur i galvanizuar<\/td>\n<td class=\"et5\">8.8 mm<\/td>\n<td class=\"et5\">55 mm<\/td>\n<td class=\"et6\">1000<\/td>\n<td class=\"et7\"><img fetchpriority=\"high\" decoding=\"async\" class=\"alignnone wp-image-5896\" src=\"https:\/\/mountlaser.com\/wp-content\/uploads\/2025\/12\/SN041.webp\" alt=\"SN04 Surveying Nail\" width=\"500\" height=\"500\" srcset=\"https:\/\/mountlaser.com\/wp-content\/uploads\/2025\/12\/SN041.webp 1000w, https:\/\/mountlaser.com\/wp-content\/uploads\/2025\/12\/SN041-300x300.webp 300w, https:\/\/mountlaser.com\/wp-content\/uploads\/2025\/12\/SN041-150x150.webp 150w, https:\/\/mountlaser.com\/wp-content\/uploads\/2025\/12\/SN041-768x768.webp 768w, https:\/\/mountlaser.com\/wp-content\/uploads\/2025\/12\/SN041-12x12.webp 12w, https:\/\/mountlaser.com\/wp-content\/uploads\/2025\/12\/SN041-600x600.webp 600w, https:\/\/mountlaser.com\/wp-content\/uploads\/2025\/12\/SN041-800x800.webp 800w, https:\/\/mountlaser.com\/wp-content\/uploads\/2025\/12\/SN041-400x400.webp 400w\" sizes=\"(max-width: 500px) 100vw, 500px\" \/><\/td>\n<\/tr>\n<\/tbody>\n<\/table>\n<\/div>","protected":false},"excerpt":{"rendered":"<ul>\n<li>Materiali: Hekur i galvanizuar p\u00ebr q\u00ebndrueshm\u00ebri dhe rezistenc\u00eb ndaj korrozionit<\/li>\n<li>Ofron referenca t\u00eb q\u00ebndrueshme n\u00eb tok\u00eb p\u00ebr matje t\u00eb sakta<\/li>\n<li>I p\u00ebrshtatsh\u00ebm p\u00ebr studime inxhinierike, planifikim nd\u00ebrtimi dhe hartografi kadastrale<\/li>\n<\/ul>","protected":false},"featured_media":5896,"comment_status":"open","ping_status":"closed","template":"","meta":[],"product_brand":[],"product_cat":[152,79],"product_tag":[],"class_list":{"0":"post-5895","1":"product","2":"type-product","3":"status-publish","4":"has-post-thumbnail","6":"product_cat-surveying-marker","7":"product_cat-surveying-accessory","9":"first","10":"instock","11":"shipping-taxable","12":"product-type-simple"},"_links":{"self":[{"href":"https:\/\/mountlaser.com\/sq\/wp-json\/wp\/v2\/product\/5895","targetHints":{"allow":["GET"]}}],"collection":[{"href":"https:\/\/mountlaser.com\/sq\/wp-json\/wp\/v2\/product"}],"about":[{"href":"https:\/\/mountlaser.com\/sq\/wp-json\/wp\/v2\/types\/product"}],"replies":[{"embeddable":true,"href":"https:\/\/mountlaser.com\/sq\/wp-json\/wp\/v2\/comments?post=5895"}],"wp:featuredmedia":[{"embeddable":true,"href":"https:\/\/mountlaser.com\/sq\/wp-json\/wp\/v2\/media\/5896"}],"wp:attachment":[{"href":"https:\/\/mountlaser.com\/sq\/wp-json\/wp\/v2\/media?parent=5895"}],"wp:term":[{"taxonomy":"product_brand","embeddable":true,"href":"https:\/\/mountlaser.com\/sq\/wp-json\/wp\/v2\/product_brand?post=5895"},{"taxonomy":"product_cat","embeddable":true,"href":"https:\/\/mountlaser.com\/sq\/wp-json\/wp\/v2\/product_cat?post=5895"},{"taxonomy":"product_tag","embeddable":true,"href":"https:\/\/mountlaser.com\/sq\/wp-json\/wp\/v2\/product_tag?post=5895"}],"curies":[{"name":"wp","href":"https:\/\/api.w.org\/{rel}","templated":true}]}}