{"id":5887,"date":"2025-12-15T05:18:34","date_gmt":"2025-12-15T05:18:34","guid":{"rendered":"https:\/\/mountlaser.com\/?post_type=product&#038;p=5887"},"modified":"2025-12-15T05:18:34","modified_gmt":"2025-12-15T05:18:34","slug":"sn03-surveying-nail","status":"publish","type":"product","link":"https:\/\/mountlaser.com\/sq\/produkt\/sn03-surveying-nail\/","title":{"rendered":"SN03 Gozhd\u00eb p\u00ebr matje"},"content":{"rendered":"<p>I\/E\/T\u00eb\/T\u00eb <a href=\"https:\/\/mountlaser.com\/sq\/\"><strong>SN03 Gozhd\u00eb p\u00ebr matje<\/strong><\/a> \u00ebsht\u00eb nj\u00eb sh\u00ebnues mat\u00ebs i q\u00ebndruesh\u00ebm dhe i besuesh\u00ebm i projektuar p\u00ebr t\u00eb vendosur dhe identifikuar pikat e sakta t\u00eb referenc\u00ebs n\u00eb tok\u00eb me sakt\u00ebsi dhe q\u00ebndrueshm\u00ebri. I prodhuar nga hekuri i galvanizuar, Gozhda Mat\u00ebsore SN03 ofron forc\u00eb dhe rezistenc\u00eb t\u00eb shk\u00eblqyer ndaj korrozionit, duke e b\u00ebr\u00eb at\u00eb ideal p\u00ebr p\u00ebrdorim afatgjat\u00eb n\u00eb natyr\u00eb. <a href=\"https:\/\/mountlaser.com\/sq\/kategori-produkti\/surveying-accessory\/\"><strong>Gozhda me Pika t\u00eb Vrojtimit<\/strong><\/a> u besohet gjer\u00ebsisht profesionist\u00ebve q\u00eb k\u00ebrkojn\u00eb sh\u00ebnjues t\u00eb q\u00ebndruesh\u00ebm dhe t\u00eb duksh\u00ebm n\u00eb kushte t\u00eb v\u00ebshtira n\u00eb terren.<\/p>\n<p>P\u00ebrdoret zakonisht n\u00eb studimet inxhinierike, planifikimin e nd\u00ebrtimit dhe hartografin\u00eb kadastrale, <a href=\"https:\/\/mountlaser.com\/sq\/contact-us\/\">SN03 Gozhd\u00eb p\u00ebr matje<\/a> ofron nj\u00eb pik\u00eb referimi t\u00eb fort\u00eb dhe afatgjat\u00eb p\u00ebr matje kritike. Me nj\u00eb diamet\u00ebr prej 8.8 mm dhe mund\u00ebsi t\u00eb shum\u00ebfishta gjat\u00ebsie, Gozhda e Matjes SN03 p\u00ebrshtatet leht\u00ebsisht me k\u00ebrkesat e ndryshme t\u00eb vendit. Si Gozhda t\u00eb Pikave t\u00eb Matjes t\u00eb besueshme, k\u00ebta sh\u00ebnjues sigurojn\u00eb sakt\u00ebsin\u00eb e matjes duke ruajtur q\u00ebndrueshm\u00ebrin\u00eb n\u00eb mjedise t\u00eb ndryshme.<\/p>\n<div>\n<table style=\"border-collapse: collapse; width: 1002.02pt;\" border=\"0\" width=\"1336\" cellspacing=\"0\" cellpadding=\"0\">\n<tbody>\n<tr style=\"height: 14.25pt;\">\n<td class=\"et2\" style=\"height: 14.25pt; width: 127.50pt;\" width=\"170\" height=\"19\">NUM\u00cbR<\/td>\n<td class=\"et3\" style=\"width: 196.50pt;\" width=\"262\">GJYS\u00cbM<\/td>\n<td class=\"et3\" style=\"width: 213.00pt;\" width=\"284\">DIAMETRI D<\/td>\n<td class=\"et3\" style=\"width: 93.75pt;\" width=\"125\">MADH\u00cbSIA L<\/td>\n<td class=\"et3\" style=\"width: 170.25pt;\" width=\"227\">MOQ (cop\u00eb)<\/td>\n<td class=\"et4\" style=\"width: 201.00pt;\" width=\"268\">FOTO<\/td>\n<\/tr>\n<tr style=\"height: 14.25pt;\">\n<td class=\"et5\" style=\"height: 14.25pt;\" height=\"19\">SN03-88030\/88050\/88070\/88080\/88100<\/td>\n<td class=\"et5\">Hekur i galvanizuar<\/td>\n<td class=\"et5\">8.8 mm<\/td>\n<td class=\"et5\">30\/50\/80\/100 mm<\/td>\n<td class=\"et6\">1000<\/td>\n<td class=\"et7\"><img fetchpriority=\"high\" decoding=\"async\" class=\"alignnone wp-image-5892\" src=\"https:\/\/mountlaser.com\/wp-content\/uploads\/2025\/12\/SN035.webp\" alt=\"SN03 Surveying Nail\" width=\"500\" height=\"500\" srcset=\"https:\/\/mountlaser.com\/wp-content\/uploads\/2025\/12\/SN035.webp 1000w, https:\/\/mountlaser.com\/wp-content\/uploads\/2025\/12\/SN035-300x300.webp 300w, https:\/\/mountlaser.com\/wp-content\/uploads\/2025\/12\/SN035-150x150.webp 150w, https:\/\/mountlaser.com\/wp-content\/uploads\/2025\/12\/SN035-768x768.webp 768w, https:\/\/mountlaser.com\/wp-content\/uploads\/2025\/12\/SN035-12x12.webp 12w, https:\/\/mountlaser.com\/wp-content\/uploads\/2025\/12\/SN035-600x600.webp 600w, https:\/\/mountlaser.com\/wp-content\/uploads\/2025\/12\/SN035-800x800.webp 800w, https:\/\/mountlaser.com\/wp-content\/uploads\/2025\/12\/SN035-400x400.webp 400w\" sizes=\"(max-width: 500px) 100vw, 500px\" \/><\/td>\n<\/tr>\n<\/tbody>\n<\/table>\n<\/div>","protected":false},"excerpt":{"rendered":"<ul>\n<li>I b\u00ebr\u00eb nga hekuri i galvanizuar p\u00ebr q\u00ebndrueshm\u00ebri dhe rezistenc\u00eb ndaj korrozionit<\/li>\n<li>Diametri: 8.8 mm; Opsionet e gjat\u00ebsis\u00eb: 30 \/ 50 \/ 80 \/ 100 mm<\/li>\n<li>Gozhda me maj\u00eb matjeje t\u00eb besueshme dhe jet\u00ebgjata p\u00ebr p\u00ebrdorim profesional<\/li>\n<li>Vendos pika t\u00eb sakta dhe t\u00eb p\u00ebrhershme t\u00eb vrojtimit<\/li>\n<li>I p\u00ebrshtatsh\u00ebm p\u00ebr studime inxhinierike, planifikim nd\u00ebrtimi dhe hartografi kadastrale<\/li>\n<\/ul>","protected":false},"featured_media":5888,"comment_status":"open","ping_status":"closed","template":"","meta":[],"product_brand":[],"product_cat":[152,79],"product_tag":[],"class_list":{"0":"post-5887","1":"product","2":"type-product","3":"status-publish","4":"has-post-thumbnail","6":"product_cat-surveying-marker","7":"product_cat-surveying-accessory","9":"first","10":"instock","11":"shipping-taxable","12":"product-type-simple"},"_links":{"self":[{"href":"https:\/\/mountlaser.com\/sq\/wp-json\/wp\/v2\/product\/5887","targetHints":{"allow":["GET"]}}],"collection":[{"href":"https:\/\/mountlaser.com\/sq\/wp-json\/wp\/v2\/product"}],"about":[{"href":"https:\/\/mountlaser.com\/sq\/wp-json\/wp\/v2\/types\/product"}],"replies":[{"embeddable":true,"href":"https:\/\/mountlaser.com\/sq\/wp-json\/wp\/v2\/comments?post=5887"}],"wp:featuredmedia":[{"embeddable":true,"href":"https:\/\/mountlaser.com\/sq\/wp-json\/wp\/v2\/media\/5888"}],"wp:attachment":[{"href":"https:\/\/mountlaser.com\/sq\/wp-json\/wp\/v2\/media?parent=5887"}],"wp:term":[{"taxonomy":"product_brand","embeddable":true,"href":"https:\/\/mountlaser.com\/sq\/wp-json\/wp\/v2\/product_brand?post=5887"},{"taxonomy":"product_cat","embeddable":true,"href":"https:\/\/mountlaser.com\/sq\/wp-json\/wp\/v2\/product_cat?post=5887"},{"taxonomy":"product_tag","embeddable":true,"href":"https:\/\/mountlaser.com\/sq\/wp-json\/wp\/v2\/product_tag?post=5887"}],"curies":[{"name":"wp","href":"https:\/\/api.w.org\/{rel}","templated":true}]}}