{"id":5878,"date":"2025-12-15T02:12:05","date_gmt":"2025-12-15T02:12:05","guid":{"rendered":"https:\/\/mountlaser.com\/?post_type=product&#038;p=5878"},"modified":"2025-12-15T02:12:05","modified_gmt":"2025-12-15T02:12:05","slug":"cm05-crack-monitor","status":"publish","type":"product","link":"https:\/\/mountlaser.com\/sq\/produkt\/cm05-crack-monitor\/","title":{"rendered":"Monitori i \u00e7arjeve CM05"},"content":{"rendered":"<p>I\/E\/T\u00eb\/T\u00eb <a href=\"https:\/\/mountlaser.com\/sq\/\"><strong>Monitori i \u00e7arjeve CM05<\/strong><\/a> \u00ebsht\u00eb me sakt\u00ebsi t\u00eb lart\u00eb <a href=\"https:\/\/mountlaser.com\/sq\/kategori-produkti\/surveying-accessory\/\"><strong>Monitor Mat\u00ebs i \u00c7arjeve p\u00ebr Matjen e Murit<\/strong><\/a> I projektuar p\u00ebr t\u00eb ndjekur me sakt\u00ebsi l\u00ebvizjen e \u00e7arjeve strukturore me kalimin e koh\u00ebs. Si nj\u00eb tregues standard i lazerit Mountlaser, monitori i \u00e7arjeve CM05 p\u00ebrmban dy pllaka q\u00eb mbivendosen: nj\u00eb pllak\u00eb transparente me nj\u00eb kursor t\u00eb im\u00ebt dhe nj\u00eb pllak\u00eb t\u00eb kalibruar t\u00eb sh\u00ebnuar n\u00eb milimetra, duke siguruar lexime t\u00eb qarta dhe t\u00eb besueshme.<\/p>\n<p><img fetchpriority=\"high\" decoding=\"async\" class=\"aligncenter wp-image-5392\" src=\"https:\/\/mountlaser.com\/wp-content\/uploads\/2025\/12\/\u4e3b\u56fe2-3.webp\" alt=\"CM05 Crack Monitor\" width=\"500\" height=\"500\" srcset=\"https:\/\/mountlaser.com\/wp-content\/uploads\/2025\/12\/\u4e3b\u56fe2-3.webp 1000w, https:\/\/mountlaser.com\/wp-content\/uploads\/2025\/12\/\u4e3b\u56fe2-3-300x300.webp 300w, https:\/\/mountlaser.com\/wp-content\/uploads\/2025\/12\/\u4e3b\u56fe2-3-150x150.webp 150w, https:\/\/mountlaser.com\/wp-content\/uploads\/2025\/12\/\u4e3b\u56fe2-3-768x768.webp 768w, https:\/\/mountlaser.com\/wp-content\/uploads\/2025\/12\/\u4e3b\u56fe2-3-12x12.webp 12w, https:\/\/mountlaser.com\/wp-content\/uploads\/2025\/12\/\u4e3b\u56fe2-3-600x600.webp 600w, https:\/\/mountlaser.com\/wp-content\/uploads\/2025\/12\/\u4e3b\u56fe2-3-800x800.webp 800w, https:\/\/mountlaser.com\/wp-content\/uploads\/2025\/12\/\u4e3b\u56fe2-3-400x400.webp 400w\" sizes=\"(max-width: 500px) 100vw, 500px\" \/><\/p>\n<p>I projektuar posa\u00e7\u00ebrisht si nj\u00eb Monitor Mat\u00ebs i \u00c7arjeve p\u00ebr Matjen e Mureve, CM05 \u00ebsht\u00eb ideal p\u00ebr monitorimin e \u00e7arjeve n\u00eb mure, tulla, beton dhe struktura t\u00eb tjera nd\u00ebrtimi. Instalimi \u00ebsht\u00eb i thjesht\u00eb duke p\u00ebrdorur vidat e furnizuara, me mb\u00ebshtetje ngjit\u00ebse opsionale n\u00ebse \u00ebsht\u00eb e nevojshme. \u00c7do Monitor i \u00c7arjeve CM05 dor\u00ebzohet me udh\u00ebzime t\u00eb holl\u00ebsishme instalimi dhe nj\u00eb flet\u00eb regjistrimi t\u00eb \u00e7arjeve, duke e b\u00ebr\u00eb k\u00ebt\u00eb... <a href=\"https:\/\/mountlaser.com\/sq\/about-us\/\">Monitor Mat\u00ebs i \u00c7arjeve p\u00ebr Matjen e Murit<\/a> Nj\u00eb zgjidhje e besueshme p\u00ebr vler\u00ebsimin afatgjat\u00eb t\u00eb struktur\u00ebs.<\/p>","protected":false},"excerpt":{"rendered":"<ul>\n<li>Mat me sakt\u00ebsi l\u00ebvizjen e \u00e7arjeve t\u00eb murit n\u00eb milimetra<\/li>\n<li>Mund\u00ebson monitorimin dhe krahasimin afatgjat\u00eb t\u00eb ndryshimeve t\u00eb \u00e7arjeve<\/li>\n<li>Ofron lexime t\u00eb qarta vizuale me rreshtim t\u00eb kryq\u00ebzuar<\/li>\n<\/ul>","protected":false},"featured_media":5393,"comment_status":"open","ping_status":"closed","template":"","meta":[],"product_brand":[],"product_cat":[151,79],"product_tag":[],"class_list":{"0":"post-5878","1":"product","2":"type-product","3":"status-publish","4":"has-post-thumbnail","6":"product_cat-crack-monitor","7":"product_cat-surveying-accessory","9":"first","10":"instock","11":"shipping-taxable","12":"product-type-simple"},"_links":{"self":[{"href":"https:\/\/mountlaser.com\/sq\/wp-json\/wp\/v2\/product\/5878","targetHints":{"allow":["GET"]}}],"collection":[{"href":"https:\/\/mountlaser.com\/sq\/wp-json\/wp\/v2\/product"}],"about":[{"href":"https:\/\/mountlaser.com\/sq\/wp-json\/wp\/v2\/types\/product"}],"replies":[{"embeddable":true,"href":"https:\/\/mountlaser.com\/sq\/wp-json\/wp\/v2\/comments?post=5878"}],"wp:featuredmedia":[{"embeddable":true,"href":"https:\/\/mountlaser.com\/sq\/wp-json\/wp\/v2\/media\/5393"}],"wp:attachment":[{"href":"https:\/\/mountlaser.com\/sq\/wp-json\/wp\/v2\/media?parent=5878"}],"wp:term":[{"taxonomy":"product_brand","embeddable":true,"href":"https:\/\/mountlaser.com\/sq\/wp-json\/wp\/v2\/product_brand?post=5878"},{"taxonomy":"product_cat","embeddable":true,"href":"https:\/\/mountlaser.com\/sq\/wp-json\/wp\/v2\/product_cat?post=5878"},{"taxonomy":"product_tag","embeddable":true,"href":"https:\/\/mountlaser.com\/sq\/wp-json\/wp\/v2\/product_tag?post=5878"}],"curies":[{"name":"wp","href":"https:\/\/api.w.org\/{rel}","templated":true}]}}