{"id":5877,"date":"2025-12-15T01:38:15","date_gmt":"2025-12-15T01:38:15","guid":{"rendered":"https:\/\/mountlaser.com\/?post_type=product&#038;p=5877"},"modified":"2025-12-15T01:38:15","modified_gmt":"2025-12-15T01:38:15","slug":"cm04-crack-monitor","status":"publish","type":"product","link":"https:\/\/mountlaser.com\/sq\/produkt\/cm04-crack-monitor\/","title":{"rendered":"Monitori i \u00e7arjeve CM04"},"content":{"rendered":"<p>I\/E\/T\u00eb\/T\u00eb <a href=\"https:\/\/mountlaser.com\/sq\/\"><strong>Monitori i \u00e7arjeve CM04<\/strong><\/a> \u00ebsht\u00eb nj\u00eb grad\u00eb profesionale <a href=\"https:\/\/mountlaser.com\/sq\/kategori-produkti\/surveying-accessory\/\"><strong>Monitori i Matjes s\u00eb \u00c7arjeve<\/strong><\/a> I projektuar p\u00ebr v\u00ebzhgim t\u00eb sakt\u00eb dhe afatgjat\u00eb t\u00eb l\u00ebvizjes s\u00eb \u00e7arjeve strukturore. I nd\u00ebrtuar si nj\u00eb Mountlaser Standard Tell-Tale, Monitori i \u00c7arjeve CM04 p\u00ebrdor dy pllaka q\u00eb mbivendosen: nj\u00eb pllak\u00eb transparente me nj\u00eb kursor t\u00eb holl\u00eb dhe nj\u00eb pllak\u00eb t\u00eb dyt\u00eb t\u00eb kalibruar n\u00eb milimetra, duke lejuar lexime vizuale t\u00eb sakta.<\/p>\n<p><img fetchpriority=\"high\" decoding=\"async\" class=\"aligncenter wp-image-5385\" src=\"https:\/\/mountlaser.com\/wp-content\/uploads\/2025\/12\/CM043.webp\" alt=\"CM04 Crack Monitor\" width=\"500\" height=\"500\" srcset=\"https:\/\/mountlaser.com\/wp-content\/uploads\/2025\/12\/CM043.webp 1200w, https:\/\/mountlaser.com\/wp-content\/uploads\/2025\/12\/CM043-300x300.webp 300w, https:\/\/mountlaser.com\/wp-content\/uploads\/2025\/12\/CM043-1024x1024.webp 1024w, https:\/\/mountlaser.com\/wp-content\/uploads\/2025\/12\/CM043-150x150.webp 150w, https:\/\/mountlaser.com\/wp-content\/uploads\/2025\/12\/CM043-768x768.webp 768w, https:\/\/mountlaser.com\/wp-content\/uploads\/2025\/12\/CM043-12x12.webp 12w, https:\/\/mountlaser.com\/wp-content\/uploads\/2025\/12\/CM043-600x600.webp 600w, https:\/\/mountlaser.com\/wp-content\/uploads\/2025\/12\/CM043-800x800.webp 800w, https:\/\/mountlaser.com\/wp-content\/uploads\/2025\/12\/CM043-400x400.webp 400w\" sizes=\"(max-width: 500px) 100vw, 500px\" \/><\/p>\n<p>I projektuar p\u00ebr performanc\u00eb t\u00eb besueshme t\u00eb Monitorit t\u00eb Matjes s\u00eb \u00c7arjeve, Monitori i \u00c7arjeve CM04 \u00ebsht\u00eb ideal p\u00ebr nd\u00ebrtesa, ura, tunele dhe struktura betoni. Instalimi \u00ebsht\u00eb i shpejt\u00eb dhe i sigurt duke p\u00ebrdorur vidat e furnizuara, me mb\u00ebshtetje ngjit\u00ebse opsionale (nuk p\u00ebrfshihet). Secili<a href=\"https:\/\/mountlaser.com\/sq\/contact-us\/\"> Monitori i Matjes s\u00eb \u00c7arjeve<\/a>\u00a0p\u00ebrfshin udh\u00ebzime t\u00eb plota instalimi dhe nj\u00eb flet\u00eb regjistrimi t\u00eb \u00e7arjeve, duke e b\u00ebr\u00eb at\u00eb nj\u00eb zgjidhje t\u00eb besueshme t\u00eb Monitorit t\u00eb Matjes s\u00eb \u00c7arjeve p\u00ebr monitorim t\u00eb vazhduesh\u00ebm t\u00eb struktur\u00ebs.<\/p>","protected":false},"excerpt":{"rendered":"<ul>\n<li>Monitoron me sakt\u00ebsi l\u00ebvizjen horizontale dhe vertikale t\u00eb \u00e7arjeve<\/li>\n<li>Ofron lexime t\u00eb qarta n\u00eb shkall\u00eb milimetri p\u00ebr matje t\u00eb sakta<\/li>\n<li>Mb\u00ebshtet analiz\u00ebn dhe dokumentimin afatgjat\u00eb t\u00eb trendit t\u00eb \u00e7arjeve<\/li>\n<\/ul>","protected":false},"featured_media":5383,"comment_status":"open","ping_status":"closed","template":"","meta":[],"product_brand":[],"product_cat":[151,79],"product_tag":[],"class_list":{"0":"post-5877","1":"product","2":"type-product","3":"status-publish","4":"has-post-thumbnail","6":"product_cat-crack-monitor","7":"product_cat-surveying-accessory","9":"first","10":"instock","11":"shipping-taxable","12":"product-type-simple"},"_links":{"self":[{"href":"https:\/\/mountlaser.com\/sq\/wp-json\/wp\/v2\/product\/5877","targetHints":{"allow":["GET"]}}],"collection":[{"href":"https:\/\/mountlaser.com\/sq\/wp-json\/wp\/v2\/product"}],"about":[{"href":"https:\/\/mountlaser.com\/sq\/wp-json\/wp\/v2\/types\/product"}],"replies":[{"embeddable":true,"href":"https:\/\/mountlaser.com\/sq\/wp-json\/wp\/v2\/comments?post=5877"}],"wp:featuredmedia":[{"embeddable":true,"href":"https:\/\/mountlaser.com\/sq\/wp-json\/wp\/v2\/media\/5383"}],"wp:attachment":[{"href":"https:\/\/mountlaser.com\/sq\/wp-json\/wp\/v2\/media?parent=5877"}],"wp:term":[{"taxonomy":"product_brand","embeddable":true,"href":"https:\/\/mountlaser.com\/sq\/wp-json\/wp\/v2\/product_brand?post=5877"},{"taxonomy":"product_cat","embeddable":true,"href":"https:\/\/mountlaser.com\/sq\/wp-json\/wp\/v2\/product_cat?post=5877"},{"taxonomy":"product_tag","embeddable":true,"href":"https:\/\/mountlaser.com\/sq\/wp-json\/wp\/v2\/product_tag?post=5877"}],"curies":[{"name":"wp","href":"https:\/\/api.w.org\/{rel}","templated":true}]}}