{"id":5875,"date":"2025-12-12T09:27:22","date_gmt":"2025-12-12T09:27:22","guid":{"rendered":"https:\/\/mountlaser.com\/?post_type=product&#038;p=5875"},"modified":"2025-12-12T09:27:22","modified_gmt":"2025-12-12T09:27:22","slug":"cm03-crack-monitor","status":"publish","type":"product","link":"https:\/\/mountlaser.com\/sq\/produkt\/cm03-crack-monitor\/","title":{"rendered":"Monitori i \u00e7arjeve CM03"},"content":{"rendered":"<p data-start=\"185\" data-end=\"585\">I\/E\/T\u00eb\/T\u00eb <a href=\"https:\/\/mountlaser.com\/sq\/\"><strong data-start=\"189\" data-end=\"211\">Monitori i \u00e7arjeve CM03<\/strong><\/a> \u00ebsht\u00eb nj\u00eb mjet i projektuar me precizion t\u00eb lart\u00eb, i projektuar p\u00ebr profesionist\u00ebt q\u00eb k\u00ebrkojn\u00eb t\u00eb dh\u00ebna t\u00eb sakta dhe t\u00eb besueshme. <a href=\"https:\/\/mountlaser.com\/sq\/products\/\"><strong data-start=\"306\" data-end=\"340\">monitorimi i monitorit t\u00eb matjes s\u00eb \u00e7arjeve<\/strong><\/a> n\u00eb vler\u00ebsimet strukturore. Me dy pllaka mbivendos\u00ebse - nj\u00ebra transparente me nj\u00eb kursor t\u00eb im\u00ebt dhe nj\u00eb tjet\u00ebr t\u00eb printuar me kalibrim milimetrik - Monitori i \u00c7arjeve CM03 ofron lexime t\u00eb qarta dhe t\u00eb q\u00ebndrueshme t\u00eb l\u00ebvizjes s\u00eb \u00e7arjeve me kalimin e koh\u00ebs.<\/p>\n<p><img fetchpriority=\"high\" decoding=\"async\" class=\"aligncenter wp-image-5376\" src=\"https:\/\/mountlaser.com\/wp-content\/uploads\/2025\/12\/\u4e3b\u56fe2-2.webp\" alt=\"CM03 Crack Monitor\" width=\"500\" height=\"500\" srcset=\"https:\/\/mountlaser.com\/wp-content\/uploads\/2025\/12\/\u4e3b\u56fe2-2.webp 1000w, https:\/\/mountlaser.com\/wp-content\/uploads\/2025\/12\/\u4e3b\u56fe2-2-300x300.webp 300w, https:\/\/mountlaser.com\/wp-content\/uploads\/2025\/12\/\u4e3b\u56fe2-2-150x150.webp 150w, https:\/\/mountlaser.com\/wp-content\/uploads\/2025\/12\/\u4e3b\u56fe2-2-768x768.webp 768w, https:\/\/mountlaser.com\/wp-content\/uploads\/2025\/12\/\u4e3b\u56fe2-2-12x12.webp 12w, https:\/\/mountlaser.com\/wp-content\/uploads\/2025\/12\/\u4e3b\u56fe2-2-600x600.webp 600w, https:\/\/mountlaser.com\/wp-content\/uploads\/2025\/12\/\u4e3b\u56fe2-2-800x800.webp 800w, https:\/\/mountlaser.com\/wp-content\/uploads\/2025\/12\/\u4e3b\u56fe2-2-400x400.webp 400w\" sizes=\"(max-width: 500px) 100vw, 500px\" \/><\/p>\n<p>Si nj\u00eb zgjidhje e besueshme p\u00ebr monitorimin e matjes s\u00eb \u00e7arjeve, instalohet leht\u00ebsisht duke p\u00ebrdorur vidat e p\u00ebrfshira dhe mund t\u00eb p\u00ebrforcohet me ngjit\u00ebs (nuk p\u00ebrfshihet) kur \u00ebsht\u00eb e nevojshme. <a href=\"https:\/\/mountlaser.com\/sq\/contact-us\/\">Monitori i \u00e7arjeve CM03<\/a> Gjithashtu vjen me udh\u00ebzime t\u00eb holl\u00ebsishme instalimi dhe nj\u00eb flet\u00eb regjistrimi t\u00eb \u00e7arjeve, duke siguruar nj\u00eb konfigurim t\u00eb plot\u00eb dhe miq\u00ebsor p\u00ebr p\u00ebrdoruesin p\u00ebr monitorimin afatgjat\u00eb t\u00eb matjes s\u00eb \u00e7arjeve n\u00eb nd\u00ebrtesa, ura dhe struktura t\u00eb tjera.<\/p>","protected":false},"excerpt":{"rendered":"<ul>\n<li>Mat zhvendosjen horizontale dhe vertikale t\u00eb \u00e7arjeve<\/li>\n<li>Ofron lexime vizuale me sakt\u00ebsi milimetrike<\/li>\n<li>Mb\u00ebshtet monitorimin e vazhduesh\u00ebm t\u00eb sh\u00ebndetit dhe siguris\u00eb strukturore<\/li>\n<\/ul>","protected":false},"featured_media":5375,"comment_status":"open","ping_status":"closed","template":"","meta":[],"product_brand":[],"product_cat":[151,79],"product_tag":[],"class_list":{"0":"post-5875","1":"product","2":"type-product","3":"status-publish","4":"has-post-thumbnail","6":"product_cat-crack-monitor","7":"product_cat-surveying-accessory","9":"first","10":"instock","11":"shipping-taxable","12":"product-type-simple"},"_links":{"self":[{"href":"https:\/\/mountlaser.com\/sq\/wp-json\/wp\/v2\/product\/5875","targetHints":{"allow":["GET"]}}],"collection":[{"href":"https:\/\/mountlaser.com\/sq\/wp-json\/wp\/v2\/product"}],"about":[{"href":"https:\/\/mountlaser.com\/sq\/wp-json\/wp\/v2\/types\/product"}],"replies":[{"embeddable":true,"href":"https:\/\/mountlaser.com\/sq\/wp-json\/wp\/v2\/comments?post=5875"}],"wp:featuredmedia":[{"embeddable":true,"href":"https:\/\/mountlaser.com\/sq\/wp-json\/wp\/v2\/media\/5375"}],"wp:attachment":[{"href":"https:\/\/mountlaser.com\/sq\/wp-json\/wp\/v2\/media?parent=5875"}],"wp:term":[{"taxonomy":"product_brand","embeddable":true,"href":"https:\/\/mountlaser.com\/sq\/wp-json\/wp\/v2\/product_brand?post=5875"},{"taxonomy":"product_cat","embeddable":true,"href":"https:\/\/mountlaser.com\/sq\/wp-json\/wp\/v2\/product_cat?post=5875"},{"taxonomy":"product_tag","embeddable":true,"href":"https:\/\/mountlaser.com\/sq\/wp-json\/wp\/v2\/product_tag?post=5875"}],"curies":[{"name":"wp","href":"https:\/\/api.w.org\/{rel}","templated":true}]}}