{"id":5871,"date":"2025-12-12T06:55:30","date_gmt":"2025-12-12T06:55:30","guid":{"rendered":"https:\/\/mountlaser.com\/?post_type=product&#038;p=5871"},"modified":"2025-12-12T07:27:36","modified_gmt":"2025-12-12T07:27:36","slug":"sm01-yl-surveying-marker","status":"publish","type":"product","link":"https:\/\/mountlaser.com\/sq\/produkt\/sm01-yl-surveying-marker\/","title":{"rendered":"Sh\u00ebnues Mat\u00ebs SM01-YL"},"content":{"rendered":"<p data-start=\"169\" data-end=\"642\">I\/E\/T\u00eb\/T\u00eb <a href=\"https:\/\/mountlaser.com\/sq\/\"><strong data-start=\"173\" data-end=\"201\">Sh\u00ebnues Mat\u00ebs SM01-YL<\/strong><\/a> \u00ebsht\u00eb nj\u00eb sh\u00ebnues terreni i besuesh\u00ebm dhe i q\u00ebndruesh\u00ebm i projektuar p\u00ebr pika referimi t\u00eb sakta n\u00eb detyrat profesionale t\u00eb matjes. I b\u00ebr\u00eb nga plastik\u00eb e derdhur me injeksion me cil\u00ebsi t\u00eb lart\u00eb, Sh\u00ebnuesi i Matjes SM01-YL ofron performanc\u00eb afatgjat\u00eb edhe n\u00eb mjedise t\u00eb jashtme k\u00ebrkuese. Si nj\u00eb shum\u00eb i duksh\u00ebm <a href=\"https:\/\/mountlaser.com\/sq\/kategori-produkti\/surveying-accessory\/\"><strong data-start=\"493\" data-end=\"518\">sh\u00ebnues plastik p\u00ebr matje<\/strong><\/a>, ai ofron identifikim t\u00eb qart\u00eb p\u00ebr vijat e planifikimit, pikat e kontrollit dhe shenjat kufitare n\u00eb vendet e nd\u00ebrtimit dhe t\u00eb studimit.<\/p>\n<p data-start=\"644\" data-end=\"1006\">I projektuar p\u00ebr precizion dhe besueshm\u00ebri, <a href=\"https:\/\/mountlaser.com\/sq\/contact-us\/\">Sh\u00ebnues Mat\u00ebs SM01-YL<\/a> Shquhet midis sh\u00ebnuesve plastik\u00eb modern\u00eb t\u00eb matjeve, duke ofruar mund\u00ebsi ngjyrash t\u00eb ndritshme q\u00eb sigurojn\u00eb njohje t\u00eb leht\u00eb nga distanca. Profesionist\u00ebt e matjeve q\u00eb mb\u00ebshteten n\u00eb sh\u00ebnuesit plastik\u00eb t\u00eb matjeve p\u00ebr operacionet e p\u00ebrditshme n\u00eb terren do ta vler\u00ebsojn\u00eb forc\u00ebn, rezistenc\u00ebn ndaj kushteve atmosferike dhe sakt\u00ebsin\u00eb e vazhdueshme t\u00eb tyre.<\/p>\n<div>\n<table style=\"border-collapse: collapse; width: 801.02pt;\" border=\"0\" width=\"1068\" cellspacing=\"0\" cellpadding=\"0\">\n<tbody>\n<tr style=\"height: 14.25pt;\">\n<td class=\"et2\" style=\"height: 14.25pt; width: 127.50pt;\" width=\"170\" height=\"19\">NUM\u00cbR<\/td>\n<td class=\"et2\" style=\"width: 196.50pt;\" width=\"262\">NGJYRA<\/td>\n<td class=\"et2\" style=\"width: 213.00pt;\" width=\"284\">MADH\u00cbSIA D x D x L<\/td>\n<td class=\"et3\" style=\"width: 93.75pt;\" width=\"125\">MOQ (cop\u00eb)<\/td>\n<td class=\"et3\" style=\"width: 170.25pt;\" width=\"227\">FOTO<\/td>\n<\/tr>\n<tr style=\"height: 14.25pt;\">\n<td class=\"et4\" style=\"height: 14.25pt;\" height=\"19\">SM01-YL<\/td>\n<td class=\"et5\">E verdh\u00eb<\/td>\n<td class=\"et6\">D46 \u00d7 d10 \u00d7 H6 mm<\/td>\n<td class=\"et7\" align=\"right\">1000<\/td>\n<td class=\"et7\"><img fetchpriority=\"high\" decoding=\"async\" class=\"alignnone wp-image-5350 size-medium\" src=\"https:\/\/mountlaser.com\/wp-content\/uploads\/2025\/12\/SM01-Surveying-Marker5-300x300.webp\" alt=\"SM01-YL Surveying Marker\" width=\"300\" height=\"300\" srcset=\"https:\/\/mountlaser.com\/wp-content\/uploads\/2025\/12\/SM01-Surveying-Marker5-300x300.webp 300w, https:\/\/mountlaser.com\/wp-content\/uploads\/2025\/12\/SM01-Surveying-Marker5-150x150.webp 150w, https:\/\/mountlaser.com\/wp-content\/uploads\/2025\/12\/SM01-Surveying-Marker5-768x768.webp 768w, https:\/\/mountlaser.com\/wp-content\/uploads\/2025\/12\/SM01-Surveying-Marker5-12x12.webp 12w, https:\/\/mountlaser.com\/wp-content\/uploads\/2025\/12\/SM01-Surveying-Marker5-600x600.webp 600w, https:\/\/mountlaser.com\/wp-content\/uploads\/2025\/12\/SM01-Surveying-Marker5-800x800.webp 800w, https:\/\/mountlaser.com\/wp-content\/uploads\/2025\/12\/SM01-Surveying-Marker5-400x400.webp 400w, https:\/\/mountlaser.com\/wp-content\/uploads\/2025\/12\/SM01-Surveying-Marker5.webp 1000w\" sizes=\"(max-width: 300px) 100vw, 300px\" \/><\/td>\n<\/tr>\n<\/tbody>\n<\/table>\n<\/div>","protected":false},"excerpt":{"rendered":"<ul>\n<li>Ofron sh\u00ebnime t\u00eb sakta p\u00ebr pikat e kontrollit, kufijt\u00eb dhe linjat e paraqitjes<\/li>\n<li>Nd\u00ebrtuar me plastik\u00eb t\u00eb formuar me injeksion me cil\u00ebsi t\u00eb lart\u00eb p\u00ebr q\u00ebndrueshm\u00ebri t\u00eb jasht\u00ebzakonshme<\/li>\n<li>Ofrohet me ngjyra t\u00eb ndritshme dhe me dukshm\u00ebri t\u00eb lart\u00eb p\u00ebr njohje t\u00eb leht\u00eb t\u00eb fush\u00ebs<\/li>\n<li>Ideale p\u00ebr vendet e nd\u00ebrtimit, studimet topografike dhe sh\u00ebnimet referuese afatgjata<\/li>\n<li>Ofron performanc\u00eb t\u00eb besueshme si nj\u00eb sh\u00ebnues mat\u00ebs i nivelit profesional<\/li>\n<\/ul>","protected":false},"featured_media":5352,"comment_status":"open","ping_status":"closed","template":"","meta":[],"product_brand":[],"product_cat":[152,79],"product_tag":[],"class_list":{"0":"post-5871","1":"product","2":"type-product","3":"status-publish","4":"has-post-thumbnail","6":"product_cat-surveying-marker","7":"product_cat-surveying-accessory","9":"first","10":"instock","11":"shipping-taxable","12":"product-type-simple"},"_links":{"self":[{"href":"https:\/\/mountlaser.com\/sq\/wp-json\/wp\/v2\/product\/5871","targetHints":{"allow":["GET"]}}],"collection":[{"href":"https:\/\/mountlaser.com\/sq\/wp-json\/wp\/v2\/product"}],"about":[{"href":"https:\/\/mountlaser.com\/sq\/wp-json\/wp\/v2\/types\/product"}],"replies":[{"embeddable":true,"href":"https:\/\/mountlaser.com\/sq\/wp-json\/wp\/v2\/comments?post=5871"}],"wp:featuredmedia":[{"embeddable":true,"href":"https:\/\/mountlaser.com\/sq\/wp-json\/wp\/v2\/media\/5352"}],"wp:attachment":[{"href":"https:\/\/mountlaser.com\/sq\/wp-json\/wp\/v2\/media?parent=5871"}],"wp:term":[{"taxonomy":"product_brand","embeddable":true,"href":"https:\/\/mountlaser.com\/sq\/wp-json\/wp\/v2\/product_brand?post=5871"},{"taxonomy":"product_cat","embeddable":true,"href":"https:\/\/mountlaser.com\/sq\/wp-json\/wp\/v2\/product_cat?post=5871"},{"taxonomy":"product_tag","embeddable":true,"href":"https:\/\/mountlaser.com\/sq\/wp-json\/wp\/v2\/product_tag?post=5871"}],"curies":[{"name":"wp","href":"https:\/\/api.w.org\/{rel}","templated":true}]}}