{"id":5869,"date":"2025-12-12T05:45:46","date_gmt":"2025-12-12T05:45:46","guid":{"rendered":"https:\/\/mountlaser.com\/?post_type=product&#038;p=5869"},"modified":"2025-12-12T05:45:46","modified_gmt":"2025-12-12T05:45:46","slug":"al03-abney-level","status":"publish","type":"product","link":"https:\/\/mountlaser.com\/sq\/produkt\/al03-abney-level\/","title":{"rendered":"Niveli AL03 Abney"},"content":{"rendered":"<p>I\/E\/T\u00eb\/T\u00eb <a href=\"https:\/\/mountlaser.com\/sq\/\"><strong>Niveli AL03 Abney<\/strong><\/a> \u00ebsht\u00eb nj\u00eb instrument i nd\u00ebrtuar me precizion i projektuar p\u00ebr profesionist\u00ebt q\u00eb kan\u00eb nevoj\u00eb p\u00ebr vler\u00ebsime t\u00eb shpejta dhe t\u00eb besueshme t\u00eb pjerr\u00ebsis\u00eb dhe lart\u00ebsis\u00eb n\u00eb terren. I projektuar me nj\u00eb tub katror shikimi dhe nj\u00eb teleskop t\u00eb brendsh\u00ebm fokusimi, niveli AL03 Abney ofron lexime me sakt\u00ebsi t\u00eb lart\u00eb prej 20&#039;\/2 mm, duke e b\u00ebr\u00eb at\u00eb nj\u00eb zgjedhje t\u00eb besueshme p\u00ebr vler\u00ebsimin e terrenit, planin e nd\u00ebrtimit dhe matjet topografike. Si nj\u00eb mjet kompakt dhe i q\u00ebndruesh\u00ebm i p\u00ebrdorur gjer\u00ebsisht n\u00eb matjet manuale t\u00eb nivelit n\u00eb Abney, ai u lejon mat\u00ebsve t\u00eb kryejn\u00eb kontrolle k\u00ebndi, pjerr\u00ebsi dhe lart\u00ebsie me besim dhe efikasitet.<\/p>\n<p>E pajisur me harqe t\u00eb k\u00ebmbyeshme, nj\u00eb shkall\u00eb kryesore 1\u00b0 me vernier 10\u2032 dhe shkall\u00eb t\u00eb integruara t\u00eb pjerr\u00ebsis\u00eb 1:1 dhe 1:10, <a href=\"https:\/\/mountlaser.com\/sq\/kategori-produkti\/surveying-accessory\/\">Niveli AL03 Abney<\/a> P\u00ebrshtatet leht\u00ebsisht n\u00eb nj\u00eb gam\u00eb t\u00eb gjer\u00eb aplikimesh n\u00eb terren. Diametri i tij prej 90 mm ofron nj\u00eb gam\u00eb t\u00eb qart\u00eb matjeje nga 0\u00b0 n\u00eb 90\u00b0, duke mb\u00ebshtetur v\u00ebzhgime standarde dhe me k\u00ebnd t\u00eb pjerr\u00ebt. I projektuar p\u00ebr mjedise matjeje n\u00eb bot\u00ebn reale, ky instrument \u00ebsht\u00eb nj\u00eb shoq\u00ebrues i besuesh\u00ebm p\u00ebr matjet me dor\u00eb n\u00eb nivelin e Abney-t dhe vjen me nj\u00eb kuti t\u00eb p\u00ebrshtatshme me rrip p\u00ebr transport t\u00eb leht\u00eb n\u00eb vend.<\/p>\n<p><img fetchpriority=\"high\" decoding=\"async\" class=\"aligncenter wp-image-5550\" src=\"https:\/\/mountlaser.com\/wp-content\/uploads\/2025\/12\/AL035.webp\" alt=\"AL03 Abney Level\" width=\"500\" height=\"500\" srcset=\"https:\/\/mountlaser.com\/wp-content\/uploads\/2025\/12\/AL035.webp 1000w, https:\/\/mountlaser.com\/wp-content\/uploads\/2025\/12\/AL035-300x300.webp 300w, https:\/\/mountlaser.com\/wp-content\/uploads\/2025\/12\/AL035-150x150.webp 150w, https:\/\/mountlaser.com\/wp-content\/uploads\/2025\/12\/AL035-768x768.webp 768w, https:\/\/mountlaser.com\/wp-content\/uploads\/2025\/12\/AL035-12x12.webp 12w, https:\/\/mountlaser.com\/wp-content\/uploads\/2025\/12\/AL035-600x600.webp 600w, https:\/\/mountlaser.com\/wp-content\/uploads\/2025\/12\/AL035-800x800.webp 800w, https:\/\/mountlaser.com\/wp-content\/uploads\/2025\/12\/AL035-400x400.webp 400w\" sizes=\"(max-width: 500px) 100vw, 500px\" \/><\/p>\n<p>I nd\u00ebrtuar p\u00ebr shkatht\u00ebsi, transportueshm\u00ebri dhe sakt\u00ebsi t\u00eb besueshme, niveli AL03 Abney mbetet nj\u00eb zgjidhje e preferuar p\u00ebr profesionist\u00ebt q\u00eb kryejn\u00eb rregullisht punime. <a href=\"https:\/\/mountlaser.com\/sq\/about-us\/\"><strong>matja e nivelit t\u00eb dor\u00ebs n\u00eb Abney<\/strong><\/a> dhe k\u00ebrkojn\u00eb nj\u00eb mjet t\u00eb sakt\u00eb p\u00ebr matjen e pjerr\u00ebsis\u00eb, k\u00ebndeve dhe ndryshimeve t\u00eb lart\u00ebsis\u00eb.<\/p>","protected":false},"excerpt":{"rendered":"<ul>\n<li>Matje precize e pjerr\u00ebsis\u00eb, k\u00ebndeve dhe ndryshimeve t\u00eb lart\u00ebsis\u00eb<\/li>\n<li>Tub katror shikimi me teleskop fokusues t\u00eb brendsh\u00ebm (sakt\u00ebsi 20&#039;\/2 mm)<\/li>\n<li>Harqe matjeje t\u00eb nd\u00ebrrueshme p\u00ebr p\u00ebrdorim fleksib\u00ebl<\/li>\n<li>Shkall\u00eb 1\u00b0 me vernier 10\u2032 p\u00ebr lexime t\u00eb sakta<\/li>\n<li>Shkall\u00ebt e pjerr\u00ebsis\u00eb s\u00eb integruara 1:1 dhe 1:10<\/li>\n<li>Diamet\u00ebr 90 mm, diapazoni i matjes 0\u00b0 deri n\u00eb 90\u00b0<\/li>\n<li>P\u00ebrfshin kuti me rrip p\u00ebr transportueshm\u00ebri t\u00eb leht\u00eb n\u00eb terren<\/li>\n<li>Ideale p\u00ebr detyra t\u00eb shpejta dhe t\u00eb besueshme t\u00eb matjes me dor\u00eb n\u00eb nivelin e Abney-t.<\/li>\n<\/ul>","protected":false},"featured_media":5546,"comment_status":"open","ping_status":"closed","template":"","meta":[],"product_brand":[],"product_cat":[156,79],"product_tag":[],"class_list":{"0":"post-5869","1":"product","2":"type-product","3":"status-publish","4":"has-post-thumbnail","6":"product_cat-abney-level","7":"product_cat-surveying-accessory","9":"first","10":"instock","11":"shipping-taxable","12":"product-type-simple"},"_links":{"self":[{"href":"https:\/\/mountlaser.com\/sq\/wp-json\/wp\/v2\/product\/5869","targetHints":{"allow":["GET"]}}],"collection":[{"href":"https:\/\/mountlaser.com\/sq\/wp-json\/wp\/v2\/product"}],"about":[{"href":"https:\/\/mountlaser.com\/sq\/wp-json\/wp\/v2\/types\/product"}],"replies":[{"embeddable":true,"href":"https:\/\/mountlaser.com\/sq\/wp-json\/wp\/v2\/comments?post=5869"}],"wp:featuredmedia":[{"embeddable":true,"href":"https:\/\/mountlaser.com\/sq\/wp-json\/wp\/v2\/media\/5546"}],"wp:attachment":[{"href":"https:\/\/mountlaser.com\/sq\/wp-json\/wp\/v2\/media?parent=5869"}],"wp:term":[{"taxonomy":"product_brand","embeddable":true,"href":"https:\/\/mountlaser.com\/sq\/wp-json\/wp\/v2\/product_brand?post=5869"},{"taxonomy":"product_cat","embeddable":true,"href":"https:\/\/mountlaser.com\/sq\/wp-json\/wp\/v2\/product_cat?post=5869"},{"taxonomy":"product_tag","embeddable":true,"href":"https:\/\/mountlaser.com\/sq\/wp-json\/wp\/v2\/product_tag?post=5869"}],"curies":[{"name":"wp","href":"https:\/\/api.w.org\/{rel}","templated":true}]}}