{"id":5867,"date":"2025-12-12T03:13:33","date_gmt":"2025-12-12T03:13:33","guid":{"rendered":"https:\/\/mountlaser.com\/?post_type=product&#038;p=5867"},"modified":"2025-12-12T03:13:33","modified_gmt":"2025-12-12T03:13:33","slug":"ps4a-pocket-stereo-viewer","status":"publish","type":"product","link":"https:\/\/mountlaser.com\/sq\/produkt\/ps4a-pocket-stereo-viewer\/","title":{"rendered":"Shikues Stereo Xhepi PS4A"},"content":{"rendered":"<p>I\/E\/T\u00eb\/T\u00eb <a href=\"https:\/\/mountlaser.com\/sq\/\"><strong>Shikues Stereo Xhepi PS4A<\/strong><\/a> \u00ebsht\u00eb nj\u00eb stereoskop kompakt dhe i gatsh\u00ebm p\u00ebr n\u00eb terren, i nd\u00ebrtuar p\u00ebr gjeodet\u00eb profesionist\u00eb dhe specialist\u00eb t\u00eb hart\u00ebzimit q\u00eb mb\u00ebshteten n\u00eb interpretimin e qart\u00eb t\u00eb imazhit stereo. I projektuar me mbajt\u00ebse t\u00eb q\u00ebndrueshme prej aliazhi metalik t\u00eb derdhur, Shikuesi Stereo i Xhepit PS4A ofron zmadhim t\u00eb besuesh\u00ebm 4X, duke e b\u00ebr\u00eb at\u00eb nj\u00eb alternativ\u00eb t\u00eb fuqishme dhe portative ndaj instrumenteve m\u00eb t\u00eb m\u00ebdha stereoskopike. Performanca e tij optike dhe nd\u00ebrtimi i fort\u00eb e b\u00ebjn\u00eb at\u00eb gjithashtu nj\u00eb zgjedhje t\u00eb shk\u00eblqyer p\u00ebr p\u00ebrdoruesit q\u00eb kan\u00eb nevoj\u00eb p\u00ebr nj\u00eb... <a href=\"https:\/\/mountlaser.com\/sq\/kategori-produkti\/surveying-accessory\/\"><strong>Shikues Stereoskopi Xhepi 4X<\/strong><\/a> si n\u00eb zyra ashtu edhe n\u00eb ambiente t\u00eb jashtme.<\/p>\n<p>I projektuar p\u00ebr rehati dhe qart\u00ebsi, <a href=\"https:\/\/mountlaser.com\/sq\/about-us\/\">Shikues Stereo Xhepi PS4A<\/a> P\u00ebrmban nj\u00eb distanc\u00eb t\u00eb rregullueshme nd\u00ebrpupilare q\u00eb varion nga 56 mm n\u00eb 75 mm, duke u lejuar p\u00ebrdoruesve t\u00eb personalizojn\u00eb p\u00ebrshtatjen p\u00ebr seanca t\u00eb zgjatura shikimi. Me nj\u00eb fush\u00ebpamje t\u00eb bollshme prej 125 mm \u00d7 125 mm, p\u00ebrdoruesit mund t\u00eb kryejn\u00eb leht\u00ebsisht analiza t\u00eb detajuara stereo pa mas\u00ebn ose kufizimet e stereoskop\u00ebve tradicional\u00eb. Si nj\u00eb Shikues Stereoskopi Xhepi 4X i gjithansh\u00ebm, ai shk\u00eblqen n\u00eb vler\u00ebsimin e terrenit, fotogrametrin\u00eb dhe interpretimin e p\u00ebrgjithsh\u00ebm t\u00eb imazhit stereo.<\/p>\n<p><img fetchpriority=\"high\" decoding=\"async\" class=\"aligncenter wp-image-5562\" src=\"https:\/\/mountlaser.com\/wp-content\/uploads\/2025\/12\/\u4e3b\u56fe2-4.webp\" alt=\"PS4A Pocket Stereo Viewer\" width=\"500\" height=\"500\" srcset=\"https:\/\/mountlaser.com\/wp-content\/uploads\/2025\/12\/\u4e3b\u56fe2-4.webp 1000w, https:\/\/mountlaser.com\/wp-content\/uploads\/2025\/12\/\u4e3b\u56fe2-4-300x300.webp 300w, https:\/\/mountlaser.com\/wp-content\/uploads\/2025\/12\/\u4e3b\u56fe2-4-150x150.webp 150w, https:\/\/mountlaser.com\/wp-content\/uploads\/2025\/12\/\u4e3b\u56fe2-4-768x768.webp 768w, https:\/\/mountlaser.com\/wp-content\/uploads\/2025\/12\/\u4e3b\u56fe2-4-12x12.webp 12w, https:\/\/mountlaser.com\/wp-content\/uploads\/2025\/12\/\u4e3b\u56fe2-4-600x600.webp 600w, https:\/\/mountlaser.com\/wp-content\/uploads\/2025\/12\/\u4e3b\u56fe2-4-800x800.webp 800w, https:\/\/mountlaser.com\/wp-content\/uploads\/2025\/12\/\u4e3b\u56fe2-4-400x400.webp 400w\" sizes=\"(max-width: 500px) 100vw, 500px\" \/><\/p>\n<p>Pavar\u00ebsisht n\u00ebse po kryeni hartografi n\u00eb vend apo po analizoni fotografi ajrore n\u00eb zyr\u00eb, PS4A Pocket Stereo Viewer ofron stabilitetin, qart\u00ebsin\u00eb dhe sakt\u00ebsin\u00eb optike t\u00eb nevojshme n\u00eb rrjedhat moderne t\u00eb pun\u00ebs s\u00eb matjeve. Fuqia e tij optike 4X dhe korniza kompakte e b\u00ebjn\u00eb at\u00eb idealin. <a href=\"https:\/\/mountlaser.com\/sq\/contact-us\/\">Shikues Stereoskopi Xhepi 4X<\/a> p\u00ebr profesionist\u00ebt q\u00eb kan\u00eb nevoj\u00eb p\u00ebr sakt\u00ebsi pa sakrifikuar transportueshm\u00ebrin\u00eb.<\/p>","protected":false},"excerpt":{"rendered":"<ul>\n<li>Zmadhim 4X p\u00ebr interpretim t\u00eb qart\u00eb stereo t\u00eb imazhit<\/li>\n<li>Distanc\u00eb e rregullueshme nd\u00ebrpupillare (56\u201375 mm) p\u00ebr p\u00ebrdorim t\u00eb rehatsh\u00ebm<\/li>\n<li>Fush\u00ebpamje 125 mm \u00d7 125 mm p\u00ebr v\u00ebzhgim stereoskopik me sip\u00ebrfaqe t\u00eb gjer\u00eb<\/li>\n<li>Nd\u00ebrtim i q\u00ebndruesh\u00ebm me aliazh metali t\u00eb derdhur p\u00ebr besueshm\u00ebri n\u00eb terren<\/li>\n<li>Ideale p\u00ebr fotogrametrin\u00eb, analiz\u00ebn e terrenit dhe aplikimet e matjeve<\/li>\n<li>Funksionon si nj\u00eb shikues stereoskopi xhepi 4X shum\u00eb i l\u00ebvizsh\u00ebm<\/li>\n<\/ul>","protected":false},"featured_media":5564,"comment_status":"open","ping_status":"closed","template":"","meta":[],"product_brand":[],"product_cat":[158,79],"product_tag":[],"class_list":{"0":"post-5867","1":"product","2":"type-product","3":"status-publish","4":"has-post-thumbnail","6":"product_cat-pocket-stereo-viewer","7":"product_cat-surveying-accessory","9":"first","10":"instock","11":"shipping-taxable","12":"product-type-simple"},"_links":{"self":[{"href":"https:\/\/mountlaser.com\/sq\/wp-json\/wp\/v2\/product\/5867","targetHints":{"allow":["GET"]}}],"collection":[{"href":"https:\/\/mountlaser.com\/sq\/wp-json\/wp\/v2\/product"}],"about":[{"href":"https:\/\/mountlaser.com\/sq\/wp-json\/wp\/v2\/types\/product"}],"replies":[{"embeddable":true,"href":"https:\/\/mountlaser.com\/sq\/wp-json\/wp\/v2\/comments?post=5867"}],"wp:featuredmedia":[{"embeddable":true,"href":"https:\/\/mountlaser.com\/sq\/wp-json\/wp\/v2\/media\/5564"}],"wp:attachment":[{"href":"https:\/\/mountlaser.com\/sq\/wp-json\/wp\/v2\/media?parent=5867"}],"wp:term":[{"taxonomy":"product_brand","embeddable":true,"href":"https:\/\/mountlaser.com\/sq\/wp-json\/wp\/v2\/product_brand?post=5867"},{"taxonomy":"product_cat","embeddable":true,"href":"https:\/\/mountlaser.com\/sq\/wp-json\/wp\/v2\/product_cat?post=5867"},{"taxonomy":"product_tag","embeddable":true,"href":"https:\/\/mountlaser.com\/sq\/wp-json\/wp\/v2\/product_tag?post=5867"}],"curies":[{"name":"wp","href":"https:\/\/api.w.org\/{rel}","templated":true}]}}