{"id":5858,"date":"2025-12-12T02:40:46","date_gmt":"2025-12-12T02:40:46","guid":{"rendered":"https:\/\/mountlaser.com\/?post_type=product&#038;p=5858"},"modified":"2025-12-12T02:40:46","modified_gmt":"2025-12-12T02:40:46","slug":"dql-8-geology-compass","status":"publish","type":"product","link":"https:\/\/mountlaser.com\/sq\/produkt\/dql-8-geology-compass\/","title":{"rendered":"Busulla e gjeologjis\u00eb DQL-8"},"content":{"rendered":"<p>I\/E\/T\u00eb\/T\u00eb <a href=\"https:\/\/mountlaser.com\/sq\/\"><strong>Busulla e gjeologjis\u00eb DQL-8<\/strong><\/a> \u00ebsht\u00eb nj\u00eb instrument preciz n\u00eb terren i projektuar p\u00ebr gjeologjin\u00eb strukturore, hartografin\u00eb dhe studimet inxhinierike. I projektuar p\u00ebr t\u00eb funksionuar si nj\u00eb instrument me cil\u00ebsi t\u00eb lart\u00eb. <a href=\"https:\/\/mountlaser.com\/sq\/kategori-produkti\/surveying-accessory\/\"><strong>klinometri i kompasit Brunton<\/strong><\/a>, DQL-8 ofron sakt\u00ebsi t\u00eb besueshme n\u00eb matjen e goditjes, pjerr\u00ebsis\u00eb, azimutit dhe pjerr\u00ebsis\u00eb. Qoft\u00eb i p\u00ebrdorur p\u00ebr k\u00ebrkime akademike apo eksplorime gjeologjike profesionale, ky model ofron performanc\u00eb t\u00eb besueshme n\u00eb mjedise fushore k\u00ebrkuese.<\/p>\n<p>Busulla gjeologjike DQL-8 p\u00ebrmban nj\u00eb nivel ajri t\u00eb gjat\u00eb me ndjeshm\u00ebri 15&#039;\u00b13&#039;\/2 mm dhe nj\u00eb nivel ajri rrethor me sakt\u00ebsi 30&#039;\u00b18&#039;\/2 mm, duke siguruar lexime t\u00eb q\u00ebndrueshme dhe t\u00eb sakta. Klinometri i saj i integruar - i nd\u00ebrtuar me nj\u00eb gabim leximi prej \u22640.5\u00b0 - rrit p\u00ebrdorshm\u00ebrin\u00eb gjat\u00eb matjes s\u00eb k\u00ebndeve t\u00eb pjerr\u00ebsis\u00eb, duke e b\u00ebr\u00eb at\u00eb nj\u00eb alternativ\u00eb t\u00eb shk\u00eblqyer ndaj nj\u00eb busulle tradicionale. <a href=\"https:\/\/mountlaser.com\/sq\/about-us\/\"><strong>klinometri i kompasit Brunton<\/strong><\/a>. Shkalla me rrota 1\u00b0 ofron gradacione t\u00eb qarta p\u00ebr matje strukturore t\u00eb shpejta dhe t\u00eb sakta.<\/p>\n<p><img fetchpriority=\"high\" decoding=\"async\" class=\"aligncenter wp-image-5863\" src=\"https:\/\/mountlaser.com\/wp-content\/uploads\/2025\/12\/DQL-8\uff085\uff09.webp\" alt=\"DQL-8 geology compass\" width=\"500\" height=\"500\" srcset=\"https:\/\/mountlaser.com\/wp-content\/uploads\/2025\/12\/DQL-8\uff085\uff09.webp 1000w, https:\/\/mountlaser.com\/wp-content\/uploads\/2025\/12\/DQL-8\uff085\uff09-300x300.webp 300w, https:\/\/mountlaser.com\/wp-content\/uploads\/2025\/12\/DQL-8\uff085\uff09-150x150.webp 150w, https:\/\/mountlaser.com\/wp-content\/uploads\/2025\/12\/DQL-8\uff085\uff09-768x768.webp 768w, https:\/\/mountlaser.com\/wp-content\/uploads\/2025\/12\/DQL-8\uff085\uff09-12x12.webp 12w, https:\/\/mountlaser.com\/wp-content\/uploads\/2025\/12\/DQL-8\uff085\uff09-600x600.webp 600w, https:\/\/mountlaser.com\/wp-content\/uploads\/2025\/12\/DQL-8\uff085\uff09-800x800.webp 800w, https:\/\/mountlaser.com\/wp-content\/uploads\/2025\/12\/DQL-8\uff085\uff09-400x400.webp 400w\" sizes=\"(max-width: 500px) 100vw, 500px\" \/><\/p>\n<p>Shum\u00eb i q\u00ebndruesh\u00ebm dhe i leht\u00eb p\u00ebr t\u2019u p\u00ebrdorur, <a href=\"https:\/\/mountlaser.com\/sq\/contact-us\/\">Busulla e gjeologjis\u00eb DQL-8<\/a> Mb\u00ebshtet gjeolog\u00ebt q\u00eb kan\u00eb nevoj\u00eb p\u00ebr nj\u00eb mjet t\u00eb fort\u00eb dhe t\u00eb besuesh\u00ebm p\u00ebr studime minerale, studime t\u00eb orientimit t\u00eb shk\u00ebmbinjve dhe pun\u00eb n\u00eb terren mjedisore. Si nj\u00eb busull gjeologjike dhe nj\u00eb klinomet\u00ebr me busull Brunton, ai bashkon performanc\u00ebn e sakt\u00eb dhe funksionalitetin e p\u00ebrshtatsh\u00ebm n\u00eb nj\u00eb instrument t\u00eb vet\u00ebm.<\/p>","protected":false},"excerpt":{"rendered":"<ul>\n<li>Mat goditjen, pjerr\u00ebsin\u00eb, azimutin dhe pjerr\u00ebsin\u00eb p\u00ebr analiza gjeologjike dhe strukturore<\/li>\n<li>Nivel ajri i gjat\u00eb (15&#039;\u00b13&#039;\/2mm) dhe nivel ajri rrethor (30&#039;\u00b18&#039;\/2mm) p\u00ebr nivelim t\u00eb q\u00ebndruesh\u00ebm<\/li>\n<li>Gabim leximi i klinometrit \u22640.5\u00b0 p\u00ebr matje t\u00eb sakt\u00eb t\u00eb k\u00ebndit<\/li>\n<li>Shkall\u00eb me dial 1\u00b0 p\u00ebr lexime t\u00eb qarta dhe t\u00eb besueshme<\/li>\n<li>Funksionon si nj\u00eb busull gjeologjike dhe si nj\u00eb alternativ\u00eb e klinometrit t\u00eb busull\u00ebs Brunton<\/li>\n<li>I q\u00ebndruesh\u00ebm, portativ dhe ideal p\u00ebr profesionist\u00ebt n\u00eb terren<\/li>\n<\/ul>","protected":false},"featured_media":5859,"comment_status":"open","ping_status":"closed","template":"","meta":[],"product_brand":[],"product_cat":[165,79],"product_tag":[],"class_list":{"0":"post-5858","1":"product","2":"type-product","3":"status-publish","4":"has-post-thumbnail","6":"product_cat-geology-compass","7":"product_cat-surveying-accessory","9":"first","10":"instock","11":"shipping-taxable","12":"product-type-simple"},"_links":{"self":[{"href":"https:\/\/mountlaser.com\/sq\/wp-json\/wp\/v2\/product\/5858","targetHints":{"allow":["GET"]}}],"collection":[{"href":"https:\/\/mountlaser.com\/sq\/wp-json\/wp\/v2\/product"}],"about":[{"href":"https:\/\/mountlaser.com\/sq\/wp-json\/wp\/v2\/types\/product"}],"replies":[{"embeddable":true,"href":"https:\/\/mountlaser.com\/sq\/wp-json\/wp\/v2\/comments?post=5858"}],"wp:featuredmedia":[{"embeddable":true,"href":"https:\/\/mountlaser.com\/sq\/wp-json\/wp\/v2\/media\/5859"}],"wp:attachment":[{"href":"https:\/\/mountlaser.com\/sq\/wp-json\/wp\/v2\/media?parent=5858"}],"wp:term":[{"taxonomy":"product_brand","embeddable":true,"href":"https:\/\/mountlaser.com\/sq\/wp-json\/wp\/v2\/product_brand?post=5858"},{"taxonomy":"product_cat","embeddable":true,"href":"https:\/\/mountlaser.com\/sq\/wp-json\/wp\/v2\/product_cat?post=5858"},{"taxonomy":"product_tag","embeddable":true,"href":"https:\/\/mountlaser.com\/sq\/wp-json\/wp\/v2\/product_tag?post=5858"}],"curies":[{"name":"wp","href":"https:\/\/api.w.org\/{rel}","templated":true}]}}