{"id":5851,"date":"2025-12-12T01:30:53","date_gmt":"2025-12-12T01:30:53","guid":{"rendered":"https:\/\/mountlaser.com\/?post_type=product&#038;p=5851"},"modified":"2025-12-12T01:30:53","modified_gmt":"2025-12-12T01:30:53","slug":"tsfg02-tripod-floor-guide","status":"publish","type":"product","link":"https:\/\/mountlaser.com\/sq\/produkt\/tsfg02-tripod-floor-guide\/","title":{"rendered":"Udh\u00ebzues p\u00ebr dyshemen\u00eb e tripodit TSFG02"},"content":{"rendered":"<p data-start=\"145\" data-end=\"641\">I\/E\/T\u00eb\/T\u00eb <a href=\"https:\/\/mountlaser.com\/sq\/\"><strong data-start=\"149\" data-end=\"178\">Udh\u00ebzues p\u00ebr dyshemen\u00eb e tripodit TSFG02<\/strong><\/a> \u00ebsht\u00eb nj\u00eb aksesor stabilizues i projektuar me precizion, i projektuar p\u00ebr t\u00eb mbajtur trek\u00ebmb\u00ebshat e matjes t\u00eb q\u00ebndruesh\u00ebm dhe t\u00eb pozicionuar si\u00e7 duhet n\u00eb sip\u00ebrfaqe t\u00eb l\u00ebmuara ose t\u00eb forta. I nd\u00ebrtuar nga alumini i q\u00ebndruesh\u00ebm, Udh\u00ebzuesi i Dyshemes\u00eb s\u00eb Trek\u00ebmb\u00ebshit TSFG02 i zgjat k\u00ebmb\u00ebt e trek\u00ebmb\u00ebshit deri n\u00eb 23.6\u2033, duke siguruar nj\u00eb q\u00ebndrim m\u00eb t\u00eb gjer\u00eb dhe m\u00eb t\u00eb sigurt. Si nj\u00eb aksesor i besuesh\u00ebm <a href=\"https:\/\/mountlaser.com\/sq\/kategori-produkti\/surveying-accessory\/\"><strong data-start=\"473\" data-end=\"494\">Stabilizues Tripodi<\/strong><\/a>, p\u00ebrfshin hap\u00ebsira shtes\u00eb n\u00eb 36 cm, 47 cm dhe 58 cm, duke u lejuar mat\u00ebsve t\u00eb rregullojn\u00eb dhe fiksojn\u00eb shpejt konfigurimin e trek\u00ebmb\u00ebshit t\u00eb tyre p\u00ebr nj\u00eb shtrirje t\u00eb sakt\u00eb.<\/p>\n<p><img fetchpriority=\"high\" decoding=\"async\" class=\"aligncenter wp-image-5579\" src=\"https:\/\/mountlaser.com\/wp-content\/uploads\/2025\/12\/TSFG02.webp\" alt=\"TSFG02 Tripod Floor Guide\" width=\"500\" height=\"500\" srcset=\"https:\/\/mountlaser.com\/wp-content\/uploads\/2025\/12\/TSFG02.webp 1000w, https:\/\/mountlaser.com\/wp-content\/uploads\/2025\/12\/TSFG02-300x300.webp 300w, https:\/\/mountlaser.com\/wp-content\/uploads\/2025\/12\/TSFG02-150x150.webp 150w, https:\/\/mountlaser.com\/wp-content\/uploads\/2025\/12\/TSFG02-768x768.webp 768w, https:\/\/mountlaser.com\/wp-content\/uploads\/2025\/12\/TSFG02-12x12.webp 12w, https:\/\/mountlaser.com\/wp-content\/uploads\/2025\/12\/TSFG02-600x600.webp 600w, https:\/\/mountlaser.com\/wp-content\/uploads\/2025\/12\/TSFG02-800x800.webp 800w, https:\/\/mountlaser.com\/wp-content\/uploads\/2025\/12\/TSFG02-400x400.webp 400w\" sizes=\"(max-width: 500px) 100vw, 500px\" \/><\/p>\n<p>Me hap\u00ebsira t\u00eb dedikuara dhe rripa gome q\u00eb i sigurojn\u00eb fort pikat e trek\u00ebmb\u00ebshit n\u00eb vend, ky Stabilizer Trek\u00ebmb\u00ebshi ofron stabilitet t\u00eb q\u00ebndruesh\u00ebm gjat\u00eb operacioneve t\u00eb stacionit total, nivelit t\u00eb lazerit ose skanimit. Pavar\u00ebsisht n\u00ebse punoni n\u00eb dysheme t\u00eb l\u00ebmuara, beton apo n\u00eb vende pune t\u00eb brendshme, Udh\u00ebzuesi i Dyshemes\u00eb s\u00eb Trek\u00ebmb\u00ebshit TSFG02 siguron konfigurime m\u00eb t\u00eb shpejta, rr\u00ebshqitje t\u00eb minimizuar dhe sakt\u00ebsi t\u00eb p\u00ebrmir\u00ebsuar matjeje, duke e b\u00ebr\u00eb at\u00eb nj\u00eb element thelb\u00ebsor. <a href=\"https:\/\/mountlaser.com\/sq\/about-us\/\">Stabilizues Tripodi<\/a> p\u00ebr gjeodet\u00ebt profesionist\u00eb.<\/p>","protected":false},"excerpt":{"rendered":"<ul>\n<li>Zgjat k\u00ebmb\u00ebt e trek\u00ebmb\u00ebshit deri n\u00eb 23.6\u2033 p\u00ebr stabilitet m\u00eb t\u00eb madh<\/li>\n<li>Pozicione t\u00eb shum\u00ebfishta hapjesh (36 cm \/ 47 cm \/ 58 cm) p\u00ebr konfigurime t\u00eb gjithanshme<\/li>\n<li>Hap\u00ebsirat e rripave t\u00eb gom\u00ebs i mbajn\u00eb pikat e trek\u00ebmb\u00ebshit t\u00eb sigurta n\u00eb vend<\/li>\n<li>Parandalon l\u00ebvizjen e trek\u00ebmb\u00ebshit n\u00eb sip\u00ebrfaqe t\u00eb l\u00ebmuara ose t\u00eb forta t\u00eb brendshme<\/li>\n<li>Rrit sakt\u00ebsin\u00eb gjat\u00eb rreshtimit t\u00eb instrumenteve<\/li>\n<\/ul>","protected":false},"featured_media":5579,"comment_status":"open","ping_status":"closed","template":"","meta":[],"product_brand":[],"product_cat":[160,79],"product_tag":[],"class_list":{"0":"post-5851","1":"product","2":"type-product","3":"status-publish","4":"has-post-thumbnail","6":"product_cat-tripod-floor-guide","7":"product_cat-surveying-accessory","9":"first","10":"instock","11":"shipping-taxable","12":"product-type-simple"},"_links":{"self":[{"href":"https:\/\/mountlaser.com\/sq\/wp-json\/wp\/v2\/product\/5851","targetHints":{"allow":["GET"]}}],"collection":[{"href":"https:\/\/mountlaser.com\/sq\/wp-json\/wp\/v2\/product"}],"about":[{"href":"https:\/\/mountlaser.com\/sq\/wp-json\/wp\/v2\/types\/product"}],"replies":[{"embeddable":true,"href":"https:\/\/mountlaser.com\/sq\/wp-json\/wp\/v2\/comments?post=5851"}],"wp:featuredmedia":[{"embeddable":true,"href":"https:\/\/mountlaser.com\/sq\/wp-json\/wp\/v2\/media\/5579"}],"wp:attachment":[{"href":"https:\/\/mountlaser.com\/sq\/wp-json\/wp\/v2\/media?parent=5851"}],"wp:term":[{"taxonomy":"product_brand","embeddable":true,"href":"https:\/\/mountlaser.com\/sq\/wp-json\/wp\/v2\/product_brand?post=5851"},{"taxonomy":"product_cat","embeddable":true,"href":"https:\/\/mountlaser.com\/sq\/wp-json\/wp\/v2\/product_cat?post=5851"},{"taxonomy":"product_tag","embeddable":true,"href":"https:\/\/mountlaser.com\/sq\/wp-json\/wp\/v2\/product_tag?post=5851"}],"curies":[{"name":"wp","href":"https:\/\/api.w.org\/{rel}","templated":true}]}}