{"id":5843,"date":"2025-12-11T09:02:52","date_gmt":"2025-12-11T09:02:52","guid":{"rendered":"https:\/\/mountlaser.com\/?post_type=product&#038;p=5843"},"modified":"2025-12-11T09:02:52","modified_gmt":"2025-12-11T09:02:52","slug":"sc60012-soft-case","status":"publish","type":"product","link":"https:\/\/mountlaser.com\/sq\/produkt\/sc60012-soft-case\/","title":{"rendered":"Kutia e but\u00eb SC60012"},"content":{"rendered":"<p data-start=\"161\" data-end=\"621\">I\/E\/T\u00eb\/T\u00eb <a href=\"https:\/\/mountlaser.com\/sq\/\"><strong data-start=\"165\" data-end=\"186\">Kuti e but\u00eb SC60012<\/strong><\/a> \u00ebsht\u00eb nj\u00eb zgjidhje e q\u00ebndrueshme mbrojt\u00ebse ndaj t\u00eb gjitha moteve, e projektuar p\u00ebr t\u00eb mbajtur instrumentet tuaja t\u00eb matjes t\u00eb sigurta n\u00eb mjediset m\u00eb t\u00eb ashpra t\u00eb terrenit. Nd\u00ebrtuar posa\u00e7\u00ebrisht si nj\u00eb <a href=\"https:\/\/mountlaser.com\/sq\/kategori-produkti\/surveying-accessory\/\"><strong data-start=\"342\" data-end=\"365\">Mbulimi i stacionit total<\/strong><\/a>, ajo mbron pajisjet nga shiu, pluhuri, era dhe dielli - duke siguruar besueshm\u00ebri afatgjat\u00eb dhe performanc\u00eb t\u00eb q\u00ebndrueshme. Me material portokalli t\u00eb ndritsh\u00ebm dhe me dukshm\u00ebri t\u00eb lart\u00eb, kutia e but\u00eb SC60012 rrit sigurin\u00eb n\u00eb vend duke ruajtur nj\u00eb pamje profesionale.<\/p>\n<p><img fetchpriority=\"high\" decoding=\"async\" class=\"aligncenter wp-image-5844\" src=\"https:\/\/mountlaser.com\/wp-content\/uploads\/2025\/12\/SC-TS041.webp\" alt=\"SC60012 Soft case\" width=\"500\" height=\"500\" srcset=\"https:\/\/mountlaser.com\/wp-content\/uploads\/2025\/12\/SC-TS041.webp 1000w, https:\/\/mountlaser.com\/wp-content\/uploads\/2025\/12\/SC-TS041-300x300.webp 300w, https:\/\/mountlaser.com\/wp-content\/uploads\/2025\/12\/SC-TS041-150x150.webp 150w, https:\/\/mountlaser.com\/wp-content\/uploads\/2025\/12\/SC-TS041-768x768.webp 768w, https:\/\/mountlaser.com\/wp-content\/uploads\/2025\/12\/SC-TS041-12x12.webp 12w, https:\/\/mountlaser.com\/wp-content\/uploads\/2025\/12\/SC-TS041-600x600.webp 600w, https:\/\/mountlaser.com\/wp-content\/uploads\/2025\/12\/SC-TS041-800x800.webp 800w, https:\/\/mountlaser.com\/wp-content\/uploads\/2025\/12\/SC-TS041-400x400.webp 400w\" sizes=\"(max-width: 500px) 100vw, 500px\" \/><\/p>\n<p>I projektuar p\u00ebr akses t\u00eb plot\u00eb, kjo Mbules\u00eb e Stacionit Total u lejon operator\u00ebve t\u00eb arrijn\u00eb dhe t\u00eb kontrollojn\u00eb stacionet robotike pa pasur nevoj\u00eb t\u00eb heqin mbrojtjen. P\u00eblhura e fort\u00eb dhe rezistente ndaj ujit ofron rezistenc\u00eb ndaj g\u00ebrvishtjeve dhe goditjeve, duke zgjatur jet\u00ebgjat\u00ebsin\u00eb e instrumenteve tuaja. I pajtuesh\u00ebm me modelet zvicerane TS12, TS15, TS16 dhe TRI S6\/S7, <a href=\"https:\/\/mountlaser.com\/sq\/about-us\/\">Kuti e but\u00eb SC60012<\/a> \u00ebsht\u00eb nj\u00eb mbules\u00eb e thjesht\u00eb por thelb\u00ebsore p\u00ebr stacionin total p\u00ebr \u00e7do profesionist t\u00eb gjeodet\u00ebve.<\/p>","protected":false},"excerpt":{"rendered":"<ul>\n<li>Mbrojtje nga shiu, pluhuri, dielli dhe era n\u00eb \u00e7do mot<\/li>\n<li>Dizajni i aksesuesh\u00ebm lejon p\u00ebrdorimin e plot\u00eb t\u00eb kontrolleve robotike t\u00eb stacionit total<\/li>\n<li>P\u00eblhur\u00eb e fort\u00eb dhe rezistente ndaj ujit parandalon d\u00ebmtimet nga goditjet dhe g\u00ebrryerja<\/li>\n<li>Portokalli me dukshm\u00ebri t\u00eb lart\u00eb p\u00ebr siguri t\u00eb shtuar n\u00eb vendin e pun\u00ebs<\/li>\n<li>I pajtuesh\u00ebm me Swiss TS12\/TS15\/TS16 dhe TRI S6\/S7<\/li>\n<\/ul>","protected":false},"featured_media":5848,"comment_status":"open","ping_status":"closed","template":"","meta":[],"product_brand":[],"product_cat":[164,79],"product_tag":[],"class_list":{"0":"post-5843","1":"product","2":"type-product","3":"status-publish","4":"has-post-thumbnail","6":"product_cat-soft-case","7":"product_cat-surveying-accessory","9":"first","10":"instock","11":"shipping-taxable","12":"product-type-simple"},"_links":{"self":[{"href":"https:\/\/mountlaser.com\/sq\/wp-json\/wp\/v2\/product\/5843","targetHints":{"allow":["GET"]}}],"collection":[{"href":"https:\/\/mountlaser.com\/sq\/wp-json\/wp\/v2\/product"}],"about":[{"href":"https:\/\/mountlaser.com\/sq\/wp-json\/wp\/v2\/types\/product"}],"replies":[{"embeddable":true,"href":"https:\/\/mountlaser.com\/sq\/wp-json\/wp\/v2\/comments?post=5843"}],"wp:featuredmedia":[{"embeddable":true,"href":"https:\/\/mountlaser.com\/sq\/wp-json\/wp\/v2\/media\/5848"}],"wp:attachment":[{"href":"https:\/\/mountlaser.com\/sq\/wp-json\/wp\/v2\/media?parent=5843"}],"wp:term":[{"taxonomy":"product_brand","embeddable":true,"href":"https:\/\/mountlaser.com\/sq\/wp-json\/wp\/v2\/product_brand?post=5843"},{"taxonomy":"product_cat","embeddable":true,"href":"https:\/\/mountlaser.com\/sq\/wp-json\/wp\/v2\/product_cat?post=5843"},{"taxonomy":"product_tag","embeddable":true,"href":"https:\/\/mountlaser.com\/sq\/wp-json\/wp\/v2\/product_tag?post=5843"}],"curies":[{"name":"wp","href":"https:\/\/api.w.org\/{rel}","templated":true}]}}