{"id":5842,"date":"2025-12-11T08:18:33","date_gmt":"2025-12-11T08:18:33","guid":{"rendered":"https:\/\/mountlaser.com\/?post_type=product&#038;p=5842"},"modified":"2025-12-11T08:18:33","modified_gmt":"2025-12-11T08:18:33","slug":"pb01-36-brass-plumb-bob","status":"publish","type":"product","link":"https:\/\/mountlaser.com\/sq\/produkt\/pb01-36-brass-plumb-bob\/","title":{"rendered":"PB01-36 Bob Plumb prej bronzi"},"content":{"rendered":"<p data-start=\"265\" data-end=\"744\">I\/E\/T\u00eb\/T\u00eb <a href=\"https:\/\/mountlaser.com\/sq\/\"><strong data-start=\"269\" data-end=\"296\">PB01-36 Bob Plumb prej bronzi<\/strong><\/a> \u00ebsht\u00eb nj\u00eb mjet i p\u00ebrpunuar me precizion t\u00eb lart\u00eb, i projektuar p\u00ebr profesionist\u00eb q\u00eb k\u00ebrkojn\u00eb sakt\u00ebsi absolute n\u00eb \u00e7do pun\u00eb. Me pesh\u00ebn e tij t\u00eb konsiderueshme dhe nd\u00ebrtimin e ekuilibruar n\u00eb m\u00ebnyr\u00eb t\u00eb p\u00ebrkryer, <a href=\"https:\/\/mountlaser.com\/sq\/kategori-produkti\/surveying-accessory\/\"><strong data-start=\"477\" data-end=\"503\">36 Oz. Bronz Plumb Bob<\/strong><\/a> Ofron stabilitet vertikal t\u00eb jasht\u00ebzakonsh\u00ebm, madje edhe n\u00eb kushte sfiduese n\u00eb terren. I mbuluar me nj\u00eb llak mbrojt\u00ebs t\u00eb q\u00ebndruesh\u00ebm, PB01-36 Brass Plumb Bob i reziston korrozionit dhe ruan performanc\u00eb t\u00eb qet\u00eb dhe t\u00eb besueshme gjat\u00eb p\u00ebrdorimit afatgjat\u00eb n\u00eb terren.<\/p>\n<p><img fetchpriority=\"high\" decoding=\"async\" class=\"aligncenter wp-image-5449\" src=\"https:\/\/mountlaser.com\/wp-content\/uploads\/2025\/12\/PB01.webp\" alt=\"PB01-36 Brass Plumb Bob\" width=\"500\" height=\"500\" srcset=\"https:\/\/mountlaser.com\/wp-content\/uploads\/2025\/12\/PB01.webp 1000w, https:\/\/mountlaser.com\/wp-content\/uploads\/2025\/12\/PB01-300x300.webp 300w, https:\/\/mountlaser.com\/wp-content\/uploads\/2025\/12\/PB01-150x150.webp 150w, https:\/\/mountlaser.com\/wp-content\/uploads\/2025\/12\/PB01-768x768.webp 768w, https:\/\/mountlaser.com\/wp-content\/uploads\/2025\/12\/PB01-12x12.webp 12w, https:\/\/mountlaser.com\/wp-content\/uploads\/2025\/12\/PB01-600x600.webp 600w, https:\/\/mountlaser.com\/wp-content\/uploads\/2025\/12\/PB01-800x800.webp 800w, https:\/\/mountlaser.com\/wp-content\/uploads\/2025\/12\/PB01-400x400.webp 400w\" sizes=\"(max-width: 500px) 100vw, 500px\" \/><\/p>\n<p>I b\u00ebr\u00eb nga bronz i fort\u00eb dhe i pajisur me nj\u00eb maj\u00eb \u00e7eliku t\u00eb ngurt\u00ebsuar, 36 Oz. Brass Plumb Bob siguron shenja t\u00eb mprehta dhe rezistenc\u00eb t\u00eb shk\u00eblqyer ndaj konsumimit. Fijet standarde ASA p\u00ebrmir\u00ebsojn\u00eb p\u00ebrputhshm\u00ebrin\u00eb me litar\u00ebt dhe aksesor\u00ebt e zakonsh\u00ebm, nd\u00ebrsa kapaku i vid\u00ebs ASA prej \u00e7eliku p\u00ebrfshin hap\u00ebsir\u00eb t\u00eb brendshme p\u00ebr nj\u00eb maj\u00eb shtes\u00eb - duke shtuar efikasitet dhe komoditet n\u00eb pajisje. <a href=\"https:\/\/mountlaser.com\/sq\/contact-us\/\">PB01-36 Bob Plumb prej bronzi<\/a> gjat\u00eb funksionimit t\u00eb p\u00ebrditsh\u00ebm.<\/p>","protected":false},"excerpt":{"rendered":"<ul>\n<li>Ofron nj\u00eb referenc\u00eb vertikale t\u00eb q\u00ebndrueshme dhe shum\u00eb t\u00eb sakt\u00eb<\/li>\n<li>Trupi prej bronzi t\u00eb fort\u00eb i p\u00ebrpunuar me precizion siguron shp\u00ebrndarje optimale t\u00eb pesh\u00ebs<\/li>\n<li>Maja e \u00e7elikut t\u00eb ngurt\u00ebsuar prodhon shenja t\u00eb mprehta dhe t\u00eb besueshme<\/li>\n<li>Fijet standarde ASA sigurojn\u00eb p\u00ebrputhshm\u00ebri t\u00eb gjer\u00eb me litar\u00ebt dhe aksesor\u00ebt<\/li>\n<li>Kapaku i vid\u00ebs ASA prej \u00e7eliku p\u00ebrfshin hap\u00ebsir\u00eb t\u00eb brendshme p\u00ebr nj\u00eb pik\u00eb rezerv\u00eb<\/li>\n<\/ul>","protected":false},"featured_media":5449,"comment_status":"open","ping_status":"closed","template":"","meta":[],"product_brand":[],"product_cat":[154,79],"product_tag":[],"class_list":{"0":"post-5842","1":"product","2":"type-product","3":"status-publish","4":"has-post-thumbnail","6":"product_cat-brass-plumb-bob","7":"product_cat-surveying-accessory","9":"first","10":"instock","11":"shipping-taxable","12":"product-type-simple"},"_links":{"self":[{"href":"https:\/\/mountlaser.com\/sq\/wp-json\/wp\/v2\/product\/5842","targetHints":{"allow":["GET"]}}],"collection":[{"href":"https:\/\/mountlaser.com\/sq\/wp-json\/wp\/v2\/product"}],"about":[{"href":"https:\/\/mountlaser.com\/sq\/wp-json\/wp\/v2\/types\/product"}],"replies":[{"embeddable":true,"href":"https:\/\/mountlaser.com\/sq\/wp-json\/wp\/v2\/comments?post=5842"}],"wp:featuredmedia":[{"embeddable":true,"href":"https:\/\/mountlaser.com\/sq\/wp-json\/wp\/v2\/media\/5449"}],"wp:attachment":[{"href":"https:\/\/mountlaser.com\/sq\/wp-json\/wp\/v2\/media?parent=5842"}],"wp:term":[{"taxonomy":"product_brand","embeddable":true,"href":"https:\/\/mountlaser.com\/sq\/wp-json\/wp\/v2\/product_brand?post=5842"},{"taxonomy":"product_cat","embeddable":true,"href":"https:\/\/mountlaser.com\/sq\/wp-json\/wp\/v2\/product_cat?post=5842"},{"taxonomy":"product_tag","embeddable":true,"href":"https:\/\/mountlaser.com\/sq\/wp-json\/wp\/v2\/product_tag?post=5842"}],"curies":[{"name":"wp","href":"https:\/\/api.w.org\/{rel}","templated":true}]}}