{"id":5841,"date":"2025-12-11T08:09:14","date_gmt":"2025-12-11T08:09:14","guid":{"rendered":"https:\/\/mountlaser.com\/?post_type=product&#038;p=5841"},"modified":"2025-12-11T08:09:14","modified_gmt":"2025-12-11T08:09:14","slug":"pb01-32-brass-plumb-bob","status":"publish","type":"product","link":"https:\/\/mountlaser.com\/sq\/produkt\/pb01-32-brass-plumb-bob\/","title":{"rendered":"PB01-32 Bob Plumb prej bronzi"},"content":{"rendered":"<p data-start=\"216\" data-end=\"684\">I\/E\/T\u00eb\/T\u00eb <a href=\"https:\/\/mountlaser.com\/sq\/\"><strong data-start=\"220\" data-end=\"247\">PB01-32 Bob Plumb prej bronzi<\/strong><\/a> \u00ebsht\u00eb projektuar p\u00ebr topograf\u00ebt dhe profesionist\u00ebt e nd\u00ebrtimit q\u00eb k\u00ebrkojn\u00eb stabilitet dhe sakt\u00ebsi maksimale n\u00eb detyrat e v\u00ebshtira t\u00eb shtrirjes. Me trupin e saj t\u00eb p\u00ebrpunuar me precizion dhe pesh\u00ebn e konsiderueshme, <a href=\"https:\/\/mountlaser.com\/sq\/kategori-produkti\/surveying-accessory\/\"><strong data-start=\"441\" data-end=\"467\">32 Oz. Bronz Plumb Bob<\/strong><\/a> Ofron q\u00ebndrueshm\u00ebri vertikale t\u00eb jasht\u00ebzakonshme edhe n\u00eb mjedise pune me er\u00eb ose t\u00eb ngarkuara. I mbuluar me nj\u00eb shtres\u00eb llaku t\u00eb q\u00ebndrueshme, PB01-32 Brass Plumb Bob ruan performanc\u00eb afatgjat\u00eb dhe rezistenc\u00eb ndaj korrozionit.<\/p>\n<p><img fetchpriority=\"high\" decoding=\"async\" class=\"aligncenter wp-image-5449\" src=\"https:\/\/mountlaser.com\/wp-content\/uploads\/2025\/12\/PB01.webp\" alt=\"PB01-32 Brass Plumb Bob\" width=\"500\" height=\"500\" srcset=\"https:\/\/mountlaser.com\/wp-content\/uploads\/2025\/12\/PB01.webp 1000w, https:\/\/mountlaser.com\/wp-content\/uploads\/2025\/12\/PB01-300x300.webp 300w, https:\/\/mountlaser.com\/wp-content\/uploads\/2025\/12\/PB01-150x150.webp 150w, https:\/\/mountlaser.com\/wp-content\/uploads\/2025\/12\/PB01-768x768.webp 768w, https:\/\/mountlaser.com\/wp-content\/uploads\/2025\/12\/PB01-12x12.webp 12w, https:\/\/mountlaser.com\/wp-content\/uploads\/2025\/12\/PB01-600x600.webp 600w, https:\/\/mountlaser.com\/wp-content\/uploads\/2025\/12\/PB01-800x800.webp 800w, https:\/\/mountlaser.com\/wp-content\/uploads\/2025\/12\/PB01-400x400.webp 400w\" sizes=\"(max-width: 500px) 100vw, 500px\" \/><\/p>\n<p>I punuar nga bronzi i fort\u00eb dhe i pajisur me nj\u00eb maj\u00eb \u00e7eliku t\u00eb ngurt\u00ebsuar, ky fishek plumbi prej bronzi 32 Oz. siguron shenja t\u00eb mprehta dhe t\u00eb besueshme dhe rezistenc\u00eb t\u00eb shk\u00eblqyer ndaj konsumimit. Fijet standarde ASA ofrojn\u00eb p\u00ebrputhshm\u00ebri t\u00eb gjer\u00eb, nd\u00ebrsa kapaku i vid\u00ebs ASA prej \u00e7eliku p\u00ebrfshin hap\u00ebsir\u00eb t\u00eb brendshme p\u00ebr nj\u00eb maj\u00eb shtes\u00eb, duke e b\u00ebr\u00eb... <a href=\"https:\/\/mountlaser.com\/sq\/about-us\/\">PB01-32 Bob Plumb prej bronzi<\/a> Nj\u00eb mjet i besuesh\u00ebm q\u00eb mbetet gati p\u00ebr p\u00ebrdorim profesional n\u00eb \u00e7do koh\u00eb.<\/p>","protected":false},"excerpt":{"rendered":"<ul>\n<li>Ofron nj\u00eb referenc\u00eb vertikale t\u00eb q\u00ebndrueshme dhe shum\u00eb t\u00eb sakt\u00eb<\/li>\n<li>Trupi prej bronzi t\u00eb fort\u00eb i p\u00ebrpunuar me precizion siguron shp\u00ebrndarje optimale t\u00eb pesh\u00ebs<\/li>\n<li>Maja e \u00e7elikut t\u00eb ngurt\u00ebsuar prodhon shenja t\u00eb mprehta dhe t\u00eb besueshme<\/li>\n<li>Fijet standarde ASA sigurojn\u00eb p\u00ebrputhshm\u00ebri t\u00eb gjer\u00eb me litar\u00ebt dhe aksesor\u00ebt<\/li>\n<li>Kapaku i vid\u00ebs ASA prej \u00e7eliku p\u00ebrfshin hap\u00ebsir\u00eb t\u00eb brendshme p\u00ebr nj\u00eb pik\u00eb rezerv\u00eb<\/li>\n<\/ul>","protected":false},"featured_media":5449,"comment_status":"open","ping_status":"closed","template":"","meta":[],"product_brand":[],"product_cat":[154,79],"product_tag":[],"class_list":{"0":"post-5841","1":"product","2":"type-product","3":"status-publish","4":"has-post-thumbnail","6":"product_cat-brass-plumb-bob","7":"product_cat-surveying-accessory","9":"first","10":"instock","11":"shipping-taxable","12":"product-type-simple"},"_links":{"self":[{"href":"https:\/\/mountlaser.com\/sq\/wp-json\/wp\/v2\/product\/5841","targetHints":{"allow":["GET"]}}],"collection":[{"href":"https:\/\/mountlaser.com\/sq\/wp-json\/wp\/v2\/product"}],"about":[{"href":"https:\/\/mountlaser.com\/sq\/wp-json\/wp\/v2\/types\/product"}],"replies":[{"embeddable":true,"href":"https:\/\/mountlaser.com\/sq\/wp-json\/wp\/v2\/comments?post=5841"}],"wp:featuredmedia":[{"embeddable":true,"href":"https:\/\/mountlaser.com\/sq\/wp-json\/wp\/v2\/media\/5449"}],"wp:attachment":[{"href":"https:\/\/mountlaser.com\/sq\/wp-json\/wp\/v2\/media?parent=5841"}],"wp:term":[{"taxonomy":"product_brand","embeddable":true,"href":"https:\/\/mountlaser.com\/sq\/wp-json\/wp\/v2\/product_brand?post=5841"},{"taxonomy":"product_cat","embeddable":true,"href":"https:\/\/mountlaser.com\/sq\/wp-json\/wp\/v2\/product_cat?post=5841"},{"taxonomy":"product_tag","embeddable":true,"href":"https:\/\/mountlaser.com\/sq\/wp-json\/wp\/v2\/product_tag?post=5841"}],"curies":[{"name":"wp","href":"https:\/\/api.w.org\/{rel}","templated":true}]}}