{"id":5840,"date":"2025-12-11T07:27:09","date_gmt":"2025-12-11T07:27:09","guid":{"rendered":"https:\/\/mountlaser.com\/?post_type=product&#038;p=5840"},"modified":"2025-12-11T07:27:09","modified_gmt":"2025-12-11T07:27:09","slug":"pb01-24-brass-plumb-bob","status":"publish","type":"product","link":"https:\/\/mountlaser.com\/sq\/produkt\/pb01-24-brass-plumb-bob\/","title":{"rendered":"PB01-24 Tunxh Plumb Bob"},"content":{"rendered":"<p data-start=\"256\" data-end=\"736\">I\/E\/T\u00eb\/T\u00eb <a href=\"https:\/\/mountlaser.com\/sq\/\"><strong data-start=\"260\" data-end=\"287\">PB01-24 Tunxh Plumb Bob<\/strong><\/a> \u00ebsht\u00eb nd\u00ebrtuar p\u00ebr profesionist\u00ebt q\u00eb k\u00ebrkojn\u00eb stabilitet maksimal dhe sakt\u00ebsi t\u00eb pakompromis n\u00eb terren. I prodhuar nga bronz i fort\u00eb dhe i p\u00ebrpunuar me precizion p\u00ebr nj\u00eb ekuilib\u00ebr t\u00eb p\u00ebrsosur, ky <a href=\"https:\/\/mountlaser.com\/sq\/kategori-produkti\/surveying-accessory\/\"><strong data-start=\"460\" data-end=\"486\">24 Oz. Bronz Plumb Bob<\/strong><\/a> ofron nj\u00eb referenc\u00eb vertikale t\u00eb besueshme edhe n\u00eb kushte sfiduese t\u00eb vendit t\u00eb pun\u00ebs. I mbuluar me nj\u00eb shtres\u00eb llaku mbrojt\u00ebs, PB01-24 Brass Plumb Bob ofron q\u00ebndrueshm\u00ebri afatgjat\u00eb dhe ruan pamjen e tij t\u00eb rafinuar p\u00ebrmes p\u00ebrdorimit t\u00eb vazhduesh\u00ebm.<\/p>\n<p><img fetchpriority=\"high\" decoding=\"async\" class=\"aligncenter wp-image-5449\" src=\"https:\/\/mountlaser.com\/wp-content\/uploads\/2025\/12\/PB01.webp\" alt=\"PB01-24 Brass Plumb Bob\" width=\"500\" height=\"500\" srcset=\"https:\/\/mountlaser.com\/wp-content\/uploads\/2025\/12\/PB01.webp 1000w, https:\/\/mountlaser.com\/wp-content\/uploads\/2025\/12\/PB01-300x300.webp 300w, https:\/\/mountlaser.com\/wp-content\/uploads\/2025\/12\/PB01-150x150.webp 150w, https:\/\/mountlaser.com\/wp-content\/uploads\/2025\/12\/PB01-768x768.webp 768w, https:\/\/mountlaser.com\/wp-content\/uploads\/2025\/12\/PB01-12x12.webp 12w, https:\/\/mountlaser.com\/wp-content\/uploads\/2025\/12\/PB01-600x600.webp 600w, https:\/\/mountlaser.com\/wp-content\/uploads\/2025\/12\/PB01-800x800.webp 800w, https:\/\/mountlaser.com\/wp-content\/uploads\/2025\/12\/PB01-400x400.webp 400w\" sizes=\"(max-width: 500px) 100vw, 500px\" \/><\/p>\n<p>I projektuar me nj\u00eb maj\u00eb \u00e7eliku t\u00eb ngurt\u00ebsuar, <a href=\"https:\/\/mountlaser.com\/sq\/contact-us\/\">24 Oz. Bronz Plumb Bob<\/a> Prodhon shenja t\u00eb pastra dhe t\u00eb sakta p\u00ebr paraqitjen dhe rreshtimin. Filetoja e saj standarde ASA lejon p\u00ebrputhshm\u00ebri universale, nd\u00ebrsa kapaku i vid\u00ebs ASA prej \u00e7eliku ofron hap\u00ebsir\u00eb t\u00eb brendshme p\u00ebr nj\u00eb pik\u00eb shtes\u00eb, duke siguruar q\u00eb PB01-24 Brass Plumb Bob t\u00eb jet\u00eb gjithmon\u00eb gati p\u00ebr n\u00eb terren. P\u00ebr gjeodet\u00ebt, nd\u00ebrtuesit dhe profesionist\u00ebt e rreshtimit, ky mjet kombinon pesh\u00ebn ideale, nd\u00ebrtimin e fort\u00eb dhe performanc\u00ebn precize.<\/p>","protected":false},"excerpt":{"rendered":"<ul>\n<li>Ofron nj\u00eb referenc\u00eb vertikale t\u00eb q\u00ebndrueshme dhe shum\u00eb t\u00eb sakt\u00eb<\/li>\n<li>Trupi prej bronzi t\u00eb fort\u00eb i p\u00ebrpunuar me precizion siguron shp\u00ebrndarje optimale t\u00eb pesh\u00ebs<\/li>\n<li>Maja e \u00e7elikut t\u00eb ngurt\u00ebsuar prodhon shenja t\u00eb mprehta dhe t\u00eb besueshme<\/li>\n<li>Fijet standarde ASA sigurojn\u00eb p\u00ebrputhshm\u00ebri t\u00eb gjer\u00eb me litar\u00ebt dhe aksesor\u00ebt<\/li>\n<li>Kapaku i vid\u00ebs ASA prej \u00e7eliku p\u00ebrfshin hap\u00ebsir\u00eb t\u00eb brendshme p\u00ebr nj\u00eb pik\u00eb rezerv\u00eb<\/li>\n<\/ul>","protected":false},"featured_media":5449,"comment_status":"open","ping_status":"closed","template":"","meta":[],"product_brand":[],"product_cat":[154,79],"product_tag":[],"class_list":{"0":"post-5840","1":"product","2":"type-product","3":"status-publish","4":"has-post-thumbnail","6":"product_cat-brass-plumb-bob","7":"product_cat-surveying-accessory","9":"first","10":"instock","11":"shipping-taxable","12":"product-type-simple"},"_links":{"self":[{"href":"https:\/\/mountlaser.com\/sq\/wp-json\/wp\/v2\/product\/5840","targetHints":{"allow":["GET"]}}],"collection":[{"href":"https:\/\/mountlaser.com\/sq\/wp-json\/wp\/v2\/product"}],"about":[{"href":"https:\/\/mountlaser.com\/sq\/wp-json\/wp\/v2\/types\/product"}],"replies":[{"embeddable":true,"href":"https:\/\/mountlaser.com\/sq\/wp-json\/wp\/v2\/comments?post=5840"}],"wp:featuredmedia":[{"embeddable":true,"href":"https:\/\/mountlaser.com\/sq\/wp-json\/wp\/v2\/media\/5449"}],"wp:attachment":[{"href":"https:\/\/mountlaser.com\/sq\/wp-json\/wp\/v2\/media?parent=5840"}],"wp:term":[{"taxonomy":"product_brand","embeddable":true,"href":"https:\/\/mountlaser.com\/sq\/wp-json\/wp\/v2\/product_brand?post=5840"},{"taxonomy":"product_cat","embeddable":true,"href":"https:\/\/mountlaser.com\/sq\/wp-json\/wp\/v2\/product_cat?post=5840"},{"taxonomy":"product_tag","embeddable":true,"href":"https:\/\/mountlaser.com\/sq\/wp-json\/wp\/v2\/product_tag?post=5840"}],"curies":[{"name":"wp","href":"https:\/\/api.w.org\/{rel}","templated":true}]}}