{"id":5838,"date":"2025-12-11T06:37:34","date_gmt":"2025-12-11T06:37:34","guid":{"rendered":"https:\/\/mountlaser.com\/?post_type=product&#038;p=5838"},"modified":"2025-12-11T06:37:34","modified_gmt":"2025-12-11T06:37:34","slug":"pb01-16-brass-plumb-bob","status":"publish","type":"product","link":"https:\/\/mountlaser.com\/sq\/produkt\/pb01-16-brass-plumb-bob\/","title":{"rendered":"PB01-16 Bob Plumb prej bronzi"},"content":{"rendered":"<p data-start=\"264\" data-end=\"707\">I\/E\/T\u00eb\/T\u00eb <a href=\"https:\/\/mountlaser.com\/sq\/\"><strong data-start=\"268\" data-end=\"295\">PB01-16 Bob Plumb prej bronzi<\/strong><\/a> \u00ebsht\u00eb nd\u00ebrtuar p\u00ebr profesionist\u00eb q\u00eb k\u00ebrkojn\u00eb sakt\u00ebsi pa kompromis dhe q\u00ebndrueshm\u00ebri afatgjat\u00eb. I p\u00ebrpunuar me precizion nga bronzi i fort\u00eb dhe i projektuar p\u00ebr nj\u00eb ekuilib\u00ebr t\u00eb p\u00ebrsosur, ky <a href=\"https:\/\/mountlaser.com\/sq\/kategori-produkti\/surveying-accessory\/\"><strong data-start=\"461\" data-end=\"487\">16 Oz. Bronz Plumb Bob<\/strong><\/a> siguron nj\u00eb shtrirje vertikale jasht\u00ebzakonisht t\u00eb q\u00ebndrueshme n\u00eb \u00e7do kusht pune. I mbrojtur me nj\u00eb shtres\u00eb llaku t\u00eb q\u00ebndrueshme, PB01-16 Brass Plumb Bob ruan performanc\u00ebn dhe pamjen e tij edhe pas p\u00ebrdorimit t\u00eb zgjatur n\u00eb terren.<\/p>\n<p><img fetchpriority=\"high\" decoding=\"async\" class=\"aligncenter wp-image-5449\" src=\"https:\/\/mountlaser.com\/wp-content\/uploads\/2025\/12\/PB01.webp\" alt=\"PB01-16 Brass Plumb Bob\" width=\"500\" height=\"500\" srcset=\"https:\/\/mountlaser.com\/wp-content\/uploads\/2025\/12\/PB01.webp 1000w, https:\/\/mountlaser.com\/wp-content\/uploads\/2025\/12\/PB01-300x300.webp 300w, https:\/\/mountlaser.com\/wp-content\/uploads\/2025\/12\/PB01-150x150.webp 150w, https:\/\/mountlaser.com\/wp-content\/uploads\/2025\/12\/PB01-768x768.webp 768w, https:\/\/mountlaser.com\/wp-content\/uploads\/2025\/12\/PB01-12x12.webp 12w, https:\/\/mountlaser.com\/wp-content\/uploads\/2025\/12\/PB01-600x600.webp 600w, https:\/\/mountlaser.com\/wp-content\/uploads\/2025\/12\/PB01-800x800.webp 800w, https:\/\/mountlaser.com\/wp-content\/uploads\/2025\/12\/PB01-400x400.webp 400w\" sizes=\"(max-width: 500px) 100vw, 500px\" \/><\/p>\n<p>E pajisur me nj\u00eb maj\u00eb \u00e7eliku t\u00eb ngurt\u00ebsuar, 16 Oz. Bronz Plumb Bob siguron sh\u00ebnime t\u00eb mprehta dhe precize p\u00ebr detyrat e paraqitjes, shtrirjes dhe nd\u00ebrtimit. Filetoja e saj standarde ASA garanton pajtueshm\u00ebri me nj\u00eb gam\u00eb t\u00eb gjer\u00eb litar\u00ebsh dhe aksesor\u00ebsh. Kapaku i vid\u00ebs ASA prej \u00e7eliku p\u00ebrfshin gjithashtu hap\u00ebsir\u00eb t\u00eb brendshme p\u00ebr nj\u00eb maj\u00eb shtes\u00eb, duke e b\u00ebr\u00eb... <a href=\"https:\/\/mountlaser.com\/sq\/about-us\/\">PB01-16 Bob Plumb prej bronzi<\/a> Nj\u00eb mjet i gjithansh\u00ebm, i besuesh\u00ebm dhe shum\u00eb efikas p\u00ebr aplikime t\u00eb p\u00ebrditshme profesionale.<\/p>","protected":false},"excerpt":{"rendered":"<ul>\n<li>Ofron nj\u00eb referenc\u00eb vertikale t\u00eb q\u00ebndrueshme dhe t\u00eb sakt\u00eb p\u00ebr paraqitjen dhe shtrirjen<\/li>\n<li>Trupi prej bronzi i fort\u00eb me shp\u00ebrndarje perfekte t\u00eb pesh\u00ebs siguron performanc\u00eb t\u00eb q\u00ebndrueshme<\/li>\n<li>Maja e \u00e7elikut t\u00eb ngurt\u00ebsuar ofron sh\u00ebnim t\u00eb past\u00ebr dhe t\u00eb sakt\u00eb<\/li>\n<li>Fijet standarde ASA ofrojn\u00eb p\u00ebrputhshm\u00ebri me litar\u00ebt dhe aksesor\u00ebt e p\u00ebrdorur universalisht<\/li>\n<li>Kapak \u00e7eliku me vid\u00eb ASA me ruajtje t\u00eb brendshme rrit komoditetin dhe jet\u00ebgjat\u00ebsin\u00eb e mjetit<\/li>\n<\/ul>","protected":false},"featured_media":5449,"comment_status":"open","ping_status":"closed","template":"","meta":[],"product_brand":[],"product_cat":[154,79],"product_tag":[],"class_list":{"0":"post-5838","1":"product","2":"type-product","3":"status-publish","4":"has-post-thumbnail","6":"product_cat-brass-plumb-bob","7":"product_cat-surveying-accessory","9":"first","10":"instock","11":"shipping-taxable","12":"product-type-simple"},"_links":{"self":[{"href":"https:\/\/mountlaser.com\/sq\/wp-json\/wp\/v2\/product\/5838","targetHints":{"allow":["GET"]}}],"collection":[{"href":"https:\/\/mountlaser.com\/sq\/wp-json\/wp\/v2\/product"}],"about":[{"href":"https:\/\/mountlaser.com\/sq\/wp-json\/wp\/v2\/types\/product"}],"replies":[{"embeddable":true,"href":"https:\/\/mountlaser.com\/sq\/wp-json\/wp\/v2\/comments?post=5838"}],"wp:featuredmedia":[{"embeddable":true,"href":"https:\/\/mountlaser.com\/sq\/wp-json\/wp\/v2\/media\/5449"}],"wp:attachment":[{"href":"https:\/\/mountlaser.com\/sq\/wp-json\/wp\/v2\/media?parent=5838"}],"wp:term":[{"taxonomy":"product_brand","embeddable":true,"href":"https:\/\/mountlaser.com\/sq\/wp-json\/wp\/v2\/product_brand?post=5838"},{"taxonomy":"product_cat","embeddable":true,"href":"https:\/\/mountlaser.com\/sq\/wp-json\/wp\/v2\/product_cat?post=5838"},{"taxonomy":"product_tag","embeddable":true,"href":"https:\/\/mountlaser.com\/sq\/wp-json\/wp\/v2\/product_tag?post=5838"}],"curies":[{"name":"wp","href":"https:\/\/api.w.org\/{rel}","templated":true}]}}