{"id":5837,"date":"2025-12-11T06:16:23","date_gmt":"2025-12-11T06:16:23","guid":{"rendered":"https:\/\/mountlaser.com\/?post_type=product&#038;p=5837"},"modified":"2025-12-11T06:16:23","modified_gmt":"2025-12-11T06:16:23","slug":"pb01-14-brass-plumb-bob","status":"publish","type":"product","link":"https:\/\/mountlaser.com\/sq\/produkt\/pb01-14-brass-plumb-bob\/","title":{"rendered":"PB01-14 Bob Plumb prej bronzi"},"content":{"rendered":"<p data-start=\"271\" data-end=\"707\">I\/E\/T\u00eb\/T\u00eb <a href=\"https:\/\/mountlaser.com\/sq\/\"><strong data-start=\"275\" data-end=\"302\">PB01-14 Bob Plumb prej bronzi<\/strong><\/a> \u00ebsht\u00eb nj\u00eb mjet i p\u00ebrpunuar me precizion i nd\u00ebrtuar p\u00ebr profesionist\u00ebt q\u00eb k\u00ebrkojn\u00eb sakt\u00ebsi vertikale t\u00eb besueshme n\u00eb \u00e7do pun\u00eb. I prodhuar nga bronz i fort\u00eb dhe i projektuar p\u00ebr nj\u00eb ekuilib\u00ebr t\u00eb p\u00ebrsosur, ky <a href=\"https:\/\/mountlaser.com\/sq\/kategori-produkti\/surveying-accessory\/\"><strong data-start=\"476\" data-end=\"502\">14 Oz. Bronz Plumb Bob<\/strong><\/a> Ofron nj\u00eb shtrirje t\u00eb q\u00ebndrueshme dhe t\u00eb besueshme edhe n\u00eb mjedise sfiduese n\u00eb terren. Nj\u00eb shtres\u00eb mbrojt\u00ebse me llak siguron q\u00eb PB01-14 Brass Plumb Bob t\u00eb ruaj\u00eb performanc\u00ebn dhe pamjen e tij gjat\u00eb p\u00ebrdorimit afatgjat\u00eb.<\/p>\n<p data-start=\"271\" data-end=\"707\"><img fetchpriority=\"high\" decoding=\"async\" class=\"aligncenter wp-image-5449\" src=\"https:\/\/mountlaser.com\/wp-content\/uploads\/2025\/12\/PB01.webp\" alt=\"PB01-14 Brass Plumb Bob\" width=\"500\" height=\"500\" srcset=\"https:\/\/mountlaser.com\/wp-content\/uploads\/2025\/12\/PB01.webp 1000w, https:\/\/mountlaser.com\/wp-content\/uploads\/2025\/12\/PB01-300x300.webp 300w, https:\/\/mountlaser.com\/wp-content\/uploads\/2025\/12\/PB01-150x150.webp 150w, https:\/\/mountlaser.com\/wp-content\/uploads\/2025\/12\/PB01-768x768.webp 768w, https:\/\/mountlaser.com\/wp-content\/uploads\/2025\/12\/PB01-12x12.webp 12w, https:\/\/mountlaser.com\/wp-content\/uploads\/2025\/12\/PB01-600x600.webp 600w, https:\/\/mountlaser.com\/wp-content\/uploads\/2025\/12\/PB01-800x800.webp 800w, https:\/\/mountlaser.com\/wp-content\/uploads\/2025\/12\/PB01-400x400.webp 400w\" sizes=\"(max-width: 500px) 100vw, 500px\" \/><\/p>\n<p data-start=\"709\" data-end=\"1118\">I projektuar me nj\u00eb maj\u00eb \u00e7eliku t\u00eb ngurt\u00ebsuar, teli prej bronzi 14 Oz. ofron shenja t\u00eb qarta dhe t\u00eb sakta p\u00ebr detyrat e planifikimit dhe nd\u00ebrtimit. Fijet e tij standarde ASA sigurojn\u00eb p\u00ebrputhshm\u00ebri t\u00eb plot\u00eb me litar\u00ebt dhe aksesor\u00ebt e telit t\u00eb plumbit q\u00eb p\u00ebrdoren zakonisht, nd\u00ebrsa kapaku i vid\u00ebs ASA prej \u00e7eliku p\u00ebrfshin hap\u00ebsir\u00eb t\u00eb brendshme p\u00ebr nj\u00eb maj\u00eb shtes\u00eb, duke e b\u00ebr\u00eb... <a href=\"https:\/\/mountlaser.com\/sq\/about-us\/\">PB01-14 Bob Plumb prej bronzi<\/a> t\u00eb q\u00ebndrueshme dhe praktike p\u00ebr pun\u00ebn e p\u00ebrditshme profesionale.<\/p>","protected":false},"excerpt":{"rendered":"<ul>\n<li>Ofron nj\u00eb referenc\u00eb vertikale t\u00eb sakt\u00eb dhe t\u00eb q\u00ebndrueshme p\u00ebr paraqitjen dhe shtrirjen<\/li>\n<li>Nd\u00ebrtim i fort\u00eb prej bronzi me shp\u00ebrndarje perfekte t\u00eb pesh\u00ebs p\u00ebr performanc\u00eb t\u00eb q\u00ebndrueshme<\/li>\n<li>Maja e \u00e7elikut t\u00eb ngurt\u00ebsuar ofron sh\u00ebnim t\u00eb mpreht\u00eb dhe t\u00eb sakt\u00eb<\/li>\n<li>Fijet standarde ASA sigurojn\u00eb p\u00ebrputhshm\u00ebri me kordon\u00ebt dhe aksesor\u00ebt e p\u00ebrdorur gjer\u00ebsisht<\/li>\n<li>Kapak \u00e7eliku ASA me vid\u00eb me hap\u00ebsir\u00eb t\u00eb integruar p\u00ebr ruajtje shton q\u00ebndrueshm\u00ebri dhe komoditet<\/li>\n<\/ul>","protected":false},"featured_media":5449,"comment_status":"open","ping_status":"closed","template":"","meta":[],"product_brand":[],"product_cat":[154,79],"product_tag":[],"class_list":{"0":"post-5837","1":"product","2":"type-product","3":"status-publish","4":"has-post-thumbnail","6":"product_cat-brass-plumb-bob","7":"product_cat-surveying-accessory","9":"first","10":"instock","11":"shipping-taxable","12":"product-type-simple"},"_links":{"self":[{"href":"https:\/\/mountlaser.com\/sq\/wp-json\/wp\/v2\/product\/5837","targetHints":{"allow":["GET"]}}],"collection":[{"href":"https:\/\/mountlaser.com\/sq\/wp-json\/wp\/v2\/product"}],"about":[{"href":"https:\/\/mountlaser.com\/sq\/wp-json\/wp\/v2\/types\/product"}],"replies":[{"embeddable":true,"href":"https:\/\/mountlaser.com\/sq\/wp-json\/wp\/v2\/comments?post=5837"}],"wp:featuredmedia":[{"embeddable":true,"href":"https:\/\/mountlaser.com\/sq\/wp-json\/wp\/v2\/media\/5449"}],"wp:attachment":[{"href":"https:\/\/mountlaser.com\/sq\/wp-json\/wp\/v2\/media?parent=5837"}],"wp:term":[{"taxonomy":"product_brand","embeddable":true,"href":"https:\/\/mountlaser.com\/sq\/wp-json\/wp\/v2\/product_brand?post=5837"},{"taxonomy":"product_cat","embeddable":true,"href":"https:\/\/mountlaser.com\/sq\/wp-json\/wp\/v2\/product_cat?post=5837"},{"taxonomy":"product_tag","embeddable":true,"href":"https:\/\/mountlaser.com\/sq\/wp-json\/wp\/v2\/product_tag?post=5837"}],"curies":[{"name":"wp","href":"https:\/\/api.w.org\/{rel}","templated":true}]}}