{"id":5836,"date":"2025-12-11T06:04:10","date_gmt":"2025-12-11T06:04:10","guid":{"rendered":"https:\/\/mountlaser.com\/?post_type=product&#038;p=5836"},"modified":"2025-12-11T06:10:21","modified_gmt":"2025-12-11T06:10:21","slug":"pb01-12-brass-plumb-bob","status":"publish","type":"product","link":"https:\/\/mountlaser.com\/sq\/produkt\/pb01-12-brass-plumb-bob\/","title":{"rendered":"PB01-12 Bob Plumb prej bronzi"},"content":{"rendered":"<p data-start=\"286\" data-end=\"717\">I\/E\/T\u00eb\/T\u00eb <a href=\"https:\/\/mountlaser.com\/sq\/\"><strong data-start=\"290\" data-end=\"317\">PB01-12 Bob Plumb prej bronzi<\/strong><\/a> \u00ebsht\u00eb projektuar p\u00ebr profesionist\u00eb q\u00eb k\u00ebrkojn\u00eb sakt\u00ebsi absolute n\u00eb \u00e7do detyr\u00eb t\u00eb shtrirjes. I prodhuar nga bronz i fort\u00eb dhe i p\u00ebrpunuar me precizion p\u00ebr nj\u00eb ekuilib\u00ebr t\u00eb p\u00ebrsosur, ky <a href=\"https:\/\/mountlaser.com\/sq\/kategori-produkti\/surveying-accessory\/\"><strong data-start=\"478\" data-end=\"504\">12 Oz. Tunxh Plumb Bob<\/strong><\/a> siguron nj\u00eb referenc\u00eb vertikale t\u00eb besueshme edhe n\u00eb kushte t\u00eb v\u00ebshtira pune. Lyerja e saj mbrojt\u00ebse me llak rrit q\u00ebndrueshm\u00ebrin\u00eb, duke i lejuar PB01-12 Brass Plumb Bob t\u00eb performoj\u00eb vazhdimisht n\u00eb p\u00ebrdorim afatgjat\u00eb n\u00eb terren.<\/p>\n<p><img fetchpriority=\"high\" decoding=\"async\" class=\"aligncenter wp-image-5449\" src=\"https:\/\/mountlaser.com\/wp-content\/uploads\/2025\/12\/PB01.webp\" alt=\"PB01-12 Brass Plumb Bob\" width=\"500\" height=\"500\" srcset=\"https:\/\/mountlaser.com\/wp-content\/uploads\/2025\/12\/PB01.webp 1000w, https:\/\/mountlaser.com\/wp-content\/uploads\/2025\/12\/PB01-300x300.webp 300w, https:\/\/mountlaser.com\/wp-content\/uploads\/2025\/12\/PB01-150x150.webp 150w, https:\/\/mountlaser.com\/wp-content\/uploads\/2025\/12\/PB01-768x768.webp 768w, https:\/\/mountlaser.com\/wp-content\/uploads\/2025\/12\/PB01-12x12.webp 12w, https:\/\/mountlaser.com\/wp-content\/uploads\/2025\/12\/PB01-600x600.webp 600w, https:\/\/mountlaser.com\/wp-content\/uploads\/2025\/12\/PB01-800x800.webp 800w, https:\/\/mountlaser.com\/wp-content\/uploads\/2025\/12\/PB01-400x400.webp 400w\" sizes=\"(max-width: 500px) 100vw, 500px\" \/><\/p>\n<p>Me nj\u00eb maj\u00eb \u00e7eliku t\u00eb ngurt\u00ebsuar t\u00eb projektuar p\u00ebr sh\u00ebnim t\u00eb mpreht\u00eb dhe t\u00eb besuesh\u00ebm, teli prej bronzi 12 Oz. ofron sakt\u00ebsi q\u00eb mund t&#039;i besoni. Fijet standarde ASA garantojn\u00eb p\u00ebrputhshm\u00ebri me litar\u00ebt dhe aksesor\u00ebt e zakonsh\u00ebm t\u00eb telit. Nj\u00eb kapak \u00e7eliku ASA me vid\u00eb shton q\u00ebndrueshm\u00ebri shtes\u00eb dhe p\u00ebrfshin nj\u00eb hap\u00ebsir\u00eb t\u00eb integruar p\u00ebr ruajtje p\u00ebr nj\u00eb maj\u00eb shtes\u00eb, duke e b\u00ebr\u00eb... <a href=\"https:\/\/mountlaser.com\/sq\/about-us\/\">PB01-12 Bob Plumb prej bronzi<\/a> praktike dhe t\u00eb gatshme p\u00ebr n\u00eb terren.<\/p>","protected":false},"excerpt":{"rendered":"<ul>\n<li>Ofron nj\u00eb referenc\u00eb vertikale t\u00eb sakt\u00eb dhe t\u00eb q\u00ebndrueshme p\u00ebr paraqitjen dhe shtrirjen<\/li>\n<li>Trupi prej bronzi i p\u00ebrpunuar me precizion siguron shp\u00ebrndarje ideale t\u00eb pesh\u00ebs<\/li>\n<li>Maja e \u00e7elikut t\u00eb ngurt\u00ebsuar ofron vija sh\u00ebnimi t\u00eb qarta dhe t\u00eb sakta<\/li>\n<li>Dizajni me fileto ASA lejon pajtueshm\u00ebrin\u00eb me kabllot dhe aksesor\u00ebt standard\u00eb<\/li>\n<li>Kapaku i vid\u00ebs prej \u00e7eliku ofron mbrojtje dhe ruajtje t\u00eb q\u00ebndrueshme p\u00ebr pika shtes\u00eb<\/li>\n<\/ul>","protected":false},"featured_media":5449,"comment_status":"open","ping_status":"closed","template":"","meta":[],"product_brand":[],"product_cat":[154,79],"product_tag":[],"class_list":{"0":"post-5836","1":"product","2":"type-product","3":"status-publish","4":"has-post-thumbnail","6":"product_cat-brass-plumb-bob","7":"product_cat-surveying-accessory","9":"first","10":"instock","11":"shipping-taxable","12":"product-type-simple"},"_links":{"self":[{"href":"https:\/\/mountlaser.com\/sq\/wp-json\/wp\/v2\/product\/5836","targetHints":{"allow":["GET"]}}],"collection":[{"href":"https:\/\/mountlaser.com\/sq\/wp-json\/wp\/v2\/product"}],"about":[{"href":"https:\/\/mountlaser.com\/sq\/wp-json\/wp\/v2\/types\/product"}],"replies":[{"embeddable":true,"href":"https:\/\/mountlaser.com\/sq\/wp-json\/wp\/v2\/comments?post=5836"}],"wp:featuredmedia":[{"embeddable":true,"href":"https:\/\/mountlaser.com\/sq\/wp-json\/wp\/v2\/media\/5449"}],"wp:attachment":[{"href":"https:\/\/mountlaser.com\/sq\/wp-json\/wp\/v2\/media?parent=5836"}],"wp:term":[{"taxonomy":"product_brand","embeddable":true,"href":"https:\/\/mountlaser.com\/sq\/wp-json\/wp\/v2\/product_brand?post=5836"},{"taxonomy":"product_cat","embeddable":true,"href":"https:\/\/mountlaser.com\/sq\/wp-json\/wp\/v2\/product_cat?post=5836"},{"taxonomy":"product_tag","embeddable":true,"href":"https:\/\/mountlaser.com\/sq\/wp-json\/wp\/v2\/product_tag?post=5836"}],"curies":[{"name":"wp","href":"https:\/\/api.w.org\/{rel}","templated":true}]}}