{"id":5835,"date":"2025-12-11T05:25:32","date_gmt":"2025-12-11T05:25:32","guid":{"rendered":"https:\/\/mountlaser.com\/?post_type=product&#038;p=5835"},"modified":"2025-12-11T05:25:32","modified_gmt":"2025-12-11T05:25:32","slug":"pb01-10-brass-plumb-bob","status":"publish","type":"product","link":"https:\/\/mountlaser.com\/sq\/produkt\/pb01-10-brass-plumb-bob\/","title":{"rendered":"PB01-10 Bob Plumb prej bronzi"},"content":{"rendered":"<p data-start=\"248\" data-end=\"749\">I\/E\/T\u00eb\/T\u00eb <a href=\"https:\/\/mountlaser.com\/sq\/\"><strong data-start=\"252\" data-end=\"279\">PB01-10 Bob Plumb prej bronzi<\/strong><\/a> \u00ebsht\u00eb nj\u00eb mjet i cil\u00ebsis\u00eb s\u00eb lart\u00eb, i p\u00ebrpunuar me precizion, i krijuar p\u00ebr gjeodet\u00ebt, nd\u00ebrtuesit dhe profesionist\u00ebt e planifikimit q\u00eb k\u00ebrkojn\u00eb sakt\u00ebsi t\u00eb jasht\u00ebzakonshme. I prodhuar nga bronz i fort\u00eb dhe i mbuluar me nj\u00eb shtres\u00eb llaku mbrojt\u00ebse, ky <a href=\"https:\/\/mountlaser.com\/sq\/kategori-produkti\/surveying-accessory\/\"><strong data-start=\"484\" data-end=\"510\">10 Oz. Bronz Plumb Bob<\/strong><\/a> Ofron stabilitet afatgjat\u00eb dhe rezistenc\u00eb ndaj konsumimit n\u00eb mjedise sfiduese n\u00eb terren. I projektuar me shp\u00ebrndarje t\u00eb p\u00ebrsosur t\u00eb pesh\u00ebs, PB01-10 Brass Plumb Bob siguron nj\u00eb vij\u00eb referimi vertikale t\u00eb p\u00ebrsosur p\u00ebr detyra t\u00eb besueshme t\u00eb shtrirjes.<\/p>\n<p data-start=\"248\" data-end=\"749\"><img fetchpriority=\"high\" decoding=\"async\" class=\"aligncenter wp-image-5449\" src=\"https:\/\/mountlaser.com\/wp-content\/uploads\/2025\/12\/PB01.webp\" alt=\"PB01-10 Brass Plumb Bob\" width=\"500\" height=\"500\" srcset=\"https:\/\/mountlaser.com\/wp-content\/uploads\/2025\/12\/PB01.webp 1000w, https:\/\/mountlaser.com\/wp-content\/uploads\/2025\/12\/PB01-300x300.webp 300w, https:\/\/mountlaser.com\/wp-content\/uploads\/2025\/12\/PB01-150x150.webp 150w, https:\/\/mountlaser.com\/wp-content\/uploads\/2025\/12\/PB01-768x768.webp 768w, https:\/\/mountlaser.com\/wp-content\/uploads\/2025\/12\/PB01-12x12.webp 12w, https:\/\/mountlaser.com\/wp-content\/uploads\/2025\/12\/PB01-600x600.webp 600w, https:\/\/mountlaser.com\/wp-content\/uploads\/2025\/12\/PB01-800x800.webp 800w, https:\/\/mountlaser.com\/wp-content\/uploads\/2025\/12\/PB01-400x400.webp 400w\" sizes=\"(max-width: 500px) 100vw, 500px\" \/><\/p>\n<p data-start=\"751\" data-end=\"1150\">Ky pinc\u00eb plumbi prej bronzi e fort\u00eb 10 oz ka nj\u00eb maj\u00eb \u00e7eliku t\u00eb forcuar p\u00ebr shenja t\u00eb mprehta dhe t\u00eb besueshme, nd\u00ebrsa filetoja standarde ASA siguron p\u00ebrputhshm\u00ebri me litar\u00ebt dhe aksesor\u00ebt e zakonsh\u00ebm t\u00eb pinc\u00eb plumbi. Nj\u00eb kapak \u00e7eliku ASA me vid\u00eb shton q\u00ebndrueshm\u00ebri dhe p\u00ebrfshin nj\u00eb ndarje t\u00eb brendshme p\u00ebr ruajtjen e nj\u00eb maje shtes\u00eb, duke e b\u00ebr\u00eb at\u00eb... <a href=\"https:\/\/mountlaser.com\/sq\/about-us\/\">PB01-10 Bob Plumb prej bronzi<\/a> Nj\u00eb mjet i p\u00ebrshtatsh\u00ebm dhe i gatsh\u00ebm p\u00ebr n\u00eb terren p\u00ebr profesionist\u00ebt e anketimit.<\/p>","protected":false},"excerpt":{"rendered":"<ul>\n<li>Ofron nj\u00eb referenc\u00eb t\u00eb sakt\u00eb vertikale p\u00ebr paraqitjen dhe shtrirjen<\/li>\n<li>Siguron sakt\u00ebsi t\u00eb q\u00ebndrueshme dhe t\u00eb vazhdueshme t\u00eb plumbit fal\u00eb nd\u00ebrtimit t\u00eb ekuilibruar prej bronzi<\/li>\n<li>Maja e \u00e7elikut t\u00eb ngurt\u00ebsuar ofron sh\u00ebnim t\u00eb past\u00ebr dhe t\u00eb sakt\u00eb<\/li>\n<li>I pajtuesh\u00ebm me litar\u00ebt dhe aksesor\u00ebt me fije ASA<\/li>\n<li>Ndarja e brendshme e ruajtjes i mban pikat rezerv\u00eb leht\u00ebsisht t\u00eb arritshme<\/li>\n<\/ul>","protected":false},"featured_media":5449,"comment_status":"open","ping_status":"closed","template":"","meta":[],"product_brand":[],"product_cat":[154,79],"product_tag":[],"class_list":{"0":"post-5835","1":"product","2":"type-product","3":"status-publish","4":"has-post-thumbnail","6":"product_cat-brass-plumb-bob","7":"product_cat-surveying-accessory","9":"first","10":"instock","11":"shipping-taxable","12":"product-type-simple"},"_links":{"self":[{"href":"https:\/\/mountlaser.com\/sq\/wp-json\/wp\/v2\/product\/5835","targetHints":{"allow":["GET"]}}],"collection":[{"href":"https:\/\/mountlaser.com\/sq\/wp-json\/wp\/v2\/product"}],"about":[{"href":"https:\/\/mountlaser.com\/sq\/wp-json\/wp\/v2\/types\/product"}],"replies":[{"embeddable":true,"href":"https:\/\/mountlaser.com\/sq\/wp-json\/wp\/v2\/comments?post=5835"}],"wp:featuredmedia":[{"embeddable":true,"href":"https:\/\/mountlaser.com\/sq\/wp-json\/wp\/v2\/media\/5449"}],"wp:attachment":[{"href":"https:\/\/mountlaser.com\/sq\/wp-json\/wp\/v2\/media?parent=5835"}],"wp:term":[{"taxonomy":"product_brand","embeddable":true,"href":"https:\/\/mountlaser.com\/sq\/wp-json\/wp\/v2\/product_brand?post=5835"},{"taxonomy":"product_cat","embeddable":true,"href":"https:\/\/mountlaser.com\/sq\/wp-json\/wp\/v2\/product_cat?post=5835"},{"taxonomy":"product_tag","embeddable":true,"href":"https:\/\/mountlaser.com\/sq\/wp-json\/wp\/v2\/product_tag?post=5835"}],"curies":[{"name":"wp","href":"https:\/\/api.w.org\/{rel}","templated":true}]}}