{"id":5834,"date":"2025-12-11T02:42:42","date_gmt":"2025-12-11T02:42:42","guid":{"rendered":"https:\/\/mountlaser.com\/?post_type=product&#038;p=5834"},"modified":"2025-12-11T09:17:17","modified_gmt":"2025-12-11T09:17:17","slug":"hdtdo1-tripod-floor-guide","status":"publish","type":"product","link":"https:\/\/mountlaser.com\/sq\/produkt\/hdtdo1-tripod-floor-guide\/","title":{"rendered":"Udh\u00ebzuesi i Dyshemes\u00eb s\u00eb Tripodit HDTDO1"},"content":{"rendered":"<p data-start=\"177\" data-end=\"669\">I\/E\/T\u00eb\/T\u00eb <a href=\"https:\/\/mountlaser.com\/sq\/\"><strong data-start=\"181\" data-end=\"204\">Udh\u00ebzuesi i Dyshemes\u00eb s\u00eb Tripodit HDTDO1 <\/strong><\/a>\u00a0\u00ebsht\u00eb nj\u00eb zgjidhje e fuqishme dhe e besueshme p\u00ebr l\u00ebvizshm\u00ebrin\u00eb, e projektuar posa\u00e7\u00ebrisht p\u00ebr mjedise profesionale t\u00eb matjeve. E nd\u00ebrtuar si nj\u00eb zgjidhje e v\u00ebrtet\u00eb <a href=\"https:\/\/mountlaser.com\/sq\/kategori-produkti\/surveying-accessory\/\"><strong data-start=\"323\" data-end=\"350\">Udh\u00ebzues dyshemeje p\u00ebr tripod p\u00ebr pun\u00eb t\u00eb r\u00ebnd\u00eb<\/strong><\/a>, ai p\u00ebrmban seksione kutie t\u00eb p\u00ebrforcuara prej \u00e7eliku inox 25 \u00d7 25 mm q\u00eb sigurojn\u00eb q\u00ebndrueshm\u00ebri afatgjat\u00eb dhe mb\u00ebshtetje t\u00eb q\u00ebndrueshme gjat\u00eb operacioneve t\u00eb brendshme. Pavar\u00ebsisht n\u00ebse po l\u00ebvizni nj\u00eb stacion total, skaner lazer ose instrument tjet\u00ebr preciz, Udh\u00ebzuesi i Dyshemes\u00eb s\u00eb Tripodit HDTDO1 ofron l\u00ebvizje t\u00eb qet\u00eb dhe t\u00eb kontrolluar me forc\u00eb t\u00eb jasht\u00ebzakonshme.<\/p>\n<p data-start=\"177\" data-end=\"669\"><img fetchpriority=\"high\" decoding=\"async\" class=\"aligncenter wp-image-5581\" src=\"https:\/\/mountlaser.com\/wp-content\/uploads\/2025\/12\/TD011.webp\" alt=\"HDTDO1 Tripod Floor Guide\" width=\"500\" height=\"500\" srcset=\"https:\/\/mountlaser.com\/wp-content\/uploads\/2025\/12\/TD011.webp 1000w, https:\/\/mountlaser.com\/wp-content\/uploads\/2025\/12\/TD011-300x300.webp 300w, https:\/\/mountlaser.com\/wp-content\/uploads\/2025\/12\/TD011-150x150.webp 150w, https:\/\/mountlaser.com\/wp-content\/uploads\/2025\/12\/TD011-768x768.webp 768w, https:\/\/mountlaser.com\/wp-content\/uploads\/2025\/12\/TD011-12x12.webp 12w, https:\/\/mountlaser.com\/wp-content\/uploads\/2025\/12\/TD011-600x600.webp 600w, https:\/\/mountlaser.com\/wp-content\/uploads\/2025\/12\/TD011-800x800.webp 800w, https:\/\/mountlaser.com\/wp-content\/uploads\/2025\/12\/TD011-400x400.webp 400w\" sizes=\"(max-width: 500px) 100vw, 500px\" \/><\/p>\n<p data-start=\"671\" data-end=\"1260\">Ky Udh\u00ebzues Dyshemeje Tripodi p\u00ebr Pun\u00eb t\u00eb R\u00ebnda \u00ebsht\u00eb i pajisur me rrota gome 75 mm q\u00eb ofrojn\u00eb rrotullim pa mundim dhe pozicionim t\u00eb sakt\u00eb, nd\u00ebrsa frenat e integruara t\u00eb parkimit ndihmojn\u00eb n\u00eb ruajtjen e stabilitetit kur punoni mbi pika delikate matjeje. Rripat e ky\u00e7jes n\u00eb karroc\u00eb i fiksojn\u00eb fort k\u00ebmb\u00ebt e tripodit n\u00eb vend, duke garantuar nj\u00eb platform\u00eb t\u00eb sigurt gjat\u00eb transportit ose instalimit. I projektuar p\u00ebr komoditet, <a href=\"https:\/\/mountlaser.com\/sq\/contact-us\/\">Udh\u00ebzuesi i Dyshemes\u00eb s\u00eb Tripodit HDTDO1<\/a>\u00a0\u00ebsht\u00eb plot\u00ebsisht i palossh\u00ebm p\u00ebr ruajtje kompakte, peshon vet\u00ebm 3.0 kg me nj\u00eb madh\u00ebsi t\u00eb palosur prej 66 \u00d7 19 \u00d7 17 cm - perfekt p\u00ebr gjeodet\u00ebt q\u00eb kan\u00eb nevoj\u00eb p\u00ebr l\u00ebvizshm\u00ebri pa kompromentuar sakt\u00ebsin\u00eb.<\/p>","protected":false},"excerpt":{"rendered":"<ul>\n<li>Siguron transport t\u00eb qet\u00eb dhe t\u00eb kontrolluar t\u00eb instrumenteve t\u00eb montuara t\u00eb matjes<\/li>\n<li>Siguron k\u00ebmb\u00ebt e trek\u00ebmb\u00ebshit me rripa ky\u00e7\u00ebs p\u00ebr t\u00eb parandaluar zhvendosjen gjat\u00eb p\u00ebrdorimit<\/li>\n<li>Mund\u00ebson ripozicionim t\u00eb shpejt\u00eb p\u00ebr detyrat e matjes n\u00eb ambiente t\u00eb brendshme<\/li>\n<li>Siguron stabilitet me rrota gome dhe frena parkimi<\/li>\n<\/ul>","protected":false},"featured_media":5584,"comment_status":"open","ping_status":"closed","template":"","meta":[],"product_brand":[],"product_cat":[160,79],"product_tag":[],"class_list":{"0":"post-5834","1":"product","2":"type-product","3":"status-publish","4":"has-post-thumbnail","6":"product_cat-tripod-floor-guide","7":"product_cat-surveying-accessory","9":"first","10":"instock","11":"shipping-taxable","12":"product-type-simple"},"_links":{"self":[{"href":"https:\/\/mountlaser.com\/sq\/wp-json\/wp\/v2\/product\/5834","targetHints":{"allow":["GET"]}}],"collection":[{"href":"https:\/\/mountlaser.com\/sq\/wp-json\/wp\/v2\/product"}],"about":[{"href":"https:\/\/mountlaser.com\/sq\/wp-json\/wp\/v2\/types\/product"}],"replies":[{"embeddable":true,"href":"https:\/\/mountlaser.com\/sq\/wp-json\/wp\/v2\/comments?post=5834"}],"wp:featuredmedia":[{"embeddable":true,"href":"https:\/\/mountlaser.com\/sq\/wp-json\/wp\/v2\/media\/5584"}],"wp:attachment":[{"href":"https:\/\/mountlaser.com\/sq\/wp-json\/wp\/v2\/media?parent=5834"}],"wp:term":[{"taxonomy":"product_brand","embeddable":true,"href":"https:\/\/mountlaser.com\/sq\/wp-json\/wp\/v2\/product_brand?post=5834"},{"taxonomy":"product_cat","embeddable":true,"href":"https:\/\/mountlaser.com\/sq\/wp-json\/wp\/v2\/product_cat?post=5834"},{"taxonomy":"product_tag","embeddable":true,"href":"https:\/\/mountlaser.com\/sq\/wp-json\/wp\/v2\/product_tag?post=5834"}],"curies":[{"name":"wp","href":"https:\/\/api.w.org\/{rel}","templated":true}]}}