{"id":5821,"date":"2025-12-10T09:32:46","date_gmt":"2025-12-10T09:32:46","guid":{"rendered":"https:\/\/mountlaser.com\/?post_type=product&#038;p=5821"},"modified":"2025-12-11T09:24:48","modified_gmt":"2025-12-11T09:24:48","slug":"ldt-402-series-theodolite","status":"publish","type":"product","link":"https:\/\/mountlaser.com\/sq\/produkt\/ldt-402-series-theodolite\/","title":{"rendered":"Teodolit i Seris\u00eb LDT-402"},"content":{"rendered":"<p>Seria LDT-402 p\u00ebrfaq\u00ebson nj\u00eb p\u00ebrparim t\u00eb r\u00ebnd\u00ebsish\u00ebm n\u00eb matjen precize t\u00eb k\u00ebndit, duke kombinuar nd\u00ebrtimin e fort\u00eb me ve\u00e7orit\u00eb dixhitale inteligjente.<br \/>\nKjo <a href=\"https:\/\/mountlaser.com\/sq\/\"><strong>Teodolit Elektronik i Men\u00e7ur<\/strong><\/a> \u00ebsht\u00eb projektuar p\u00ebr gjeodet\u00ebt dhe profesionist\u00ebt e nd\u00ebrtimit q\u00eb k\u00ebrkojn\u00eb mbledhje t\u00eb besueshme, t\u00eb sakta dhe efikase t\u00eb t\u00eb dh\u00ebnave n\u00eb terren.<\/p>\n<p>Ky Teodolit Elektronik i Men\u00e7ur p\u00ebrmban nj\u00eb mbledh\u00ebs t\u00eb integruar t\u00eb t\u00eb dh\u00ebnave, duke eliminuar nevoj\u00ebn p\u00ebr pajisje t\u00eb jashtme regjistrimi dhe duke p\u00ebrmir\u00ebsuar rrjedh\u00ebn tuaj t\u00eb pun\u00ebs.<\/p>\n<p>Teodoliti elektronik LDT-402A p\u00ebrfshin kat\u00ebr llojet e m\u00ebposhtme:<\/p>\n<p>Teodolit Elektronik LDT-402AOL<br \/>\nTeodolit, Posht\u00eb: Optik, Sip\u00ebr: Lazer (Rreze e Kuqe), Ngjyr\u00eb Gri e Guask\u00ebs<\/p>\n<p>Teodolit Elektronik LDT-402ALO<br \/>\nTeodolit, Posht\u00eb: Lazer (Rreze e Kuqe), Sip\u00ebr: Optik, Ngjyr\u00eb Gri e Guask\u00ebs<\/p>\n<p>Teodolit Elektronik LDT-402ALL<br \/>\nTeodolit, Posht\u00eb: Lazer (Rreze e Kuqe), Sip\u00ebr: Lazer (Rreze e Kuqe), Ngjyr\u00eb Gri e Guask\u00ebs<\/p>\n<p>LDT-402AOO Teodolit Elektronik<br \/>\nTeodolit, Posht\u00eb: Optik, Sip\u00ebr: Optik, Ngjyr\u00eb Gri e Guask\u00ebs<\/p>\n<p>Teodoliti elektronik LDT-402E p\u00ebrfshin kat\u00ebr llojet e m\u00ebposhtme:<\/p>\n<p>Teodolit Elektronik LDT-402EOL<br \/>\nTeodolit, Posht\u00eb: Optik, Sip\u00ebr: Lazer (Rreze e Kuqe), Ngjyr\u00eb e Gjelb\u00ebr e L\u00ebvozhg\u00ebs<\/p>\n<p>Teodolit Elektronik LDT-402ELO<br \/>\nTeodolit, Posht\u00eb: Lazer (Rreze e Kuqe), Sip\u00ebr: Optik, Ngjyr\u00eb e Gjelb\u00ebr e L\u00ebvozhg\u00ebs<\/p>\n<p>Teodolit Elektronik LDT-402ELL<br \/>\nTeodolit, Posht\u00eb: Lazer (Rreze e Kuqe), Sip\u00ebr: Lazer (Rreze e Kuqe), Ngjyr\u00eb e Gjelb\u00ebr e L\u00ebvozhg\u00ebs<\/p>\n<p>LDT-402EOO Teodolit Elektronik<br \/>\nTeodolit, Posht\u00eb: Optik, Sip\u00ebr: Optik, Ngjyr\u00eb e Gjelb\u00ebr e Guask\u00ebs<\/p>\n<p><img fetchpriority=\"high\" decoding=\"async\" class=\"aligncenter wp-image-5831\" src=\"https:\/\/mountlaser.com\/wp-content\/uploads\/2025\/12\/LDT-402AL2.webp\" alt=\"Smart Electronic Theodolite\" width=\"500\" height=\"500\" srcset=\"https:\/\/mountlaser.com\/wp-content\/uploads\/2025\/12\/LDT-402AL2.webp 1000w, https:\/\/mountlaser.com\/wp-content\/uploads\/2025\/12\/LDT-402AL2-300x300.webp 300w, https:\/\/mountlaser.com\/wp-content\/uploads\/2025\/12\/LDT-402AL2-150x150.webp 150w, https:\/\/mountlaser.com\/wp-content\/uploads\/2025\/12\/LDT-402AL2-768x768.webp 768w, https:\/\/mountlaser.com\/wp-content\/uploads\/2025\/12\/LDT-402AL2-12x12.webp 12w, https:\/\/mountlaser.com\/wp-content\/uploads\/2025\/12\/LDT-402AL2-600x600.webp 600w, https:\/\/mountlaser.com\/wp-content\/uploads\/2025\/12\/LDT-402AL2-800x800.webp 800w, https:\/\/mountlaser.com\/wp-content\/uploads\/2025\/12\/LDT-402AL2-400x400.webp 400w\" sizes=\"(max-width: 500px) 100vw, 500px\" \/><\/p>\n<p><strong><a href=\"https:\/\/mountlaser.com\/sq\/\">Teodolit i Seris\u00eb LDT-402<\/a> Specifikimet<\/strong><\/p>\n<table style=\"border-collapse: collapse; width: 854px; height: 980px;\" border=\"0\" width=\"619\" cellspacing=\"0\" cellpadding=\"0\">\n<tbody>\n<tr style=\"height: 13.50pt;\">\n<td class=\"et2\" style=\"height: 13.50pt; width: 230.25pt;\" colspan=\"2\" width=\"307\" height=\"18\">Modeli Nr.<\/td>\n<td class=\"et3\" style=\"width: 117.00pt;\" width=\"156\">LDT-402E\/402A<\/td>\n<td class=\"et3\" style=\"width: 117.00pt;\" width=\"156\">LDT-402EL\/402AL<\/td>\n<\/tr>\n<tr style=\"height: 13.50pt;\">\n<td class=\"et3\" style=\"height: 13.50pt;\" height=\"18\">Tribrak<\/td>\n<td class=\"et3\">Model<\/td>\n<td class=\"et3\">I shk\u00ebputsh\u00ebm<\/td>\n<td class=\"et3\">I shk\u00ebputsh\u00ebm<\/td>\n<\/tr>\n<tr style=\"height: 13.50pt;\">\n<td class=\"et2\" style=\"height: 108.00pt;\" rowspan=\"8\" height=\"144\">Teleskop<\/td>\n<td class=\"et3\">Imazheri<\/td>\n<td class=\"et3\">Ngrit<\/td>\n<td class=\"et3\">Ngrit<\/td>\n<\/tr>\n<tr style=\"height: 13.50pt;\">\n<td class=\"et3\">Zmadhimi<\/td>\n<td class=\"et3\">30X<\/td>\n<td class=\"et3\">30X<\/td>\n<\/tr>\n<tr style=\"height: 13.50pt;\">\n<td class=\"et3\">Apertura Objektive<\/td>\n<td class=\"et3\">45 mm<\/td>\n<td class=\"et3\">45 mm<\/td>\n<\/tr>\n<tr style=\"height: 13.50pt;\">\n<td class=\"et3\">Rezolucioni<\/td>\n<td class=\"et3\">3\u2033<\/td>\n<td class=\"et3\">3\u2033<\/td>\n<\/tr>\n<tr style=\"height: 13.50pt;\">\n<td class=\"et3\">KP<\/td>\n<td class=\"et3\">1\u00b030\u2032<\/td>\n<td class=\"et3\">1\u00b030\u2032<\/td>\n<\/tr>\n<tr style=\"height: 13.50pt;\">\n<td class=\"et3\">Fokus minimal<\/td>\n<td class=\"et3\">1.3 m<\/td>\n<td class=\"et3\">1.5 m<\/td>\n<\/tr>\n<tr style=\"height: 13.50pt;\">\n<td class=\"et3\">Konstantja e Shum\u00ebzimit\/Shtojc\u00ebs<\/td>\n<td class=\"et3\">100\/ 0<\/td>\n<td class=\"et3\">100\/ 0<\/td>\n<\/tr>\n<tr style=\"height: 13.50pt;\">\n<td class=\"et3\">Gjat\u00ebsia<\/td>\n<td class=\"et3\">156 mm<\/td>\n<td class=\"et3\">156 mm<\/td>\n<\/tr>\n<tr style=\"height: 13.50pt;\">\n<td class=\"et2\" style=\"height: 67.50pt;\" rowspan=\"5\" height=\"90\">Matja e k\u00ebndit<\/td>\n<td class=\"et3\">Modaliteti i matjes<\/td>\n<td class=\"et3\">Enkoder Absolut<\/td>\n<td class=\"et3\">Enkoder Absolut<\/td>\n<\/tr>\n<tr style=\"height: 13.50pt;\">\n<td class=\"et3\">Lexim minimal<\/td>\n<td class=\"et3\">1\u2033\/ 5\u2033<\/td>\n<td class=\"et3\">1\u2033\/ 5\u2033<\/td>\n<\/tr>\n<tr style=\"height: 13.50pt;\">\n<td class=\"et3\">Sakt\u00ebsia e Leximit<\/td>\n<td class=\"et3\">2\u2033<\/td>\n<td class=\"et3\">2\u2033<\/td>\n<\/tr>\n<tr style=\"height: 13.50pt;\">\n<td class=\"et3\">Diametri i rrethit<\/td>\n<td class=\"et3\">71 mm<\/td>\n<td class=\"et3\">71 mm<\/td>\n<\/tr>\n<tr style=\"height: 13.50pt;\">\n<td class=\"et3\">Nj\u00ebsit\u00eb e k\u00ebndit<\/td>\n<td class=\"et3\">360\u00b0\/ 400gon\/ 6400mil<\/td>\n<td class=\"et3\">360\u00b0\/ 400gon\/ 6400mil<\/td>\n<\/tr>\n<tr style=\"height: 13.50pt;\">\n<td class=\"et2\" style=\"height: 27.00pt;\" rowspan=\"2\" height=\"36\">Kompensator<\/td>\n<td class=\"et3\">Sensori i pjerr\u00ebsis\u00eb<\/td>\n<td class=\"et3\">Po<\/td>\n<td class=\"et3\">Po<\/td>\n<\/tr>\n<tr style=\"height: 13.50pt;\">\n<td class=\"et3\">Diapazoni<\/td>\n<td class=\"et3\">\u00b13\u2032<\/td>\n<td class=\"et3\">\u00b13\u2032<\/td>\n<\/tr>\n<tr style=\"height: 13.50pt;\">\n<td class=\"et2\" style=\"height: 54.00pt;\" rowspan=\"4\" height=\"72\">Lazer Plummet<\/td>\n<td class=\"et3\">Gjat\u00ebsia e val\u00ebs<\/td>\n<td class=\"et3\">Rreze e Kuqe 635nm<\/td>\n<td class=\"et3\">Rreze e Kuqe 635nm<\/td>\n<\/tr>\n<tr style=\"height: 13.50pt;\">\n<td class=\"et3\">Fuqia<\/td>\n<td class=\"et3\">1mW<\/td>\n<td class=\"et3\">1mW<\/td>\n<\/tr>\n<tr style=\"height: 13.50pt;\">\n<td class=\"et3\">Sakt\u00ebsia (1.5 m)<\/td>\n<td class=\"et3\">\u00b11 mm<\/td>\n<td class=\"et3\">\u00b11 mm<\/td>\n<\/tr>\n<tr style=\"height: 13.50pt;\">\n<td class=\"et3\">Shkalla e lazerit<\/td>\n<td class=\"et3\"><span class=\"font1\">Klasa<\/span><span class=\"font5\">\u2161<\/span><\/td>\n<td class=\"et3\"><span class=\"font1\">Klasa<\/span><span class=\"font5\">\u2161<\/span><\/td>\n<\/tr>\n<tr style=\"height: 13.50pt;\">\n<td class=\"et2\" style=\"height: 40.50pt;\" rowspan=\"3\" height=\"54\">R\u00ebnie optike (opsionale)<\/td>\n<td class=\"et3\">Zmadhimi<\/td>\n<td class=\"et3\">3x<\/td>\n<td class=\"et3\">3x<\/td>\n<\/tr>\n<tr style=\"height: 13.50pt;\">\n<td class=\"et3\">Fusha e Pamjes<\/td>\n<td class=\"et3\">5\u00b0<\/td>\n<td class=\"et3\">5\u00b0<\/td>\n<\/tr>\n<tr style=\"height: 13.50pt;\">\n<td class=\"et3\">Diapazoni i fokusit<\/td>\n<td class=\"et3\"><span class=\"font1\">0.5 m\u2014<\/span><span class=\"font5\">\u221e<\/span><\/td>\n<td class=\"et3\"><span class=\"font1\">0.5 m\u2014<\/span><span class=\"font5\">\u221e<\/span><\/td>\n<\/tr>\n<tr style=\"height: 13.50pt;\">\n<td class=\"et2\" style=\"height: 67.50pt;\" rowspan=\"5\" height=\"90\">Tregues lazeri<\/td>\n<td class=\"et3\">Gjat\u00ebsia e val\u00ebs<\/td>\n<td class=\"et3\">\/<\/td>\n<td class=\"et3\">635nm e kuqe<\/td>\n<\/tr>\n<tr style=\"height: 13.50pt;\">\n<td class=\"et3\">Fuqia<\/td>\n<td class=\"et3\">\/<\/td>\n<td class=\"et3\">1mW<\/td>\n<\/tr>\n<tr style=\"height: 13.50pt;\">\n<td class=\"et3\">Diapazoni i lazerit (gjat\u00eb dit\u00ebs)<\/td>\n<td class=\"et3\">\/<\/td>\n<td class=\"et3\">200 m<\/td>\n<\/tr>\n<tr style=\"height: 13.50pt;\">\n<td class=\"et3\">Sakt\u00ebsia Koaksiale e Lazerit<\/td>\n<td class=\"et3\">\/<\/td>\n<td class=\"et4\"><span class=\"font2\">\u2264<\/span><span class=\"font1\">5\u2033<\/span><\/td>\n<\/tr>\n<tr style=\"height: 13.50pt;\">\n<td class=\"et3\">Diametri i pik\u00ebs s\u00eb lazerit<\/td>\n<td class=\"et3\">\/<\/td>\n<td class=\"et5\"><span class=\"font3\">\u2264<\/span><span class=\"font6\">2 mm\/100 m<\/span><\/td>\n<\/tr>\n<tr style=\"height: 13.50pt;\">\n<td class=\"et2\" style=\"height: 27.00pt;\" rowspan=\"2\" height=\"36\">Shishe<\/td>\n<td class=\"et3\">Shishe pllake<\/td>\n<td class=\"et3\">30\u2033\/ 2 mm<\/td>\n<td class=\"et3\">30\u2033\/ 2 mm<\/td>\n<\/tr>\n<tr style=\"height: 13.50pt;\">\n<td class=\"et3\">Shishe rrethore<\/td>\n<td class=\"et3\">8&#039;\/ 2 mm<\/td>\n<td class=\"et3\">8&#039;\/ 2 mm<\/td>\n<\/tr>\n<tr style=\"height: 13.50pt;\">\n<td class=\"et3\" style=\"height: 13.50pt;\" height=\"18\">Shfaq<\/td>\n<td class=\"et3\">Fytyr\u00eb e dyfisht\u00eb<\/td>\n<td class=\"et3\">Drit\u00eb prapa LED<\/td>\n<td class=\"et3\">Drit\u00eb prapa LED<\/td>\n<\/tr>\n<tr style=\"height: 13.50pt;\">\n<td class=\"et2\" style=\"height: 27.00pt;\" rowspan=\"2\" height=\"36\">Fuqia<\/td>\n<td class=\"et3\">Burim Energjie<\/td>\n<td class=\"et6\">Bateri Ni-MH 4.8V 1500 mAh<\/td>\n<td class=\"et6\">Bateri Ni-MH 4.8V 1500 mAh<\/td>\n<\/tr>\n<tr style=\"height: 13.50pt;\">\n<td class=\"et3\">Temperatura e pun\u00ebs<\/td>\n<td class=\"et3\"><span class=\"font1\">-20<\/span><span class=\"font2\">\u2103\uff5e<\/span><span class=\"font1\">+50<\/span><span class=\"font2\">\u2103<\/span><\/td>\n<td class=\"et3\"><span class=\"font1\">-20<\/span><span class=\"font2\">\u2103\uff5e<\/span><span class=\"font1\">+50<\/span><span class=\"font2\">\u2103<\/span><\/td>\n<\/tr>\n<tr style=\"height: 13.50pt;\">\n<td class=\"et2\" style=\"height: 27.00pt;\" rowspan=\"2\" height=\"36\">Prodhimi<\/td>\n<td class=\"et3\">Prodhimi i t\u00eb dh\u00ebnave<\/td>\n<td class=\"et3\">\/<\/td>\n<td class=\"et3\">RS232C<\/td>\n<\/tr>\n<tr style=\"height: 13.50pt;\">\n<td class=\"et3\">Memorie (pik\u00eb)<\/td>\n<td class=\"et3\">\/<\/td>\n<td class=\"et7\">1000<\/td>\n<\/tr>\n<\/tbody>\n<\/table>","protected":false},"excerpt":{"rendered":"<ul>\n<li>I fort\u00eb dhe i besuesh\u00ebm: Me nj\u00eb vler\u00ebsim IP54, teodoliti \u00ebsht\u00eb i mbrojtur nga pluhuri dhe sp\u00ebrkatjet e ujit, duke e b\u00ebr\u00eb at\u00eb t\u00eb p\u00ebrshtatsh\u00ebm p\u00ebr p\u00ebrdorim n\u00eb vendet aktive t\u00eb pun\u00ebs.<\/li>\n<li>I shpejt\u00eb dhe produktiv: Arrin koh\u00eb matjeje brenda 5 sekondave, duke rritur ndjesh\u00ebm produktivitetin n\u00eb vend.<\/li>\n<\/ul>","protected":false},"featured_media":5822,"comment_status":"open","ping_status":"closed","template":"","meta":[],"product_brand":[],"product_cat":[144,95],"product_tag":[],"class_list":{"0":"post-5821","1":"product","2":"type-product","3":"status-publish","4":"has-post-thumbnail","6":"product_cat-theodoliteagent-sales","7":"product_cat-agent-sales","9":"first","10":"instock","11":"shipping-taxable","12":"product-type-simple"},"_links":{"self":[{"href":"https:\/\/mountlaser.com\/sq\/wp-json\/wp\/v2\/product\/5821","targetHints":{"allow":["GET"]}}],"collection":[{"href":"https:\/\/mountlaser.com\/sq\/wp-json\/wp\/v2\/product"}],"about":[{"href":"https:\/\/mountlaser.com\/sq\/wp-json\/wp\/v2\/types\/product"}],"replies":[{"embeddable":true,"href":"https:\/\/mountlaser.com\/sq\/wp-json\/wp\/v2\/comments?post=5821"}],"wp:featuredmedia":[{"embeddable":true,"href":"https:\/\/mountlaser.com\/sq\/wp-json\/wp\/v2\/media\/5822"}],"wp:attachment":[{"href":"https:\/\/mountlaser.com\/sq\/wp-json\/wp\/v2\/media?parent=5821"}],"wp:term":[{"taxonomy":"product_brand","embeddable":true,"href":"https:\/\/mountlaser.com\/sq\/wp-json\/wp\/v2\/product_brand?post=5821"},{"taxonomy":"product_cat","embeddable":true,"href":"https:\/\/mountlaser.com\/sq\/wp-json\/wp\/v2\/product_cat?post=5821"},{"taxonomy":"product_tag","embeddable":true,"href":"https:\/\/mountlaser.com\/sq\/wp-json\/wp\/v2\/product_tag?post=5821"}],"curies":[{"name":"wp","href":"https:\/\/api.w.org\/{rel}","templated":true}]}}