{"id":5812,"date":"2025-12-10T09:11:42","date_gmt":"2025-12-10T09:11:42","guid":{"rendered":"https:\/\/mountlaser.com\/?post_type=product&#038;p=5812"},"modified":"2025-12-10T09:25:57","modified_gmt":"2025-12-10T09:25:57","slug":"sc-dc01-soft-case","status":"publish","type":"product","link":"https:\/\/mountlaser.com\/sq\/produkt\/sc-dc01-soft-case\/","title":{"rendered":"\u00c7ant\u00eb e but\u00eb SC-DC01"},"content":{"rendered":"<p>I\/E\/T\u00eb\/T\u00eb <a href=\"https:\/\/mountlaser.com\/sq\/\"><strong>\u00c7ant\u00eb e but\u00eb SC-DC01<\/strong><\/a> \u00ebsht\u00eb nj\u00eb zgjidhje e q\u00ebndrueshme dhe mbrojt\u00ebse e projektuar posa\u00e7\u00ebrisht p\u00ebr mbledh\u00ebsit e t\u00eb dh\u00ebnave t\u00eb dor\u00ebs q\u00eb p\u00ebrdoren n\u00eb aplikimet profesionale t\u00eb matjeve. E nd\u00ebrtuar me nj\u00eb pjes\u00eb t\u00eb jashtme t\u00eb verdh\u00eb t\u00eb ndritshme p\u00ebr shikueshm\u00ebri t\u00eb lart\u00eb n\u00eb terren, kutia e but\u00eb SC-DC01 siguron q\u00eb instrumentet thelb\u00ebsore t\u00eb ruhen n\u00eb m\u00ebnyr\u00eb t\u00eb sigurt dhe t\u00eb jen\u00eb t\u00eb lehta p\u00ebr t&#039;u p\u00ebrdorur gjat\u00eb pun\u00ebs s\u00eb v\u00ebshtir\u00eb n\u00eb terren. Si nj\u00eb zgjidhje e dedikuar <a href=\"https:\/\/mountlaser.com\/sq\/kategori-produkti\/surveying-accessory\/\"><strong>\u00c7ant\u00eb e but\u00eb p\u00ebr koleksionuesin e t\u00eb dh\u00ebnave TRI p\u00ebr TRI<\/strong><\/a>, ofron mbrojtje t\u00eb besueshme kund\u00ebr pluhurit, goditjeve t\u00eb vogla dhe konsumimit t\u00eb p\u00ebrditsh\u00ebm, duke e b\u00ebr\u00eb at\u00eb nj\u00eb aksesor ideal p\u00ebr gjeodet\u00ebt q\u00eb k\u00ebrkojn\u00eb pajisje t\u00eb besueshme n\u00eb pun\u00eb.<\/p>\n<p><img fetchpriority=\"high\" decoding=\"async\" class=\"aligncenter wp-image-5819\" src=\"https:\/\/mountlaser.com\/wp-content\/uploads\/2025\/12\/SC-DC017.webp\" alt=\"SC-DC01 Soft case\" width=\"500\" height=\"500\" srcset=\"https:\/\/mountlaser.com\/wp-content\/uploads\/2025\/12\/SC-DC017.webp 1000w, https:\/\/mountlaser.com\/wp-content\/uploads\/2025\/12\/SC-DC017-300x300.webp 300w, https:\/\/mountlaser.com\/wp-content\/uploads\/2025\/12\/SC-DC017-150x150.webp 150w, https:\/\/mountlaser.com\/wp-content\/uploads\/2025\/12\/SC-DC017-768x768.webp 768w, https:\/\/mountlaser.com\/wp-content\/uploads\/2025\/12\/SC-DC017-12x12.webp 12w, https:\/\/mountlaser.com\/wp-content\/uploads\/2025\/12\/SC-DC017-600x600.webp 600w, https:\/\/mountlaser.com\/wp-content\/uploads\/2025\/12\/SC-DC017-800x800.webp 800w, https:\/\/mountlaser.com\/wp-content\/uploads\/2025\/12\/SC-DC017-400x400.webp 400w\" sizes=\"(max-width: 500px) 100vw, 500px\" \/><\/p>\n<p>E projektuar p\u00ebr funksionalitet dhe komoditet, kjo \u00e7ant\u00eb e but\u00eb TRI Data Collector siguron nj\u00eb p\u00ebrshtatje t\u00eb sigurt p\u00ebr nj\u00eb gam\u00eb t\u00eb gjer\u00eb mbledh\u00ebsish t\u00eb dh\u00ebnash, duke ruajtur nj\u00eb struktur\u00eb t\u00eb leht\u00eb p\u00ebr p\u00ebrdorim t\u00eb rehatsh\u00ebm. Dizajni i fort\u00eb zgjat jet\u00ebgjat\u00ebsin\u00eb e pajisjes suaj, dhe forma e efektshme e b\u00ebn t\u00eb leht\u00eb p\u00ebr ta mbajtur n\u00eb dor\u00eb ose p\u00ebr ta ruajtur brenda \u00e7antave m\u00eb t\u00eb m\u00ebdha t\u00eb anketimit. Me paraqitjen e saj efikase dhe qepjen e fort\u00eb,<a href=\"https:\/\/mountlaser.com\/sq\/contact-us\/\"> \u00c7ant\u00eb e but\u00eb SC-DC01<\/a> siguron q\u00ebndrueshm\u00ebri afatgjat\u00eb n\u00eb mjedise t\u00eb ndryshme n\u00eb terren.<\/p>","protected":false},"excerpt":{"rendered":"<ul>\n<li>Ngjyra e jashtme e verdh\u00eb e ndritshme p\u00ebrmir\u00ebson dukshm\u00ebrin\u00eb n\u00eb mjediset e pun\u00ebs n\u00eb natyr\u00eb.<\/li>\n<li>\u00c7anta e but\u00eb TRI Data Collector e nd\u00ebrtuar enkas q\u00eb ofron p\u00ebrshtatje dhe mbrojtje optimale.<\/li>\n<li>Mbushja rezistente ndaj goditjeve i mbron pajisjet nga goditjet dhe g\u00ebrvishtjet.<\/li>\n<li>Dizajn i leht\u00eb dhe kompakt p\u00ebr p\u00ebrdorim t\u00eb leht\u00eb n\u00eb dor\u00eb dhe transportueshm\u00ebri n\u00eb terren.<\/li>\n<li>Qepjet e q\u00ebndrueshme dhe nd\u00ebrtimi i p\u00ebrforcuar zgjasin jet\u00ebgjat\u00ebsin\u00eb e sh\u00ebrbimit gjat\u00eb operacioneve t\u00eb r\u00ebnda n\u00eb terren.<\/li>\n<\/ul>","protected":false},"featured_media":5815,"comment_status":"open","ping_status":"closed","template":"","meta":[],"product_brand":[],"product_cat":[164,79],"product_tag":[],"class_list":{"0":"post-5812","1":"product","2":"type-product","3":"status-publish","4":"has-post-thumbnail","6":"product_cat-soft-case","7":"product_cat-surveying-accessory","9":"first","10":"instock","11":"shipping-taxable","12":"product-type-simple"},"_links":{"self":[{"href":"https:\/\/mountlaser.com\/sq\/wp-json\/wp\/v2\/product\/5812","targetHints":{"allow":["GET"]}}],"collection":[{"href":"https:\/\/mountlaser.com\/sq\/wp-json\/wp\/v2\/product"}],"about":[{"href":"https:\/\/mountlaser.com\/sq\/wp-json\/wp\/v2\/types\/product"}],"replies":[{"embeddable":true,"href":"https:\/\/mountlaser.com\/sq\/wp-json\/wp\/v2\/comments?post=5812"}],"wp:featuredmedia":[{"embeddable":true,"href":"https:\/\/mountlaser.com\/sq\/wp-json\/wp\/v2\/media\/5815"}],"wp:attachment":[{"href":"https:\/\/mountlaser.com\/sq\/wp-json\/wp\/v2\/media?parent=5812"}],"wp:term":[{"taxonomy":"product_brand","embeddable":true,"href":"https:\/\/mountlaser.com\/sq\/wp-json\/wp\/v2\/product_brand?post=5812"},{"taxonomy":"product_cat","embeddable":true,"href":"https:\/\/mountlaser.com\/sq\/wp-json\/wp\/v2\/product_cat?post=5812"},{"taxonomy":"product_tag","embeddable":true,"href":"https:\/\/mountlaser.com\/sq\/wp-json\/wp\/v2\/product_tag?post=5812"}],"curies":[{"name":"wp","href":"https:\/\/api.w.org\/{rel}","templated":true}]}}