{"id":5805,"date":"2025-12-10T08:39:38","date_gmt":"2025-12-10T08:39:38","guid":{"rendered":"https:\/\/mountlaser.com\/?post_type=product&#038;p=5805"},"modified":"2025-12-10T09:26:29","modified_gmt":"2025-12-10T09:26:29","slug":"sc-mr01-soft-case","status":"publish","type":"product","link":"https:\/\/mountlaser.com\/sq\/produkt\/sc-mr01-soft-case\/","title":{"rendered":"Kutia e but\u00eb SC-MR01"},"content":{"rendered":"<p>I\/E\/T\u00eb\/T\u00eb <a href=\"https:\/\/mountlaser.com\/sq\/\"><strong>Kutia e but\u00eb SC-MR01<\/strong><\/a> \u00ebsht\u00eb nj\u00eb zgjidhje mbrojt\u00ebse premium e projektuar posa\u00e7\u00ebrisht p\u00ebr pun\u00ebn moderne n\u00eb terren GNSS, duke ofruar q\u00ebndrueshm\u00ebri dhe komoditet t\u00eb jasht\u00ebzakonsh\u00ebm p\u00ebr mjedise t\u00eb k\u00ebrkuara t\u00eb matjeve. E nd\u00ebrtuar me nj\u00eb korniz\u00eb t\u00eb brendshme t\u00eb ngurt\u00eb, kutia e but\u00eb SC-MR01 ofron mbrojtje superiore p\u00ebr Marr\u00ebsit Modular\u00eb TRI, duke siguruar transport t\u00eb sigurt dhe performanc\u00eb t\u00eb besueshme n\u00eb terren. Si nj\u00eb profesionist <a href=\"https:\/\/mountlaser.com\/sq\/kategori-produkti\/surveying-accessory\/\"><strong>\u00c7ant\u00eb shpine GNSS p\u00ebr marr\u00ebsin Trimble<\/strong><\/a>, kombinon materiale t\u00eb forta me nj\u00eb dizajn praktik n\u00eb stilin e shpin\u00ebs p\u00ebr l\u00ebvizshm\u00ebri pa duar dhe akses t\u00eb leht\u00eb n\u00eb pajisje.<\/p>\n<p>Me nj\u00eb pamje t\u00eb jashtme kryesisht t\u00eb verdh\u00eb me rripa t\u00eb zinj p\u00ebr shpatulla dhe nj\u00eb fund t\u00eb zi t\u00eb p\u00ebrforcuar, \u00e7anta shpine GNSS p\u00ebr marr\u00ebsin Trimble ofron shikueshm\u00ebri t\u00eb shk\u00eblqyer dhe rezistenc\u00eb afatgjat\u00eb ndaj konsumimit t\u00eb p\u00ebrditsh\u00ebm. Dizajni i saj ergonomik shp\u00ebrndan pesh\u00ebn n\u00eb m\u00ebnyr\u00eb t\u00eb barabart\u00eb, duke e b\u00ebr\u00eb t\u00eb rehatshme p\u00ebr t&#039;u mbajtur gjat\u00eb operacioneve t\u00eb zgjatura n\u00eb terren. \u00c7anta e but\u00eb SC-MR01 gjithashtu ofron hap\u00ebsir\u00eb t\u00eb brendshme t\u00eb organizuar mir\u00eb, duke siguruar q\u00eb marr\u00ebsi juaj modular TRI t\u00eb mbetet i sigurt dhe i pozicionuar mir\u00eb gjat\u00eb transportit.<\/p>\n<p><img fetchpriority=\"high\" decoding=\"async\" class=\"aligncenter wp-image-5811\" src=\"https:\/\/mountlaser.com\/wp-content\/uploads\/2025\/12\/SC-MR016.webp\" alt=\"SC-MR01 Soft case\" width=\"500\" height=\"500\" srcset=\"https:\/\/mountlaser.com\/wp-content\/uploads\/2025\/12\/SC-MR016.webp 1000w, https:\/\/mountlaser.com\/wp-content\/uploads\/2025\/12\/SC-MR016-300x300.webp 300w, https:\/\/mountlaser.com\/wp-content\/uploads\/2025\/12\/SC-MR016-150x150.webp 150w, https:\/\/mountlaser.com\/wp-content\/uploads\/2025\/12\/SC-MR016-768x768.webp 768w, https:\/\/mountlaser.com\/wp-content\/uploads\/2025\/12\/SC-MR016-12x12.webp 12w, https:\/\/mountlaser.com\/wp-content\/uploads\/2025\/12\/SC-MR016-600x600.webp 600w, https:\/\/mountlaser.com\/wp-content\/uploads\/2025\/12\/SC-MR016-800x800.webp 800w, https:\/\/mountlaser.com\/wp-content\/uploads\/2025\/12\/SC-MR016-400x400.webp 400w\" sizes=\"(max-width: 500px) 100vw, 500px\" \/><\/p>\n<p>Si nj\u00eb \u00e7ant\u00eb shpine e besueshme GNSS p\u00ebr marr\u00ebsin Trimble, kjo \u00e7ant\u00eb \u00ebsht\u00eb ideale p\u00ebr gjeodet\u00ebt q\u00eb k\u00ebrkojn\u00eb mbrojtje t\u00eb besueshme t\u00eb kombinuar me l\u00ebvizshm\u00ebri, struktur\u00eb dhe performanc\u00eb t\u00eb nivelit profesional. <a href=\"https:\/\/mountlaser.com\/sq\/contact-us\/\">Kutia e but\u00eb SC-MR01<\/a> siguron q\u00eb pajisjet tuaja t\u00eb q\u00ebndrojn\u00eb t\u00eb sigurta, t\u00eb organizuara dhe gati p\u00ebr p\u00ebrdorim sa her\u00eb q\u00eb \u00ebsht\u00eb e nevojshme.<\/p>","protected":false},"excerpt":{"rendered":"<ul>\n<li>Mbrojtje e P\u00ebrmir\u00ebsuar: Korniza e brendshme e ngurt\u00eb ofron mbrojtje maksimale p\u00ebr Marr\u00ebsit Modular\u00eb TRI.<\/li>\n<li>Dizajn me dukshm\u00ebri t\u00eb lart\u00eb: Trupi i verdh\u00eb me rripa t\u00eb zinj p\u00ebrmir\u00ebson sigurin\u00eb n\u00eb terren dhe identifikimin e leht\u00eb.<\/li>\n<li>Transportueshm\u00ebri e rehatshme: Sistem mbajt\u00ebs n\u00eb stilin e \u00e7ant\u00ebs s\u00eb shpin\u00ebs p\u00ebr transport t\u00eb rehatsh\u00ebm pa duar.<\/li>\n<li>Ruajtje e Sigurt: Paraqitja e brendshme e optimizuar e mban marr\u00ebsin t\u00eb q\u00ebndruesh\u00ebm dhe t\u00eb mbrojtur.<\/li>\n<li>Q\u00ebndrueshm\u00ebri e gatshme p\u00ebr n\u00eb terren: Fundi i p\u00ebrforcuar dhe materialet e forta i rezistojn\u00eb kushteve t\u00eb v\u00ebshtira t\u00eb jashtme.<\/li>\n<\/ul>","protected":false},"featured_media":5806,"comment_status":"open","ping_status":"closed","template":"","meta":[],"product_brand":[],"product_cat":[164,79],"product_tag":[],"class_list":{"0":"post-5805","1":"product","2":"type-product","3":"status-publish","4":"has-post-thumbnail","6":"product_cat-soft-case","7":"product_cat-surveying-accessory","9":"first","10":"instock","11":"shipping-taxable","12":"product-type-simple"},"_links":{"self":[{"href":"https:\/\/mountlaser.com\/sq\/wp-json\/wp\/v2\/product\/5805","targetHints":{"allow":["GET"]}}],"collection":[{"href":"https:\/\/mountlaser.com\/sq\/wp-json\/wp\/v2\/product"}],"about":[{"href":"https:\/\/mountlaser.com\/sq\/wp-json\/wp\/v2\/types\/product"}],"replies":[{"embeddable":true,"href":"https:\/\/mountlaser.com\/sq\/wp-json\/wp\/v2\/comments?post=5805"}],"wp:featuredmedia":[{"embeddable":true,"href":"https:\/\/mountlaser.com\/sq\/wp-json\/wp\/v2\/media\/5806"}],"wp:attachment":[{"href":"https:\/\/mountlaser.com\/sq\/wp-json\/wp\/v2\/media?parent=5805"}],"wp:term":[{"taxonomy":"product_brand","embeddable":true,"href":"https:\/\/mountlaser.com\/sq\/wp-json\/wp\/v2\/product_brand?post=5805"},{"taxonomy":"product_cat","embeddable":true,"href":"https:\/\/mountlaser.com\/sq\/wp-json\/wp\/v2\/product_cat?post=5805"},{"taxonomy":"product_tag","embeddable":true,"href":"https:\/\/mountlaser.com\/sq\/wp-json\/wp\/v2\/product_tag?post=5805"}],"curies":[{"name":"wp","href":"https:\/\/api.w.org\/{rel}","templated":true}]}}