{"id":5768,"date":"2025-12-10T06:40:23","date_gmt":"2025-12-10T06:40:23","guid":{"rendered":"https:\/\/mountlaser.com\/?post_type=product&#038;p=5768"},"modified":"2025-12-10T09:27:21","modified_gmt":"2025-12-10T09:27:21","slug":"sc-pa-ps-series-soft-case","status":"publish","type":"product","link":"https:\/\/mountlaser.com\/sq\/produkt\/sc-pa-ps-series-soft-case\/","title":{"rendered":"\u00c7ant\u00eb e but\u00eb e seris\u00eb SC-PA\/PS"},"content":{"rendered":"<p>I\/E\/T\u00eb\/T\u00eb <a href=\"https:\/\/mountlaser.com\/sq\/\"><strong>\u00c7ant\u00eb e but\u00eb e seris\u00eb SC-PA\/PS<\/strong><\/a> \u00cbsht\u00eb projektuar posa\u00e7\u00ebrisht p\u00ebr t\u00eb ofruar mbrojtje t\u00eb besueshme dhe ruajtje t\u00eb organizuar p\u00ebr montime t\u00eb ndryshme prizmash t\u00eb p\u00ebrdorura n\u00eb aplikimet e matjes. I projektuar me materiale t\u00eb q\u00ebndrueshme dhe mbushje t\u00eb brendshme sfungjeri, \u00e7do model n\u00eb kutin\u00eb e but\u00eb t\u00eb seris\u00eb SC-PA\/PS siguron mbushje t\u00eb sigurt gjat\u00eb transportit dhe p\u00ebrdorimit n\u00eb terren. Qoft\u00eb duke mbrojtur nj\u00eb montim t\u00eb plot\u00eb prizmash apo nj\u00eb pllak\u00eb prizmash, k\u00ebto kuti t\u00eb buta p\u00ebr prizma ofrojn\u00eb performanc\u00eb t\u00eb besueshme dhe q\u00ebndrueshm\u00ebri afatgjat\u00eb.<\/p>\n<p>Seria p\u00ebrfshin opsione t\u00eb shumta me kode ngjyrash p\u00ebr t\u00eb thjeshtuar identifikimin n\u00eb terren. Kutia e but\u00eb SC-PA05 p\u00ebr prizm\u00ebn ka nj\u00eb pjes\u00eb t\u00eb jashtme t\u00eb kuqe, nd\u00ebrsa SC-PA06 <a href=\"https:\/\/mountlaser.com\/sq\/kategori-produkti\/surveying-accessory\/\"><strong>Kuti e but\u00eb p\u00ebr priz\u00ebm<\/strong><\/a> vjen me ngjyr\u00eb t\u00eb verdh\u00eb dhe \u00ebsht\u00eb i p\u00ebrshtatur p\u00ebr pllaka t\u00eb m\u00ebdha prizmash. P\u00ebr mbrojtjen e setit t\u00eb prizmave, modelet e verdha SC-PS01 (cil\u00ebsi e p\u00ebrgjithshme) dhe SC-PS02 (cil\u00ebsi e p\u00ebrmir\u00ebsuar) ofrojn\u00eb dizajne me kapak q\u00eb hapen nga lart p\u00ebr akses t\u00eb shpejt\u00eb dhe t\u00eb leht\u00eb. <a href=\"https:\/\/mountlaser.com\/sq\/contact-us\/\">\u00c7ant\u00eb e but\u00eb e seris\u00eb SC-PA\/PS<\/a> Modelet integrojn\u00eb brend\u00ebsi t\u00eb trasha sfungjeri q\u00eb thithin goditjet dhe parandalojn\u00eb g\u00ebrryerjet, duke i b\u00ebr\u00eb ato ideale p\u00ebr topograf\u00ebt q\u00eb kan\u00eb nevoj\u00eb p\u00ebr zgjidhje t\u00eb besueshme, t\u00eb lehta dhe praktike p\u00ebr ruajtje.<\/p>\n<div>\n<table style=\"border-collapse: collapse; width: 537.02pt;\" border=\"0\" width=\"716\" cellspacing=\"0\" cellpadding=\"0\">\n<tbody>\n<tr style=\"height: 14.25pt;\">\n<td class=\"et2\" style=\"height: 14.25pt; width: 127.50pt;\" width=\"170\" height=\"19\">Modeli Nr.<\/td>\n<td class=\"et2\" style=\"width: 196.50pt;\" width=\"262\">SH\u00cbNIM<\/td>\n<td class=\"et2\" style=\"width: 213.00pt;\" width=\"284\">FOTO<\/td>\n<\/tr>\n<tr style=\"height: 14.25pt;\">\n<td class=\"et3\" style=\"height: 14.25pt;\" height=\"19\">SC-PA05<\/td>\n<td class=\"et4\">Kuti e but\u00eb p\u00ebr montimin e prizm\u00ebs me sfungjer<\/td>\n<td class=\"et5\"><img fetchpriority=\"high\" decoding=\"async\" class=\"alignnone wp-image-5774 size-medium\" src=\"https:\/\/mountlaser.com\/wp-content\/uploads\/2025\/12\/SC-PA056-300x300.webp\" alt=\"SC-PA\/PS Series soft case\" width=\"300\" height=\"300\" srcset=\"https:\/\/mountlaser.com\/wp-content\/uploads\/2025\/12\/SC-PA056-300x300.webp 300w, https:\/\/mountlaser.com\/wp-content\/uploads\/2025\/12\/SC-PA056-150x150.webp 150w, https:\/\/mountlaser.com\/wp-content\/uploads\/2025\/12\/SC-PA056-768x768.webp 768w, https:\/\/mountlaser.com\/wp-content\/uploads\/2025\/12\/SC-PA056-12x12.webp 12w, https:\/\/mountlaser.com\/wp-content\/uploads\/2025\/12\/SC-PA056-600x600.webp 600w, https:\/\/mountlaser.com\/wp-content\/uploads\/2025\/12\/SC-PA056-800x800.webp 800w, https:\/\/mountlaser.com\/wp-content\/uploads\/2025\/12\/SC-PA056-400x400.webp 400w, https:\/\/mountlaser.com\/wp-content\/uploads\/2025\/12\/SC-PA056.webp 1000w\" sizes=\"(max-width: 300px) 100vw, 300px\" \/><\/td>\n<\/tr>\n<tr style=\"height: 14.25pt;\">\n<td class=\"et3\" style=\"height: 14.25pt;\" height=\"19\">SC-PA06<\/td>\n<td class=\"et4\">Kuti e but\u00eb p\u00ebr pjat\u00eb t\u00eb madhe prizmatike me sfungjer<\/td>\n<td class=\"et5\"><img decoding=\"async\" class=\"alignnone wp-image-5780 size-medium\" src=\"https:\/\/mountlaser.com\/wp-content\/uploads\/2025\/12\/SC-PA066-300x300.webp\" alt=\"SC-PA\/PS Series soft case\" width=\"300\" height=\"300\" srcset=\"https:\/\/mountlaser.com\/wp-content\/uploads\/2025\/12\/SC-PA066-300x300.webp 300w, https:\/\/mountlaser.com\/wp-content\/uploads\/2025\/12\/SC-PA066-150x150.webp 150w, https:\/\/mountlaser.com\/wp-content\/uploads\/2025\/12\/SC-PA066-768x768.webp 768w, https:\/\/mountlaser.com\/wp-content\/uploads\/2025\/12\/SC-PA066-12x12.webp 12w, https:\/\/mountlaser.com\/wp-content\/uploads\/2025\/12\/SC-PA066-600x600.webp 600w, https:\/\/mountlaser.com\/wp-content\/uploads\/2025\/12\/SC-PA066-800x800.webp 800w, https:\/\/mountlaser.com\/wp-content\/uploads\/2025\/12\/SC-PA066-400x400.webp 400w, https:\/\/mountlaser.com\/wp-content\/uploads\/2025\/12\/SC-PA066.webp 1000w\" sizes=\"(max-width: 300px) 100vw, 300px\" \/><\/td>\n<\/tr>\n<tr style=\"height: 14.25pt;\">\n<td class=\"et3\" style=\"height: 14.25pt;\" height=\"19\">SC-PS01<\/td>\n<td class=\"et4\">Kuti e but\u00eb p\u00ebr setin e prizmave me cil\u00ebsi t\u00eb p\u00ebrgjithshme<\/td>\n<td class=\"et5\"><img decoding=\"async\" class=\"alignnone wp-image-5785 size-medium\" src=\"https:\/\/mountlaser.com\/wp-content\/uploads\/2025\/12\/SC-PS015-300x300.webp\" alt=\"SC-PA\/PS Series soft case\" width=\"300\" height=\"300\" srcset=\"https:\/\/mountlaser.com\/wp-content\/uploads\/2025\/12\/SC-PS015-300x300.webp 300w, https:\/\/mountlaser.com\/wp-content\/uploads\/2025\/12\/SC-PS015-150x150.webp 150w, https:\/\/mountlaser.com\/wp-content\/uploads\/2025\/12\/SC-PS015-768x768.webp 768w, https:\/\/mountlaser.com\/wp-content\/uploads\/2025\/12\/SC-PS015-12x12.webp 12w, https:\/\/mountlaser.com\/wp-content\/uploads\/2025\/12\/SC-PS015-600x600.webp 600w, https:\/\/mountlaser.com\/wp-content\/uploads\/2025\/12\/SC-PS015-800x800.webp 800w, https:\/\/mountlaser.com\/wp-content\/uploads\/2025\/12\/SC-PS015-400x400.webp 400w, https:\/\/mountlaser.com\/wp-content\/uploads\/2025\/12\/SC-PS015.webp 1000w\" sizes=\"(max-width: 300px) 100vw, 300px\" \/><\/td>\n<\/tr>\n<tr style=\"height: 14.25pt;\">\n<td class=\"et3\" style=\"height: 14.25pt;\" height=\"19\">SC-PS02<\/td>\n<td class=\"et4\">Kuti e but\u00eb p\u00ebr setin e prizmave me cil\u00ebsi m\u00eb t\u00eb mir\u00eb<\/td>\n<td class=\"et5\"><img loading=\"lazy\" decoding=\"async\" class=\"alignnone wp-image-5791 size-medium\" src=\"https:\/\/mountlaser.com\/wp-content\/uploads\/2025\/12\/SC-PS026-300x300.webp\" alt=\"SC-PA\/PS Series soft case\" width=\"300\" height=\"300\" srcset=\"https:\/\/mountlaser.com\/wp-content\/uploads\/2025\/12\/SC-PS026-300x300.webp 300w, https:\/\/mountlaser.com\/wp-content\/uploads\/2025\/12\/SC-PS026-150x150.webp 150w, https:\/\/mountlaser.com\/wp-content\/uploads\/2025\/12\/SC-PS026-768x768.webp 768w, https:\/\/mountlaser.com\/wp-content\/uploads\/2025\/12\/SC-PS026-12x12.webp 12w, https:\/\/mountlaser.com\/wp-content\/uploads\/2025\/12\/SC-PS026-600x600.webp 600w, https:\/\/mountlaser.com\/wp-content\/uploads\/2025\/12\/SC-PS026-800x800.webp 800w, https:\/\/mountlaser.com\/wp-content\/uploads\/2025\/12\/SC-PS026-400x400.webp 400w, https:\/\/mountlaser.com\/wp-content\/uploads\/2025\/12\/SC-PS026.webp 1000w\" sizes=\"(max-width: 300px) 100vw, 300px\" \/><\/td>\n<\/tr>\n<\/tbody>\n<\/table>\n<\/div>","protected":false},"excerpt":{"rendered":"<ul>\n<li>Pjesa e brendshme e sfungjerit q\u00eb thith goditjet p\u00ebr mbrojtje t\u00eb sigurt t\u00eb montimeve t\u00eb prizmave.<\/li>\n<li>Pjesa e jashtme e q\u00ebndrueshme me kod ngjyrash: e kuqe p\u00ebr SC-PA05, e verdh\u00eb p\u00ebr SC-PA06 \/ SC-PS01 \/ SC-PS02.<\/li>\n<li>Dizajn hapjeje me kapak t\u00eb sip\u00ebrm p\u00ebr akses t\u00eb leht\u00eb dhe funksionim t\u00eb shpejt\u00eb.<\/li>\n<li>Opsione t\u00eb shum\u00ebfishta dizajni t\u00eb p\u00ebrshtatshme p\u00ebr montime me nj\u00eb prizm\u00eb, pllaka t\u00eb m\u00ebdha prizmash ose sete prizmash.<\/li>\n<li>I leht\u00eb dhe gati p\u00ebr n\u00eb terren, duke ofruar leht\u00ebsi transporti dhe mbrojtje profesionale.<\/li>\n<\/ul>","protected":false},"featured_media":5774,"comment_status":"open","ping_status":"closed","template":"","meta":[],"product_brand":[],"product_cat":[164,79],"product_tag":[],"class_list":{"0":"post-5768","1":"product","2":"type-product","3":"status-publish","4":"has-post-thumbnail","6":"product_cat-soft-case","7":"product_cat-surveying-accessory","9":"first","10":"instock","11":"shipping-taxable","12":"product-type-simple"},"_links":{"self":[{"href":"https:\/\/mountlaser.com\/sq\/wp-json\/wp\/v2\/product\/5768","targetHints":{"allow":["GET"]}}],"collection":[{"href":"https:\/\/mountlaser.com\/sq\/wp-json\/wp\/v2\/product"}],"about":[{"href":"https:\/\/mountlaser.com\/sq\/wp-json\/wp\/v2\/types\/product"}],"replies":[{"embeddable":true,"href":"https:\/\/mountlaser.com\/sq\/wp-json\/wp\/v2\/comments?post=5768"}],"wp:featuredmedia":[{"embeddable":true,"href":"https:\/\/mountlaser.com\/sq\/wp-json\/wp\/v2\/media\/5774"}],"wp:attachment":[{"href":"https:\/\/mountlaser.com\/sq\/wp-json\/wp\/v2\/media?parent=5768"}],"wp:term":[{"taxonomy":"product_brand","embeddable":true,"href":"https:\/\/mountlaser.com\/sq\/wp-json\/wp\/v2\/product_brand?post=5768"},{"taxonomy":"product_cat","embeddable":true,"href":"https:\/\/mountlaser.com\/sq\/wp-json\/wp\/v2\/product_cat?post=5768"},{"taxonomy":"product_tag","embeddable":true,"href":"https:\/\/mountlaser.com\/sq\/wp-json\/wp\/v2\/product_tag?post=5768"}],"curies":[{"name":"wp","href":"https:\/\/api.w.org\/{rel}","templated":true}]}}