{"id":5754,"date":"2025-12-10T05:33:23","date_gmt":"2025-12-10T05:33:23","guid":{"rendered":"https:\/\/mountlaser.com\/?post_type=product&#038;p=5754"},"modified":"2025-12-15T07:46:10","modified_gmt":"2025-12-15T07:46:10","slug":"sc-ta01-soft-case","status":"publish","type":"product","link":"https:\/\/mountlaser.com\/sq\/produkt\/sc-ta01-soft-case\/","title":{"rendered":"Kutia e but\u00eb SC-TA01"},"content":{"rendered":"<p>I\/E\/T\u00eb\/T\u00eb <a href=\"https:\/\/mountlaser.com\/sq\/\"><strong data-start=\"163\" data-end=\"187\">Kutia e but\u00eb SC-TA01<\/strong><\/a> \u00ebsht\u00eb projektuar posa\u00e7\u00ebrisht p\u00ebr t\u00eb ofruar mbrojtje t\u00eb besueshme dhe transport t\u00eb leht\u00eb p\u00ebr aksesor\u00ebt e matjeve precize. T\u00eb nd\u00ebrtuara p\u00ebr profesionist\u00eb, k\u00ebto <a href=\"https:\/\/mountlaser.com\/sq\/products\/\"><strong data-start=\"331\" data-end=\"369\">Kuti e but\u00eb p\u00ebr tribrah dhe adaptor<\/strong><\/a> Zgjidhjet ofrojn\u00eb mbushje t\u00eb shk\u00eblqyer dhe nd\u00ebrtim t\u00eb q\u00ebndruesh\u00ebm p\u00ebr t\u00eb mbrojtur pajisjet tuaja n\u00eb terren. T\u00eb dy modelet e \u00e7ant\u00ebs s\u00eb but\u00eb SC-TA01 jan\u00eb krijuar me nj\u00eb pjes\u00eb t\u00eb jashtme t\u00eb verdh\u00eb t\u00eb ndritshme p\u00ebr shikueshm\u00ebri t\u00eb lart\u00eb dhe kan\u00eb nj\u00eb hapje t\u00eb p\u00ebrshtatshme n\u00eb pjes\u00ebn e sip\u00ebrme p\u00ebr akses t\u00eb shpejt\u00eb.<\/p>\n<p><img fetchpriority=\"high\" decoding=\"async\" class=\"aligncenter wp-image-5761\" src=\"https:\/\/mountlaser.com\/wp-content\/uploads\/2025\/12\/SC-TA017.webp\" alt=\"SC-TA01 soft case\" width=\"500\" height=\"500\" srcset=\"https:\/\/mountlaser.com\/wp-content\/uploads\/2025\/12\/SC-TA017.webp 1000w, https:\/\/mountlaser.com\/wp-content\/uploads\/2025\/12\/SC-TA017-300x300.webp 300w, https:\/\/mountlaser.com\/wp-content\/uploads\/2025\/12\/SC-TA017-150x150.webp 150w, https:\/\/mountlaser.com\/wp-content\/uploads\/2025\/12\/SC-TA017-768x768.webp 768w, https:\/\/mountlaser.com\/wp-content\/uploads\/2025\/12\/SC-TA017-12x12.webp 12w, https:\/\/mountlaser.com\/wp-content\/uploads\/2025\/12\/SC-TA017-600x600.webp 600w, https:\/\/mountlaser.com\/wp-content\/uploads\/2025\/12\/SC-TA017-800x800.webp 800w, https:\/\/mountlaser.com\/wp-content\/uploads\/2025\/12\/SC-TA017-400x400.webp 400w\" sizes=\"(max-width: 500px) 100vw, 500px\" \/><\/p>\n<p>Qoft\u00eb t\u00eb p\u00ebrdorura \u00e7do dit\u00eb n\u00eb mjedise t\u00eb v\u00ebshtira apo t\u00eb ruajtura n\u00eb m\u00ebnyr\u00eb t\u00eb sigurt n\u00eb zyr\u00eb, k\u00ebto <a href=\"https:\/\/mountlaser.com\/sq\/contact-us\/\">Kuti e but\u00eb p\u00ebr tribrah dhe adaptor<\/a> Opsionet sigurojn\u00eb q\u00eb mjetet tuaja t\u00eb mbeten t\u00eb sigurta, t\u00eb organizuara dhe gati p\u00ebr pun\u00eb.<\/p>","protected":false},"excerpt":{"rendered":"<ul>\n<li>Mbrojtje e Dedikuar: Kuti e but\u00eb e nd\u00ebrtuar enkas p\u00ebr tribrahun dhe p\u00ebrshtat\u00ebsin, duke siguruar nj\u00eb p\u00ebrshtatje t\u00eb ngusht\u00eb dhe mbrojt\u00ebse.<\/li>\n<li>SC-TA01: Dizajn i rrumbullak\u00ebt<\/li>\n<li>E jashtme e verdh\u00eb e q\u00ebndrueshme: Material i jasht\u00ebm me dukshm\u00ebri t\u00eb lart\u00eb p\u00ebr dallueshm\u00ebri t\u00eb leht\u00eb n\u00eb vendet e pun\u00ebs me shum\u00eb njer\u00ebz.<\/li>\n<li>Hapja me kapak t\u00eb sip\u00ebrm: Kapak me qasje t\u00eb shpejt\u00eb p\u00ebr t\u00ebrheqje t\u00eb shpejt\u00eb t\u00eb mjeteve n\u00eb terren.<\/li>\n<li>Portativ dhe i leht\u00eb: I leht\u00eb p\u00ebr t\u2019u mbajtur, ideal p\u00ebr operacionet e p\u00ebrditshme t\u00eb anketimit.<\/li>\n<li>Thithja e goditjeve: Mbushja e but\u00eb e brendshme mbron pajisjet e ndjeshme nga goditjet dhe g\u00ebrvishtjet.<\/li>\n<\/ul>","protected":false},"featured_media":5758,"comment_status":"open","ping_status":"closed","template":"","meta":[],"product_brand":[],"product_cat":[164,79],"product_tag":[],"class_list":{"0":"post-5754","1":"product","2":"type-product","3":"status-publish","4":"has-post-thumbnail","6":"product_cat-soft-case","7":"product_cat-surveying-accessory","9":"first","10":"instock","11":"shipping-taxable","12":"product-type-simple"},"_links":{"self":[{"href":"https:\/\/mountlaser.com\/sq\/wp-json\/wp\/v2\/product\/5754","targetHints":{"allow":["GET"]}}],"collection":[{"href":"https:\/\/mountlaser.com\/sq\/wp-json\/wp\/v2\/product"}],"about":[{"href":"https:\/\/mountlaser.com\/sq\/wp-json\/wp\/v2\/types\/product"}],"replies":[{"embeddable":true,"href":"https:\/\/mountlaser.com\/sq\/wp-json\/wp\/v2\/comments?post=5754"}],"wp:featuredmedia":[{"embeddable":true,"href":"https:\/\/mountlaser.com\/sq\/wp-json\/wp\/v2\/media\/5758"}],"wp:attachment":[{"href":"https:\/\/mountlaser.com\/sq\/wp-json\/wp\/v2\/media?parent=5754"}],"wp:term":[{"taxonomy":"product_brand","embeddable":true,"href":"https:\/\/mountlaser.com\/sq\/wp-json\/wp\/v2\/product_brand?post=5754"},{"taxonomy":"product_cat","embeddable":true,"href":"https:\/\/mountlaser.com\/sq\/wp-json\/wp\/v2\/product_cat?post=5754"},{"taxonomy":"product_tag","embeddable":true,"href":"https:\/\/mountlaser.com\/sq\/wp-json\/wp\/v2\/product_tag?post=5754"}],"curies":[{"name":"wp","href":"https:\/\/api.w.org\/{rel}","templated":true}]}}