{"id":5710,"date":"2025-12-10T05:10:33","date_gmt":"2025-12-10T05:10:33","guid":{"rendered":"https:\/\/mountlaser.com\/?post_type=product&#038;p=5710"},"modified":"2025-12-10T05:10:33","modified_gmt":"2025-12-10T05:10:33","slug":"hc-ts-series-hard-case","status":"publish","type":"product","link":"https:\/\/mountlaser.com\/sq\/produkt\/hc-ts-series-hard-case\/","title":{"rendered":"Kuti e fort\u00eb e seris\u00eb HC-TS"},"content":{"rendered":"<p>I\/E\/T\u00eb\/T\u00eb <a href=\"https:\/\/mountlaser.com\/sq\/\"><strong>Kuti e fort\u00eb e seris\u00eb HC-TS<\/strong><\/a> \u00cbsht\u00eb projektuar p\u00ebr t\u00eb ofruar mbrojtje maksimale p\u00ebr nj\u00eb gam\u00eb t\u00eb gjer\u00eb stacionesh totale, duke e b\u00ebr\u00eb at\u00eb nj\u00eb nga m\u00eb t\u00eb besueshmet. <a href=\"https:\/\/mountlaser.com\/sq\/kategori-produkti\/surveying-accessory\/\"><strong>kuti e fort\u00eb e stacionit total<\/strong><\/a> zgjidhje n\u00eb treg. I projektuar me nj\u00eb nd\u00ebrtim t\u00eb fort\u00eb dhe ndarje t\u00eb brendshme t\u00eb p\u00ebrshtatura, kutia e fort\u00eb e seris\u00eb HC-TS siguron q\u00eb instrumentet e ndjeshme t\u00eb matjes t\u00eb mbeten t\u00eb sigurta gjat\u00eb transportit dhe ruajtjes. Pavar\u00ebsisht n\u00ebse p\u00ebrdoret p\u00ebr pajisje japoneze, zvicerane apo t\u00eb markave t\u00eb Jugut, kjo kuti e fort\u00eb e stacionit total shum\u00ebfunksional ofron performanc\u00eb t\u00eb besueshme n\u00eb kushte t\u00eb v\u00ebshtira n\u00eb terren.<\/p>\n<table width=\"716\">\n<tbody>\n<tr>\n<td width=\"170\">Modeli Nr.<\/td>\n<td width=\"262\">SH\u00cbNIM<\/td>\n<td width=\"284\">FOTO<\/td>\n<\/tr>\n<tr>\n<td>HC-TS01RD<\/td>\n<td>P\u00ebr stacionin total, ngjyra e kuqe<\/td>\n<td><img fetchpriority=\"high\" decoding=\"async\" class=\"alignnone wp-image-5714\" src=\"https:\/\/mountlaser.com\/wp-content\/uploads\/2025\/12\/HC-TS014.webp\" alt=\"HC-TS series hard case\" width=\"500\" height=\"500\" srcset=\"https:\/\/mountlaser.com\/wp-content\/uploads\/2025\/12\/HC-TS014.webp 1000w, https:\/\/mountlaser.com\/wp-content\/uploads\/2025\/12\/HC-TS014-300x300.webp 300w, https:\/\/mountlaser.com\/wp-content\/uploads\/2025\/12\/HC-TS014-150x150.webp 150w, https:\/\/mountlaser.com\/wp-content\/uploads\/2025\/12\/HC-TS014-768x768.webp 768w, https:\/\/mountlaser.com\/wp-content\/uploads\/2025\/12\/HC-TS014-12x12.webp 12w, https:\/\/mountlaser.com\/wp-content\/uploads\/2025\/12\/HC-TS014-600x600.webp 600w, https:\/\/mountlaser.com\/wp-content\/uploads\/2025\/12\/HC-TS014-800x800.webp 800w, https:\/\/mountlaser.com\/wp-content\/uploads\/2025\/12\/HC-TS014-400x400.webp 400w\" sizes=\"(max-width: 500px) 100vw, 500px\" \/><\/td>\n<\/tr>\n<tr>\n<td>HC-TS02<\/td>\n<td>P\u00ebr stacionin total t\u00eb mark\u00ebs japoneze NIK<\/td>\n<td><img decoding=\"async\" class=\"alignnone wp-image-5679 size-medium\" src=\"https:\/\/mountlaser.com\/wp-content\/uploads\/2025\/12\/HC-PS01RD6-300x300.webp\" alt=\"HC-TS series hard case\" width=\"300\" height=\"300\" srcset=\"https:\/\/mountlaser.com\/wp-content\/uploads\/2025\/12\/HC-PS01RD6-300x300.webp 300w, https:\/\/mountlaser.com\/wp-content\/uploads\/2025\/12\/HC-PS01RD6-150x150.webp 150w, https:\/\/mountlaser.com\/wp-content\/uploads\/2025\/12\/HC-PS01RD6-768x768.webp 768w, https:\/\/mountlaser.com\/wp-content\/uploads\/2025\/12\/HC-PS01RD6-12x12.webp 12w, https:\/\/mountlaser.com\/wp-content\/uploads\/2025\/12\/HC-PS01RD6-600x600.webp 600w, https:\/\/mountlaser.com\/wp-content\/uploads\/2025\/12\/HC-PS01RD6-800x800.webp 800w, https:\/\/mountlaser.com\/wp-content\/uploads\/2025\/12\/HC-PS01RD6-400x400.webp 400w, https:\/\/mountlaser.com\/wp-content\/uploads\/2025\/12\/HC-PS01RD6.webp 1000w\" sizes=\"(max-width: 300px) 100vw, 300px\" \/><\/td>\n<\/tr>\n<tr>\n<td>HC-TS05<\/td>\n<td>P\u00ebr stacionin total t\u00eb Jugut<\/td>\n<td><img decoding=\"async\" class=\"alignnone wp-image-5733 size-medium\" src=\"https:\/\/mountlaser.com\/wp-content\/uploads\/2025\/12\/HC-TS055-300x300.webp\" alt=\"HC-TS series hard case\" width=\"300\" height=\"300\" srcset=\"https:\/\/mountlaser.com\/wp-content\/uploads\/2025\/12\/HC-TS055-300x300.webp 300w, https:\/\/mountlaser.com\/wp-content\/uploads\/2025\/12\/HC-TS055-150x150.webp 150w, https:\/\/mountlaser.com\/wp-content\/uploads\/2025\/12\/HC-TS055-768x768.webp 768w, https:\/\/mountlaser.com\/wp-content\/uploads\/2025\/12\/HC-TS055-12x12.webp 12w, https:\/\/mountlaser.com\/wp-content\/uploads\/2025\/12\/HC-TS055-600x600.webp 600w, https:\/\/mountlaser.com\/wp-content\/uploads\/2025\/12\/HC-TS055-800x800.webp 800w, https:\/\/mountlaser.com\/wp-content\/uploads\/2025\/12\/HC-TS055-400x400.webp 400w, https:\/\/mountlaser.com\/wp-content\/uploads\/2025\/12\/HC-TS055.webp 1000w\" sizes=\"(max-width: 300px) 100vw, 300px\" \/><\/td>\n<\/tr>\n<tr>\n<td>HC-TS03<\/td>\n<td>P\u00ebr mark\u00ebn m\u00eb t\u00eb mir\u00eb japoneze GTS102\/332<\/td>\n<td><img loading=\"lazy\" decoding=\"async\" class=\"alignnone wp-image-5721 size-medium\" src=\"https:\/\/mountlaser.com\/wp-content\/uploads\/2025\/12\/HC-TS035-300x300.webp\" alt=\"HC-TS series hard case\" width=\"300\" height=\"300\" srcset=\"https:\/\/mountlaser.com\/wp-content\/uploads\/2025\/12\/HC-TS035-300x300.webp 300w, https:\/\/mountlaser.com\/wp-content\/uploads\/2025\/12\/HC-TS035-150x150.webp 150w, https:\/\/mountlaser.com\/wp-content\/uploads\/2025\/12\/HC-TS035-768x768.webp 768w, https:\/\/mountlaser.com\/wp-content\/uploads\/2025\/12\/HC-TS035-12x12.webp 12w, https:\/\/mountlaser.com\/wp-content\/uploads\/2025\/12\/HC-TS035-600x600.webp 600w, https:\/\/mountlaser.com\/wp-content\/uploads\/2025\/12\/HC-TS035-800x800.webp 800w, https:\/\/mountlaser.com\/wp-content\/uploads\/2025\/12\/HC-TS035-400x400.webp 400w, https:\/\/mountlaser.com\/wp-content\/uploads\/2025\/12\/HC-TS035.webp 1000w\" sizes=\"(max-width: 300px) 100vw, 300px\" \/><\/td>\n<\/tr>\n<tr>\n<td>HC-TS04<\/td>\n<td>P\u00ebr mark\u00ebn m\u00eb t\u00eb mir\u00eb japoneze GM\/ES\/GTS200<\/td>\n<td><img loading=\"lazy\" decoding=\"async\" class=\"alignnone wp-image-5726 size-medium\" src=\"https:\/\/mountlaser.com\/wp-content\/uploads\/2025\/12\/HC-TS044-300x300.webp\" alt=\"HC-TS series hard case\" width=\"300\" height=\"300\" srcset=\"https:\/\/mountlaser.com\/wp-content\/uploads\/2025\/12\/HC-TS044-300x300.webp 300w, https:\/\/mountlaser.com\/wp-content\/uploads\/2025\/12\/HC-TS044-150x150.webp 150w, https:\/\/mountlaser.com\/wp-content\/uploads\/2025\/12\/HC-TS044-768x768.webp 768w, https:\/\/mountlaser.com\/wp-content\/uploads\/2025\/12\/HC-TS044-12x12.webp 12w, https:\/\/mountlaser.com\/wp-content\/uploads\/2025\/12\/HC-TS044-600x600.webp 600w, https:\/\/mountlaser.com\/wp-content\/uploads\/2025\/12\/HC-TS044-800x800.webp 800w, https:\/\/mountlaser.com\/wp-content\/uploads\/2025\/12\/HC-TS044-400x400.webp 400w, https:\/\/mountlaser.com\/wp-content\/uploads\/2025\/12\/HC-TS044.webp 1000w\" sizes=\"(max-width: 300px) 100vw, 300px\" \/><\/td>\n<\/tr>\n<tr>\n<td>HC-TS07<\/td>\n<td>P\u00ebr stacionin total zviceran TS03\/07 TZ05\/07\/08\/12<\/td>\n<td><img loading=\"lazy\" decoding=\"async\" class=\"alignnone wp-image-5747 size-medium\" src=\"https:\/\/mountlaser.com\/wp-content\/uploads\/2025\/12\/HC-TS076-300x300.webp\" alt=\"HC-TS series hard case\" width=\"300\" height=\"300\" srcset=\"https:\/\/mountlaser.com\/wp-content\/uploads\/2025\/12\/HC-TS076-300x300.webp 300w, https:\/\/mountlaser.com\/wp-content\/uploads\/2025\/12\/HC-TS076-150x150.webp 150w, https:\/\/mountlaser.com\/wp-content\/uploads\/2025\/12\/HC-TS076-768x768.webp 768w, https:\/\/mountlaser.com\/wp-content\/uploads\/2025\/12\/HC-TS076-12x12.webp 12w, https:\/\/mountlaser.com\/wp-content\/uploads\/2025\/12\/HC-TS076-600x600.webp 600w, https:\/\/mountlaser.com\/wp-content\/uploads\/2025\/12\/HC-TS076-800x800.webp 800w, https:\/\/mountlaser.com\/wp-content\/uploads\/2025\/12\/HC-TS076-400x400.webp 400w, https:\/\/mountlaser.com\/wp-content\/uploads\/2025\/12\/HC-TS076.webp 1000w\" sizes=\"(max-width: 300px) 100vw, 300px\" \/><\/td>\n<\/tr>\n<tr>\n<td>HC-TS15<\/td>\n<td width=\"262\">P\u00ebr stacionin total zviceran TS15\/16<\/td>\n<td><img loading=\"lazy\" decoding=\"async\" class=\"alignnone wp-image-5752 size-medium\" src=\"https:\/\/mountlaser.com\/wp-content\/uploads\/2025\/12\/HC-TS155-300x300.webp\" alt=\"HC-TS series hard case\" width=\"300\" height=\"300\" srcset=\"https:\/\/mountlaser.com\/wp-content\/uploads\/2025\/12\/HC-TS155-300x300.webp 300w, https:\/\/mountlaser.com\/wp-content\/uploads\/2025\/12\/HC-TS155-150x150.webp 150w, https:\/\/mountlaser.com\/wp-content\/uploads\/2025\/12\/HC-TS155-768x768.webp 768w, https:\/\/mountlaser.com\/wp-content\/uploads\/2025\/12\/HC-TS155-12x12.webp 12w, https:\/\/mountlaser.com\/wp-content\/uploads\/2025\/12\/HC-TS155-600x600.webp 600w, https:\/\/mountlaser.com\/wp-content\/uploads\/2025\/12\/HC-TS155-800x800.webp 800w, https:\/\/mountlaser.com\/wp-content\/uploads\/2025\/12\/HC-TS155-400x400.webp 400w, https:\/\/mountlaser.com\/wp-content\/uploads\/2025\/12\/HC-TS155.webp 1000w\" sizes=\"(max-width: 300px) 100vw, 300px\" \/><\/td>\n<\/tr>\n<tr>\n<td>HC-TS06<\/td>\n<td>P\u00ebr stacionin total zviceran TS02\/06\/09<\/td>\n<td><img loading=\"lazy\" decoding=\"async\" class=\"alignnone wp-image-5739 size-medium\" src=\"https:\/\/mountlaser.com\/wp-content\/uploads\/2025\/12\/HC-TS065-300x300.webp\" alt=\"HC-TS series hard case\" width=\"300\" height=\"300\" srcset=\"https:\/\/mountlaser.com\/wp-content\/uploads\/2025\/12\/HC-TS065-300x300.webp 300w, https:\/\/mountlaser.com\/wp-content\/uploads\/2025\/12\/HC-TS065-150x150.webp 150w, https:\/\/mountlaser.com\/wp-content\/uploads\/2025\/12\/HC-TS065-768x768.webp 768w, https:\/\/mountlaser.com\/wp-content\/uploads\/2025\/12\/HC-TS065-12x12.webp 12w, https:\/\/mountlaser.com\/wp-content\/uploads\/2025\/12\/HC-TS065-600x600.webp 600w, https:\/\/mountlaser.com\/wp-content\/uploads\/2025\/12\/HC-TS065-800x800.webp 800w, https:\/\/mountlaser.com\/wp-content\/uploads\/2025\/12\/HC-TS065-400x400.webp 400w, https:\/\/mountlaser.com\/wp-content\/uploads\/2025\/12\/HC-TS065.webp 1000w\" sizes=\"(max-width: 300px) 100vw, 300px\" \/><\/td>\n<\/tr>\n<\/tbody>\n<\/table>","protected":false},"excerpt":{"rendered":"<ul>\n<li>Mbrojtje e q\u00ebndrueshme: Pjesa e jashtme me guask\u00eb t\u00eb fort\u00eb ofron rezistenc\u00eb superiore ndaj goditjeve dhe impaktit.<\/li>\n<li>Brend\u00ebsi e montuar n\u00eb instrumente: Format e personalizuara sigurojn\u00eb nj\u00eb p\u00ebrshtatje t\u00eb sigurt p\u00ebr \u00e7do model t\u00eb stacionit total.<\/li>\n<li>Transport i besuesh\u00ebm: Dorezat e forta dhe mekanizmat e sigurt t\u00eb ky\u00e7jes sigurojn\u00eb l\u00ebvizshm\u00ebri t\u00eb sigurt n\u00eb terren.<\/li>\n<li>Opsione specifike p\u00ebr modelin: Dizajne t\u00eb shum\u00ebfishta rastesh t\u00eb p\u00ebrshtatura p\u00ebr markat globale t\u00eb instrumenteve t\u00eb matjes.<\/li>\n<\/ul>","protected":false},"featured_media":5733,"comment_status":"open","ping_status":"closed","template":"","meta":[],"product_brand":[],"product_cat":[163,79],"product_tag":[],"class_list":{"0":"post-5710","1":"product","2":"type-product","3":"status-publish","4":"has-post-thumbnail","6":"product_cat-hard-case","7":"product_cat-surveying-accessory","9":"first","10":"instock","11":"shipping-taxable","12":"product-type-simple"},"_links":{"self":[{"href":"https:\/\/mountlaser.com\/sq\/wp-json\/wp\/v2\/product\/5710","targetHints":{"allow":["GET"]}}],"collection":[{"href":"https:\/\/mountlaser.com\/sq\/wp-json\/wp\/v2\/product"}],"about":[{"href":"https:\/\/mountlaser.com\/sq\/wp-json\/wp\/v2\/types\/product"}],"replies":[{"embeddable":true,"href":"https:\/\/mountlaser.com\/sq\/wp-json\/wp\/v2\/comments?post=5710"}],"wp:featuredmedia":[{"embeddable":true,"href":"https:\/\/mountlaser.com\/sq\/wp-json\/wp\/v2\/media\/5733"}],"wp:attachment":[{"href":"https:\/\/mountlaser.com\/sq\/wp-json\/wp\/v2\/media?parent=5710"}],"wp:term":[{"taxonomy":"product_brand","embeddable":true,"href":"https:\/\/mountlaser.com\/sq\/wp-json\/wp\/v2\/product_brand?post=5710"},{"taxonomy":"product_cat","embeddable":true,"href":"https:\/\/mountlaser.com\/sq\/wp-json\/wp\/v2\/product_cat?post=5710"},{"taxonomy":"product_tag","embeddable":true,"href":"https:\/\/mountlaser.com\/sq\/wp-json\/wp\/v2\/product_tag?post=5710"}],"curies":[{"name":"wp","href":"https:\/\/api.w.org\/{rel}","templated":true}]}}